{"id":90,"date":"2017-01-24T16:06:48","date_gmt":"2017-01-24T16:06:48","guid":{"rendered":"http:\/\/disseny.recursos.uoc.edu\/recursos\/tipo\/?page_id=90"},"modified":"2021-08-20T07:40:08","modified_gmt":"2021-08-20T07:40:08","slug":"1-lletres-6","status":"publish","type":"page","link":"http:\/\/disseny.recursos.uoc.edu\/recursos\/tipo\/1-lletres-6\/","title":{"rendered":"1. Lletres"},"content":{"rendered":"<p><\/p>\n<h3><strong>1.6. Anatomia del tipus<\/strong><\/h3>\n<h4><strong>1.6.1. Lletres, fam\u00edlies, fonts i estils<\/strong><\/h4>\n<p>La <strong>lletra<\/strong> \u00e9s la forma gr\u00e0fica usada per a representar un so ling\u00fc\u00edstic i l\u2019element m\u00e9s petit en la formaci\u00f3 d\u2019una paraula o un text. En la maquetaci\u00f3 per ordinador, les lletres o car\u00e0cters tamb\u00e9 es denominen glifs. Un <strong>car\u00e0cter<\/strong> \u00e9s la unitat textual o d\u2019escriptura, mentre que un <strong>glif<\/strong> \u00e9s la unitat gr\u00e0fica.<\/p>\n<div id=\"attachment_787\" style=\"width: 850px\" class=\"wp-caption alignleft\"><img aria-describedby=\"caption-attachment-787\" loading=\"lazy\" class=\"img-responsive wp-image-787 size-full\" src=\"http:\/\/disseny.recursos.uoc.edu\/recursos\/tipo\/wp-content\/uploads\/sites\/18\/2021\/07\/1.6.1.01-letras-glifo.jpg\" alt=\"\" width=\"840\" height=\"421\" srcset=\"http:\/\/disseny.recursos.uoc.edu\/recursos\/tipo\/wp-content\/uploads\/sites\/18\/2021\/07\/1.6.1.01-letras-glifo.jpg 840w, http:\/\/disseny.recursos.uoc.edu\/recursos\/tipo\/wp-content\/uploads\/sites\/18\/2021\/07\/1.6.1.01-letras-glifo-300x150.jpg 300w, http:\/\/disseny.recursos.uoc.edu\/recursos\/tipo\/wp-content\/uploads\/sites\/18\/2021\/07\/1.6.1.01-letras-glifo-768x385.jpg 768w\" sizes=\"(max-width: 840px) 100vw, 840px\" \/><p id=\"caption-attachment-787\" class=\"wp-caption-text\">Figura 13. Diferents glifs del car\u00e0cter \u00aba\u00bb de la tipografia Affair dissenyada per Alejandro Paul <br \/> Font: <a href=\"https:\/\/www.linotype.com\/es\/868241\/affair-regular-product.html\" target=\"_blank\" rel=\"noopener noreferrer\">https:\/\/www.linotype.com\/es\/868241\/affair-regular-product.html<\/a><\/p><\/div>\n<p>&nbsp;<\/p>\n<p>A la finestra \u00abGlifs\u00bb d\u2019InDesign es poden localitzar de manera r\u00e0pida tots els glifs de cada font. Inicialment mostra els glifs de la font en la qual est\u00e0 situat el cursor, per\u00f2 es pot seleccionar qualsevol fam\u00edlia o estil disponible. A m\u00e9s, \u00e9s possible seleccionar un subconjunt de glifs (per exemple, s\u00edmbols matem\u00e0tics, n\u00fameros o signes de puntuaci\u00f3) i t\u00e9 diferents opcions de cerca i visualitzaci\u00f3.<\/p>\n<div id=\"attachment_788\" style=\"width: 850px\" class=\"wp-caption alignleft\"><img aria-describedby=\"caption-attachment-788\" loading=\"lazy\" class=\"img-responsive wp-image-788 size-full\" src=\"http:\/\/disseny.recursos.uoc.edu\/recursos\/tipo\/wp-content\/uploads\/sites\/18\/2021\/07\/1.6.1.02-glifos.jpg\" alt=\"\" width=\"840\" height=\"602\" srcset=\"http:\/\/disseny.recursos.uoc.edu\/recursos\/tipo\/wp-content\/uploads\/sites\/18\/2021\/07\/1.6.1.02-glifos.jpg 840w, http:\/\/disseny.recursos.uoc.edu\/recursos\/tipo\/wp-content\/uploads\/sites\/18\/2021\/07\/1.6.1.02-glifos-300x215.jpg 300w, http:\/\/disseny.recursos.uoc.edu\/recursos\/tipo\/wp-content\/uploads\/sites\/18\/2021\/07\/1.6.1.02-glifos-768x550.jpg 768w\" sizes=\"(max-width: 840px) 100vw, 840px\" \/><p id=\"caption-attachment-788\" class=\"wp-caption-text\">Figura 14. Taula de glifs de la font Playfair Display Regular dissenyada per Claus Eggers S\u00f8rensen <br \/> Font: <a href=\"https:\/\/fonts.google.com\" target=\"_blank\" rel=\"noopener noreferrer\">https:\/\/fonts.google.com<\/a><\/p><\/div>\n<p>Anomenem <strong>fam\u00edlia tipogr\u00e0fica<\/strong> al conjunt de car\u00e0cters de l\u2019alfabet dissenyats amb uns mateixos criteris de coher\u00e8ncia formal, amb una mateixa l\u00ednia gr\u00e0fica. Per exemple, s\u00f3n fam\u00edlies l\u2019Helvetica i la Times, perqu\u00e8 tenen una personalitat pr\u00f2pia i caracter\u00edstica donada pel dissenyador que permet diferenciar-les de la resta de tipografies.<\/p>\n<div id=\"attachment_789\" style=\"width: 850px\" class=\"wp-caption alignleft\"><img aria-describedby=\"caption-attachment-789\" loading=\"lazy\" class=\"img-responsive wp-image-789 size-full\" src=\"http:\/\/disseny.recursos.uoc.edu\/recursos\/tipo\/wp-content\/uploads\/sites\/18\/2021\/07\/1.6.1.03-google-fonts.jpg\" alt=\"\" width=\"840\" height=\"302\" srcset=\"http:\/\/disseny.recursos.uoc.edu\/recursos\/tipo\/wp-content\/uploads\/sites\/18\/2021\/07\/1.6.1.03-google-fonts.jpg 840w, http:\/\/disseny.recursos.uoc.edu\/recursos\/tipo\/wp-content\/uploads\/sites\/18\/2021\/07\/1.6.1.03-google-fonts-300x108.jpg 300w, http:\/\/disseny.recursos.uoc.edu\/recursos\/tipo\/wp-content\/uploads\/sites\/18\/2021\/07\/1.6.1.03-google-fonts-768x276.jpg 768w\" sizes=\"(max-width: 840px) 100vw, 840px\" \/><p id=\"caption-attachment-789\" class=\"wp-caption-text\">Figura 15. Fam\u00edlies Playfair Display (Variable) i Playfair Display SC (amb 6 estils) dissenyades per Claus Eggers S\u00f8rensen <br \/> Font: <a href=\"https:\/\/fonts.google.com\/?query=playfair\" target=\"_blank\" rel=\"noopener noreferrer\">https:\/\/fonts.google.com\/?query=playfair<\/a><\/p><\/div>\n<p>&nbsp;<\/p>\n<p>\u00c9s interessant tenir en compte les <strong>tipografies variables OpenType<\/strong>, com la Playfair Display de la figura anterior. Aquests arxius de fonts van ser desenvolupats conjuntament per quatre de les companyies de tecnologia m\u00e9s influents (Google, Apple, Microsoft i Adobe) i el 2016 van ser presentades per Typekit en un dels esdeveniments tipogr\u00e0fics m\u00e9s importants del m\u00f3n: ATypl. Aquestes tipografies variables tenen l\u2019atractiva peculiaritat que s\u00f3n capaces de comportar-se com a m\u00faltiples fonts, per\u00f2 en un \u00fanic arxiu OpenType. Poden contenir el conjunt complet de glifs d\u2019una font, o glifs individuals amb fins a 64,000 eixos de variaci\u00f3, incloent gruix, amplada, inclinaci\u00f3 i, en alguns casos, estils espec\u00edfics, com condensada, negreta, etc. S\u00f3n una progressi\u00f3 natural en el camp de la tipografia i reflecteixen cada vegada m\u00e9s els desenvolupaments en el disseny web <em>responsive<\/em>. Els dissenyadors exigeixen m\u00e9s conveni\u00e8ncia i interactivitat de les seves eines de disseny, i les fonts que es poden ajustar amb un control lliscant satisfan aquesta demanda. M\u00e9s informaci\u00f3 en aquest enlla\u00e7: <a href=\"https:\/\/web.dev\/variable-fonts\/\" target=\"_blank\" rel=\"noopener noreferrer\">https:\/\/web.dev\/variable-fonts\/<\/a>.<\/p>\n<p>&nbsp;<br \/>\n<iframe loading=\"lazy\" id=\"kaltura_player_1629375015\" src=\"https:\/\/cdnapisec.kaltura.com\/p\/2453002\/sp\/245300200\/embedIframeJs\/uiconf_id\/43468991\/partner_id\/2453002?iframeembed=true&amp;playerId=kaltura_player_1629375015&amp;entry_id=1_jko3bk4o\" width=\"560\" height=\"395\" frameborder=\"0\" allowfullscreen=\"allowfullscreen\"><\/iframe><br \/>\n<span style=\"font-size: 13px\"><br \/>\nFigura 16. Eixos variables de la Playfair Display dissenyada per Claus Eggers S\u00f8rensen<br \/>\nFont:\u00a0<a href=\"https:\/\/fonts.google.com\/specimen\/Playfair+Display?query=playfair\" target=\"_blank\" rel=\"noopener noreferrer\">https:\/\/fonts.google.com\/specimen\/Playfair+Display?query=playfair<\/a><\/span><br \/>\n&nbsp;<br \/>\n&nbsp;<\/p>\n<p>Parlem de <strong>font<\/strong> (del franc\u00e8s <em>fonte<\/em>, de \u2018fondre\u2019) quan ens referim a cada variant dissenyada dins d\u2019una mateixa fam\u00edlia de tipus. Per exemple, la FF Meta Bold Italic (negreta i cursiva) \u00e9s una font de la fam\u00edlia FF Meta.<\/p>\n<div id=\"attachment_791\" style=\"width: 850px\" class=\"wp-caption alignleft\"><img aria-describedby=\"caption-attachment-791\" loading=\"lazy\" class=\"img-responsive wp-image-791 size-full\" src=\"http:\/\/disseny.recursos.uoc.edu\/recursos\/tipo\/wp-content\/uploads\/sites\/18\/2021\/07\/1.6.1.05-handgloves.jpg\" alt=\"\" width=\"840\" height=\"419\" srcset=\"http:\/\/disseny.recursos.uoc.edu\/recursos\/tipo\/wp-content\/uploads\/sites\/18\/2021\/07\/1.6.1.05-handgloves.jpg 840w, http:\/\/disseny.recursos.uoc.edu\/recursos\/tipo\/wp-content\/uploads\/sites\/18\/2021\/07\/1.6.1.05-handgloves-300x150.jpg 300w, http:\/\/disseny.recursos.uoc.edu\/recursos\/tipo\/wp-content\/uploads\/sites\/18\/2021\/07\/1.6.1.05-handgloves-768x383.jpg 768w\" sizes=\"(max-width: 840px) 100vw, 840px\" \/><p id=\"caption-attachment-791\" class=\"wp-caption-text\">Figura 17. Fonts de la fam\u00edlia FF Meta dissenyada per Erik Spiekermann, Oded Ezer i Akaki Razmadze el 1991. Publicada per FontFont com a part de la FF Meta Super Family <br \/> Font: <a href=\"https:\/\/www.fontshop.com\/families\/ff-meta#cover\" target=\"_blank\" rel=\"noopener noreferrer\">https:\/\/www.fontshop.com\/families\/ff-meta#cover<\/a><\/p><\/div>\n<p>&nbsp;<\/p>\n<p>Algunes fam\u00edlies poden ser molt \u00e0mplies i disposar de moltes fonts, com la FF Meta (figura anterior), mentre que d\u2019altres poden tenir-ne menys o una de sola com l\u2019Affair (figura 13). A la composici\u00f3 de textos continus \u00e9s convenient treballar amb fam\u00edlies que tinguin, com a m\u00ednim, les quatre s\u00e8ries b\u00e0siques: rodona, <em>cursiva<\/em> o <em>it\u00e0lica<\/em>, <strong>negreta<\/strong> i <strong><em>negreta cursiva<\/em><\/strong>. Amb aquests quatre estils fonamentals podrem resoldre la gran majoria de projectes que se\u2019ns presentin. Si la tipografia que triem no els inclou, tindrem problemes a l\u2019hora de destacar alguna part del text o jerarquitzar-ne el contingut. Per a aconseguir projectes amb m\u00e9s pes tipogr\u00e0fic, \u00e9s fonamental seleccionar fam\u00edlies m\u00e9s completes.<\/p>\n<p>Una fam\u00edlia tipogr\u00e0fica pot incloure diferents s\u00e8ries, pesos o estils atenent l\u2019amplada del car\u00e0cter (comprimida, regular i ampla), el gruix dels seus tra\u00e7os (extrafina, fina, normal, seminegra, negra, etc.) i la seva inclinaci\u00f3 (rodona o cursiva). Tots aquests atributs es poden presentar en m\u00faltiples combinacions i gradacions.<\/p>\n<div id=\"attachment_816\" style=\"width: 850px\" class=\"wp-caption alignleft\"><img aria-describedby=\"caption-attachment-816\" loading=\"lazy\" class=\"img-responsive wp-image-816 size-full\" src=\"http:\/\/disseny.recursos.uoc.edu\/recursos\/tipo\/wp-content\/uploads\/sites\/18\/2021\/07\/1.6.1.06-helvetica-family.jpg\" alt=\"\" width=\"840\" height=\"470\" srcset=\"http:\/\/disseny.recursos.uoc.edu\/recursos\/tipo\/wp-content\/uploads\/sites\/18\/2021\/07\/1.6.1.06-helvetica-family.jpg 840w, http:\/\/disseny.recursos.uoc.edu\/recursos\/tipo\/wp-content\/uploads\/sites\/18\/2021\/07\/1.6.1.06-helvetica-family-300x168.jpg 300w, http:\/\/disseny.recursos.uoc.edu\/recursos\/tipo\/wp-content\/uploads\/sites\/18\/2021\/07\/1.6.1.06-helvetica-family-768x430.jpg 768w\" sizes=\"(max-width: 840px) 100vw, 840px\" \/><p id=\"caption-attachment-816\" class=\"wp-caption-text\">Figura 18. Fam\u00edlia Helvetica Neue <br \/> Font: <a href=\"https:\/\/www.linotype.com\/es\/1266\/neue-helvetica-familia.html\" target=\"_blank\" rel=\"noopener noreferrer\">https:\/\/www.linotype.com\/es\/1266\/neue-helvetica-familia.html<\/a><\/p><\/div>\n<p>A m\u00e9s d\u2019aquestes variacions, hi pot haver diversos dissenys d\u2019una mateixa lletra que es fan amb l\u2019objectiu d\u2019assignar-los una tonalitat espec\u00edfica en funci\u00f3 de si es faran servir en text corregut o en titulars. Parlem de les versions <em>text<\/em> i <em>display<\/em>, respectivament. Per regla general, una lletra pensada per a cossos petits probablement no funcionar\u00e0 b\u00e9 del tot en cossos grans, i al contrari.<\/p>\n<div id=\"attachment_793\" style=\"width: 650px\" class=\"wp-caption alignleft\"><img aria-describedby=\"caption-attachment-793\" loading=\"lazy\" class=\"img-responsive wp-image-793 size-full\" src=\"http:\/\/disseny.recursos.uoc.edu\/recursos\/tipo\/wp-content\/uploads\/sites\/18\/2021\/07\/1.6.1.07-hub.jpg\" alt=\"\" width=\"640\" height=\"201\" srcset=\"http:\/\/disseny.recursos.uoc.edu\/recursos\/tipo\/wp-content\/uploads\/sites\/18\/2021\/07\/1.6.1.07-hub.jpg 640w, http:\/\/disseny.recursos.uoc.edu\/recursos\/tipo\/wp-content\/uploads\/sites\/18\/2021\/07\/1.6.1.07-hub-300x94.jpg 300w\" sizes=\"(max-width: 640px) 100vw, 640px\" \/><p id=\"caption-attachment-793\" class=\"wp-caption-text\">Figura 19. Fam\u00edlies Chronicle Text i Display dissenyades per Hoefler&amp;Co <br \/> Font: <a href=\"https:\/\/www.typography.com\/search?term=Chronicle\" target=\"_blank\" rel=\"noopener noreferrer\">https:\/\/www.typography.com\/search?term=Chronicle<\/a><\/p><\/div>\n<p>Els termes <em>normal, regular<\/em> i <em>roman<\/em> s\u2019utilitzen per a l\u2019estil principal d\u2019una fam\u00edlia tipogr\u00e0fica. Existeixen altres classificacions que tenen la particularitat de fer refer\u00e8ncia expl\u00edcita a la funci\u00f3 de la font que designen. Per exemple, algunes fam\u00edlies contenen fonts anomenades <em>book<\/em> o <em>poster<\/em>, noms que no nom\u00e9s especifiquen el gruix del tra\u00e7, sin\u00f3 que a m\u00e9s funcionen com una etiqueta que designa el seu prop\u00f2sit. La funci\u00f3 de la font est\u00e0 molt vinculada, entre altres factors, amb el seu color tipogr\u00e0fic. En les tipografies amb Serifa, les variants <em>book<\/em> solen tenir un color tipogr\u00e0fic lleument m\u00e9s fosc que les regulars, per a millorar el seu acompliment en situacions de lectura estesa i cont\u00ednua, tal com passa a les novel\u00b7les. En canvi, en les de pal sec, la relaci\u00f3 \u00e9s sovint oposada: els estils <em>book<\/em> s\u00f3n m\u00e9s lleugers que els regulars.<\/p>\n<div id=\"attachment_794\" style=\"width: 850px\" class=\"wp-caption alignleft\"><img aria-describedby=\"caption-attachment-794\" loading=\"lazy\" class=\"img-responsive wp-image-794 size-full\" src=\"http:\/\/disseny.recursos.uoc.edu\/recursos\/tipo\/wp-content\/uploads\/sites\/18\/2021\/07\/1.6.1.08-gentium-book.jpg\" alt=\"\" width=\"840\" height=\"376\" srcset=\"http:\/\/disseny.recursos.uoc.edu\/recursos\/tipo\/wp-content\/uploads\/sites\/18\/2021\/07\/1.6.1.08-gentium-book.jpg 840w, http:\/\/disseny.recursos.uoc.edu\/recursos\/tipo\/wp-content\/uploads\/sites\/18\/2021\/07\/1.6.1.08-gentium-book-300x134.jpg 300w, http:\/\/disseny.recursos.uoc.edu\/recursos\/tipo\/wp-content\/uploads\/sites\/18\/2021\/07\/1.6.1.08-gentium-book-768x344.jpg 768w\" sizes=\"(max-width: 840px) 100vw, 840px\" \/><p id=\"caption-attachment-794\" class=\"wp-caption-text\">Figura 20. Fam\u00edlies Gentium Book Basic i Gentium Basic <br \/> Font: <a href=\"https:\/\/fonts.google.com\/?query=gentium&amp;preview.size=84\" target=\"_blank\" rel=\"noopener noreferrer\">https:\/\/fonts.google.com\/?query=gentium&amp;preview.size=84<\/a><\/p><\/div>\n<p>Origin\u00e0riament, en temps de la tipografia de plom, es deia <em>font<\/em> a cada variant en cada cos diferent que s\u2019havia fos. Per exemple, era una font l\u2019Helvetica Light Italic de 8 punts i una altra font l\u2019Helvetica Light Italic de 10 punts.<\/p>\n<p>La paraula <strong>estil<\/strong> \u00e9s una refer\u00e8ncia molt general al conjunt de les caracter\u00edstiques formals d\u2019una lletra. \u00c9s a dir, s\u00f3n estils: rodona, cursiva o it\u00e0lica, negreta, fina, expandida, condensada, etc. En molts contextos, podem emprar la paraula <em>estil<\/em> com a sin\u00f2nim de <em>font<\/em>.<\/p>\n<p>Avui en dia \u00e9s freq\u00fcent parlar de <em>font<\/em> quan volem referir-nos a una fam\u00edlia, dir <em>estil<\/em> quan pensem en una font o pronunciar <em>lletra<\/em>, <em>tipus<\/em> o <em>tipografia<\/em> quan en realitat ens referim a una fam\u00edlia, per exemple. Aquests casos i d\u2019altres s\u00f3n bastant habituals en el m\u00f3n del disseny gr\u00e0fic i s\u2019han de considerar errors menors sempre que, pel context, sigui f\u00e0cil saber a qu\u00e8 ens referim.<\/p>\n<h4><\/h4>\n<p><\/p>","protected":false},"excerpt":{"rendered":"<p>1.6. Anatomia del tipus 1.6.1. Lletres, fam\u00edlies, fonts i estils La lletra \u00e9s la forma gr\u00e0fica usada per a representar un so ling\u00fc\u00edstic i l\u2019element m\u00e9s petit en la formaci\u00f3 d\u2019una paraula o un text. En la maquetaci\u00f3 per ordinador, les lletres o car\u00e0cters tamb\u00e9 es denominen glifs. Un car\u00e0cter \u00e9s la unitat textual o [&hellip;]<\/p>\n","protected":false},"author":1,"featured_media":0,"parent":0,"menu_order":0,"comment_status":"closed","ping_status":"closed","template":"","meta":[],"acf":[],"_links":{"self":[{"href":"http:\/\/disseny.recursos.uoc.edu\/recursos\/tipo\/wp-json\/wp\/v2\/pages\/90"}],"collection":[{"href":"http:\/\/disseny.recursos.uoc.edu\/recursos\/tipo\/wp-json\/wp\/v2\/pages"}],"about":[{"href":"http:\/\/disseny.recursos.uoc.edu\/recursos\/tipo\/wp-json\/wp\/v2\/types\/page"}],"author":[{"embeddable":true,"href":"http:\/\/disseny.recursos.uoc.edu\/recursos\/tipo\/wp-json\/wp\/v2\/users\/1"}],"replies":[{"embeddable":true,"href":"http:\/\/disseny.recursos.uoc.edu\/recursos\/tipo\/wp-json\/wp\/v2\/comments?post=90"}],"version-history":[{"count":53,"href":"http:\/\/disseny.recursos.uoc.edu\/recursos\/tipo\/wp-json\/wp\/v2\/pages\/90\/revisions"}],"predecessor-version":[{"id":963,"href":"http:\/\/disseny.recursos.uoc.edu\/recursos\/tipo\/wp-json\/wp\/v2\/pages\/90\/revisions\/963"}],"wp:attachment":[{"href":"http:\/\/disseny.recursos.uoc.edu\/recursos\/tipo\/wp-json\/wp\/v2\/media?parent=90"}],"curies":[{"name":"wp","href":"https:\/\/api.w.org\/{rel}","templated":true}]}}