{"id":331,"date":"2017-02-09T13:20:05","date_gmt":"2017-02-09T13:20:05","guid":{"rendered":"http:\/\/disseny.recursos.uoc.edu\/recursos\/tipo\/?page_id=331"},"modified":"2019-03-04T13:31:14","modified_gmt":"2019-03-04T13:31:14","slug":"1-lletres-19","status":"publish","type":"page","link":"http:\/\/disseny.recursos.uoc.edu\/recursos\/tipo\/1-lletres-19\/","title":{"rendered":"1. Lletres"},"content":{"rendered":"<p><\/p>\n<h3><strong>1.10. Adquisici\u00f3 i gesti\u00f3 de tipografies d\u2019escriptori<\/strong><\/h3>\n<p>Les tipografies digitals que hem vist fins ara (PS1, TrueType i OpenType) s\u00f3n les que anomenem <strong><em>desktop<\/em><\/strong> o d\u2019escriptori. Aquestes fonts s\u00f3n les que v\u00e9nen incloses en el sistema operatiu i tamb\u00e9 les que instal\u00b7lem posteriorment en el disc dur de l\u2019ordinador. \u00c9s freq\u00fcent que un usuari mitj\u00e0 disposi inicialment de les fonts que v\u00e9nen preinstal\u00b7lades al sistema operatiu i que, a m\u00e9s, tingui disponibles les tipografies que es llicencien en els programes com el Suite d\u2019Adobe o l\u2019Office de Microsoft. Aquestes lletres se solen utilitzar en treballs d\u2019autoedici\u00f3 cl\u00e0ssica: logotips, llibres, revistes, fullets, cartells, senyals, etiquetes, etc.<\/p>\n<p>Existeixen empreses dedicades a la creaci\u00f3 i venda de fonts digitals, que anomenem <strong>foneries<\/strong>. Algunes de les companyies m\u00e9s reconegudes del sector s\u00f3n <a href=\"http:\/\/linotype.com\" target=\"_blank\" rel=\"noopener noreferrer\">Linotype<\/a>, <a href=\"https:\/\/www.fontfont.com\/\" target=\"_blank\" rel=\"noopener noreferrer\">FontFont<\/a>, <a href=\"http:\/\/www.adobe.com\/products\/type.html\" target=\"_blank\" rel=\"noopener noreferrer\">Adobe<\/a> i <a href=\"http:\/\/www.typography.com\/\" target=\"_blank\" rel=\"noopener noreferrer\">Hoefler&amp;Co<\/a>. Tamb\u00e9 trobem distribu\u00efdores amb un perfil m\u00e9s proper al de majorista, com \u00e9s el cas de <a href=\"https:\/\/vllg.com\/\">Village<\/a> o <a href=\"https:\/\/www.fontshop.com\/\">Fontshop<\/a>. Entre els distribu\u00efdors cal destacar <a href=\"http:\/\/www.myfonts.com\/\" target=\"_blank\" rel=\"noopener noreferrer\">MyFonts<\/a>, que a m\u00e9s de tenir a la venda una enorme quantitat de fonts disponibles de foneries de tot tipus, est\u00e0 estructurada com una base de dades molt completa amb informaci\u00f3 detallada de cada tipografia, amb noms dels autors, exemples d\u2019\u00fas, etiquetes, espai per a compondre textos de prova, etc.<\/p>\n<p>Tant en MacOS com en Windows tenim formes senzilles d\u2019instal\u00b7lar fonts sense programari addicional. En el cas de Mac hi ha l\u2019aplicaci\u00f3 Cat\u00e0leg Tipogr\u00e0fic, i en Windows la instal\u00b7laci\u00f3 es duu a terme mitjan\u00e7ant l\u2019opci\u00f3 <em>Panell de control \/ Aparen\u00e7a i personalitzaci\u00f3<\/em>. No obstant aix\u00f2, afegir fonts directament a la carpeta original del sistema operatiu provocar\u00e0 una sobrec\u00e0rrega en l\u2019ordinador i el seu rendiment es veur\u00e0 ressentit. Si treballarem amb moltes fonts, que ser\u00e0 el cas m\u00e9s habitual entre dissenyadors, \u00e9s aconsellable fer servir alguna aplicaci\u00f3 espec\u00edfica de gesti\u00f3 tipogr\u00e0fica com <a href=\"http:\/\/www.extensis.com\/font-management\/suitcase-fusion\/\" target=\"_blank\" rel=\"noopener noreferrer\">Suitcase Fusion<\/a>, <a href=\"https:\/\/www.fontexplorerx.com\" target=\"_blank\" rel=\"noopener noreferrer\">Fontexplorer<\/a> o <a href=\"https:\/\/www.insidersoftware.com\/font-managers\/fontagent-mac\/\" target=\"_blank\" rel=\"noopener noreferrer\">FontAgent<\/a>. L\u2019\u00fas d\u2019un gestor de fonts ens permetr\u00e0 alliberar mem\u00f2ria del sistema activant i desactivant les fonts en funci\u00f3 del treball que fem i tamb\u00e9 ens ajudar\u00e0 a tenir una tipoteca ordenada i neta.<\/p>\n<p>Algunes de les tipografies comunes que estan presents de f\u00e0brica en els sistemes operatius m\u00e9s utilitzats, Macintosh i Windows, s\u00f3n Times New Roman, Arial, Courier, Verdana, Trebuchet, Comic Sans, Impact, Georgia, Tahoma, Palatino, Lucida, etc.<\/p>\n<p>&nbsp;<\/p>\n<h4><strong>Conclusions<\/strong><\/h4>\n<p>Les tipografies d\u2019escriptori s\u00f3n les que v\u00e9nen incloses en el sistema operatiu i tamb\u00e9 les que instal\u00b7lem posteriorment en el disc dur de l\u2019ordinador.<\/p>\n<p>Existeixen empreses dedicades a la creaci\u00f3 i venda de fonts digitals, que anomenem foneries.<\/p>\n<p>L\u2019\u00fas d\u2019un gestor de fonts ens permetr\u00e0 alliberar mem\u00f2ria del sistema activant i desactivant les fonts en funci\u00f3 del treball que fem i tamb\u00e9 ens ajudar\u00e0 a tenir una tipoteca ordenada i neta.<\/p>\n<p>&nbsp;<\/p>","protected":false},"excerpt":{"rendered":"<p>1.10. Adquisici\u00f3 i gesti\u00f3 de tipografies d\u2019escriptori Les tipografies digitals que hem vist fins ara (PS1, TrueType i OpenType) s\u00f3n les que anomenem desktop o d\u2019escriptori. Aquestes fonts s\u00f3n les que v\u00e9nen incloses en el sistema operatiu i tamb\u00e9 les que instal\u00b7lem posteriorment en el disc dur de l\u2019ordinador. \u00c9s freq\u00fcent que un usuari mitj\u00e0 [&hellip;]<\/p>\n","protected":false},"author":1,"featured_media":0,"parent":0,"menu_order":0,"comment_status":"closed","ping_status":"closed","template":"","meta":[],"acf":[],"_links":{"self":[{"href":"http:\/\/disseny.recursos.uoc.edu\/recursos\/tipo\/wp-json\/wp\/v2\/pages\/331"}],"collection":[{"href":"http:\/\/disseny.recursos.uoc.edu\/recursos\/tipo\/wp-json\/wp\/v2\/pages"}],"about":[{"href":"http:\/\/disseny.recursos.uoc.edu\/recursos\/tipo\/wp-json\/wp\/v2\/types\/page"}],"author":[{"embeddable":true,"href":"http:\/\/disseny.recursos.uoc.edu\/recursos\/tipo\/wp-json\/wp\/v2\/users\/1"}],"replies":[{"embeddable":true,"href":"http:\/\/disseny.recursos.uoc.edu\/recursos\/tipo\/wp-json\/wp\/v2\/comments?post=331"}],"version-history":[{"count":8,"href":"http:\/\/disseny.recursos.uoc.edu\/recursos\/tipo\/wp-json\/wp\/v2\/pages\/331\/revisions"}],"predecessor-version":[{"id":728,"href":"http:\/\/disseny.recursos.uoc.edu\/recursos\/tipo\/wp-json\/wp\/v2\/pages\/331\/revisions\/728"}],"wp:attachment":[{"href":"http:\/\/disseny.recursos.uoc.edu\/recursos\/tipo\/wp-json\/wp\/v2\/media?parent=331"}],"curies":[{"name":"wp","href":"https:\/\/api.w.org\/{rel}","templated":true}]}}