{"id":260,"date":"2017-01-26T16:08:47","date_gmt":"2017-01-26T16:08:47","guid":{"rendered":"http:\/\/disseny.recursos.uoc.edu\/recursos\/tipo\/?page_id=260"},"modified":"2019-04-02T09:49:19","modified_gmt":"2019-04-02T09:49:19","slug":"referencies","status":"publish","type":"page","link":"http:\/\/disseny.recursos.uoc.edu\/recursos\/tipo\/referencies\/","title":{"rendered":"Refer\u00e8ncies"},"content":{"rendered":"<p><strong>Ambrose, Gavin; Harris, Paul<\/strong> (2005). <em>Bases del dise\u00f1o. <\/em><em>Tipograf\u00eda<\/em>. Barcelona: Parram\u00f3n.<\/p>\n<p>La col\u00b7lecci\u00f3 \u00abBases del dise\u00f1o\u00bb explora les possibilitats creatives dels principals conceptes del disseny gr\u00e0fic a trav\u00e9s d\u2019una completa galeria d\u2019exemples, agrupats per temes. Els innovadors treballs que es presenten, creats per grans professionals contemporanis, s\u2019acompanyen d\u2019explicacions t\u00e8cniques, esquemes i consells que permeten al lector comprendre i assimilar el proc\u00e9s dut a terme.<\/p>\n<p>&nbsp;<\/p>\n<p><strong>Castro, Iv\u00e1n<\/strong> (2016). <em>El ABC del Lettering<\/em>. Val\u00e8ncia: Campgr\u00e0fic.<\/p>\n<p>Un llibre pr\u00e0ctic que proporciona el pas a pas de com dibuixar a m\u00e0 una \u00e0mplia varietat d\u2019estils de lletra, des de romanes modernes i lletres sense acabaments a llatines, <em>script<\/em> o <em>interlock<\/em>. Un m\u00e8tode d\u2019ensenyament tradicional, amb un enfocament contemporani.<\/p>\n<p>&nbsp;<\/p>\n<p><strong>Jard\u00ed, Enric<\/strong> (2007). <em>Veintid\u00f3s consejos sobre tipograf\u00eda<\/em>. Barcelona: Actar.<\/p>\n<p><em>Veintid\u00f3s consejos sobre tipograf\u00eda<\/em> \u00e9s un llibre de receptes. En una \u00e8poca de puritanisme tipogr\u00e0fic i de culte a les formes, aquesta llista \u00abdel que et conv\u00e9 i del que no et conv\u00e9\u00bb trenca alguns prejudicis i explica la tipografia d\u2019una forma nova.<\/p>\n<p>&nbsp;<\/p>\n<p><strong>Kane, John<\/strong> (2015). <em>Manual de tipograf\u00eda <\/em>(2.\u00aa ed.). Barcelona: Gustavo Gili.<\/p>\n<p>Una introducci\u00f3 a tot el que qualsevol estudiant o professional del disseny gr\u00e0fic han de saber sobre tipografia per desenvolupar una sensibilitat i uns coneixements tipogr\u00e0fics ben fonamentats.<\/p>\n<p>&nbsp;<\/p>\n<p><strong>Lupton, Ellen <\/strong>(2016). <em>Pensar con tipos<\/em>. Barcelona: Gustavo Gili.<\/p>\n<p>Aquest no \u00e9s un llibre sobre fonts. \u00c9s un llibre sobre com utilitzar-les. Aquest llibre tracta de pensar amb la tipografia. Aquest llibre pret\u00e9n parlar amb els lectors i escriptors, dissenyadors i editors, professors i estudiants el treball dels quals estigui relacionat amb la impredictible vida de la paraula escrita.<\/p>\n<p>&nbsp;<\/p>\n<p><strong>Mart\u00edn Montesinos, Jos\u00e9 Luis; Mas Hurtuna, Montse<\/strong>\u00a0(2003). <em>Manual de tipograf\u00eda<\/em>. Val\u00e8ncia: Campgr\u00e0fic.<\/p>\n<p>Els principis fonamentals de la tipografia aplicats a les noves tecnologies. Imprescindible per qui vol endinsar-se i formar-se al mateix temps en el futur professional de les arts gr\u00e0fiques. La tipografia, les seves caracter\u00edstiques i maneres d\u2019ocupaci\u00f3 per a una efic\u00e0cia m\u00e9s gran en l\u2019\u00fas de la inform\u00e0tica.<\/p>\n<p>&nbsp;<\/p>\n<p><strong>Mart\u00edn \u00c1lvarez, Raquel <\/strong>(2013).<em> Ortotipograf\u00eda para dise\u00f1adores<\/em><strong>. <\/strong>Barcelona: Gustavo Gili.<\/p>\n<p>Aquest llibre aborda els problemes i dubtes ortotipogr\u00e0fics que solen assaltar amb m\u00e9s freq\u00fc\u00e8ncia el dissenyador, i incideix en les q\u00fcestions de disseny que s\u2019encavalquen amb la correcci\u00f3 ortotipogr\u00e0fica. Manual de cap\u00e7alera imprescindible per al professional de la comunicaci\u00f3 gr\u00e0fica.<\/p>\n<p>&nbsp;<\/p>\n<p><strong>M\u00fcller-Brockmann, Josef <\/strong>(1992). <em>Sistemas de ret\u00edculas<\/em>. Barcelona: Gustavo Gili.<\/p>\n<p><em>Sistemas de ret\u00edculas<\/em> \u00e9s el tractat cl\u00e0ssic de refer\u00e8ncia sobre el disseny amb reticle. Un manual que aborda de manera rigorosa i exhaustiva la sistematitzaci\u00f3 de la composici\u00f3 tipogr\u00e0fica en qualsevol de les seves formes, com el llibre, la revista, el cat\u00e0leg, el fullet o el cartell.<\/p>\n<p>&nbsp;<\/p>\n<p><strong>White, Jan V.<\/strong> (2018).<em> Dise\u00f1o para la edici\u00f3n<\/em>. M\u00e0laga: Jard\u00edn de monos.<\/p>\n<p>Un manual que ensenya a editors i dissenyadors com fer publicacions m\u00e9s interessants i vistoses. Els lectors trobaran en aquest llibre un compendi de consells pr\u00e0ctics per aconseguir l\u2019equilibri perfecte entre contingut i forma, fent que text i disseny es reforcin m\u00fatuament i aix\u00ed crear p\u00e0gines irresistibles per als lectors.<\/p>\n<p>&nbsp;<\/p>\n<h4><strong>Recursos web<br \/>\n<\/strong><\/h4>\n<p><em>I Love Typography<\/em>. &lt;<a href=\"https:\/\/ilovetypography.com\" target=\"_blank\" rel=\"noopener noreferrer\">https:\/\/ilovetypography.com<\/a>&gt;<\/p>\n<p>Actualitat sobre tipografia, recursos educatius i molt m\u00e9s en aquest blog d\u2019un apassionat de les lletres. En angl\u00e8s. Sota el suport de la prestigiosa fosa tipogr\u00e0fica digital Hoefler &amp; Co.<\/p>\n<p>&nbsp;<\/p>\n<p><em>Rayitas azules<\/em>. &lt;<a href=\"https:\/\/www.rayitasazules.com\" target=\"_blank\" rel=\"noopener noreferrer\">https:\/\/www.rayitasazules.com<\/a>&gt;<\/p>\n<p>Un blog dedicat a la tipografia i al disseny editorial en totes les seves formes i manifestacions: revistes, inDesign, cobertes, paper, maquetaci\u00f3, hist\u00f2ria, etc.<\/p>\n<p>&nbsp;<\/p>\n<p><em>Tipograf\u00eda digital<\/em>. &lt;<a href=\"http:\/\/tipografiadigital.net\/\" target=\"_blank\" rel=\"noopener noreferrer\">http:\/\/tipografiadigital.net<\/a>&gt;<\/p>\n<p>El blog sobre tipografia de Daniel Rodr\u00edguez-Valero, autor del <em>Manual de tipograf\u00eda digital<\/em> editat per Campgr\u00e0fic.<\/p>\n<p>&nbsp;<\/p>\n<p><em>Type Culture<\/em>. &lt;<a href=\"https:\/\/typeculture.com\" target=\"_blank\" rel=\"noopener noreferrer\">https:\/\/typeculture.com<\/a>&gt;<\/p>\n<p>En aquesta fosa digital, cuiden l\u2019aspecte educatiu de la tipografia: articles, v\u00eddeos, seminaris i molt m\u00e9s contingut en angl\u00e8s.<\/p>\n<p>&nbsp;<\/p>\n<p><em>Typographica<\/em>. &lt;<a href=\"https:\/\/typographica.org\/\" target=\"_blank\" rel=\"noopener noreferrer\">https:\/\/typographica.org<\/a>&gt;<\/p>\n<p>Fundat el 2002, <em>Typographica<\/em> \u00e9s un blog en angl\u00e8s especialitzat en la revisi\u00f3 i cr\u00edtica comentada dels tipus de lletra i de llibres especialitzats en tipografia. Editat per Stephen Coles.<\/p>\n<p>&nbsp;<\/p>\n<p><em>Typophile<\/em>. &lt;<a href=\"http:\/\/www.typophile.com\" target=\"_blank\" rel=\"noopener noreferrer\">http:\/\/www.typophile.com<\/a>&gt;<\/p>\n<p>F\u00f2rums, debats, presentaci\u00f3 i discussi\u00f3 de projectes, novetats. Imprescindible.<\/p>\n<p>&nbsp;<\/p>\n<p><em>Unos tipos duros<\/em>. &lt;<a href=\"https:\/\/www.unostiposduros.com\/\" target=\"_blank\" rel=\"noopener noreferrer\">https:\/\/www.unostiposduros.com\/<\/a>&gt;<\/p>\n<p><em>Uns tipos duros<\/em> \u00e9s una iniciativa de dos apassionats de la tipografia, Josep Patau i Jos\u00e9 Ram\u00f3n Penela, als quals m\u00e9s tard es van unir Dimas Garc\u00eda i Marc Salinas. El seu objectiu \u00e9s el de proporcionar un lloc de trobada per a tots aquells interessats en la tipografia, posant l\u2019accent en la seva evoluci\u00f3 hist\u00f2rica, per\u00f2 sense oblidar les propostes actuals.<\/p>","protected":false},"excerpt":{"rendered":"<p>Ambrose, Gavin; Harris, Paul (2005). Bases del dise\u00f1o. Tipograf\u00eda. Barcelona: Parram\u00f3n. La col\u00b7lecci\u00f3 \u00abBases del dise\u00f1o\u00bb explora les possibilitats creatives dels principals conceptes del disseny gr\u00e0fic a trav\u00e9s d\u2019una completa galeria d\u2019exemples, agrupats per temes. Els innovadors treballs que es presenten, creats per grans professionals contemporanis, s\u2019acompanyen d\u2019explicacions t\u00e8cniques, esquemes i consells que permeten al [&hellip;]<\/p>\n","protected":false},"author":1,"featured_media":0,"parent":0,"menu_order":0,"comment_status":"closed","ping_status":"closed","template":"","meta":[],"acf":[],"_links":{"self":[{"href":"http:\/\/disseny.recursos.uoc.edu\/recursos\/tipo\/wp-json\/wp\/v2\/pages\/260"}],"collection":[{"href":"http:\/\/disseny.recursos.uoc.edu\/recursos\/tipo\/wp-json\/wp\/v2\/pages"}],"about":[{"href":"http:\/\/disseny.recursos.uoc.edu\/recursos\/tipo\/wp-json\/wp\/v2\/types\/page"}],"author":[{"embeddable":true,"href":"http:\/\/disseny.recursos.uoc.edu\/recursos\/tipo\/wp-json\/wp\/v2\/users\/1"}],"replies":[{"embeddable":true,"href":"http:\/\/disseny.recursos.uoc.edu\/recursos\/tipo\/wp-json\/wp\/v2\/comments?post=260"}],"version-history":[{"count":25,"href":"http:\/\/disseny.recursos.uoc.edu\/recursos\/tipo\/wp-json\/wp\/v2\/pages\/260\/revisions"}],"predecessor-version":[{"id":774,"href":"http:\/\/disseny.recursos.uoc.edu\/recursos\/tipo\/wp-json\/wp\/v2\/pages\/260\/revisions\/774"}],"wp:attachment":[{"href":"http:\/\/disseny.recursos.uoc.edu\/recursos\/tipo\/wp-json\/wp\/v2\/media?parent=260"}],"curies":[{"name":"wp","href":"https:\/\/api.w.org\/{rel}","templated":true}]}}