{"id":249,"date":"2017-01-26T15:28:24","date_gmt":"2017-01-26T15:28:24","guid":{"rendered":"http:\/\/disseny.recursos.uoc.edu\/recursos\/tipo\/?page_id=249"},"modified":"2021-07-22T07:43:47","modified_gmt":"2021-07-22T07:43:47","slug":"3-textos-10","status":"publish","type":"page","link":"http:\/\/disseny.recursos.uoc.edu\/recursos\/tipo\/3-textos-10\/","title":{"rendered":"3. Textos"},"content":{"rendered":"<p><\/p>\n<h3><strong>3.10. Estructura de la p\u00e0gina<\/strong><\/h3>\n<p>Una de les primeres decisions en un projecte gr\u00e0fic \u00e9s la grand\u00e0ria i la forma de la p\u00e0gina, \u00e9s a dir, la <strong>proporci\u00f3<\/strong>, encara que les limitacions pr\u00e0ctiques, especialment l\u2019estalvi del paper, solen limitar les opcions. Qualsevol material que s\u2019hagi d\u2019adaptar a fotocopiadores o impressores haur\u00e0 de tenir un format adaptat al sistema DIN. La impressi\u00f3 de llibres permet m\u00e9s llibertat en la tria del format de p\u00e0gina, per\u00f2 tamb\u00e9 s\u2019ha de tenir en compte l\u2019estalvi de paper i els formats de les m\u00e0quines d\u2019impressi\u00f3.<\/p>\n<p>En els projectes editorials s\u2019ha de treballar sempre en dobles p\u00e0gines, tal com es veuria el disseny final. La p\u00e0gina esquerra sempre ser\u00e0 la parell i la dreta, la imparell, ja que una publicaci\u00f3 comen\u00e7a sempre amb una p\u00e0gina solta (p\u00e0gina 1) i continua amb una doble.<\/p>\n<div id=\"attachment_187\" style=\"width: 760px\" class=\"wp-caption alignnone\"><img aria-describedby=\"caption-attachment-187\" loading=\"lazy\" class=\"img-responsive wp-image-187 size-full\" src=\"http:\/\/disseny.recursos.uoc.edu\/recursos\/tipo\/wp-content\/uploads\/sites\/18\/2017\/01\/Tipografia_Materiales-M4_Pagina_14_Imagen_0002.png\" alt=\"Figura 100\" width=\"750\" height=\"330\" srcset=\"http:\/\/disseny.recursos.uoc.edu\/recursos\/tipo\/wp-content\/uploads\/sites\/18\/2017\/01\/Tipografia_Materiales-M4_Pagina_14_Imagen_0002.png 750w, http:\/\/disseny.recursos.uoc.edu\/recursos\/tipo\/wp-content\/uploads\/sites\/18\/2017\/01\/Tipografia_Materiales-M4_Pagina_14_Imagen_0002-300x132.png 300w\" sizes=\"(max-width: 750px) 100vw, 750px\" \/><p id=\"caption-attachment-187\" class=\"wp-caption-text\">Figura 107<\/p><\/div>\n<p>&nbsp;<\/p>\n<p>L\u2019estructura de p\u00e0gina b\u00e0sica \u00e9s la pauta; defineix els marges i les columnes de la p\u00e0gina i determina, d\u2019aquesta manera, la disposici\u00f3 i les dimensions de la taca. <strong>\u00c9s essencial tenir en compte que els blancs de la p\u00e0gina s\u00f3n tan importants com la taca<\/strong>.<\/p>\n<p>Els <strong>marges<\/strong> regulen el pes visual de la taca tipogr\u00e0fica en la p\u00e0gina i tenen la finalitat d\u2019evitar que els seus elements es perdin amb el guillotinat o amb l\u2019enquadernaci\u00f3, aix\u00ed com d\u2019assegurar una bona llegibilitat del text. Igualment, han de tenir l\u2019espai suficient per a manipular amb comoditat la p\u00e0gina.<\/p>\n<p>En la figura 108 es mostren els noms que reben els marges de la p\u00e0gina en llenguatge t\u00e8cnic:<\/p>\n<div id=\"attachment_188\" style=\"width: 760px\" class=\"wp-caption alignnone\"><img aria-describedby=\"caption-attachment-188\" loading=\"lazy\" class=\"img-responsive wp-image-188 size-full\" src=\"http:\/\/disseny.recursos.uoc.edu\/recursos\/tipo\/wp-content\/uploads\/sites\/18\/2017\/01\/Tipografia_Materiales-M4_Pagina_15_Imagen_0001.png\" alt=\"Figura 101. a) Marge de llom \/ interior. b) Marge de tall \/ exterior. c) Marge de cap \/ superior. d) Marge de peu \/ inferior\" width=\"750\" height=\"528\" srcset=\"http:\/\/disseny.recursos.uoc.edu\/recursos\/tipo\/wp-content\/uploads\/sites\/18\/2017\/01\/Tipografia_Materiales-M4_Pagina_15_Imagen_0001.png 750w, http:\/\/disseny.recursos.uoc.edu\/recursos\/tipo\/wp-content\/uploads\/sites\/18\/2017\/01\/Tipografia_Materiales-M4_Pagina_15_Imagen_0001-300x211.png 300w\" sizes=\"(max-width: 750px) 100vw, 750px\" \/><p id=\"caption-attachment-188\" class=\"wp-caption-text\">Figura 108. a) Marge de llom \/ interior. b) Marge de tall \/ exterior. c) Marge de cap \/ superior. d) Marge de peu \/ inferior<\/p><\/div>\n<p>&nbsp;<\/p>\n<p>La maquetaci\u00f3 en <strong>columnes<\/strong> ajuda a mantenir una longitud de l\u00ednia manejable i permet que l\u2019espai blanc de la p\u00e0gina no es limiti als marges. \u00c9s important la relaci\u00f3 din\u00e0mica entre el format de la p\u00e0gina, l\u2019interlineat i l\u2019amplada de columna. De la mateixa manera que per a decidir l\u2019amplada de columna correcta \u00e9s essencial considerar el cos de la tipografia i l\u2019interlineat.<\/p>\n<p>El <strong>corondell cec<\/strong> \u00e9s la separaci\u00f3 entre columnes i ve determinat per la relaci\u00f3 entre el cos de la tipografia, l\u2019interlineat i l\u2019amplada de columna. La seva finalitat \u00e9s indicar al lector que ha de saltar a la l\u00ednia seg\u00fcent evitant que continu\u00ef la lectura en la l\u00ednia de la columna contigua. Per tant, l\u2019amplada del corondell cec haur\u00e0 de ser m\u00e9s gran que l\u2019espai entre paraules.<\/p>\n<div id=\"attachment_189\" style=\"width: 760px\" class=\"wp-caption alignnone\"><img aria-describedby=\"caption-attachment-189\" loading=\"lazy\" class=\"img-responsive wp-image-189 size-full\" src=\"http:\/\/disseny.recursos.uoc.edu\/recursos\/tipo\/wp-content\/uploads\/sites\/18\/2017\/01\/Tipografia_Materiales-M4_Pagina_15_Imagen_0002.png\" alt=\"Figura 102\" width=\"750\" height=\"118\" srcset=\"http:\/\/disseny.recursos.uoc.edu\/recursos\/tipo\/wp-content\/uploads\/sites\/18\/2017\/01\/Tipografia_Materiales-M4_Pagina_15_Imagen_0002.png 750w, http:\/\/disseny.recursos.uoc.edu\/recursos\/tipo\/wp-content\/uploads\/sites\/18\/2017\/01\/Tipografia_Materiales-M4_Pagina_15_Imagen_0002-300x47.png 300w\" sizes=\"(max-width: 750px) 100vw, 750px\" \/><p id=\"caption-attachment-189\" class=\"wp-caption-text\">Figura 109<\/p><\/div>\n<p>&nbsp;<\/p>\n<p>La <strong>ret\u00edcula<\/strong> \u00e9s una estructura subjacent que permet organitzar i situar els diferents elements. S\u2019aplica especialment en documents de diverses p\u00e0gines per a agilitar la maquetaci\u00f3 i garantir la coher\u00e8ncia visual entre les p\u00e0gines. No obstant aix\u00f2, per a dur a terme qualsevol disseny, sigui d\u2019un llibre, un fullet, un cartell, un env\u00e0s, un lloc web o una marca, caldr\u00e0 treballar amb una ret\u00edcula.<\/p>\n<p>Per a construir la ret\u00edcula \u00e9s necessari con\u00e8ixer b\u00e9 el contingut i fer previsi\u00f3 de possibles problemes (per exemple, titulars molt llargs). \u00c9s important que la ret\u00edcula, malgrat que \u00e9s una guia, mai no s\u2019imposi als elements que s\u2019hi maqueten. La seva finalitat \u00e9s proporcionar una unitat visual sense perdre vitalitat en la composici\u00f3. Normalment una mateixa ret\u00edcula ofereix multitud de solucions per a maquetar una p\u00e0gina, per\u00f2, fins i tot aix\u00ed, \u00e9s recomanable trencar-la en alguns casos.<\/p>\n<p>La ret\u00edcula divideix una superf\u00edcie en camps, a manera de reixeta, que poden tenir les mateixes dimensions o variar, encara que generalment s\u00f3n proporcionals entre ells. L\u2019altura dels camps correspon a un nombre determinat de l\u00ednies de text i la seva ampl\u00e0ria correspon a l\u2019amplada de la columna m\u00e9s estreta. Es pot compondre el text en amplades de columnes diferents unint un o diversos camps.<\/p>\n<h4><strong>Hi ha diferents sistemes reticulars<\/strong><\/h4>\n<ul>\n<li><strong>Ret\u00edcula de manuscrit<\/strong>: \u00e9s l\u2019estructura m\u00e9s senzilla, defineix els marges i una columna. Se sol fer servir en llibres de novel\u00b7la en els quals el format i el cos de la tipografia permeten una composici\u00f3 de columna \u00fanica.<\/li>\n<\/ul>\n<div id=\"attachment_300\" style=\"width: 760px\" class=\"wp-caption alignnone\"><img aria-describedby=\"caption-attachment-300\" loading=\"lazy\" class=\"img-responsive wp-image-300 size-full\" src=\"http:\/\/disseny.recursos.uoc.edu\/recursos\/tipo\/wp-content\/uploads\/sites\/18\/2017\/01\/Tipografia_Materiales-M4_Pagina_16_Imagen_0001-1.png\" alt=\"Figura 103. Ret\u00edcula de manuscrit\" width=\"750\" height=\"530\" srcset=\"http:\/\/disseny.recursos.uoc.edu\/recursos\/tipo\/wp-content\/uploads\/sites\/18\/2017\/01\/Tipografia_Materiales-M4_Pagina_16_Imagen_0001-1.png 750w, http:\/\/disseny.recursos.uoc.edu\/recursos\/tipo\/wp-content\/uploads\/sites\/18\/2017\/01\/Tipografia_Materiales-M4_Pagina_16_Imagen_0001-1-300x212.png 300w\" sizes=\"(max-width: 750px) 100vw, 750px\" \/><p id=\"caption-attachment-300\" class=\"wp-caption-text\">Figura 110. Ret\u00edcula de manuscrit<\/p><\/div>\n<p>&nbsp;<\/p>\n<ul>\n<li><strong>Ret\u00edcula de columnes<\/strong>: ofereix bastant flexibilitat i versatilitat, at\u00e8s que la divisi\u00f3 en columnes permet situar-hi diferents tipus de contingut (text, titulars, imatges, peus de foto, etc.). En funci\u00f3 del tipus de contingut, el mitj\u00e0 i la finalitat del projecte ser\u00e0 convenient un nombre de columnes m\u00e9s gran o m\u00e9s petit.<\/li>\n<\/ul>\n<div id=\"attachment_191\" style=\"width: 760px\" class=\"wp-caption alignnone\"><img aria-describedby=\"caption-attachment-191\" loading=\"lazy\" class=\"img-responsive wp-image-191 size-full\" src=\"http:\/\/disseny.recursos.uoc.edu\/recursos\/tipo\/wp-content\/uploads\/sites\/18\/2017\/01\/Tipografia_Materiales-M4_Pagina_16_Imagen_0002.png\" alt=\"Figura 104. Ret\u00edcula de columnes\" width=\"750\" height=\"533\" srcset=\"http:\/\/disseny.recursos.uoc.edu\/recursos\/tipo\/wp-content\/uploads\/sites\/18\/2017\/01\/Tipografia_Materiales-M4_Pagina_16_Imagen_0002.png 750w, http:\/\/disseny.recursos.uoc.edu\/recursos\/tipo\/wp-content\/uploads\/sites\/18\/2017\/01\/Tipografia_Materiales-M4_Pagina_16_Imagen_0002-300x213.png 300w\" sizes=\"(max-width: 750px) 100vw, 750px\" \/><p id=\"caption-attachment-191\" class=\"wp-caption-text\">Figura 111. Ret\u00edcula de columnes<\/p><\/div>\n<p>&nbsp;<\/p>\n<ul>\n<li><strong>Ret\u00edcula modular<\/strong>: com el seu mateix nom indica, est\u00e0 composta per m\u00f2duls de la mateixa grand\u00e0ria. Encara que, en certa manera, \u00e9s una modalitat bastant m\u00e9s complexa, aporta una maquetaci\u00f3 m\u00e9s f\u00e0cil i flexible per a estructurar els continguts. Ofereix possibilitats il\u00b7limitades i \u00e9s molt adequada en formats de p\u00e0gina complexos, com ara revistes o diaris.<\/li>\n<\/ul>\n<div id=\"attachment_192\" style=\"width: 760px\" class=\"wp-caption alignnone\"><img aria-describedby=\"caption-attachment-192\" loading=\"lazy\" class=\"img-responsive wp-image-192 size-full\" src=\"http:\/\/disseny.recursos.uoc.edu\/recursos\/tipo\/wp-content\/uploads\/sites\/18\/2017\/01\/Tipografia_Materiales-M4_Pagina_17_Imagen_0001.png\" alt=\"Figura 105. Ret\u00edcula modular\" width=\"750\" height=\"527\" srcset=\"http:\/\/disseny.recursos.uoc.edu\/recursos\/tipo\/wp-content\/uploads\/sites\/18\/2017\/01\/Tipografia_Materiales-M4_Pagina_17_Imagen_0001.png 750w, http:\/\/disseny.recursos.uoc.edu\/recursos\/tipo\/wp-content\/uploads\/sites\/18\/2017\/01\/Tipografia_Materiales-M4_Pagina_17_Imagen_0001-300x211.png 300w\" sizes=\"(max-width: 750px) 100vw, 750px\" \/><p id=\"caption-attachment-192\" class=\"wp-caption-text\">Figura 112. Ret\u00edcula modular<\/p><\/div>\n<p>&nbsp;<\/p>\n<ul>\n<li><strong>Ret\u00edcula jer\u00e0rquica<\/strong>: la seva estructura es construeix sobre la base d\u2019una organitzaci\u00f3 que s\u2019adapta a la rellev\u00e0ncia i funcionalitat d\u2019una diversitat de continguts m\u00e9s gran. Un exemple de formats que utilitzen aquesta estructura s\u00f3n els projectes de p\u00e0gines web.<\/li>\n<\/ul>\n<div id=\"attachment_193\" style=\"width: 760px\" class=\"wp-caption alignnone\"><img aria-describedby=\"caption-attachment-193\" loading=\"lazy\" class=\"img-responsive wp-image-193 size-full\" src=\"http:\/\/disseny.recursos.uoc.edu\/recursos\/tipo\/wp-content\/uploads\/sites\/18\/2017\/01\/Tipografia_Materiales-M4_Pagina_17_Imagen_0002.png\" alt=\"Figura 106. Ret\u00edcula jer\u00e0rquica\" width=\"750\" height=\"623\" srcset=\"http:\/\/disseny.recursos.uoc.edu\/recursos\/tipo\/wp-content\/uploads\/sites\/18\/2017\/01\/Tipografia_Materiales-M4_Pagina_17_Imagen_0002.png 750w, http:\/\/disseny.recursos.uoc.edu\/recursos\/tipo\/wp-content\/uploads\/sites\/18\/2017\/01\/Tipografia_Materiales-M4_Pagina_17_Imagen_0002-300x249.png 300w\" sizes=\"(max-width: 750px) 100vw, 750px\" \/><p id=\"caption-attachment-193\" class=\"wp-caption-text\">Figura 113. Ret\u00edcula jer\u00e0rquica <br \/> Font: <a href=\"http:\/\/www.afxdesign.com\/web-design-blog\/ipad-web-design\/responsive-web-design-example\" target=\"_blank\" rel=\"noopener noreferrer\">http:\/\/www.afxdesign.com\/web-design-blog\/ipad-web-design\/responsive-web-design-example<\/a><\/p><\/div>\n<p>Josef M\u00fcller-Brockmann, dissenyador gr\u00e0fic i professor universitari d\u2019origen su\u00eds, va caracteritzar el seu treball per la senzillesa, la l\u00f2gica compositiva i l\u2019\u00fas de la ret\u00edcula. Va escriure <em>Sistemas de ret\u00edculas<\/em>, una obra cl\u00e0ssica de refer\u00e8ncia sobre el disseny i la composici\u00f3 rigorosa i sistematitzada en qualsevol de les seves formes.<\/p>\n<div id=\"attachment_194\" style=\"width: 760px\" class=\"wp-caption alignnone\"><img aria-describedby=\"caption-attachment-194\" loading=\"lazy\" class=\"img-responsive wp-image-194 size-full\" src=\"http:\/\/disseny.recursos.uoc.edu\/recursos\/tipo\/wp-content\/uploads\/sites\/18\/2017\/01\/Tipografia_Materiales-M4_Pagina_17_Imagen_0003.png\" alt=\"Figura 107. Josef M\u00fcller-Brockmann (2016). Sistemas de ret\u00edculas (3a. edici\u00f3, 4t. tiratge). Editorial Gustavo Gili.\" width=\"750\" height=\"208\" srcset=\"http:\/\/disseny.recursos.uoc.edu\/recursos\/tipo\/wp-content\/uploads\/sites\/18\/2017\/01\/Tipografia_Materiales-M4_Pagina_17_Imagen_0003.png 750w, http:\/\/disseny.recursos.uoc.edu\/recursos\/tipo\/wp-content\/uploads\/sites\/18\/2017\/01\/Tipografia_Materiales-M4_Pagina_17_Imagen_0003-300x83.png 300w\" sizes=\"(max-width: 750px) 100vw, 750px\" \/><p id=\"caption-attachment-194\" class=\"wp-caption-text\">Figura 114. Josef M\u00fcller-Brockmann (2016). <em>Sistemas de ret\u00edculas<\/em> (3a. edici\u00f3, 4t. tiratge). Editorial Gustavo Gili. <br \/> Font: <a href=\"http:\/\/ggili.com\/es\/tienda\/productos\/sistemas-de-reticulas-1\" target=\"_blank\" rel=\"noopener noreferrer\">http:\/\/ggili.com\/es\/tienda\/productos\/sistemas-de-reticulas-1<\/a><\/p><\/div>\n<div class=\"cita\">\n<p>\u00abEl sistema de ret\u00edcula \u00e9s una ajuda, no una garantia. Permet un nombre d\u2019usos possibles i cada dissenyador pot buscar una soluci\u00f3 adequada al seu estil personal. Per\u00f2 cal aprendre a utilitzar la ret\u00edcula, aquest \u00e9s un art que requereix pr\u00e0ctica\u00bb (Josef M\u00fcller-Brockmann, 1914-1996).<\/p>\n<\/div>\n<div id=\"attachment_195\" style=\"width: 460px\" class=\"wp-caption alignnone\"><img aria-describedby=\"caption-attachment-195\" loading=\"lazy\" class=\"img-responsive wp-image-195 size-full\" src=\"http:\/\/disseny.recursos.uoc.edu\/recursos\/tipo\/wp-content\/uploads\/sites\/18\/2017\/01\/Tipografia_Materiales-M4_Pagina_18_Imagen_0001.png\" alt=\"Figura 108. Josef M\u00fcller-Brockmann\" width=\"450\" height=\"234\" srcset=\"http:\/\/disseny.recursos.uoc.edu\/recursos\/tipo\/wp-content\/uploads\/sites\/18\/2017\/01\/Tipografia_Materiales-M4_Pagina_18_Imagen_0001.png 450w, http:\/\/disseny.recursos.uoc.edu\/recursos\/tipo\/wp-content\/uploads\/sites\/18\/2017\/01\/Tipografia_Materiales-M4_Pagina_18_Imagen_0001-300x156.png 300w\" sizes=\"(max-width: 450px) 100vw, 450px\" \/><p id=\"caption-attachment-195\" class=\"wp-caption-text\">Figura 115. Josef M\u00fcller-Brockmann <br \/> Font: <a href=\"http:\/\/sd11a2d.tumblr.com\/post\/42355658035\/josef-m\u00fcller-brockmanns-swiss-style\" target=\"_blank\" rel=\"noopener noreferrer\">http:\/\/sd11a2d.tumblr.com\/post\/42355658035\/josef-m\u00fcller-brockmanns-swiss-style<\/a><\/p><\/div>\n<h6><\/h6>\n<h4><strong>Conclusions<\/strong><\/h4>\n<p>Una de les primeres decisions en un projecte gr\u00e0fic \u00e9s la grand\u00e0ria i la forma de la p\u00e0gina, \u00e9s a dir, la proporci\u00f3.<\/p>\n<p>L\u2019estructura de p\u00e0gina b\u00e0sica \u00e9s la pauta; defineix els marges i les columnes de la p\u00e0gina i determina, d\u2019aquesta manera, la disposici\u00f3 i les dimensions de la taca. \u00c9s essencial tenir en compte que els blancs de la p\u00e0gina s\u00f3n tan importants com la taca.<\/p>\n<p>\u00c9s important la relaci\u00f3 din\u00e0mica entre el format de la p\u00e0gina, l\u2019interlineat i l\u2019amplada de columna.<\/p>\n<p>La ret\u00edcula \u00e9s una estructura subjacent que permet organitzar i situar els diferents elements. La ret\u00edcula divideix una superf\u00edcie en camps, a manera de reixeta, que poden tenir les mateixes dimensions o variar, encara que generalment s\u00f3n proporcionals entre ells.<\/p>","protected":false},"excerpt":{"rendered":"<p>3.10. Estructura de la p\u00e0gina Una de les primeres decisions en un projecte gr\u00e0fic \u00e9s la grand\u00e0ria i la forma de la p\u00e0gina, \u00e9s a dir, la proporci\u00f3, encara que les limitacions pr\u00e0ctiques, especialment l\u2019estalvi del paper, solen limitar les opcions. Qualsevol material que s\u2019hagi d\u2019adaptar a fotocopiadores o impressores haur\u00e0 de tenir un format [&hellip;]<\/p>\n","protected":false},"author":1,"featured_media":0,"parent":0,"menu_order":0,"comment_status":"closed","ping_status":"closed","template":"","meta":[],"acf":[],"_links":{"self":[{"href":"http:\/\/disseny.recursos.uoc.edu\/recursos\/tipo\/wp-json\/wp\/v2\/pages\/249"}],"collection":[{"href":"http:\/\/disseny.recursos.uoc.edu\/recursos\/tipo\/wp-json\/wp\/v2\/pages"}],"about":[{"href":"http:\/\/disseny.recursos.uoc.edu\/recursos\/tipo\/wp-json\/wp\/v2\/types\/page"}],"author":[{"embeddable":true,"href":"http:\/\/disseny.recursos.uoc.edu\/recursos\/tipo\/wp-json\/wp\/v2\/users\/1"}],"replies":[{"embeddable":true,"href":"http:\/\/disseny.recursos.uoc.edu\/recursos\/tipo\/wp-json\/wp\/v2\/comments?post=249"}],"version-history":[{"count":26,"href":"http:\/\/disseny.recursos.uoc.edu\/recursos\/tipo\/wp-json\/wp\/v2\/pages\/249\/revisions"}],"predecessor-version":[{"id":937,"href":"http:\/\/disseny.recursos.uoc.edu\/recursos\/tipo\/wp-json\/wp\/v2\/pages\/249\/revisions\/937"}],"wp:attachment":[{"href":"http:\/\/disseny.recursos.uoc.edu\/recursos\/tipo\/wp-json\/wp\/v2\/media?parent=249"}],"curies":[{"name":"wp","href":"https:\/\/api.w.org\/{rel}","templated":true}]}}