{"id":246,"date":"2017-01-26T12:39:58","date_gmt":"2017-01-26T12:39:58","guid":{"rendered":"http:\/\/disseny.recursos.uoc.edu\/recursos\/tipo\/?page_id=246"},"modified":"2021-07-20T06:15:34","modified_gmt":"2021-07-20T06:15:34","slug":"3-textos-9","status":"publish","type":"page","link":"http:\/\/disseny.recursos.uoc.edu\/recursos\/tipo\/3-textos-9\/","title":{"rendered":"3. Textos"},"content":{"rendered":"<p><\/p>\n<h3><strong>3.9. Est\u00e8tica tipogr\u00e0fica<\/strong><\/h3>\n<p>No permetre que en un text apareguin v\u00eddues i \u00f2rfenes \u00e9s simplement una q\u00fcesti\u00f3 d\u2019est\u00e8tica. S\u2019anomena <strong>v\u00eddua <\/strong>(1 de la figura 106) l\u2019\u00faltima l\u00ednia d\u2019un par\u00e0graf que apareix com la primera en la columna seg\u00fcent, mentre que l\u2019<strong>\u00f2rfena<\/strong> (2 de la figura 106) \u00e9s la l\u00ednia que apareix al final d\u2019una columna i que \u00e9s el principi d\u2019un par\u00e0graf que t\u00e9 la seva continuaci\u00f3 en la columna seg\u00fcent.<\/p>\n<p>\u00c9s convenient tamb\u00e9 evitar <strong>part\u00edcules<\/strong> (articles, pronoms, paraules molt curtes, lletres soltes, etc.) al final de l\u00ednia i, especialment, de par\u00e0graf (3 de la figura 106) o partici\u00f3 de paraules al final d\u2019una columna (4 de la figura 106).<\/p>\n<div id=\"attachment_186\" style=\"width: 760px\" class=\"wp-caption alignnone\"><img aria-describedby=\"caption-attachment-186\" loading=\"lazy\" class=\"img-responsive wp-image-186 size-full\" src=\"http:\/\/disseny.recursos.uoc.edu\/recursos\/tipo\/wp-content\/uploads\/sites\/18\/2017\/01\/Tipografia_Materiales-M4_Pagina_14_Imagen_0001.png\" alt=\"Figura 99\" width=\"750\" height=\"323\" srcset=\"http:\/\/disseny.recursos.uoc.edu\/recursos\/tipo\/wp-content\/uploads\/sites\/18\/2017\/01\/Tipografia_Materiales-M4_Pagina_14_Imagen_0001.png 750w, http:\/\/disseny.recursos.uoc.edu\/recursos\/tipo\/wp-content\/uploads\/sites\/18\/2017\/01\/Tipografia_Materiales-M4_Pagina_14_Imagen_0001-300x129.png 300w\" sizes=\"(max-width: 750px) 100vw, 750px\" \/><p id=\"caption-attachment-186\" class=\"wp-caption-text\">Figura 106<\/p><\/div>\n<p>&nbsp;<\/p>\n<h4><strong>Conclusions<\/strong><\/h4>\n<p>No permetre que en un text apareguin v\u00eddues i \u00f2rfenes \u00e9s simplement una q\u00fcesti\u00f3 d\u2019est\u00e8tica.<\/p>","protected":false},"excerpt":{"rendered":"<p>3.9. Est\u00e8tica tipogr\u00e0fica No permetre que en un text apareguin v\u00eddues i \u00f2rfenes \u00e9s simplement una q\u00fcesti\u00f3 d\u2019est\u00e8tica. S\u2019anomena v\u00eddua (1 de la figura 106) l\u2019\u00faltima l\u00ednia d\u2019un par\u00e0graf que apareix com la primera en la columna seg\u00fcent, mentre que l\u2019\u00f2rfena (2 de la figura 106) \u00e9s la l\u00ednia que apareix al final d\u2019una columna [&hellip;]<\/p>\n","protected":false},"author":1,"featured_media":0,"parent":0,"menu_order":0,"comment_status":"closed","ping_status":"closed","template":"","meta":[],"acf":[],"_links":{"self":[{"href":"http:\/\/disseny.recursos.uoc.edu\/recursos\/tipo\/wp-json\/wp\/v2\/pages\/246"}],"collection":[{"href":"http:\/\/disseny.recursos.uoc.edu\/recursos\/tipo\/wp-json\/wp\/v2\/pages"}],"about":[{"href":"http:\/\/disseny.recursos.uoc.edu\/recursos\/tipo\/wp-json\/wp\/v2\/types\/page"}],"author":[{"embeddable":true,"href":"http:\/\/disseny.recursos.uoc.edu\/recursos\/tipo\/wp-json\/wp\/v2\/users\/1"}],"replies":[{"embeddable":true,"href":"http:\/\/disseny.recursos.uoc.edu\/recursos\/tipo\/wp-json\/wp\/v2\/comments?post=246"}],"version-history":[{"count":15,"href":"http:\/\/disseny.recursos.uoc.edu\/recursos\/tipo\/wp-json\/wp\/v2\/pages\/246\/revisions"}],"predecessor-version":[{"id":916,"href":"http:\/\/disseny.recursos.uoc.edu\/recursos\/tipo\/wp-json\/wp\/v2\/pages\/246\/revisions\/916"}],"wp:attachment":[{"href":"http:\/\/disseny.recursos.uoc.edu\/recursos\/tipo\/wp-json\/wp\/v2\/media?parent=246"}],"curies":[{"name":"wp","href":"https:\/\/api.w.org\/{rel}","templated":true}]}}