{"id":233,"date":"2017-01-26T12:26:48","date_gmt":"2017-01-26T12:26:48","guid":{"rendered":"http:\/\/disseny.recursos.uoc.edu\/recursos\/tipo\/?page_id=233"},"modified":"2021-07-20T06:12:37","modified_gmt":"2021-07-20T06:12:37","slug":"3-textos-5","status":"publish","type":"page","link":"http:\/\/disseny.recursos.uoc.edu\/recursos\/tipo\/3-textos-5\/","title":{"rendered":"3. Textos"},"content":{"rendered":"<p><\/p>\n<h3><strong>3.5. Longitud de l\u00ednia o amplada de columna<\/strong><\/h3>\n<p>Per a decidir l\u2019<strong>amplada de columna<\/strong> correcta \u00e9s essencial considerar el <strong>cos del tipus<\/strong> i l\u2019<strong>interlineat<\/strong>. De nou, caldr\u00e0 arribar a l\u2019equilibri perfecte entre aquests factors per a obtenir textos amb bona llegibilitat.<\/p>\n<p>Els dissenys que integren gran quantitat de text sovint opten per una ret\u00edcula de columnes. Aquesta estructura divideix l\u2019ampl\u00e0ria de la caixa de composici\u00f3 en columnes i, per tant, en l\u00ednies de text m\u00e9s curtes. Aquesta partici\u00f3 de l\u2019espai compositiu facilita la lectura i ajuda a donar cabuda a tot el text en l\u2019espai disponible. En la composici\u00f3 de textos en general una bona regla consisteix a fer que la longitud de l\u00ednia es mantingui <strong>entre els 35 i els 65 espais<a href=\"#\" class=\"pop\" data-html=\"true\" data-toggle=\"popover\" data-content=\"Espais = car\u00e0cters + puntuaci\u00f3 + espais entre paraules\" data-placement=\"top\">[1]<\/a>, mai m\u00e9s de 75<\/strong>.<\/p>\n<div id=\"attachment_177\" style=\"width: 760px\" class=\"wp-caption alignnone\"><img aria-describedby=\"caption-attachment-177\" loading=\"lazy\" class=\"img-responsive wp-image-177 size-full\" src=\"http:\/\/disseny.recursos.uoc.edu\/recursos\/tipo\/wp-content\/uploads\/sites\/18\/2017\/01\/Tipografia_Materiales-M4_Pagina_08_Imagen_0001.png\" alt=\"Figura 90. Mostra d\u2019amplada de columnes\" width=\"750\" height=\"316\" srcset=\"http:\/\/disseny.recursos.uoc.edu\/recursos\/tipo\/wp-content\/uploads\/sites\/18\/2017\/01\/Tipografia_Materiales-M4_Pagina_08_Imagen_0001.png 750w, http:\/\/disseny.recursos.uoc.edu\/recursos\/tipo\/wp-content\/uploads\/sites\/18\/2017\/01\/Tipografia_Materiales-M4_Pagina_08_Imagen_0001-300x126.png 300w\" sizes=\"(max-width: 750px) 100vw, 750px\" \/><p id=\"caption-attachment-177\" class=\"wp-caption-text\">Figura 97. Mostra d\u2019amplada de columnes<\/p><\/div>\n<p>&nbsp;<\/p>\n<p>Es poden fer columnes de menys de 35 espais, especialment si es tracta de peus de foto, titulars, notes al marge o qualsevol text breu en general. Per\u00f2 en aquest cas no conv\u00e9 fer textos justificats, ja que els espais quedaran massa for\u00e7ats.<\/p>\n<p>&nbsp;<\/p>\n<h4><strong>Conclusions<\/strong><\/h4>\n<p>Per a decidir l\u2019amplada de columna correcta \u00e9s essencial considerar el cos del tipus i l\u2019interlineat. Caldr\u00e0 arribar a l\u2019equilibri perfecte entre aquests factors per a obtenir textos amb bona llegibilitat.<\/p>","protected":false},"excerpt":{"rendered":"<p>3.5. Longitud de l\u00ednia o amplada de columna Per a decidir l\u2019amplada de columna correcta \u00e9s essencial considerar el cos del tipus i l\u2019interlineat. De nou, caldr\u00e0 arribar a l\u2019equilibri perfecte entre aquests factors per a obtenir textos amb bona llegibilitat. Els dissenys que integren gran quantitat de text sovint opten per una ret\u00edcula de [&hellip;]<\/p>\n","protected":false},"author":1,"featured_media":0,"parent":0,"menu_order":0,"comment_status":"closed","ping_status":"closed","template":"","meta":[],"acf":[],"_links":{"self":[{"href":"http:\/\/disseny.recursos.uoc.edu\/recursos\/tipo\/wp-json\/wp\/v2\/pages\/233"}],"collection":[{"href":"http:\/\/disseny.recursos.uoc.edu\/recursos\/tipo\/wp-json\/wp\/v2\/pages"}],"about":[{"href":"http:\/\/disseny.recursos.uoc.edu\/recursos\/tipo\/wp-json\/wp\/v2\/types\/page"}],"author":[{"embeddable":true,"href":"http:\/\/disseny.recursos.uoc.edu\/recursos\/tipo\/wp-json\/wp\/v2\/users\/1"}],"replies":[{"embeddable":true,"href":"http:\/\/disseny.recursos.uoc.edu\/recursos\/tipo\/wp-json\/wp\/v2\/comments?post=233"}],"version-history":[{"count":18,"href":"http:\/\/disseny.recursos.uoc.edu\/recursos\/tipo\/wp-json\/wp\/v2\/pages\/233\/revisions"}],"predecessor-version":[{"id":911,"href":"http:\/\/disseny.recursos.uoc.edu\/recursos\/tipo\/wp-json\/wp\/v2\/pages\/233\/revisions\/911"}],"wp:attachment":[{"href":"http:\/\/disseny.recursos.uoc.edu\/recursos\/tipo\/wp-json\/wp\/v2\/media?parent=233"}],"curies":[{"name":"wp","href":"https:\/\/api.w.org\/{rel}","templated":true}]}}