{"id":224,"date":"2017-01-26T12:01:44","date_gmt":"2017-01-26T12:01:44","guid":{"rendered":"http:\/\/disseny.recursos.uoc.edu\/recursos\/tipo\/?page_id=224"},"modified":"2021-07-20T06:09:52","modified_gmt":"2021-07-20T06:09:52","slug":"3-textos-2","status":"publish","type":"page","link":"http:\/\/disseny.recursos.uoc.edu\/recursos\/tipo\/3-textos-2\/","title":{"rendered":"3. Textos"},"content":{"rendered":"<p><\/p>\n<h3><strong>3.2. Alineaci\u00f3<\/strong><\/h3>\n<p>La composici\u00f3 de par\u00e0graf presenta com a par\u00e0metre principal l\u2019anomenada <strong>alineaci\u00f3<\/strong> o <strong>justificaci\u00f3 de par\u00e0graf<\/strong>. Hi ha quatre estructures tipogr\u00e0fiques convencionals b\u00e0siques: alineaci\u00f3 a l\u2019esquerra, alineaci\u00f3 a la dreta, al centre o justificat.<\/p>\n<p>&nbsp;<\/p>\n<h4><strong>Alineaci\u00f3 a l\u2019esquerra<\/strong><\/h4>\n<p>\u00c9s la composici\u00f3 de par\u00e0graf m\u00e9s habitual en els textos de lectura occidental. En la pr\u00e0ctica gr\u00e0fica indiquem que el text es disposa en bandera a la dreta. Cada l\u00ednia comen\u00e7a al mateix punt, per\u00f2 acaba on acaba l\u2019\u00faltima paraula que t\u00e9 cabuda en l\u2019amplada de columna sense partici\u00f3. Els espais entre paraules s\u00f3n uniformes, de manera que no necessiten ajustos de justificaci\u00f3. Tanmateix, \u00e9s recomanable revisar com acaben les l\u00ednies i el dibuix que generen en cada par\u00e0graf; en alguns casos s\u2019han de fer salts for\u00e7ats de l\u00ednia.<\/p>\n<div id=\"attachment_167\" style=\"width: 760px\" class=\"wp-caption alignnone\"><img aria-describedby=\"caption-attachment-167\" loading=\"lazy\" class=\"img-responsive wp-image-167 size-full\" src=\"http:\/\/disseny.recursos.uoc.edu\/recursos\/tipo\/wp-content\/uploads\/sites\/18\/2017\/01\/Tipografia_Materiales-M4_Pagina_03_Imagen_0001.png\" alt=\"Figura 80\" width=\"750\" height=\"115\" srcset=\"http:\/\/disseny.recursos.uoc.edu\/recursos\/tipo\/wp-content\/uploads\/sites\/18\/2017\/01\/Tipografia_Materiales-M4_Pagina_03_Imagen_0001.png 750w, http:\/\/disseny.recursos.uoc.edu\/recursos\/tipo\/wp-content\/uploads\/sites\/18\/2017\/01\/Tipografia_Materiales-M4_Pagina_03_Imagen_0001-300x46.png 300w\" sizes=\"(max-width: 750px) 100vw, 750px\" \/><p id=\"caption-attachment-167\" class=\"wp-caption-text\">Figura 87<\/p><\/div>\n<p>&nbsp;<\/p>\n<h4><strong>Alineaci\u00f3 a la dreta<\/strong><\/h4>\n<p>Presenta un \u00fas m\u00e9s redu\u00eft, ja que dificulta trobar el principi de la l\u00ednia successiva. Aquesta alineaci\u00f3 es reserva per a la composici\u00f3 de textos curts, com ara peus d\u2019imatge, anotacions o textos secundaris.<\/p>\n<div id=\"attachment_168\" style=\"width: 760px\" class=\"wp-caption alignnone\"><img aria-describedby=\"caption-attachment-168\" loading=\"lazy\" class=\"img-responsive wp-image-168 size-full\" src=\"http:\/\/disseny.recursos.uoc.edu\/recursos\/tipo\/wp-content\/uploads\/sites\/18\/2017\/01\/Tipografia_Materiales-M4_Pagina_03_Imagen_0002.png\" alt=\"Figura 81\" width=\"750\" height=\"115\" srcset=\"http:\/\/disseny.recursos.uoc.edu\/recursos\/tipo\/wp-content\/uploads\/sites\/18\/2017\/01\/Tipografia_Materiales-M4_Pagina_03_Imagen_0002.png 750w, http:\/\/disseny.recursos.uoc.edu\/recursos\/tipo\/wp-content\/uploads\/sites\/18\/2017\/01\/Tipografia_Materiales-M4_Pagina_03_Imagen_0002-300x46.png 300w\" sizes=\"(max-width: 750px) 100vw, 750px\" \/><p id=\"caption-attachment-168\" class=\"wp-caption-text\">Figura 88<\/p><\/div>\n<p>&nbsp;<\/p>\n<h4><strong>Text centrat<\/strong><\/h4>\n<p>Composici\u00f3 que imposa simetria en el text assignant el mateix valor als dos extrems de cada l\u00ednia i que dificulta greument la lectura de textos continus. La seva simetria, no obstant aix\u00f2, pot resultar interessant per a alguns usos compositius, com ara titulars, textos de ressalt o f\u00f3rmules gr\u00e0fiques equivalents.<\/p>\n<div id=\"attachment_169\" style=\"width: 760px\" class=\"wp-caption alignnone\"><img aria-describedby=\"caption-attachment-169\" loading=\"lazy\" class=\"img-responsive wp-image-169 size-full\" src=\"http:\/\/disseny.recursos.uoc.edu\/recursos\/tipo\/wp-content\/uploads\/sites\/18\/2017\/01\/Tipografia_Materiales-M4_Pagina_03_Imagen_0003.png\" alt=\"Figura 82\" width=\"750\" height=\"115\" srcset=\"http:\/\/disseny.recursos.uoc.edu\/recursos\/tipo\/wp-content\/uploads\/sites\/18\/2017\/01\/Tipografia_Materiales-M4_Pagina_03_Imagen_0003.png 750w, http:\/\/disseny.recursos.uoc.edu\/recursos\/tipo\/wp-content\/uploads\/sites\/18\/2017\/01\/Tipografia_Materiales-M4_Pagina_03_Imagen_0003-300x46.png 300w\" sizes=\"(max-width: 750px) 100vw, 750px\" \/><p id=\"caption-attachment-169\" class=\"wp-caption-text\">Figura 89<\/p><\/div>\n<p>&nbsp;<\/p>\n<h4><strong>Text justificat<\/strong><\/h4>\n<p><strong>\u00a0<\/strong>El text es troba alineat tant per l\u2019esquerra com per la dreta. Aix\u00ed doncs, es presenta com un bloc regular i trasllada al receptor una sensaci\u00f3 d\u2019ordre funcional i continu\u00eftat interna. Ara b\u00e9, cal tenir present que la justificaci\u00f3, que les aplicacions de maquetaci\u00f3 executen autom\u00e0ticament, es fa augmentant l\u2019interlletratge i, especialment, l\u2019espai entre paraules. El resultat pot generar espais visualment diferents entre l\u00ednies seguides. Aquest efecte \u00e9s especialment contraproduent en columnes estretes, ja que es poden obrir espais excessius entre car\u00e0cters o paraules que fragmentin el text en ser m\u00e9s amples que l\u2019interlineat. En aquests casos, la composici\u00f3 de text pot donar lloc als anomenats <strong>rius de blanc tipogr\u00e0fic<\/strong>. Per a evitar-ho cal ajustar en cada cas l\u2019amplada de columna i els ajustos de justificaci\u00f3 i partici\u00f3.<\/p>\n<div id=\"attachment_170\" style=\"width: 760px\" class=\"wp-caption alignnone\"><img aria-describedby=\"caption-attachment-170\" loading=\"lazy\" class=\"img-responsive wp-image-170 size-full\" src=\"http:\/\/disseny.recursos.uoc.edu\/recursos\/tipo\/wp-content\/uploads\/sites\/18\/2017\/01\/Tipografia_Materiales-M4_Pagina_04_Imagen_0001.png\" alt=\"Figura 83\" width=\"750\" height=\"115\" srcset=\"http:\/\/disseny.recursos.uoc.edu\/recursos\/tipo\/wp-content\/uploads\/sites\/18\/2017\/01\/Tipografia_Materiales-M4_Pagina_04_Imagen_0001.png 750w, http:\/\/disseny.recursos.uoc.edu\/recursos\/tipo\/wp-content\/uploads\/sites\/18\/2017\/01\/Tipografia_Materiales-M4_Pagina_04_Imagen_0001-300x46.png 300w\" sizes=\"(max-width: 750px) 100vw, 750px\" \/><p id=\"caption-attachment-170\" class=\"wp-caption-text\">Figura\u00a090<\/p><\/div>\n<p>&nbsp;<\/p>\n<h4><strong>Conclusions<\/strong><\/h4>\n<p>La composici\u00f3 de par\u00e0graf presenta com a par\u00e0metre principal l\u2019anomenada alineaci\u00f3 o justificaci\u00f3 de par\u00e0graf. Hi ha quatre estructures tipogr\u00e0fiques convencionals b\u00e0siques: alineaci\u00f3 a l\u2019esquerra, alineaci\u00f3 a la dreta, al centre o justificat.<\/p>\n<p>&nbsp;<\/p>","protected":false},"excerpt":{"rendered":"<p>3.2. Alineaci\u00f3 La composici\u00f3 de par\u00e0graf presenta com a par\u00e0metre principal l\u2019anomenada alineaci\u00f3 o justificaci\u00f3 de par\u00e0graf. Hi ha quatre estructures tipogr\u00e0fiques convencionals b\u00e0siques: alineaci\u00f3 a l\u2019esquerra, alineaci\u00f3 a la dreta, al centre o justificat. &nbsp; Alineaci\u00f3 a l\u2019esquerra \u00c9s la composici\u00f3 de par\u00e0graf m\u00e9s habitual en els textos de lectura occidental. En la pr\u00e0ctica [&hellip;]<\/p>\n","protected":false},"author":1,"featured_media":0,"parent":0,"menu_order":0,"comment_status":"closed","ping_status":"closed","template":"","meta":[],"acf":[],"_links":{"self":[{"href":"http:\/\/disseny.recursos.uoc.edu\/recursos\/tipo\/wp-json\/wp\/v2\/pages\/224"}],"collection":[{"href":"http:\/\/disseny.recursos.uoc.edu\/recursos\/tipo\/wp-json\/wp\/v2\/pages"}],"about":[{"href":"http:\/\/disseny.recursos.uoc.edu\/recursos\/tipo\/wp-json\/wp\/v2\/types\/page"}],"author":[{"embeddable":true,"href":"http:\/\/disseny.recursos.uoc.edu\/recursos\/tipo\/wp-json\/wp\/v2\/users\/1"}],"replies":[{"embeddable":true,"href":"http:\/\/disseny.recursos.uoc.edu\/recursos\/tipo\/wp-json\/wp\/v2\/comments?post=224"}],"version-history":[{"count":11,"href":"http:\/\/disseny.recursos.uoc.edu\/recursos\/tipo\/wp-json\/wp\/v2\/pages\/224\/revisions"}],"predecessor-version":[{"id":908,"href":"http:\/\/disseny.recursos.uoc.edu\/recursos\/tipo\/wp-json\/wp\/v2\/pages\/224\/revisions\/908"}],"wp:attachment":[{"href":"http:\/\/disseny.recursos.uoc.edu\/recursos\/tipo\/wp-json\/wp\/v2\/media?parent=224"}],"curies":[{"name":"wp","href":"https:\/\/api.w.org\/{rel}","templated":true}]}}