{"id":221,"date":"2017-01-26T11:54:21","date_gmt":"2017-01-26T11:54:21","guid":{"rendered":"http:\/\/disseny.recursos.uoc.edu\/recursos\/tipo\/?page_id=221"},"modified":"2021-07-20T06:09:01","modified_gmt":"2021-07-20T06:09:01","slug":"3-textos-1","status":"publish","type":"page","link":"http:\/\/disseny.recursos.uoc.edu\/recursos\/tipo\/3-textos-1\/","title":{"rendered":"3. Textos"},"content":{"rendered":"<p><\/p>\n<h3><strong>3.1. Composici\u00f3 de car\u00e0cter i composici\u00f3 de par\u00e0graf<\/strong><\/h3>\n<p>L\u2019assignatura de Tipografia es divideix en quatre m\u00f2duls: lletres, paraules, frases i textos. La lletra \u00e9s la unitat m\u00ednima de qualsevol contingut textual. A partir de la combinaci\u00f3 de lletres generem paraules, la successi\u00f3 de les quals donar\u00e0 lloc a frases. Si la frase s\u2019est\u00e9n m\u00e9s enll\u00e0 d\u2019una l\u00ednia, generar\u00e0 una ordenaci\u00f3 consecutiva d\u2019aquestes, fins que l\u2019\u00faltima l\u00ednia es trobi amb un punt i a part. Aquest signe marcar\u00e0 el final del conjunt de frases, que anomenem par\u00e0graf. Un text pot estar format per un par\u00e0graf o m\u00e9s que guarden relaci\u00f3 entre si. Cada par\u00e0graf expressa, normalment, una idea. Els textos expressen missatges complets de manera clara i ordenada.<\/p>\n<p>Les aplicacions de maquetaci\u00f3 solen diferenciar la composici\u00f3 de textos en dos apartats: la <strong>composici\u00f3 del car\u00e0cter<\/strong> i la <strong>composici\u00f3 del par\u00e0graf<\/strong>. El primer agrupa par\u00e0metres com la font, la s\u00e8rie, el cos, l\u2019interlineat, el <em>tracking<\/em>, el <em>kerning<\/em>, etc. La composici\u00f3 de par\u00e0graf, per la seva banda, permet editar par\u00e0metres com, per exemple, l\u2019alineaci\u00f3 de par\u00e0graf, la sagnia, l\u2019assignaci\u00f3 d\u2019espais entre par\u00e0grafs i altres factors.<\/p>\n<div id=\"attachment_166\" style=\"width: 760px\" class=\"wp-caption alignnone\"><img aria-describedby=\"caption-attachment-166\" loading=\"lazy\" class=\"img-responsive wp-image-166 size-full\" src=\"http:\/\/disseny.recursos.uoc.edu\/recursos\/tipo\/wp-content\/uploads\/sites\/18\/2017\/01\/Tipografia_Materiales-M4_Pagina_02_Imagen_0001.png\" alt=\"Figura 79. Panells de car\u00e0cter i par\u00e0graf d\u2019InDesign (Adobe)\" width=\"750\" height=\"308\" srcset=\"http:\/\/disseny.recursos.uoc.edu\/recursos\/tipo\/wp-content\/uploads\/sites\/18\/2017\/01\/Tipografia_Materiales-M4_Pagina_02_Imagen_0001.png 750w, http:\/\/disseny.recursos.uoc.edu\/recursos\/tipo\/wp-content\/uploads\/sites\/18\/2017\/01\/Tipografia_Materiales-M4_Pagina_02_Imagen_0001-300x123.png 300w\" sizes=\"(max-width: 750px) 100vw, 750px\" \/><p id=\"caption-attachment-166\" class=\"wp-caption-text\">Figura 86. Panells de car\u00e0cter i par\u00e0graf d\u2019InDesign (Adobe)<\/p><\/div>\n<p>&nbsp;<\/p>\n<p>Per a maquetacions m\u00e9s complexes s\u00f3n \u00fatils els panells d\u2019estils de car\u00e0cter i par\u00e0graf. El panell d\u2019estils de car\u00e0cter permet crear, anomenar i aplicar estils de car\u00e0cter al text dins d\u2019un par\u00e0graf, mentre que el de par\u00e0graf, a par\u00e0grafs complets. Els estils es desen en un document i es mostren en el panell cada vegada que s\u2019obre el document. Permeten aplicar un conjunt d\u2019atributs de format a un text en un sol pas. De vegades, els estils de par\u00e0graf i de car\u00e0cter s\u2019anomenen estils de text. En canviar el format d\u2019un estil, s\u2019actualitza tot el text al qual s\u2019hagi aplicat amb el nou format.<\/p>\n<p>&nbsp;<\/p>\n<h4><strong>Conclusions<\/strong><\/h4>\n<p>Els textos expressen de manera clara i ordenada missatges complets. Les aplicacions de maquetaci\u00f3 solen diferenciar la composici\u00f3 de textos en dos apartats: la composici\u00f3 del car\u00e0cter i la composici\u00f3 del par\u00e0graf.<\/p>","protected":false},"excerpt":{"rendered":"<p>3.1. Composici\u00f3 de car\u00e0cter i composici\u00f3 de par\u00e0graf L\u2019assignatura de Tipografia es divideix en quatre m\u00f2duls: lletres, paraules, frases i textos. La lletra \u00e9s la unitat m\u00ednima de qualsevol contingut textual. A partir de la combinaci\u00f3 de lletres generem paraules, la successi\u00f3 de les quals donar\u00e0 lloc a frases. Si la frase s\u2019est\u00e9n m\u00e9s enll\u00e0 [&hellip;]<\/p>\n","protected":false},"author":1,"featured_media":0,"parent":0,"menu_order":0,"comment_status":"closed","ping_status":"closed","template":"","meta":[],"acf":[],"_links":{"self":[{"href":"http:\/\/disseny.recursos.uoc.edu\/recursos\/tipo\/wp-json\/wp\/v2\/pages\/221"}],"collection":[{"href":"http:\/\/disseny.recursos.uoc.edu\/recursos\/tipo\/wp-json\/wp\/v2\/pages"}],"about":[{"href":"http:\/\/disseny.recursos.uoc.edu\/recursos\/tipo\/wp-json\/wp\/v2\/types\/page"}],"author":[{"embeddable":true,"href":"http:\/\/disseny.recursos.uoc.edu\/recursos\/tipo\/wp-json\/wp\/v2\/users\/1"}],"replies":[{"embeddable":true,"href":"http:\/\/disseny.recursos.uoc.edu\/recursos\/tipo\/wp-json\/wp\/v2\/comments?post=221"}],"version-history":[{"count":12,"href":"http:\/\/disseny.recursos.uoc.edu\/recursos\/tipo\/wp-json\/wp\/v2\/pages\/221\/revisions"}],"predecessor-version":[{"id":907,"href":"http:\/\/disseny.recursos.uoc.edu\/recursos\/tipo\/wp-json\/wp\/v2\/pages\/221\/revisions\/907"}],"wp:attachment":[{"href":"http:\/\/disseny.recursos.uoc.edu\/recursos\/tipo\/wp-json\/wp\/v2\/media?parent=221"}],"curies":[{"name":"wp","href":"https:\/\/api.w.org\/{rel}","templated":true}]}}