{"id":2,"date":"2017-01-24T10:10:28","date_gmt":"2017-01-24T10:10:28","guid":{"rendered":"http:\/\/disseny.recursos.uoc.edu\/recursos\/tipo\/?page_id=2"},"modified":"2017-02-22T15:14:02","modified_gmt":"2017-02-22T15:14:02","slug":"1-lletres-1","status":"publish","type":"page","link":"http:\/\/disseny.recursos.uoc.edu\/recursos\/tipo\/1-lletres-1\/","title":{"rendered":"1. Lletres"},"content":{"rendered":"<p><\/p>\n<h3><strong>1.1. Qu\u00e8 \u00e9s la tipografia<\/strong><\/h3>\n<p>El terme <em>tipografia<\/em>, que origin\u00e0riament feia refer\u00e8ncia a l\u2019art d\u2019imprimir llibres, prov\u00e9 dels mots grecs <em>typos<\/em> (\u2018colp\u2019, \u2018segell\u2019, \u2018empremta\u2019) i <em>grapho<\/em> (\u2018escriure\u2019). La tipografia s\u2019ent\u00e9n avui dia com la disciplina que t\u00e9 com a objectiu fer l\u2019aparen\u00e7a d\u2019un text tan atractiva i funcional com sigui possible per tal de captar l\u2019atenci\u00f3 del lector i convertir la seva lectura en una experi\u00e8ncia efica\u00e7 i plaent.<\/p>\n<p>En paraules de Stanley Morison (1929), la tipografia \u00e9s:<\/p>\n<div class=\"cita\">\n<p>\u00abl\u2019art de disposar correctament el material d\u2019imprimir amb el prop\u00f2sit de prestar al lector la m\u00e0xima ajuda per a la comprensi\u00f3 del text\u00bb (Stanley Morison, 1929).<\/p>\n<\/div>\n<p>Per la seva part, el dissenyador i tip\u00f2graf Otl Aicher explica que:<\/p>\n<div class=\"cita\">\n<p>\u00abla tipografia tracta de trobar la grand\u00e0ria i la quantitat correcta de car\u00e0cters per a agradar un ull exigent i satisfer-lo. [\u2026] No \u00e9s m\u00e9s que l\u2019art de descobrir les prefer\u00e8ncies visuals del lector i oferir-li la informaci\u00f3 de manera tan temptadora que no pugui evitar la seva lectura\u00bb (Otl Aicher, 1989).<\/p>\n<\/div>\n<p>Una definici\u00f3 de tipografia m\u00e9s actualitzada \u00e9s la que fa Daniel Rodr\u00edguez-Valero tot ampliant la de Gerrit Noordzij:<\/p>\n<div class=\"cita\">\n<p>\u00abtipografia \u00e9s escriptura amb lletres prefabricades que han estat emmagatzemades i disposades f\u00edsicament o inform\u00e0ticament\u00bb (Daniel Rodr\u00edguez-Valero, 2016).<\/p>\n<\/div>\n<p>Amb aix\u00f2 pret\u00e9n diferenciar la tipografia (escriptura en diferit) de la cal\u00b7ligrafia i la retolaci\u00f3 (escriptura en directe o quirografia).<\/p>\n<p>&nbsp;<\/p>\n<h4><strong>Conclusions<\/strong><\/h4>\n<p>La tipografia s\u2019ent\u00e9n avui dia com la disciplina que t\u00e9 com a objectiu fer l\u2019aparen\u00e7a d\u2019un text tan atractiva i funcional com sigui possible per tal de captar l\u2019atenci\u00f3 del lector i convertir la seva lectura en una experi\u00e8ncia efica\u00e7 i plaent.<\/p>","protected":false},"excerpt":{"rendered":"<p>1.1. Qu\u00e8 \u00e9s la tipografia El terme tipografia, que origin\u00e0riament feia refer\u00e8ncia a l\u2019art d\u2019imprimir llibres, prov\u00e9 dels mots grecs typos (\u2018colp\u2019, \u2018segell\u2019, \u2018empremta\u2019) i grapho (\u2018escriure\u2019). La tipografia s\u2019ent\u00e9n avui dia com la disciplina que t\u00e9 com a objectiu fer l\u2019aparen\u00e7a d\u2019un text tan atractiva i funcional com sigui possible per tal de captar [&hellip;]<\/p>\n","protected":false},"author":1,"featured_media":0,"parent":0,"menu_order":0,"comment_status":"closed","ping_status":"closed","template":"","meta":[],"acf":[],"_links":{"self":[{"href":"http:\/\/disseny.recursos.uoc.edu\/recursos\/tipo\/wp-json\/wp\/v2\/pages\/2"}],"collection":[{"href":"http:\/\/disseny.recursos.uoc.edu\/recursos\/tipo\/wp-json\/wp\/v2\/pages"}],"about":[{"href":"http:\/\/disseny.recursos.uoc.edu\/recursos\/tipo\/wp-json\/wp\/v2\/types\/page"}],"author":[{"embeddable":true,"href":"http:\/\/disseny.recursos.uoc.edu\/recursos\/tipo\/wp-json\/wp\/v2\/users\/1"}],"replies":[{"embeddable":true,"href":"http:\/\/disseny.recursos.uoc.edu\/recursos\/tipo\/wp-json\/wp\/v2\/comments?post=2"}],"version-history":[{"count":12,"href":"http:\/\/disseny.recursos.uoc.edu\/recursos\/tipo\/wp-json\/wp\/v2\/pages\/2\/revisions"}],"predecessor-version":[{"id":517,"href":"http:\/\/disseny.recursos.uoc.edu\/recursos\/tipo\/wp-json\/wp\/v2\/pages\/2\/revisions\/517"}],"wp:attachment":[{"href":"http:\/\/disseny.recursos.uoc.edu\/recursos\/tipo\/wp-json\/wp\/v2\/media?parent=2"}],"curies":[{"name":"wp","href":"https:\/\/api.w.org\/{rel}","templated":true}]}}