{"id":146,"date":"2017-01-26T10:24:32","date_gmt":"2017-01-26T10:24:32","guid":{"rendered":"http:\/\/disseny.recursos.uoc.edu\/recursos\/tipo\/?page_id=146"},"modified":"2021-07-19T13:53:23","modified_gmt":"2021-07-19T13:53:23","slug":"2-frases-3","status":"publish","type":"page","link":"http:\/\/disseny.recursos.uoc.edu\/recursos\/tipo\/2-frases-3\/","title":{"rendered":"2. Paraules"},"content":{"rendered":"<p><\/p>\n<h3><strong>2.3. Jerarquia tipogr\u00e0fica<\/strong><\/h3>\n<p>L\u2019ordre dels elements \u00e9s una tasca fonamental per al dissenyador. Permet una comunicaci\u00f3 m\u00e9s \u00e0gil i clara. La jerarquia visual ordena els continguts, donant m\u00e9s o menys import\u00e0ncia a cada element. Es pot transmetre mitjan\u00e7ant variacions espacials (sagnat, interlineat, ubicaci\u00f3) i gr\u00e0fiques (escala, estil, color). Cada element tindr\u00e0 un nivell de jerarquia en funci\u00f3 del recurs (o recursos) que s\u2019apliqui. \u00c9s essencial mantenir el mateix criteri en cada material per a evitar confondre el lector (per exemple, tots els subt\u00edtols del mateix nivell amb la mateixa s\u00e8rie).<\/p>\n<p>Hi ha una infinitat de possibilitats, per\u00f2 s\u2019ha d\u2019evitar caure en la redund\u00e0ncia. Es recomana utilitzar els m\u00ednims recursos per a cada nivell i mai m\u00e9s de tres. Si se n\u2019utilitzen massa, es perd la for\u00e7a de cadascun dels recursos aplicats.<\/p>\n<div id=\"attachment_148\" style=\"width: 760px\" class=\"wp-caption alignnone\"><img aria-describedby=\"caption-attachment-148\" loading=\"lazy\" class=\"img-responsive wp-image-148 size-full\" src=\"http:\/\/disseny.recursos.uoc.edu\/recursos\/tipo\/wp-content\/uploads\/sites\/18\/2017\/01\/Tipografia_Materiales-M3_Pagina_02_Imagen_0001.png\" alt=\"Figura 47\" width=\"750\" height=\"17\" srcset=\"http:\/\/disseny.recursos.uoc.edu\/recursos\/tipo\/wp-content\/uploads\/sites\/18\/2017\/01\/Tipografia_Materiales-M3_Pagina_02_Imagen_0001.png 750w, http:\/\/disseny.recursos.uoc.edu\/recursos\/tipo\/wp-content\/uploads\/sites\/18\/2017\/01\/Tipografia_Materiales-M3_Pagina_02_Imagen_0001-300x7.png 300w\" sizes=\"(max-width: 750px) 100vw, 750px\" \/><p id=\"caption-attachment-148\" class=\"wp-caption-text\">Figura\u00a052<\/p><\/div>\n<p>Una fam\u00edlia tipogr\u00e0fica completa ofereix molts recursos, per\u00f2 \u00e9s important no excedir-se en la utilitzaci\u00f3 de massa s\u00e8ries. Amb una fam\u00edlia amb molts pesos es poden aconseguir nivells de contrast diferents. Un contrast baix \u00e9s poc efica\u00e7 i conf\u00fas, mentre que un contrast alt s\u2019ha d\u2019utilitzar amb moderaci\u00f3.<\/p>\n<div id=\"attachment_149\" style=\"width: 760px\" class=\"wp-caption alignnone\"><img aria-describedby=\"caption-attachment-149\" loading=\"lazy\" class=\"img-responsive wp-image-149 size-full\" src=\"http:\/\/disseny.recursos.uoc.edu\/recursos\/tipo\/wp-content\/uploads\/sites\/18\/2017\/01\/Tipografia_Materiales-M3_Pagina_02_Imagen_0002.png\" alt=\"Figura 48\" width=\"750\" height=\"34\" srcset=\"http:\/\/disseny.recursos.uoc.edu\/recursos\/tipo\/wp-content\/uploads\/sites\/18\/2017\/01\/Tipografia_Materiales-M3_Pagina_02_Imagen_0002.png 750w, http:\/\/disseny.recursos.uoc.edu\/recursos\/tipo\/wp-content\/uploads\/sites\/18\/2017\/01\/Tipografia_Materiales-M3_Pagina_02_Imagen_0002-300x14.png 300w\" sizes=\"(max-width: 750px) 100vw, 750px\" \/><p id=\"caption-attachment-149\" class=\"wp-caption-text\">Figura\u00a053<\/p><\/div>\n<p>L\u2019\u00fas de fam\u00edlies diferents tamb\u00e9 pot ajudar a jerarquitzar, per\u00f2 \u00e9s essencial que la tria ofereixi una bona combinaci\u00f3 i no fer servir m\u00e9s de dues o tres fam\u00edlies en un mateix material. Igual que amb la combinaci\u00f3 de s\u00e8ries, cal que hi hagi un cert contrast per a fer evident la jerarquia. Per a aix\u00f2 \u00e9s recomanable evitar combinacions de fam\u00edlies del mateix estil o similar; per exemple, Times amb Georgia o Futura amb Avenir.<\/p>\n<div id=\"attachment_150\" style=\"width: 760px\" class=\"wp-caption alignnone\"><img aria-describedby=\"caption-attachment-150\" loading=\"lazy\" class=\"img-responsive wp-image-150 size-full\" src=\"http:\/\/disseny.recursos.uoc.edu\/recursos\/tipo\/wp-content\/uploads\/sites\/18\/2017\/01\/Tipografia_Materiales-M3_Pagina_02_Imagen_0003.png\" alt=\"Figura 49\" width=\"750\" height=\"122\" srcset=\"http:\/\/disseny.recursos.uoc.edu\/recursos\/tipo\/wp-content\/uploads\/sites\/18\/2017\/01\/Tipografia_Materiales-M3_Pagina_02_Imagen_0003.png 750w, http:\/\/disseny.recursos.uoc.edu\/recursos\/tipo\/wp-content\/uploads\/sites\/18\/2017\/01\/Tipografia_Materiales-M3_Pagina_02_Imagen_0003-300x49.png 300w\" sizes=\"(max-width: 750px) 100vw, 750px\" \/><p id=\"caption-attachment-150\" class=\"wp-caption-text\">Figura\u00a054<\/p><\/div>\n<p>Per a ressaltar una paraula o frase en un text continu n\u2019hi ha prou amb un senyal. En general s\u2019utilitza la s\u00e8rie it\u00e0lica, encara que es poden fer servir molts altres recursos (canvi de pes, caixa alta, canvi de color, etc.).<\/p>\n<div id=\"attachment_151\" style=\"width: 760px\" class=\"wp-caption alignnone\"><img aria-describedby=\"caption-attachment-151\" loading=\"lazy\" class=\"img-responsive wp-image-151 size-full\" src=\"http:\/\/disseny.recursos.uoc.edu\/recursos\/tipo\/wp-content\/uploads\/sites\/18\/2017\/01\/Tipografia_Materiales-M3_Pagina_02_Imagen_0004.png\" alt=\"Figura 50\" width=\"750\" height=\"135\" srcset=\"http:\/\/disseny.recursos.uoc.edu\/recursos\/tipo\/wp-content\/uploads\/sites\/18\/2017\/01\/Tipografia_Materiales-M3_Pagina_02_Imagen_0004.png 750w, http:\/\/disseny.recursos.uoc.edu\/recursos\/tipo\/wp-content\/uploads\/sites\/18\/2017\/01\/Tipografia_Materiales-M3_Pagina_02_Imagen_0004-300x54.png 300w\" sizes=\"(max-width: 750px) 100vw, 750px\" \/><p id=\"caption-attachment-151\" class=\"wp-caption-text\">Figura 55<\/p><\/div>\n<p>Es pot organitzar la mateixa informaci\u00f3 amb nombroses variacions simples utilitzant nom\u00e9s una fam\u00edlia tipogr\u00e0fica. \u00c9s fonamental comprendre la import\u00e0ncia de cada element per a poder fer una jerarquia adequada. Es tracta de destacar la informaci\u00f3 priorit\u00e0ria que permeti comprendre al m\u00e9s r\u00e0pidament possible el missatge que es pret\u00e9n comunicar.<\/p>\n<div id=\"attachment_152\" style=\"width: 760px\" class=\"wp-caption alignnone\"><img aria-describedby=\"caption-attachment-152\" loading=\"lazy\" class=\"img-responsive wp-image-152 size-full\" src=\"http:\/\/disseny.recursos.uoc.edu\/recursos\/tipo\/wp-content\/uploads\/sites\/18\/2017\/01\/Tipografia_Materiales-M3_Pagina_03_Imagen_0001.png\" alt=\"Figura 15\" width=\"750\" height=\"818\" srcset=\"http:\/\/disseny.recursos.uoc.edu\/recursos\/tipo\/wp-content\/uploads\/sites\/18\/2017\/01\/Tipografia_Materiales-M3_Pagina_03_Imagen_0001.png 750w, http:\/\/disseny.recursos.uoc.edu\/recursos\/tipo\/wp-content\/uploads\/sites\/18\/2017\/01\/Tipografia_Materiales-M3_Pagina_03_Imagen_0001-275x300.png 275w\" sizes=\"(max-width: 750px) 100vw, 750px\" \/><p id=\"caption-attachment-152\" class=\"wp-caption-text\">Figura 56<\/p><\/div>\n<p>Un dels elements m\u00e9s importants d\u2019un llibre \u00e9s l\u2019\u00edndex de continguts. La seva funci\u00f3 b\u00e0sica \u00e9s ajudar els lectors a trobar informaci\u00f3 rellevant i proporcionar un esquema visual de com s\u2019organitza el llibre. \u00c9s important que el seu disseny sigui funcional, per\u00f2 tamb\u00e9 ha de ser visualment atractiu, ja que \u00e9s una de les p\u00e0gines que els possibles compradors solen mirar. De vegades tamb\u00e9 cal diferenciar els continguts en diversos idiomes. En l\u2019exemple seg\u00fcent es pot veure un \u00edndex en angl\u00e8s (p\u00e0gina esquerra) i en castell\u00e0 (p\u00e0gina dreta).<\/p>\n<div id=\"attachment_153\" style=\"width: 760px\" class=\"wp-caption alignnone\"><img aria-describedby=\"caption-attachment-153\" loading=\"lazy\" class=\"img-responsive wp-image-153 size-full\" src=\"http:\/\/disseny.recursos.uoc.edu\/recursos\/tipo\/wp-content\/uploads\/sites\/18\/2017\/01\/Tipografia_Materiales-M3_Pagina_04_Imagen_0001.png\" alt=\"Figura 52. Cat\u00e0leg \u00abLienzo Norte\u00bb\" width=\"750\" height=\"530\" srcset=\"http:\/\/disseny.recursos.uoc.edu\/recursos\/tipo\/wp-content\/uploads\/sites\/18\/2017\/01\/Tipografia_Materiales-M3_Pagina_04_Imagen_0001.png 750w, http:\/\/disseny.recursos.uoc.edu\/recursos\/tipo\/wp-content\/uploads\/sites\/18\/2017\/01\/Tipografia_Materiales-M3_Pagina_04_Imagen_0001-300x212.png 300w\" sizes=\"(max-width: 750px) 100vw, 750px\" \/><p id=\"caption-attachment-153\" class=\"wp-caption-text\">Figura 57. Cat\u00e0leg \u00abLienzo Norte\u00bb<\/p><\/div>\n<h6>Font: <a href=\"http:\/\/inesbullich.com\/portfolio\/lienzo-norte\/\" target=\"_blank\" rel=\"noopener noreferrer\">http:\/\/inesbullich.com\/portfolio\/lienzo-norte<\/a><\/h6>\n<p>&nbsp;<\/p>\n<h4><strong>Conclusions<\/strong><\/h4>\n<p>L\u2019ordre dels elements permet una comunicaci\u00f3 m\u00e9s \u00e0gil i clara. La jerarquia visual ordena els continguts, donant m\u00e9s o menys import\u00e0ncia a cada element.<\/p>\n<p>Cada element tindr\u00e0 un nivell de jerarquia en funci\u00f3 del recurs (o recursos) que s\u2019apliqui. Es recomana utilitzar els m\u00ednims recursos per a cada nivell i mai m\u00e9s de tres.<\/p>\n<p>Es pot organitzar la mateixa informaci\u00f3 amb nombroses variacions simples utilitzant nom\u00e9s una fam\u00edlia tipogr\u00e0fica. \u00c9s fonamental comprendre la import\u00e0ncia de cada element per a poder fer una jerarquia adequada. Es tracta de destacar la informaci\u00f3 priorit\u00e0ria que permeti comprendre al m\u00e9s r\u00e0pidament possible el missatge que es pret\u00e9n comunicar.<\/p>\n<p>Un dels elements m\u00e9s importants d\u2019un llibre \u00e9s l\u2019\u00edndex de continguts. La seva funci\u00f3 b\u00e0sica \u00e9s ajudar els lectors a trobar informaci\u00f3 rellevant i proporcionar un esquema visual de com s\u2019organitza el llibre.<\/p>","protected":false},"excerpt":{"rendered":"<p>2.3. Jerarquia tipogr\u00e0fica L\u2019ordre dels elements \u00e9s una tasca fonamental per al dissenyador. Permet una comunicaci\u00f3 m\u00e9s \u00e0gil i clara. La jerarquia visual ordena els continguts, donant m\u00e9s o menys import\u00e0ncia a cada element. Es pot transmetre mitjan\u00e7ant variacions espacials (sagnat, interlineat, ubicaci\u00f3) i gr\u00e0fiques (escala, estil, color). Cada element tindr\u00e0 un nivell de jerarquia [&hellip;]<\/p>\n","protected":false},"author":1,"featured_media":0,"parent":0,"menu_order":0,"comment_status":"closed","ping_status":"closed","template":"","meta":[],"acf":[],"_links":{"self":[{"href":"http:\/\/disseny.recursos.uoc.edu\/recursos\/tipo\/wp-json\/wp\/v2\/pages\/146"}],"collection":[{"href":"http:\/\/disseny.recursos.uoc.edu\/recursos\/tipo\/wp-json\/wp\/v2\/pages"}],"about":[{"href":"http:\/\/disseny.recursos.uoc.edu\/recursos\/tipo\/wp-json\/wp\/v2\/types\/page"}],"author":[{"embeddable":true,"href":"http:\/\/disseny.recursos.uoc.edu\/recursos\/tipo\/wp-json\/wp\/v2\/users\/1"}],"replies":[{"embeddable":true,"href":"http:\/\/disseny.recursos.uoc.edu\/recursos\/tipo\/wp-json\/wp\/v2\/comments?post=146"}],"version-history":[{"count":14,"href":"http:\/\/disseny.recursos.uoc.edu\/recursos\/tipo\/wp-json\/wp\/v2\/pages\/146\/revisions"}],"predecessor-version":[{"id":904,"href":"http:\/\/disseny.recursos.uoc.edu\/recursos\/tipo\/wp-json\/wp\/v2\/pages\/146\/revisions\/904"}],"wp:attachment":[{"href":"http:\/\/disseny.recursos.uoc.edu\/recursos\/tipo\/wp-json\/wp\/v2\/media?parent=146"}],"curies":[{"name":"wp","href":"https:\/\/api.w.org\/{rel}","templated":true}]}}