{"id":131,"date":"2017-01-26T09:02:01","date_gmt":"2017-01-26T09:02:01","guid":{"rendered":"http:\/\/disseny.recursos.uoc.edu\/recursos\/tipo\/?page_id=131"},"modified":"2021-07-19T12:00:50","modified_gmt":"2021-07-19T12:00:50","slug":"1-lletres-16","status":"publish","type":"page","link":"http:\/\/disseny.recursos.uoc.edu\/recursos\/tipo\/1-lletres-16\/","title":{"rendered":"1. Lletres"},"content":{"rendered":"<p><\/p>\n<h3><strong>1.7. Classificaci\u00f3 tipogr\u00e0fica<\/strong><\/h3>\n<h4><strong>1.7.4. Noves romanes de lectura\u00a0<\/strong>(ja hi ha exemples en el text)<\/h4>\n<p>Una tipologia de lletra que \u00e9s interessant destacar i con\u00e8ixer per\u00f2 que habitualment no ha estat recollida en les classificacions de la bibliografia tipogr\u00e0fica can\u00f2nica \u00e9s la de les noves romanes de lectura, tamb\u00e9 anomenades <em>escoceses<\/em>. S\u00f3n lletres amb serif de contraformes obertes, ascendents i descendents curts i ull mitj\u00e0 ampli. S\u00f3n considerades les tipografies ideals per a l\u2019edici\u00f3 de textos en sistemes de reproducci\u00f3 de baixa qualitat, principalment diaris i revistes. Pertanyen a aquesta categoria lletres com Georgia, Miller, Chronicle, Century, Bookman, etc.<\/p>\n<div id=\"attachment_799\" style=\"width: 460px\" class=\"wp-caption alignleft\"><img aria-describedby=\"caption-attachment-799\" loading=\"lazy\" class=\"img-responsive wp-image-799\" src=\"http:\/\/disseny.recursos.uoc.edu\/recursos\/tipo\/wp-content\/uploads\/sites\/18\/2021\/07\/1.7.4.13-bergona.jpg\" alt=\"\" width=\"450\" height=\"131\" srcset=\"http:\/\/disseny.recursos.uoc.edu\/recursos\/tipo\/wp-content\/uploads\/sites\/18\/2021\/07\/1.7.4.13-bergona.jpg 840w, http:\/\/disseny.recursos.uoc.edu\/recursos\/tipo\/wp-content\/uploads\/sites\/18\/2021\/07\/1.7.4.13-bergona-300x88.jpg 300w, http:\/\/disseny.recursos.uoc.edu\/recursos\/tipo\/wp-content\/uploads\/sites\/18\/2021\/07\/1.7.4.13-bergona-768x224.jpg 768w\" sizes=\"(max-width: 450px) 100vw, 450px\" \/><p id=\"caption-attachment-799\" class=\"wp-caption-text\">Figura 44. Tipografia Georgia (1996), dissenyada per Matthew Carter per a Microsoft<\/p><\/div>\n<h4><strong>Conclusions<\/strong><\/h4>\n<p>Les noves romanes de lectura s\u00f3n lletres amb serif de contraformes obertes, ascendents i descendents curts i ull mitj\u00e0 ampli.<\/p>\n<p>&nbsp;<\/p>","protected":false},"excerpt":{"rendered":"<p>1.7. Classificaci\u00f3 tipogr\u00e0fica 1.7.4. Noves romanes de lectura\u00a0(ja hi ha exemples en el text) Una tipologia de lletra que \u00e9s interessant destacar i con\u00e8ixer per\u00f2 que habitualment no ha estat recollida en les classificacions de la bibliografia tipogr\u00e0fica can\u00f2nica \u00e9s la de les noves romanes de lectura, tamb\u00e9 anomenades escoceses. S\u00f3n lletres amb serif de [&hellip;]<\/p>\n","protected":false},"author":1,"featured_media":0,"parent":0,"menu_order":0,"comment_status":"closed","ping_status":"closed","template":"","meta":[],"acf":[],"_links":{"self":[{"href":"http:\/\/disseny.recursos.uoc.edu\/recursos\/tipo\/wp-json\/wp\/v2\/pages\/131"}],"collection":[{"href":"http:\/\/disseny.recursos.uoc.edu\/recursos\/tipo\/wp-json\/wp\/v2\/pages"}],"about":[{"href":"http:\/\/disseny.recursos.uoc.edu\/recursos\/tipo\/wp-json\/wp\/v2\/types\/page"}],"author":[{"embeddable":true,"href":"http:\/\/disseny.recursos.uoc.edu\/recursos\/tipo\/wp-json\/wp\/v2\/users\/1"}],"replies":[{"embeddable":true,"href":"http:\/\/disseny.recursos.uoc.edu\/recursos\/tipo\/wp-json\/wp\/v2\/comments?post=131"}],"version-history":[{"count":11,"href":"http:\/\/disseny.recursos.uoc.edu\/recursos\/tipo\/wp-json\/wp\/v2\/pages\/131\/revisions"}],"predecessor-version":[{"id":893,"href":"http:\/\/disseny.recursos.uoc.edu\/recursos\/tipo\/wp-json\/wp\/v2\/pages\/131\/revisions\/893"}],"wp:attachment":[{"href":"http:\/\/disseny.recursos.uoc.edu\/recursos\/tipo\/wp-json\/wp\/v2\/media?parent=131"}],"curies":[{"name":"wp","href":"https:\/\/api.w.org\/{rel}","templated":true}]}}