{"id":121,"date":"2017-01-25T16:06:25","date_gmt":"2017-01-25T16:06:25","guid":{"rendered":"http:\/\/disseny.recursos.uoc.edu\/recursos\/tipo\/?page_id=121"},"modified":"2021-07-19T11:37:25","modified_gmt":"2021-07-19T11:37:25","slug":"1-lletres-13","status":"publish","type":"page","link":"http:\/\/disseny.recursos.uoc.edu\/recursos\/tipo\/1-lletres-13\/","title":{"rendered":"1. Lletres"},"content":{"rendered":"<p><\/p>\n<h3><strong>1.7. Classificaci\u00f3 tipogr\u00e0fica<\/strong><\/h3>\n<p>S\u2019han dut a terme diferents intents d\u2019organitzar l\u2019enorme varietat de tipus en categories tancades, i encara que han sorgit diversos models de classificaci\u00f3 interessants, cap no ha proporcionat una visi\u00f3 completa. De fet, existeixen gaireb\u00e9 tantes classificacions de fam\u00edlies de tipus com manuals de tipografia. \u00c9s important con\u00e8ixer l\u2019exist\u00e8ncia d\u2019aquests models i estudiar-los, per\u00f2 no per a poder encasellar i etiquetar les tipologies de lletra, sin\u00f3 m\u00e9s aviat amb la finalitat d\u2019optimitzar el seu \u00fas, impulsar la recerca i creaci\u00f3 de nous dissenys i facilitar-ne la selecci\u00f3 en entorns comercials i professionals.<\/p>\n<p>Les classificacions m\u00e9s importants es basen en la feta pel dissenyador i historiador franc\u00e8s Maximilien Vox (1894-1974), que va ser adoptada despr\u00e9s per l\u2019Associaci\u00f3 Tipogr\u00e0fica Internacional (ATYPI). Vox estableix els grups basant-se en la seva evoluci\u00f3 al llarg del temps i en el tractament diferenciat d\u2019alguns elements dels car\u00e0cters.<\/p>\n<p>&nbsp;<\/p>\n<h4><strong>1.7.1. Cl\u00e0ssiques<\/strong><\/h4>\n<p>&nbsp;<\/p>\n<h4><strong>Humanes o venecianes\u00a0<\/strong>(ex. Berkeley Old Style, Centaur i Jenson)<\/h4>\n<p>Primeres romanes amb influ\u00e8ncia directa de l\u2019escriptura human\u00edstica. Modulaci\u00f3 obliqua i contrast suau entre tra\u00e7os gruixuts i prims.<\/p>\n<div id=\"attachment_32\" style=\"width: 460px\" class=\"wp-caption alignnone\"><img aria-describedby=\"caption-attachment-32\" loading=\"lazy\" class=\"img-responsive wp-image-32 size-full\" src=\"http:\/\/disseny.recursos.uoc.edu\/recursos\/tipo\/wp-content\/uploads\/sites\/18\/2017\/01\/1.7.1.01-humanes.png\" alt=\"Figura 29. Humanes o venecianes\" width=\"450\" height=\"170\" srcset=\"http:\/\/disseny.recursos.uoc.edu\/recursos\/tipo\/wp-content\/uploads\/sites\/18\/2017\/01\/1.7.1.01-humanes.png 450w, http:\/\/disseny.recursos.uoc.edu\/recursos\/tipo\/wp-content\/uploads\/sites\/18\/2017\/01\/1.7.1.01-humanes-300x113.png 300w\" sizes=\"(max-width: 450px) 100vw, 450px\" \/><p id=\"caption-attachment-32\" class=\"wp-caption-text\">Figura 32. Tipografia Adobe Jenson (1996), dissenyada per Robert Slimbach per a Adobe<\/p><\/div>\n<p>&nbsp;<\/p>\n<h4><strong>Garaldes (per Garamond i Aldo)\u00a0<\/strong>(ex. Garamond, Minion i Weiss)<\/h4>\n<p>Romanes renaixentistes i successores. Modulaci\u00f3 obliqua i contrast mitj\u00e0 entre tra\u00e7os gruixuts i prims. Millor proporci\u00f3 general i elements m\u00e9s integrats en el conjunt que en la tipologia veneciana.<\/p>\n<div id=\"attachment_33\" style=\"width: 460px\" class=\"wp-caption alignnone\"><img aria-describedby=\"caption-attachment-33\" loading=\"lazy\" class=\"img-responsive wp-image-33 size-full\" src=\"http:\/\/disseny.recursos.uoc.edu\/recursos\/tipo\/wp-content\/uploads\/sites\/18\/2017\/01\/1.7.1.02-garaldes.png\" alt=\"Figura 30. Garaldes\" width=\"450\" height=\"165\" srcset=\"http:\/\/disseny.recursos.uoc.edu\/recursos\/tipo\/wp-content\/uploads\/sites\/18\/2017\/01\/1.7.1.02-garaldes.png 450w, http:\/\/disseny.recursos.uoc.edu\/recursos\/tipo\/wp-content\/uploads\/sites\/18\/2017\/01\/1.7.1.02-garaldes-300x110.png 300w\" sizes=\"(max-width: 450px) 100vw, 450px\" \/><p id=\"caption-attachment-33\" class=\"wp-caption-text\">Figura 33.\u00a0Tipografia Adobe Garamond (1989), dissenyada per Robert Slimbach per a Adobe<\/p><\/div>\n<p>&nbsp;<\/p>\n<h4><strong>Reials\u00a0<\/strong>(ex. Baskerville, Century Old Style i Times New Roman)<\/h4>\n<p>Romanes de transici\u00f3 cap a la lletra moderna. Modulaci\u00f3 vertical o gaireb\u00e9 vertical i contrast mitj\u00e0 o alt entre tra\u00e7os gruixuts i prims.<\/p>\n<div id=\"attachment_34\" style=\"width: 460px\" class=\"wp-caption alignnone\"><img aria-describedby=\"caption-attachment-34\" loading=\"lazy\" class=\"img-responsive wp-image-34 size-full\" src=\"http:\/\/disseny.recursos.uoc.edu\/recursos\/tipo\/wp-content\/uploads\/sites\/18\/2017\/01\/1.7.1.03-reials.png\" alt=\"Figura 31. Reials\" width=\"450\" height=\"158\" srcset=\"http:\/\/disseny.recursos.uoc.edu\/recursos\/tipo\/wp-content\/uploads\/sites\/18\/2017\/01\/1.7.1.03-reials.png 450w, http:\/\/disseny.recursos.uoc.edu\/recursos\/tipo\/wp-content\/uploads\/sites\/18\/2017\/01\/1.7.1.03-reials-300x105.png 300w\" sizes=\"(max-width: 450px) 100vw, 450px\" \/><p id=\"caption-attachment-34\" class=\"wp-caption-text\">Figura 34. Tipografia Baskerville, dissenyada per John Baskerville el 1757 i reeditada per Bruce Rogers per a Monotype (1924) i Linotype (1931)<\/p><\/div>\n<p>&nbsp;<\/p>\n<h4><strong>Conclusions<\/strong><\/h4>\n<p>Dintre de les cl\u00e0ssiques trobem les humanes o venecianes, les garaldes i les reials.<\/p>","protected":false},"excerpt":{"rendered":"<p>1.7. Classificaci\u00f3 tipogr\u00e0fica S\u2019han dut a terme diferents intents d\u2019organitzar l\u2019enorme varietat de tipus en categories tancades, i encara que han sorgit diversos models de classificaci\u00f3 interessants, cap no ha proporcionat una visi\u00f3 completa. De fet, existeixen gaireb\u00e9 tantes classificacions de fam\u00edlies de tipus com manuals de tipografia. \u00c9s important con\u00e8ixer l\u2019exist\u00e8ncia d\u2019aquests models i [&hellip;]<\/p>\n","protected":false},"author":1,"featured_media":0,"parent":0,"menu_order":0,"comment_status":"closed","ping_status":"closed","template":"","meta":[],"acf":[],"_links":{"self":[{"href":"http:\/\/disseny.recursos.uoc.edu\/recursos\/tipo\/wp-json\/wp\/v2\/pages\/121"}],"collection":[{"href":"http:\/\/disseny.recursos.uoc.edu\/recursos\/tipo\/wp-json\/wp\/v2\/pages"}],"about":[{"href":"http:\/\/disseny.recursos.uoc.edu\/recursos\/tipo\/wp-json\/wp\/v2\/types\/page"}],"author":[{"embeddable":true,"href":"http:\/\/disseny.recursos.uoc.edu\/recursos\/tipo\/wp-json\/wp\/v2\/users\/1"}],"replies":[{"embeddable":true,"href":"http:\/\/disseny.recursos.uoc.edu\/recursos\/tipo\/wp-json\/wp\/v2\/comments?post=121"}],"version-history":[{"count":20,"href":"http:\/\/disseny.recursos.uoc.edu\/recursos\/tipo\/wp-json\/wp\/v2\/pages\/121\/revisions"}],"predecessor-version":[{"id":889,"href":"http:\/\/disseny.recursos.uoc.edu\/recursos\/tipo\/wp-json\/wp\/v2\/pages\/121\/revisions\/889"}],"wp:attachment":[{"href":"http:\/\/disseny.recursos.uoc.edu\/recursos\/tipo\/wp-json\/wp\/v2\/media?parent=121"}],"curies":[{"name":"wp","href":"https:\/\/api.w.org\/{rel}","templated":true}]}}