{"id":105,"date":"2017-01-25T15:42:46","date_gmt":"2017-01-25T15:42:46","guid":{"rendered":"http:\/\/disseny.recursos.uoc.edu\/recursos\/tipo\/?page_id=105"},"modified":"2021-10-28T11:11:14","modified_gmt":"2021-10-28T11:11:14","slug":"1-lletres-8","status":"publish","type":"page","link":"http:\/\/disseny.recursos.uoc.edu\/recursos\/tipo\/1-lletres-8\/","title":{"rendered":"1. Lletres"},"content":{"rendered":"<p><\/p>\n<h3><strong>1.6. Anatomia del tipus<\/strong><\/h3>\n<h4><strong>1.6.3. Parts i elements dels car\u00e0cters<\/strong><\/h4>\n<p>El vocabulari t\u00e8cnic emprat per a descriure el car\u00e0cter a escala microtipogr\u00e0fica t\u00e9 un \u00fas molt restringit i avui dia pr\u00e0cticament es limita a l\u2019\u00e0mbit dels dissenyadors de tipografies i altres professionals especialitzats. A m\u00e9s, en la bibliografia tipogr\u00e0fica no existeix un consens terminol\u00f2gic pel que fa a les parts de les lletres, de manera que alguns termes generen confusi\u00f3 (ganxo, cua, barra, filet, arc, panxa, etc.).<\/p>\n<p>Les parts fixes de les lletres s\u00f3n aquelles de les quals no podem prescindir perqu\u00e8 defineixen el car\u00e0cter. Alguns elements fixos importants s\u00f3n <strong>ascendent <\/strong>(7), <strong>descendent<\/strong> (6), <strong>asta<\/strong> (3), <strong>travesser<\/strong>\u00a0o <strong>asta transversal<\/strong> (2), <strong>contrapunx\u00f3 o contraforma<\/strong> (4), <strong>arc <\/strong>o<strong> espatlla<\/strong> (9), <strong>espina <\/strong>(10), <strong>v\u00e8rtex<\/strong> (1), etc.<\/p>\n<p>Els elements gr\u00e0fics opcionals s\u00f3n els que no defineixen parts estructurals de la lletra per\u00f2 aporten riquesa formal al car\u00e0cter. Les parts opcionals m\u00e9s importants s\u00f3n <strong>remat<\/strong>, <strong>gr\u00e0cia <\/strong>o <strong>serif<\/strong> (8), <strong>ungla <\/strong>o<strong> ganxo<\/strong> (11), <strong>ll\u00e0grima <\/strong>o<strong> gota<\/strong> (12), <strong>cua<\/strong> (5), <strong>coll<\/strong> (13), etc.<\/p>\n<div id=\"attachment_23\" style=\"width: 460px\" class=\"wp-caption alignnone\"><img aria-describedby=\"caption-attachment-23\" loading=\"lazy\" class=\"img-responsive wp-image-23 size-full\" src=\"http:\/\/disseny.recursos.uoc.edu\/recursos\/tipo\/wp-content\/uploads\/sites\/18\/2017\/01\/1.6.3.parts-lletra.png\" alt=\"Figura 17. Tipografia: ITC Century Bold Condensed\" width=\"450\" height=\"145\" srcset=\"http:\/\/disseny.recursos.uoc.edu\/recursos\/tipo\/wp-content\/uploads\/sites\/18\/2017\/01\/1.6.3.parts-lletra.png 450w, http:\/\/disseny.recursos.uoc.edu\/recursos\/tipo\/wp-content\/uploads\/sites\/18\/2017\/01\/1.6.3.parts-lletra-300x97.png 300w\" sizes=\"(max-width: 450px) 100vw, 450px\" \/><p id=\"caption-attachment-23\" class=\"wp-caption-text\">Figura 22. Tipografia: ITC Century Bold Condensed<\/p><\/div>\n<p>&nbsp;<\/p>\n<h4><strong>Conclusions<\/strong><\/h4>\n<p>Les parts fixes de les lletres s\u00f3n aquelles de les quals no podem prescindir perqu\u00e8 defineixen el car\u00e0cter.<\/p>\n<p>Els elements gr\u00e0fics opcionals s\u00f3n els que no defineixen parts estructurals de la lletra per\u00f2 aporten riquesa formal al car\u00e0cter.<\/p>","protected":false},"excerpt":{"rendered":"<p>1.6. Anatomia del tipus 1.6.3. Parts i elements dels car\u00e0cters El vocabulari t\u00e8cnic emprat per a descriure el car\u00e0cter a escala microtipogr\u00e0fica t\u00e9 un \u00fas molt restringit i avui dia pr\u00e0cticament es limita a l\u2019\u00e0mbit dels dissenyadors de tipografies i altres professionals especialitzats. A m\u00e9s, en la bibliografia tipogr\u00e0fica no existeix un consens terminol\u00f2gic pel [&hellip;]<\/p>\n","protected":false},"author":1,"featured_media":0,"parent":0,"menu_order":0,"comment_status":"closed","ping_status":"closed","template":"","meta":[],"acf":[],"_links":{"self":[{"href":"http:\/\/disseny.recursos.uoc.edu\/recursos\/tipo\/wp-json\/wp\/v2\/pages\/105"}],"collection":[{"href":"http:\/\/disseny.recursos.uoc.edu\/recursos\/tipo\/wp-json\/wp\/v2\/pages"}],"about":[{"href":"http:\/\/disseny.recursos.uoc.edu\/recursos\/tipo\/wp-json\/wp\/v2\/types\/page"}],"author":[{"embeddable":true,"href":"http:\/\/disseny.recursos.uoc.edu\/recursos\/tipo\/wp-json\/wp\/v2\/users\/1"}],"replies":[{"embeddable":true,"href":"http:\/\/disseny.recursos.uoc.edu\/recursos\/tipo\/wp-json\/wp\/v2\/comments?post=105"}],"version-history":[{"count":15,"href":"http:\/\/disseny.recursos.uoc.edu\/recursos\/tipo\/wp-json\/wp\/v2\/pages\/105\/revisions"}],"predecessor-version":[{"id":979,"href":"http:\/\/disseny.recursos.uoc.edu\/recursos\/tipo\/wp-json\/wp\/v2\/pages\/105\/revisions\/979"}],"wp:attachment":[{"href":"http:\/\/disseny.recursos.uoc.edu\/recursos\/tipo\/wp-json\/wp\/v2\/media?parent=105"}],"curies":[{"name":"wp","href":"https:\/\/api.w.org\/{rel}","templated":true}]}}