{"id":80,"date":"2017-01-24T15:48:41","date_gmt":"2017-01-24T15:48:41","guid":{"rendered":"http:\/\/disseny.recursos.uoc.edu\/recursos\/tipo\/?page_id=80"},"modified":"2017-02-20T11:29:53","modified_gmt":"2017-02-20T11:29:53","slug":"1-lletres-4","status":"publish","type":"page","link":"http:\/\/disseny.recursos.uoc.edu\/recursos\/tipo\/es\/1-lletres-4\/","title":{"rendered":"1. Letras"},"content":{"rendered":"<p><\/p>\n<h3><strong>1.4. Factor ling\u00fc\u00edstico y factor gr\u00e1fico<\/strong><\/h3>\n<p>La tipograf\u00eda es de naturaleza h\u00edbrida. Por un lado, tiene un componente puramente ling\u00fc\u00edstico y funcional, y por el otro, tambi\u00e9n un fuerte componente gr\u00e1fico y expresivo. Esta dualidad, que parece tan obvia, condicionar\u00e1 completamente los resultados. Determinar cu\u00e1l de los dos aspectos prevalecer\u00e1 sobre el otro y en qu\u00e9 grado nos obligar\u00e1 a tomar una serie de decisiones que dar\u00e1n finalmente forma y personalidad a nuestro trabajo.<\/p>\n<p>Dentro del mundo del dise\u00f1o gr\u00e1fico existe una divisi\u00f3n importante en cuanto a las letras: la <strong>tipograf\u00eda<\/strong> <strong>de edici\u00f3n<\/strong> y la <strong>tipograf\u00eda<\/strong> <strong>creativa<\/strong>. La primera re\u00fane las cuestiones tipogr\u00e1ficas enfocadas en la legibilidad, relacionadas con las familias, el tama\u00f1o de las letras, los espacios entre letras y palabras, la interl\u00ednea, el ancho de la columna, etc. Es decir, la tipograf\u00eda de edici\u00f3n tiene en cuenta, por encima de todo, los factores que optimizan el proceso de lectura. Por otro lado, la tipograf\u00eda creativa entiende la comunicaci\u00f3n de otra manera, como si se tratara de una met\u00e1fora visual, donde el texto no solo tiene una funci\u00f3n ling\u00fc\u00edstica, sino que tambi\u00e9n funciona como imagen. Es importante entender que las dos aproximaciones son totalmente compatibles y que nunca las encontraremos del todo disociadas.<\/p>\n<p>Si observamos un libro, por ejemplo, veremos que la cubierta y otros elementos como las portadillas o los t\u00edtulos pueden clasificarse como tipograf\u00eda creativa, mientras que la maquetaci\u00f3n de los interiores, el texto de cuerpo o texto corrido se corresponde m\u00e1s con lo que denominamos tipograf\u00eda de edici\u00f3n, porque sigue la normativa general aceptada por la gran mayor\u00eda de dise\u00f1adores y tip\u00f3grafos para una adecuada legibilidad. El objetivo del texto corrido es que el contenido pueda retenerse de forma f\u00e1cil y r\u00e1pida, mientras que el punto prioritario en un anuncio, portada, cartel o titular es atraer la atenci\u00f3n del lector antes que nada. Y al contrario: si una fuente de texto tiene una entidad o personalidad demasiado fuerte, o unas formas poco habituales, demasiado llamativas, esto puede impedir una lectura fluida.<\/p>\n<div id=\"attachment_14\" style=\"width: 303px\" class=\"wp-caption alignnone\"><img aria-describedby=\"caption-attachment-14\" loading=\"lazy\" class=\"size-full wp-image-14 img-responsive\" src=\"http:\/\/disseny.recursos.uoc.edu\/recursos\/tipo\/wp-content\/uploads\/sites\/18\/2017\/01\/1.4.Stretch.png\" alt=\"Figura 5. Exemple de combinaci\u00f3 de text-imatge i text-llenguatge\" width=\"293\" height=\"443\" srcset=\"http:\/\/disseny.recursos.uoc.edu\/recursos\/tipo\/wp-content\/uploads\/sites\/18\/2017\/01\/1.4.Stretch.png 293w, http:\/\/disseny.recursos.uoc.edu\/recursos\/tipo\/wp-content\/uploads\/sites\/18\/2017\/01\/1.4.Stretch-198x300.png 198w\" sizes=\"(max-width: 293px) 100vw, 293px\" \/><p id=\"caption-attachment-14\" class=\"wp-caption-text\">Figura 5. Ejemplo de combinaci\u00f3n de texto-imagen y texto-lenguaje<\/p><\/div>\n<p>&nbsp;<\/p>\n<h4><strong>Conclusiones<\/strong><\/h4>\n<p>Un buen trabajo tipogr\u00e1fico es el que consigue una buena uni\u00f3n entre forma y contenido, de forma que se obtiene la mejor presentaci\u00f3n posible de cada mensaje. Es decir, adecuar el discurso visual al verbal.<\/p>\n<p>&nbsp;<\/p>","protected":false},"excerpt":{"rendered":"<p>1.4. Factor ling\u00fc\u00edstico y factor gr\u00e1fico La tipograf\u00eda es de naturaleza h\u00edbrida. Por un lado, tiene un componente puramente ling\u00fc\u00edstico y funcional, y por el otro, tambi\u00e9n un fuerte componente gr\u00e1fico y expresivo. Esta dualidad, que parece tan obvia, condicionar\u00e1 completamente los resultados. Determinar cu\u00e1l de los dos aspectos prevalecer\u00e1 sobre el otro y en [&hellip;]<\/p>\n","protected":false},"author":1,"featured_media":0,"parent":0,"menu_order":0,"comment_status":"closed","ping_status":"closed","template":"","meta":[],"acf":[],"_links":{"self":[{"href":"http:\/\/disseny.recursos.uoc.edu\/recursos\/tipo\/es\/wp-json\/wp\/v2\/pages\/80"}],"collection":[{"href":"http:\/\/disseny.recursos.uoc.edu\/recursos\/tipo\/es\/wp-json\/wp\/v2\/pages"}],"about":[{"href":"http:\/\/disseny.recursos.uoc.edu\/recursos\/tipo\/es\/wp-json\/wp\/v2\/types\/page"}],"author":[{"embeddable":true,"href":"http:\/\/disseny.recursos.uoc.edu\/recursos\/tipo\/es\/wp-json\/wp\/v2\/users\/1"}],"replies":[{"embeddable":true,"href":"http:\/\/disseny.recursos.uoc.edu\/recursos\/tipo\/es\/wp-json\/wp\/v2\/comments?post=80"}],"version-history":[{"count":7,"href":"http:\/\/disseny.recursos.uoc.edu\/recursos\/tipo\/es\/wp-json\/wp\/v2\/pages\/80\/revisions"}],"predecessor-version":[{"id":488,"href":"http:\/\/disseny.recursos.uoc.edu\/recursos\/tipo\/es\/wp-json\/wp\/v2\/pages\/80\/revisions\/488"}],"wp:attachment":[{"href":"http:\/\/disseny.recursos.uoc.edu\/recursos\/tipo\/es\/wp-json\/wp\/v2\/media?parent=80"}],"curies":[{"name":"wp","href":"https:\/\/api.w.org\/{rel}","templated":true}]}}