{"id":510,"date":"2017-02-22T14:56:49","date_gmt":"2017-02-22T14:56:49","guid":{"rendered":"http:\/\/disseny.recursos.uoc.edu\/recursos\/tipo\/?page_id=510"},"modified":"2023-02-28T09:41:56","modified_gmt":"2023-02-28T09:41:56","slug":"presentacio","status":"publish","type":"page","link":"http:\/\/disseny.recursos.uoc.edu\/recursos\/tipo\/es\/","title":{"rendered":"Presentaci\u00f3n"},"content":{"rendered":"<p>La letra es la unidad m\u00ednima de cualquier contenido textual. A partir de la combinaci\u00f3n de letras, formamos palabras, cuya sucesi\u00f3n dar\u00e1 lugar a frases. Si la frase se extiende m\u00e1s all\u00e1 de una l\u00ednea, generar\u00e1 una ordenaci\u00f3n consecutiva de estas, hasta que la \u00faltima l\u00ednea se encuentre con un punto y aparte. Este signo marcar\u00e1 el final del conjunto de frases, que denominamos p\u00e1rrafo. Un texto puede estar formato por un p\u00e1rrafo o m\u00e1s que guardan relaci\u00f3n entre s\u00ed. Normalmente, cada p\u00e1rrafo expresa una idea. Los textos expresan mensajes completos de forma clara y ordenada.<\/p>\n<p>La asignatura de <em>Tipograf\u00eda<\/em> aborda desde el nivel m\u00e1s micro (letras) hasta el m\u00e1s macro (textos), y estar\u00e1 estructurada en los siguientes ejes:<\/p>\n<ol>\n<li>LETRAS<br \/>\nIntroducci\u00f3n a la tipograf\u00eda, comenzando por los aspectos m\u00e1s elementales, como la anatom\u00eda de las letras y la terminolog\u00eda habitual de la disciplina.<\/li>\n<li>PALABRAS<br \/>\nComposici\u00f3n de palabras, espaciado entre letras, elecci\u00f3n y combinaci\u00f3n de fuentes, y expresividad de la letra.\u00a0Jerarqu\u00eda tipogr\u00e1fica y legibilidad. Cr\u00edmenes tipogr\u00e1ficos.<\/li>\n<li>TEXTOS<br \/>\nComposici\u00f3n macrotipogr\u00e1fica: p\u00e1rrafos, alineaciones, textura tipogr\u00e1fica, rejilla compositiva, etc.<\/li>\n<\/ol>\n<p>&nbsp;<\/p>","protected":false},"excerpt":{"rendered":"<p>La letra es la unidad m\u00ednima de cualquier contenido textual. A partir de la combinaci\u00f3n de letras, formamos palabras, cuya sucesi\u00f3n dar\u00e1 lugar a frases. Si la frase se extiende m\u00e1s all\u00e1 de una l\u00ednea, generar\u00e1 una ordenaci\u00f3n consecutiva de estas, hasta que la \u00faltima l\u00ednea se encuentre con un punto y aparte. Este signo [&hellip;]<\/p>\n","protected":false},"author":1,"featured_media":0,"parent":0,"menu_order":0,"comment_status":"closed","ping_status":"closed","template":"","meta":[],"acf":[],"_links":{"self":[{"href":"http:\/\/disseny.recursos.uoc.edu\/recursos\/tipo\/es\/wp-json\/wp\/v2\/pages\/510"}],"collection":[{"href":"http:\/\/disseny.recursos.uoc.edu\/recursos\/tipo\/es\/wp-json\/wp\/v2\/pages"}],"about":[{"href":"http:\/\/disseny.recursos.uoc.edu\/recursos\/tipo\/es\/wp-json\/wp\/v2\/types\/page"}],"author":[{"embeddable":true,"href":"http:\/\/disseny.recursos.uoc.edu\/recursos\/tipo\/es\/wp-json\/wp\/v2\/users\/1"}],"replies":[{"embeddable":true,"href":"http:\/\/disseny.recursos.uoc.edu\/recursos\/tipo\/es\/wp-json\/wp\/v2\/comments?post=510"}],"version-history":[{"count":32,"href":"http:\/\/disseny.recursos.uoc.edu\/recursos\/tipo\/es\/wp-json\/wp\/v2\/pages\/510\/revisions"}],"predecessor-version":[{"id":998,"href":"http:\/\/disseny.recursos.uoc.edu\/recursos\/tipo\/es\/wp-json\/wp\/v2\/pages\/510\/revisions\/998"}],"wp:attachment":[{"href":"http:\/\/disseny.recursos.uoc.edu\/recursos\/tipo\/es\/wp-json\/wp\/v2\/media?parent=510"}],"curies":[{"name":"wp","href":"https:\/\/api.w.org\/{rel}","templated":true}]}}