{"id":260,"date":"2017-01-26T16:08:47","date_gmt":"2017-01-26T16:08:47","guid":{"rendered":"http:\/\/disseny.recursos.uoc.edu\/recursos\/tipo\/?page_id=260"},"modified":"2019-04-02T09:49:19","modified_gmt":"2019-04-02T09:49:19","slug":"referencies","status":"publish","type":"page","link":"http:\/\/disseny.recursos.uoc.edu\/recursos\/tipo\/es\/referencies\/","title":{"rendered":"Referencias"},"content":{"rendered":"<p><strong>Ambrose, Gavin; Harris, Paul<\/strong> (2005). <em>Bases del dise\u00f1o. <\/em><em>Tipograf\u00eda<\/em>. Barcelona: Parram\u00f3n.<\/p>\n<p>La colecci\u00f3n \u00abBases del dise\u00f1o\u00bb explora las posibilidades creativas de los principales conceptos del dise\u00f1o gr\u00e1fico a trav\u00e9s de una completa galer\u00eda de ejemplos, agrupados por temas. Los innovadores trabajos que se presentan, creados por grandes profesionales contempor\u00e1neos, se acompa\u00f1an de explicaciones t\u00e9cnicas, esquemas y consejos que permiten al lector comprender y asimilar el proceso llevado a cabo.<\/p>\n<p>&nbsp;<\/p>\n<p><strong>Castro, Iv\u00e1n<\/strong> (2016). <em>The ABC of custom lettering<\/em>. Valencia: Campgr\u00e0fic.<\/p>\n<p>Un libro pr\u00e1ctico que proporciona el paso a paso de c\u00f3mo dibujar a mano una amplia variedad de estilos de letra, desde romanas modernas y letras sin remates a latinas, <em>script<\/em> o <em>interlock<\/em>. Un m\u00e9todo de ense\u00f1anza tradicional, con un enfoque contempor\u00e1neo.<\/p>\n<p>&nbsp;<\/p>\n<p><strong>Jard\u00ed, Enric<\/strong> (2007). <em>Veintid\u00f3s consejos sobre tipograf\u00eda<\/em>. Barcelona: Actar.<\/p>\n<p><em>Veintid\u00f3s consejos sobre tipograf\u00eda<\/em> es un libro de recetas. En una \u00e9poca de puritanismo tipogr\u00e1fico y de culto a las formas, esta lista de \u00ablo que te conviene y de lo que no te conviene\u00bb rompe algunos prejuicios y explica la tipograf\u00eda de una forma nueva.<\/p>\n<p>&nbsp;<\/p>\n<p><strong>Kane, John<\/strong> (2015). <em>Manual de tipograf\u00eda <\/em>(2.\u00aa ed.). Barcelona: Gustavo Gili.<\/p>\n<p>Una introducci\u00f3n a todo lo que cualquier estudiante o profesional del dise\u00f1o gr\u00e1fico deben saber sobre tipograf\u00eda para desarrollar una sensibilidad y unos conocimientos tipogr\u00e1ficos bien fundamentados.<\/p>\n<p>&nbsp;<\/p>\n<p><strong>Lupton, Ellen <\/strong>(2016). <em>Pensar con tipos<\/em>. Barcelona: Gustavo Gili.<\/p>\n<p>Este no es un libro sobre fuentes. Es un libro sobre c\u00f3mo utilizarlas. Este libro trata de pensar con la tipograf\u00eda. Este libro pretende hablar con los lectores y escritores, dise\u00f1adores y editores, profesores y estudiantes cuyo trabajo est\u00e9 relacionado con la impredecible vida de la palabra escrita.<\/p>\n<p>&nbsp;<\/p>\n<p><strong>Mart\u00edn Montesinos, Jos\u00e9 Luis; Mas Hurtuna, Montse<\/strong>\u00a0(2003). <em>Manual de tipograf\u00eda<\/em>. Valencia: Campgr\u00e0fic.<\/p>\n<p>Los principios fundamentales de la tipograf\u00eda aplicados a las nuevas tecnolog\u00edas. Imprescindible para quien quiere adentrarse y formarse al mismo tiempo en el futuro profesional de las artes gr\u00e1ficas. La tipograf\u00eda, sus caracter\u00edsticas y modos de empleo para una mayor eficacia en el uso de la inform\u00e1tica.<\/p>\n<p>&nbsp;<\/p>\n<p><strong>Mart\u00edn \u00c1lvarez, Raquel <\/strong>(2013).<em> Ortotipograf\u00eda para dise\u00f1adores<\/em><strong>. <\/strong>Barcelona: Gustavo Gili.<\/p>\n<p>Este libro aborda los problemas y dudas ortotipogr\u00e1ficas que suelen asaltar con m\u00e1s frecuencia al dise\u00f1ador, e incide en las cuestiones de dise\u00f1o que se solapan con la correcci\u00f3n ortotipogr\u00e1fica. Manual de cabecera imprescindible para el profesional de la comunicaci\u00f3n gr\u00e1fica.<\/p>\n<p>&nbsp;<\/p>\n<p><strong>M\u00fcller-Brockmann, Josef <\/strong>(1992). <em>Sistemas de ret\u00edculas<\/em>. Barcelona: Gustavo Gili.<\/p>\n<p><em>Sistemas de ret\u00edculas<\/em> es el tratado cl\u00e1sico de referencia sobre el dise\u00f1o con ret\u00edcula. Un manual que aborda de manera rigurosa y exhaustiva la sistematizaci\u00f3n de la composici\u00f3n tipogr\u00e1fica en cualquiera de sus formas, como el libro, la revista, el cat\u00e1logo, el folleto o el cartel.<\/p>\n<p>&nbsp;<\/p>\n<p><strong>White, Jan V.<\/strong> (2018).<em> Dise\u00f1o para la edici\u00f3n<\/em>. M\u00e1laga: Jard\u00edn de monos.<\/p>\n<p>Un manual que ense\u00f1a a editores y dise\u00f1adores c\u00f3mo hacer publicaciones m\u00e1s interesantes y llamativas. Los lectores encontrar\u00e1n en este libro un compendio de consejos pr\u00e1cticos para lograr el equilibrio perfecto entre contenido y forma, haciendo que texto y dise\u00f1o se refuercen mutuamente y as\u00ed crear p\u00e1ginas irresistibles para los lectores.<\/p>\n<p>&nbsp;<\/p>\n<h4><strong>Recursos web<br \/>\n<\/strong><\/h4>\n<p><em>I Love Typography<\/em>. &lt;<a href=\"https:\/\/ilovetypography.com\" target=\"_blank\" rel=\"noopener noreferrer\">https:\/\/ilovetypography.com<\/a>&gt;<\/p>\n<p>Actualidad sobre tipograf\u00eda, recursos educativos y mucho m\u00e1s en este blog de un apasionado de las letras. En ingl\u00e9s. Bajo el apoyo de la prestigiosa fundici\u00f3n tipogr\u00e1fica digital Hoefler &amp; Co.<\/p>\n<p>&nbsp;<\/p>\n<p><em>Rayitas azules<\/em>. &lt;<a href=\"https:\/\/www.rayitasazules.com\" target=\"_blank\" rel=\"noopener noreferrer\">https:\/\/www.rayitasazules.com<\/a>&gt;<\/p>\n<p>Un blog dedicado a la tipograf\u00eda y al dise\u00f1o editorial en todas sus formas y manifestaciones: revistas, inDesign, cubiertas, papel, maquetaci\u00f3n, historia, etc.<\/p>\n<p>&nbsp;<\/p>\n<p><em>Tipograf\u00eda digital<\/em>. &lt;<a href=\"http:\/\/tipografiadigital.net\/\" target=\"_blank\" rel=\"noopener noreferrer\">http:\/\/tipografiadigital.net<\/a>&gt;<\/p>\n<p>El blog sobre tipograf\u00eda de Daniel Rodr\u00edguez-Valero, autor del <em>Manual de tipograf\u00eda digital<\/em> editado por Campgr\u00e0fic.<\/p>\n<p>&nbsp;<\/p>\n<p><em>Type Culture<\/em>. &lt;<a href=\"https:\/\/typeculture.com\" target=\"_blank\" rel=\"noopener noreferrer\">https:\/\/typeculture.com<\/a>&gt;<\/p>\n<p>En esta fundici\u00f3n digital, cuidan el aspecto educativo de la tipograf\u00eda: art\u00edculos, v\u00eddeos, seminarios y mucho m\u00e1s contenido en ingl\u00e9s.<\/p>\n<p>&nbsp;<\/p>\n<p><em>Typographica<\/em>. &lt;<a href=\"https:\/\/typographica.org\/\" target=\"_blank\" rel=\"noopener noreferrer\">https:\/\/typographica.org<\/a>&gt;<\/p>\n<p>Fundado en el 2002, <em>Typographica<\/em> es un blog en ingl\u00e9s especializado en la revisi\u00f3n y cr\u00edtica comentada de los tipos de letra y de libros especializados en tipograf\u00eda. Editado por Stephen Coles.<\/p>\n<p>&nbsp;<\/p>\n<p><em>Typophile<\/em>. &lt;<a href=\"http:\/\/www.typophile.com\" target=\"_blank\" rel=\"noopener noreferrer\">http:\/\/www.typophile.com<\/a>&gt;<\/p>\n<p>Foros, debates, presentaci\u00f3n y discusi\u00f3n de proyectos, novedades. Imprescindible.<\/p>\n<p>&nbsp;<\/p>\n<p><em>Unos tipos duros<\/em>. &lt;<a href=\"https:\/\/www.unostiposduros.com\/\" target=\"_blank\" rel=\"noopener noreferrer\">https:\/\/www.unostiposduros.com\/<\/a>&gt;<\/p>\n<p><em>Unos tipos duros<\/em> es una iniciativa de dos apasionados de la tipograf\u00eda, Josep Patau y Jos\u00e9 Ram\u00f3n Penela, a los que m\u00e1s tarde se unieron Dimas Garc\u00eda y Marc Salinas. Su objetivo es el de proporcionar un lugar de encuentro para todos aquellos interesados en la tipograf\u00eda, haciendo hincapi\u00e9 en su evoluci\u00f3n hist\u00f3rica, pero sin olvidar las propuestas actuales.<\/p>","protected":false},"excerpt":{"rendered":"<p>Ambrose, Gavin; Harris, Paul (2005). Bases del dise\u00f1o. Tipograf\u00eda. Barcelona: Parram\u00f3n. La colecci\u00f3n \u00abBases del dise\u00f1o\u00bb explora las posibilidades creativas de los principales conceptos del dise\u00f1o gr\u00e1fico a trav\u00e9s de una completa galer\u00eda de ejemplos, agrupados por temas. Los innovadores trabajos que se presentan, creados por grandes profesionales contempor\u00e1neos, se acompa\u00f1an de explicaciones t\u00e9cnicas, esquemas [&hellip;]<\/p>\n","protected":false},"author":1,"featured_media":0,"parent":0,"menu_order":0,"comment_status":"closed","ping_status":"closed","template":"","meta":[],"acf":[],"_links":{"self":[{"href":"http:\/\/disseny.recursos.uoc.edu\/recursos\/tipo\/es\/wp-json\/wp\/v2\/pages\/260"}],"collection":[{"href":"http:\/\/disseny.recursos.uoc.edu\/recursos\/tipo\/es\/wp-json\/wp\/v2\/pages"}],"about":[{"href":"http:\/\/disseny.recursos.uoc.edu\/recursos\/tipo\/es\/wp-json\/wp\/v2\/types\/page"}],"author":[{"embeddable":true,"href":"http:\/\/disseny.recursos.uoc.edu\/recursos\/tipo\/es\/wp-json\/wp\/v2\/users\/1"}],"replies":[{"embeddable":true,"href":"http:\/\/disseny.recursos.uoc.edu\/recursos\/tipo\/es\/wp-json\/wp\/v2\/comments?post=260"}],"version-history":[{"count":25,"href":"http:\/\/disseny.recursos.uoc.edu\/recursos\/tipo\/es\/wp-json\/wp\/v2\/pages\/260\/revisions"}],"predecessor-version":[{"id":774,"href":"http:\/\/disseny.recursos.uoc.edu\/recursos\/tipo\/es\/wp-json\/wp\/v2\/pages\/260\/revisions\/774"}],"wp:attachment":[{"href":"http:\/\/disseny.recursos.uoc.edu\/recursos\/tipo\/es\/wp-json\/wp\/v2\/media?parent=260"}],"curies":[{"name":"wp","href":"https:\/\/api.w.org\/{rel}","templated":true}]}}