{"id":240,"date":"2017-01-26T12:32:33","date_gmt":"2017-01-26T12:32:33","guid":{"rendered":"http:\/\/disseny.recursos.uoc.edu\/recursos\/tipo\/?page_id=240"},"modified":"2021-07-20T06:13:42","modified_gmt":"2021-07-20T06:13:42","slug":"3-textos-7","status":"publish","type":"page","link":"http:\/\/disseny.recursos.uoc.edu\/recursos\/tipo\/es\/3-textos-7\/","title":{"rendered":"3. Textos"},"content":{"rendered":"<p><\/p>\n<h3><strong>3.7. Separaci\u00f3n de p\u00e1rrafos<\/strong><\/h3>\n<p>Los cambios de p\u00e1rrafo distinguen los puntos y aparte de los puntos y seguido, por lo que son especialmente \u00fatiles en textos largos. Indicar los p\u00e1rrafos es, pues, una cuesti\u00f3n funcional y no solo est\u00e9tica. Existen varias formas de marcar los saltos de p\u00e1rrafo:<\/p>\n<ol>\n<li>Utilizar el s\u00edmbolo de p\u00e1rrafo.<\/li>\n<li>Dejar un espacio blanco mayor que el que se deja entre palabras.<\/li>\n<li>Hacer sobresalir la primera l\u00ednea (sangrado franc\u00e9s).<\/li>\n<li>Dejar una l\u00ednea en blanco.<\/li>\n<li>Hacer un sangrado convencional.<\/li>\n<\/ol>\n<p>&nbsp;<\/p>\n<div id=\"attachment_181\" style=\"width: 760px\" class=\"wp-caption alignnone\"><img aria-describedby=\"caption-attachment-181\" loading=\"lazy\" class=\"img-responsive wp-image-181 size-full\" src=\"http:\/\/disseny.recursos.uoc.edu\/recursos\/tipo\/wp-content\/uploads\/sites\/18\/2017\/01\/Tipografia_Materiales-M4_Pagina_11_Imagen_0001.png\" alt=\"Figura 94\" width=\"750\" height=\"605\" srcset=\"http:\/\/disseny.recursos.uoc.edu\/recursos\/tipo\/wp-content\/uploads\/sites\/18\/2017\/01\/Tipografia_Materiales-M4_Pagina_11_Imagen_0001.png 750w, http:\/\/disseny.recursos.uoc.edu\/recursos\/tipo\/wp-content\/uploads\/sites\/18\/2017\/01\/Tipografia_Materiales-M4_Pagina_11_Imagen_0001-300x242.png 300w\" sizes=\"(max-width: 750px) 100vw, 750px\" \/><p id=\"caption-attachment-181\" class=\"wp-caption-text\">Figura\u00a0101<\/p><\/div>\n<p>&nbsp;<\/p>\n<p>Actualmente, las m\u00e1s utilizadas en proyectos editoriales son la l\u00ednea en blanco y el sangrado. Las tres primeras est\u00e1n en desuso.<\/p>\n<p>La mayor\u00eda de aplicaciones de composici\u00f3n de texto permiten generar un espacio anterior o posterior al p\u00e1rrafo con valores medidos por puntos o porcentajes. Si la separaci\u00f3n resulta tan ancha como una l\u00ednea en blanco, el texto puede aparecer demasiado fragmentado. Aun as\u00ed, si se quiere trabajar con rejilla tipogr\u00e1fica, ser\u00e1 inevitable que esta separaci\u00f3n sea la de una l\u00ednea en blanco. En caso de que sea excesiva se tendr\u00e1 que recurrir a la sangr\u00eda.<\/p>\n<p>La rejilla tipogr\u00e1fica (o cuadr\u00edcula base) es el conjunto de l\u00edneas horizontales imaginarias que determina el interlineado del texto principal (o texto base) y controla la colocaci\u00f3n de los textos en las p\u00e1ginas para que se apoyen encima por sus l\u00edneas base y tengan, as\u00ed, una apariencia ordenada y c\u00f3moda para la vista.<\/p>\n<p>&nbsp;<\/p>\n<h4><strong>Conclusiones<\/strong><\/h4>\n<p>Los cambios de p\u00e1rrafo distinguen los puntos y aparte de los puntos y seguido, por lo que son especialmente \u00fatiles en textos largos. Indicar los p\u00e1rrafos es, pues, una cuesti\u00f3n funcional y no solo est\u00e9tica.<\/p>","protected":false},"excerpt":{"rendered":"<p>3.7. Separaci\u00f3n de p\u00e1rrafos Los cambios de p\u00e1rrafo distinguen los puntos y aparte de los puntos y seguido, por lo que son especialmente \u00fatiles en textos largos. Indicar los p\u00e1rrafos es, pues, una cuesti\u00f3n funcional y no solo est\u00e9tica. Existen varias formas de marcar los saltos de p\u00e1rrafo: Utilizar el s\u00edmbolo de p\u00e1rrafo. Dejar un [&hellip;]<\/p>\n","protected":false},"author":1,"featured_media":0,"parent":0,"menu_order":0,"comment_status":"closed","ping_status":"closed","template":"","meta":[],"acf":[],"_links":{"self":[{"href":"http:\/\/disseny.recursos.uoc.edu\/recursos\/tipo\/es\/wp-json\/wp\/v2\/pages\/240"}],"collection":[{"href":"http:\/\/disseny.recursos.uoc.edu\/recursos\/tipo\/es\/wp-json\/wp\/v2\/pages"}],"about":[{"href":"http:\/\/disseny.recursos.uoc.edu\/recursos\/tipo\/es\/wp-json\/wp\/v2\/types\/page"}],"author":[{"embeddable":true,"href":"http:\/\/disseny.recursos.uoc.edu\/recursos\/tipo\/es\/wp-json\/wp\/v2\/users\/1"}],"replies":[{"embeddable":true,"href":"http:\/\/disseny.recursos.uoc.edu\/recursos\/tipo\/es\/wp-json\/wp\/v2\/comments?post=240"}],"version-history":[{"count":14,"href":"http:\/\/disseny.recursos.uoc.edu\/recursos\/tipo\/es\/wp-json\/wp\/v2\/pages\/240\/revisions"}],"predecessor-version":[{"id":913,"href":"http:\/\/disseny.recursos.uoc.edu\/recursos\/tipo\/es\/wp-json\/wp\/v2\/pages\/240\/revisions\/913"}],"wp:attachment":[{"href":"http:\/\/disseny.recursos.uoc.edu\/recursos\/tipo\/es\/wp-json\/wp\/v2\/media?parent=240"}],"curies":[{"name":"wp","href":"https:\/\/api.w.org\/{rel}","templated":true}]}}