{"id":227,"date":"2017-01-26T12:08:11","date_gmt":"2017-01-26T12:08:11","guid":{"rendered":"http:\/\/disseny.recursos.uoc.edu\/recursos\/tipo\/?page_id=227"},"modified":"2021-07-20T06:11:37","modified_gmt":"2021-07-20T06:11:37","slug":"3-textos-3","status":"publish","type":"page","link":"http:\/\/disseny.recursos.uoc.edu\/recursos\/tipo\/es\/3-textos-3\/","title":{"rendered":"3. Textos"},"content":{"rendered":"<p><\/p>\n<h3><strong>3.3. Color y textura tipogr\u00e1fica<\/strong><\/h3>\n<p>La elecci\u00f3n de la <strong>tipograf\u00eda<\/strong>, el <strong>cuerpo<\/strong>, el <strong>peso<\/strong> y el <strong>interlineado<\/strong> afectan a la textura y el color del texto (la mancha tipogr\u00e1fica). La <strong>mancha<\/strong> <strong>de texto<\/strong> ideal tiene un valor medio gris (<em>a <\/em>de la figura 91) y no tiene que percibirse como una serie de franjas (<em>b<\/em> de la figura 91).<\/p>\n<div id=\"attachment_171\" style=\"width: 760px\" class=\"wp-caption alignnone\"><img aria-describedby=\"caption-attachment-171\" loading=\"lazy\" class=\"img-responsive wp-image-171 size-full\" src=\"http:\/\/disseny.recursos.uoc.edu\/recursos\/tipo\/wp-content\/uploads\/sites\/18\/2017\/01\/Tipografia_Materiales-M4_Pagina_04_Imagen_0002.png\" alt=\"Figura 84\" width=\"750\" height=\"525\" srcset=\"http:\/\/disseny.recursos.uoc.edu\/recursos\/tipo\/wp-content\/uploads\/sites\/18\/2017\/01\/Tipografia_Materiales-M4_Pagina_04_Imagen_0002.png 750w, http:\/\/disseny.recursos.uoc.edu\/recursos\/tipo\/wp-content\/uploads\/sites\/18\/2017\/01\/Tipografia_Materiales-M4_Pagina_04_Imagen_0002-300x210.png 300w\" sizes=\"(max-width: 750px) 100vw, 750px\" \/><p id=\"caption-attachment-171\" class=\"wp-caption-text\">Figura\u00a091<\/p><\/div>\n<p>&nbsp;<\/p>\n<h4><strong>Textura seg\u00fan el dise\u00f1o de la tipograf\u00eda<\/strong><\/h4>\n<p>La diferencia entre tipos se expresa no solo en las letras individuales, sino tambi\u00e9n en el conjunto de l\u00edneas tipogr\u00e1ficas que se unen para constituir los bloques de texto. Un texto con formato id\u00e9ntico en el que solo var\u00ede la tipograf\u00eda ofrece diferentes texturas debido a las caracter\u00edsticas de cada dise\u00f1o, como el <strong>grosor<\/strong> o el <strong>contraste<\/strong> en los trazos, la <strong>altura de la x<\/strong> o la <strong>longitud<\/strong> <strong>de ascendentes y descendentes<\/strong>.<\/p>\n<div id=\"attachment_172\" style=\"width: 760px\" class=\"wp-caption alignnone\"><img aria-describedby=\"caption-attachment-172\" loading=\"lazy\" class=\"img-responsive wp-image-172 size-full\" src=\"http:\/\/disseny.recursos.uoc.edu\/recursos\/tipo\/wp-content\/uploads\/sites\/18\/2017\/01\/Tipografia_Materiales-M4_Pagina_05_Imagen_0001.png\" alt=\"Figura 85. Textura segons el disseny de la tipografia\" width=\"750\" height=\"334\" srcset=\"http:\/\/disseny.recursos.uoc.edu\/recursos\/tipo\/wp-content\/uploads\/sites\/18\/2017\/01\/Tipografia_Materiales-M4_Pagina_05_Imagen_0001.png 750w, http:\/\/disseny.recursos.uoc.edu\/recursos\/tipo\/wp-content\/uploads\/sites\/18\/2017\/01\/Tipografia_Materiales-M4_Pagina_05_Imagen_0001-300x134.png 300w\" sizes=\"(max-width: 750px) 100vw, 750px\" \/><p id=\"caption-attachment-172\" class=\"wp-caption-text\">Figura 92. Textura seg\u00fan el dise\u00f1o de la tipograf\u00eda<\/p><\/div>\n<p>&nbsp;<\/p>\n<h4><strong>Textura seg\u00fan el cuerpo<\/strong><\/h4>\n<p>&nbsp;<\/p>\n<div id=\"attachment_301\" style=\"width: 760px\" class=\"wp-caption alignnone\"><img aria-describedby=\"caption-attachment-301\" loading=\"lazy\" class=\"img-responsive wp-image-301 size-full\" src=\"http:\/\/disseny.recursos.uoc.edu\/recursos\/tipo\/wp-content\/uploads\/sites\/18\/2017\/01\/Tipografia_Materiales-M4_Pagina_05_Imagen_0002-1.png\" alt=\"Figura 86. Textura seg\u00fan el cuerpo\" width=\"750\" height=\"498\" srcset=\"http:\/\/disseny.recursos.uoc.edu\/recursos\/tipo\/wp-content\/uploads\/sites\/18\/2017\/01\/Tipografia_Materiales-M4_Pagina_05_Imagen_0002-1.png 750w, http:\/\/disseny.recursos.uoc.edu\/recursos\/tipo\/wp-content\/uploads\/sites\/18\/2017\/01\/Tipografia_Materiales-M4_Pagina_05_Imagen_0002-1-300x199.png 300w\" sizes=\"(max-width: 750px) 100vw, 750px\" \/><p id=\"caption-attachment-301\" class=\"wp-caption-text\">Figura 93. Textura seg\u00fan el cuerpo<\/p><\/div>\n<p>&nbsp;<\/p>\n<h4><strong>Textura seg\u00fan el peso<\/strong><\/h4>\n<p>&nbsp;<\/p>\n<div id=\"attachment_174\" style=\"width: 760px\" class=\"wp-caption alignnone\"><img aria-describedby=\"caption-attachment-174\" loading=\"lazy\" class=\"img-responsive wp-image-174 size-full\" src=\"http:\/\/disseny.recursos.uoc.edu\/recursos\/tipo\/wp-content\/uploads\/sites\/18\/2017\/01\/Tipografia_Materiales-M4_Pagina_06_Imagen_0001.png\" alt=\"Figura 87. Textura seg\u00fan el peso\" width=\"750\" height=\"482\" srcset=\"http:\/\/disseny.recursos.uoc.edu\/recursos\/tipo\/wp-content\/uploads\/sites\/18\/2017\/01\/Tipografia_Materiales-M4_Pagina_06_Imagen_0001.png 750w, http:\/\/disseny.recursos.uoc.edu\/recursos\/tipo\/wp-content\/uploads\/sites\/18\/2017\/01\/Tipografia_Materiales-M4_Pagina_06_Imagen_0001-300x193.png 300w\" sizes=\"(max-width: 750px) 100vw, 750px\" \/><p id=\"caption-attachment-174\" class=\"wp-caption-text\">Figura 94. Textura seg\u00fan el peso<\/p><\/div>\n<p>&nbsp;<\/p>\n<h4><strong>Textura seg\u00fan el interlineado<\/strong><\/h4>\n<p>&nbsp;<\/p>\n<div id=\"attachment_175\" style=\"width: 760px\" class=\"wp-caption alignnone\"><img aria-describedby=\"caption-attachment-175\" loading=\"lazy\" class=\"img-responsive wp-image-175 size-full\" src=\"http:\/\/disseny.recursos.uoc.edu\/recursos\/tipo\/wp-content\/uploads\/sites\/18\/2017\/01\/Tipografia_Materiales-M4_Pagina_06_Imagen_0002.png\" alt=\"Figura 88. Textura seg\u00fan el interlineado\" width=\"750\" height=\"479\" srcset=\"http:\/\/disseny.recursos.uoc.edu\/recursos\/tipo\/wp-content\/uploads\/sites\/18\/2017\/01\/Tipografia_Materiales-M4_Pagina_06_Imagen_0002.png 750w, http:\/\/disseny.recursos.uoc.edu\/recursos\/tipo\/wp-content\/uploads\/sites\/18\/2017\/01\/Tipografia_Materiales-M4_Pagina_06_Imagen_0002-300x192.png 300w\" sizes=\"(max-width: 750px) 100vw, 750px\" \/><p id=\"caption-attachment-175\" class=\"wp-caption-text\">Figura 95. Textura seg\u00fan el interlineado<\/p><\/div>\n<p>&nbsp;<\/p>\n<h4><strong>Conclusiones<\/strong><\/h4>\n<p>La elecci\u00f3n de la tipograf\u00eda, el cuerpo, el peso y el interlineado afectan a la textura y el color del texto (la mancha tipogr\u00e1fica). La mancha de texto ideal tiene un valor medio gris y no tiene que percibirse como una serie de franjas.<\/p>\n<p>La diferencia entre tipos se expresa no solo en las letras individuales, sino tambi\u00e9n en el conjunto de l\u00edneas tipogr\u00e1ficas que se unen para constituir los bloques de texto.<\/p>\n<p>&nbsp;<\/p>","protected":false},"excerpt":{"rendered":"<p>3.3. Color y textura tipogr\u00e1fica La elecci\u00f3n de la tipograf\u00eda, el cuerpo, el peso y el interlineado afectan a la textura y el color del texto (la mancha tipogr\u00e1fica). La mancha de texto ideal tiene un valor medio gris (a de la figura 91) y no tiene que percibirse como una serie de franjas (b [&hellip;]<\/p>\n","protected":false},"author":1,"featured_media":0,"parent":0,"menu_order":0,"comment_status":"closed","ping_status":"closed","template":"","meta":[],"acf":[],"_links":{"self":[{"href":"http:\/\/disseny.recursos.uoc.edu\/recursos\/tipo\/es\/wp-json\/wp\/v2\/pages\/227"}],"collection":[{"href":"http:\/\/disseny.recursos.uoc.edu\/recursos\/tipo\/es\/wp-json\/wp\/v2\/pages"}],"about":[{"href":"http:\/\/disseny.recursos.uoc.edu\/recursos\/tipo\/es\/wp-json\/wp\/v2\/types\/page"}],"author":[{"embeddable":true,"href":"http:\/\/disseny.recursos.uoc.edu\/recursos\/tipo\/es\/wp-json\/wp\/v2\/users\/1"}],"replies":[{"embeddable":true,"href":"http:\/\/disseny.recursos.uoc.edu\/recursos\/tipo\/es\/wp-json\/wp\/v2\/comments?post=227"}],"version-history":[{"count":17,"href":"http:\/\/disseny.recursos.uoc.edu\/recursos\/tipo\/es\/wp-json\/wp\/v2\/pages\/227\/revisions"}],"predecessor-version":[{"id":909,"href":"http:\/\/disseny.recursos.uoc.edu\/recursos\/tipo\/es\/wp-json\/wp\/v2\/pages\/227\/revisions\/909"}],"wp:attachment":[{"href":"http:\/\/disseny.recursos.uoc.edu\/recursos\/tipo\/es\/wp-json\/wp\/v2\/media?parent=227"}],"curies":[{"name":"wp","href":"https:\/\/api.w.org\/{rel}","templated":true}]}}