{"id":224,"date":"2017-01-26T12:01:44","date_gmt":"2017-01-26T12:01:44","guid":{"rendered":"http:\/\/disseny.recursos.uoc.edu\/recursos\/tipo\/?page_id=224"},"modified":"2021-07-20T06:09:52","modified_gmt":"2021-07-20T06:09:52","slug":"3-textos-2","status":"publish","type":"page","link":"http:\/\/disseny.recursos.uoc.edu\/recursos\/tipo\/es\/3-textos-2\/","title":{"rendered":"3. Textos"},"content":{"rendered":"<p><\/p>\n<h3><strong>3.2. Alineaci\u00f3n<\/strong><\/h3>\n<p>La composici\u00f3n de p\u00e1rrafo presenta como par\u00e1metro principal la llamada <strong>alineaci\u00f3n<\/strong> o <strong>justificaci\u00f3n<\/strong> <strong>de p\u00e1rrafo<\/strong>. Hay cuatro estructuras tipogr\u00e1ficas convencionales b\u00e1sicas: alineaci\u00f3n a la izquierda, alineaci\u00f3n a la derecha, en el centro o justificado.<\/p>\n<p>&nbsp;<\/p>\n<h4><strong>Alineaci\u00f3n a la izquierda<\/strong><\/h4>\n<p>Es la composici\u00f3n de p\u00e1rrafo m\u00e1s habitual en los textos de lectura occidental. En la pr\u00e1ctica gr\u00e1fica indicamos que el texto se dispone en bandera a la derecha. Cada l\u00ednea empieza en el mismo punto, pero acaba donde termina la \u00faltima palabra que tiene cabida en el ancho de columna sin partici\u00f3n. Los espacios entre palabras son uniformes, de modo que no necesitan ajustes de justificaci\u00f3n. Aun as\u00ed, es recomendable revisar c\u00f3mo acaban las l\u00edneas y el dibujo que generan en cada p\u00e1rrafo; en algunos casos deben hacerse saltos forzados de l\u00ednea.<\/p>\n<div id=\"attachment_167\" style=\"width: 760px\" class=\"wp-caption alignnone\"><img aria-describedby=\"caption-attachment-167\" loading=\"lazy\" class=\"img-responsive wp-image-167 size-full\" src=\"http:\/\/disseny.recursos.uoc.edu\/recursos\/tipo\/wp-content\/uploads\/sites\/18\/2017\/01\/Tipografia_Materiales-M4_Pagina_03_Imagen_0001.png\" alt=\"Figura 80\" width=\"750\" height=\"115\" srcset=\"http:\/\/disseny.recursos.uoc.edu\/recursos\/tipo\/wp-content\/uploads\/sites\/18\/2017\/01\/Tipografia_Materiales-M4_Pagina_03_Imagen_0001.png 750w, http:\/\/disseny.recursos.uoc.edu\/recursos\/tipo\/wp-content\/uploads\/sites\/18\/2017\/01\/Tipografia_Materiales-M4_Pagina_03_Imagen_0001-300x46.png 300w\" sizes=\"(max-width: 750px) 100vw, 750px\" \/><p id=\"caption-attachment-167\" class=\"wp-caption-text\">Figura 87<\/p><\/div>\n<p>&nbsp;<\/p>\n<h4><strong>Alineaci\u00f3n a la derecha<\/strong><\/h4>\n<p>Presenta un uso m\u00e1s reducido, puesto que dificulta encontrar el principio de la l\u00ednea sucesiva. Esta alineaci\u00f3n se reserva para la composici\u00f3n de textos cortos, como pies de imagen, anotaciones o textos secundarios.<\/p>\n<div id=\"attachment_168\" style=\"width: 760px\" class=\"wp-caption alignnone\"><img aria-describedby=\"caption-attachment-168\" loading=\"lazy\" class=\"img-responsive wp-image-168 size-full\" src=\"http:\/\/disseny.recursos.uoc.edu\/recursos\/tipo\/wp-content\/uploads\/sites\/18\/2017\/01\/Tipografia_Materiales-M4_Pagina_03_Imagen_0002.png\" alt=\"Figura 81\" width=\"750\" height=\"115\" srcset=\"http:\/\/disseny.recursos.uoc.edu\/recursos\/tipo\/wp-content\/uploads\/sites\/18\/2017\/01\/Tipografia_Materiales-M4_Pagina_03_Imagen_0002.png 750w, http:\/\/disseny.recursos.uoc.edu\/recursos\/tipo\/wp-content\/uploads\/sites\/18\/2017\/01\/Tipografia_Materiales-M4_Pagina_03_Imagen_0002-300x46.png 300w\" sizes=\"(max-width: 750px) 100vw, 750px\" \/><p id=\"caption-attachment-168\" class=\"wp-caption-text\">Figura 88<\/p><\/div>\n<p>&nbsp;<\/p>\n<h4><strong>Texto centrado<\/strong><\/h4>\n<p>Composici\u00f3n que impone simetr\u00eda en el texto asignando el mismo valor a los dos extremos de cada l\u00ednea y que dificulta gravemente la lectura de textos continuos. Su simetr\u00eda, sin embargo, puede resultar interesante para algunos usos compositivos, como titulares, textos de resalte o f\u00f3rmulas gr\u00e1ficas equivalentes.<\/p>\n<div id=\"attachment_169\" style=\"width: 760px\" class=\"wp-caption alignnone\"><img aria-describedby=\"caption-attachment-169\" loading=\"lazy\" class=\"img-responsive wp-image-169 size-full\" src=\"http:\/\/disseny.recursos.uoc.edu\/recursos\/tipo\/wp-content\/uploads\/sites\/18\/2017\/01\/Tipografia_Materiales-M4_Pagina_03_Imagen_0003.png\" alt=\"Figura 82\" width=\"750\" height=\"115\" srcset=\"http:\/\/disseny.recursos.uoc.edu\/recursos\/tipo\/wp-content\/uploads\/sites\/18\/2017\/01\/Tipografia_Materiales-M4_Pagina_03_Imagen_0003.png 750w, http:\/\/disseny.recursos.uoc.edu\/recursos\/tipo\/wp-content\/uploads\/sites\/18\/2017\/01\/Tipografia_Materiales-M4_Pagina_03_Imagen_0003-300x46.png 300w\" sizes=\"(max-width: 750px) 100vw, 750px\" \/><p id=\"caption-attachment-169\" class=\"wp-caption-text\">Figura 89<\/p><\/div>\n<p>&nbsp;<\/p>\n<h4><strong>Texto justificado<\/strong><\/h4>\n<p>El texto se encuentra alineado tanto por la izquierda como por la derecha. As\u00ed pues, se presenta como un bloque regular y traslada al receptor una sensaci\u00f3n de orden funcional y continuidad interna. Ahora bien, hay que tener presente que la justificaci\u00f3n, que las aplicaciones de maquetaci\u00f3n ejecutan autom\u00e1ticamente, se hace aumentando el interletraje y, especialmente, el espacio entre palabras. El resultado puede generar espacios visualmente diferentes entre l\u00edneas seguidas. Este efecto es especialmente contraproducente en columnas estrechas, puesto que pueden abrirse espacios excesivos entre caracteres o palabras que fragmenten el texto al ser m\u00e1s anchos que el interlineado. En estos casos, la composici\u00f3n de texto puede dar lugar a los llamados <strong>r\u00edos de blanco tipogr\u00e1fico<\/strong>. Para evitarlo hay que ajustar en cada caso el ancho de columna y los ajustes de justificaci\u00f3n y partici\u00f3n.<\/p>\n<div id=\"attachment_170\" style=\"width: 760px\" class=\"wp-caption alignnone\"><img aria-describedby=\"caption-attachment-170\" loading=\"lazy\" class=\"img-responsive wp-image-170 size-full\" src=\"http:\/\/disseny.recursos.uoc.edu\/recursos\/tipo\/wp-content\/uploads\/sites\/18\/2017\/01\/Tipografia_Materiales-M4_Pagina_04_Imagen_0001.png\" alt=\"Figura 83\" width=\"750\" height=\"115\" srcset=\"http:\/\/disseny.recursos.uoc.edu\/recursos\/tipo\/wp-content\/uploads\/sites\/18\/2017\/01\/Tipografia_Materiales-M4_Pagina_04_Imagen_0001.png 750w, http:\/\/disseny.recursos.uoc.edu\/recursos\/tipo\/wp-content\/uploads\/sites\/18\/2017\/01\/Tipografia_Materiales-M4_Pagina_04_Imagen_0001-300x46.png 300w\" sizes=\"(max-width: 750px) 100vw, 750px\" \/><p id=\"caption-attachment-170\" class=\"wp-caption-text\">Figura\u00a090<\/p><\/div>\n<p>&nbsp;<\/p>\n<h4><strong>Conclusiones<\/strong><\/h4>\n<p>La composici\u00f3n de p\u00e1rrafo presenta como par\u00e1metro principal la llamada alineaci\u00f3n o justificaci\u00f3n de p\u00e1rrafo. Hay cuatro estructuras tipogr\u00e1ficas convencionales b\u00e1sicas: alineaci\u00f3n a la izquierda, alineaci\u00f3n a la derecha, en el centro o justificado.<\/p>\n<p>&nbsp;<\/p>","protected":false},"excerpt":{"rendered":"<p>3.2. Alineaci\u00f3n La composici\u00f3n de p\u00e1rrafo presenta como par\u00e1metro principal la llamada alineaci\u00f3n o justificaci\u00f3n de p\u00e1rrafo. Hay cuatro estructuras tipogr\u00e1ficas convencionales b\u00e1sicas: alineaci\u00f3n a la izquierda, alineaci\u00f3n a la derecha, en el centro o justificado. &nbsp; Alineaci\u00f3n a la izquierda Es la composici\u00f3n de p\u00e1rrafo m\u00e1s habitual en los textos de lectura occidental. En [&hellip;]<\/p>\n","protected":false},"author":1,"featured_media":0,"parent":0,"menu_order":0,"comment_status":"closed","ping_status":"closed","template":"","meta":[],"acf":[],"_links":{"self":[{"href":"http:\/\/disseny.recursos.uoc.edu\/recursos\/tipo\/es\/wp-json\/wp\/v2\/pages\/224"}],"collection":[{"href":"http:\/\/disseny.recursos.uoc.edu\/recursos\/tipo\/es\/wp-json\/wp\/v2\/pages"}],"about":[{"href":"http:\/\/disseny.recursos.uoc.edu\/recursos\/tipo\/es\/wp-json\/wp\/v2\/types\/page"}],"author":[{"embeddable":true,"href":"http:\/\/disseny.recursos.uoc.edu\/recursos\/tipo\/es\/wp-json\/wp\/v2\/users\/1"}],"replies":[{"embeddable":true,"href":"http:\/\/disseny.recursos.uoc.edu\/recursos\/tipo\/es\/wp-json\/wp\/v2\/comments?post=224"}],"version-history":[{"count":11,"href":"http:\/\/disseny.recursos.uoc.edu\/recursos\/tipo\/es\/wp-json\/wp\/v2\/pages\/224\/revisions"}],"predecessor-version":[{"id":908,"href":"http:\/\/disseny.recursos.uoc.edu\/recursos\/tipo\/es\/wp-json\/wp\/v2\/pages\/224\/revisions\/908"}],"wp:attachment":[{"href":"http:\/\/disseny.recursos.uoc.edu\/recursos\/tipo\/es\/wp-json\/wp\/v2\/media?parent=224"}],"curies":[{"name":"wp","href":"https:\/\/api.w.org\/{rel}","templated":true}]}}