{"id":2,"date":"2017-01-24T10:10:28","date_gmt":"2017-01-24T10:10:28","guid":{"rendered":"http:\/\/disseny.recursos.uoc.edu\/recursos\/tipo\/?page_id=2"},"modified":"2017-02-22T15:14:02","modified_gmt":"2017-02-22T15:14:02","slug":"1-lletres-1","status":"publish","type":"page","link":"http:\/\/disseny.recursos.uoc.edu\/recursos\/tipo\/es\/1-lletres-1\/","title":{"rendered":"1. Letras"},"content":{"rendered":"<p><\/p>\n<h3><strong>1.1. Qu\u00e9 es la tipograf\u00eda<\/strong><\/h3>\n<p>El t\u00e9rmino <em>tipograf\u00eda<\/em>, que originariamente hac\u00eda referencia al arte de imprimir libros, proviene de las palabras griegas <em>typos<\/em> (\u2018golpe\u2019, \u2018sello\u2019, \u2018impronta\u2019) y <em>grapho<\/em> (\u2018escribir\u2019). La tipograf\u00eda se entiende hoy en d\u00eda como la disciplina que tiene como objetivo hacer la apariencia de un texto tan atractiva y funcional como sea posible para captar la atenci\u00f3n del lector y convertir su lectura en una experiencia eficaz y placiente.<\/p>\n<p>En palabras de Stanley Morison (1929), la tipograf\u00eda es:<\/p>\n<div class=\"cita\">\n<p>\u00abel arte de disponer correctamente el material de imprimir con el prop\u00f3sito de prestar al lector la m\u00e1xima ayuda para la comprensi\u00f3n del texto\u00bb (Stanley Morison, 1929).<\/p>\n<\/div>\n<p>Por su parte, el dise\u00f1ador y tip\u00f3grafo Otl Aicher explica que:<\/p>\n<div class=\"cita\">\n<p>\u00abla tipograf\u00eda trata de encontrar el tama\u00f1o y la cantidad correcta de caracteres para gustar a un ojo exigente y satisfacerlo. [\u2026] No es m\u00e1s que el arte de descubrir las preferencias visuales del lector y ofrecerle la informaci\u00f3n de forma tan tentadora que no pueda evitar su lectura\u00bb (Otl Aicher, 1989).<\/p>\n<\/div>\n<p>Una definici\u00f3n de <em>tipograf\u00eda<\/em> m\u00e1s actualizada es la que hace Daniel Rodr\u00edguez-Valero ampliando la de Gerrit Noordzij:<\/p>\n<div class=\"cita\">\n<p>\u00abtipograf\u00eda es escritura con letras prefabricadas que han sido almacenadas y dispuestas f\u00edsica o inform\u00e1ticamente\u00bb (Daniel Rodr\u00edguez-Valero, 2016).<\/p>\n<\/div>\n<p>Con esto pretende diferenciar la tipograf\u00eda (escritura en diferido) de la caligraf\u00eda y la rotulaci\u00f3n (escritura en directo o quirograf\u00eda).<\/p>\n<p>&nbsp;<\/p>\n<h4><strong>Conclusiones<\/strong><\/h4>\n<p>La tipograf\u00eda se entiende hoy en d\u00eda como la disciplina que tiene como objetivo hacer la apariencia de un texto tan atractiva y funcional como sea posible para captar la atenci\u00f3n del lector y convertir su lectura en una experiencia eficaz y placiente.<\/p>","protected":false},"excerpt":{"rendered":"<p>1.1. Qu\u00e9 es la tipograf\u00eda El t\u00e9rmino tipograf\u00eda, que originariamente hac\u00eda referencia al arte de imprimir libros, proviene de las palabras griegas typos (\u2018golpe\u2019, \u2018sello\u2019, \u2018impronta\u2019) y grapho (\u2018escribir\u2019). La tipograf\u00eda se entiende hoy en d\u00eda como la disciplina que tiene como objetivo hacer la apariencia de un texto tan atractiva y funcional como sea [&hellip;]<\/p>\n","protected":false},"author":1,"featured_media":0,"parent":0,"menu_order":0,"comment_status":"closed","ping_status":"closed","template":"","meta":[],"acf":[],"_links":{"self":[{"href":"http:\/\/disseny.recursos.uoc.edu\/recursos\/tipo\/es\/wp-json\/wp\/v2\/pages\/2"}],"collection":[{"href":"http:\/\/disseny.recursos.uoc.edu\/recursos\/tipo\/es\/wp-json\/wp\/v2\/pages"}],"about":[{"href":"http:\/\/disseny.recursos.uoc.edu\/recursos\/tipo\/es\/wp-json\/wp\/v2\/types\/page"}],"author":[{"embeddable":true,"href":"http:\/\/disseny.recursos.uoc.edu\/recursos\/tipo\/es\/wp-json\/wp\/v2\/users\/1"}],"replies":[{"embeddable":true,"href":"http:\/\/disseny.recursos.uoc.edu\/recursos\/tipo\/es\/wp-json\/wp\/v2\/comments?post=2"}],"version-history":[{"count":12,"href":"http:\/\/disseny.recursos.uoc.edu\/recursos\/tipo\/es\/wp-json\/wp\/v2\/pages\/2\/revisions"}],"predecessor-version":[{"id":517,"href":"http:\/\/disseny.recursos.uoc.edu\/recursos\/tipo\/es\/wp-json\/wp\/v2\/pages\/2\/revisions\/517"}],"wp:attachment":[{"href":"http:\/\/disseny.recursos.uoc.edu\/recursos\/tipo\/es\/wp-json\/wp\/v2\/media?parent=2"}],"curies":[{"name":"wp","href":"https:\/\/api.w.org\/{rel}","templated":true}]}}