{"id":146,"date":"2017-01-26T10:24:32","date_gmt":"2017-01-26T10:24:32","guid":{"rendered":"http:\/\/disseny.recursos.uoc.edu\/recursos\/tipo\/?page_id=146"},"modified":"2021-07-19T13:53:23","modified_gmt":"2021-07-19T13:53:23","slug":"2-frases-3","status":"publish","type":"page","link":"http:\/\/disseny.recursos.uoc.edu\/recursos\/tipo\/es\/2-frases-3\/","title":{"rendered":"2. Palabras"},"content":{"rendered":"<p><\/p>\n<h3><strong>2.3. Jerarqu\u00eda tipogr\u00e1fica<\/strong><\/h3>\n<p>El orden de los elementos es una tarea fundamental para el dise\u00f1ador. Permite una comunicaci\u00f3n m\u00e1s \u00e1gil y clara. La jerarqu\u00eda visual ordena los contenidos, dando m\u00e1s o menos importancia a cada elemento. Puede transmitirse mediante variaciones espaciales (sangrado, interlineado, ubicaci\u00f3n) y gr\u00e1ficas (escala, estilo, color). Cada elemento tendr\u00e1 un nivel de jerarqu\u00eda en funci\u00f3n del recurso (o recursos) que se aplique. Es esencial mantener el mismo criterio en cada material para evitar confundir al lector (por ejemplo, todos los subt\u00edtulos del mismo nivel con la misma serie).<\/p>\n<p>Hay una infinidad de posibilidades, pero debe evitarse caer en la redundancia. Se recomienda utilizar los m\u00ednimos recursos para cada nivel y nunca m\u00e1s de tres. Si se utilizan demasiados, se pierde la fuerza de cada uno de los recursos aplicados.<\/p>\n<div id=\"attachment_148\" style=\"width: 760px\" class=\"wp-caption alignnone\"><img aria-describedby=\"caption-attachment-148\" loading=\"lazy\" class=\"img-responsive wp-image-148 size-full\" src=\"http:\/\/disseny.recursos.uoc.edu\/recursos\/tipo\/wp-content\/uploads\/sites\/18\/2017\/01\/Tipografia_Materiales-M3_Pagina_02_Imagen_0001.png\" alt=\"Figura 47\" width=\"750\" height=\"17\" srcset=\"http:\/\/disseny.recursos.uoc.edu\/recursos\/tipo\/wp-content\/uploads\/sites\/18\/2017\/01\/Tipografia_Materiales-M3_Pagina_02_Imagen_0001.png 750w, http:\/\/disseny.recursos.uoc.edu\/recursos\/tipo\/wp-content\/uploads\/sites\/18\/2017\/01\/Tipografia_Materiales-M3_Pagina_02_Imagen_0001-300x7.png 300w\" sizes=\"(max-width: 750px) 100vw, 750px\" \/><p id=\"caption-attachment-148\" class=\"wp-caption-text\">Figura\u00a052<\/p><\/div>\n<p>Una familia tipogr\u00e1fica completa ofrece muchos recursos, pero es importante no excederse en la utilizaci\u00f3n de demasiadas series. Con una familia con muchos pesos pueden conseguirse diferentes niveles de contraste. Un contraste bajo es poco eficaz y confuso, mientras que un contraste alto debe utilizarse con moderaci\u00f3n.<\/p>\n<div id=\"attachment_149\" style=\"width: 760px\" class=\"wp-caption alignnone\"><img aria-describedby=\"caption-attachment-149\" loading=\"lazy\" class=\"img-responsive wp-image-149 size-full\" src=\"http:\/\/disseny.recursos.uoc.edu\/recursos\/tipo\/wp-content\/uploads\/sites\/18\/2017\/01\/Tipografia_Materiales-M3_Pagina_02_Imagen_0002.png\" alt=\"Figura 48\" width=\"750\" height=\"34\" srcset=\"http:\/\/disseny.recursos.uoc.edu\/recursos\/tipo\/wp-content\/uploads\/sites\/18\/2017\/01\/Tipografia_Materiales-M3_Pagina_02_Imagen_0002.png 750w, http:\/\/disseny.recursos.uoc.edu\/recursos\/tipo\/wp-content\/uploads\/sites\/18\/2017\/01\/Tipografia_Materiales-M3_Pagina_02_Imagen_0002-300x14.png 300w\" sizes=\"(max-width: 750px) 100vw, 750px\" \/><p id=\"caption-attachment-149\" class=\"wp-caption-text\">Figura\u00a053<\/p><\/div>\n<p>El uso de diferentes familias tambi\u00e9n puede ayudar a jerarquizar, pero es esencial que la elecci\u00f3n ofrezca una buena combinaci\u00f3n y no usar m\u00e1s de dos o tres familias en un mismo material. Igual que con la combinaci\u00f3n de series, debe haber un cierto contraste para hacer evidente la jerarqu\u00eda. Para ello es recomendable evitar combinaciones de familias del mismo estilo o similar; por ejemplo, Times con Georgia o Futura con Avenir.<\/p>\n<div id=\"attachment_150\" style=\"width: 760px\" class=\"wp-caption alignnone\"><img aria-describedby=\"caption-attachment-150\" loading=\"lazy\" class=\"img-responsive wp-image-150 size-full\" src=\"http:\/\/disseny.recursos.uoc.edu\/recursos\/tipo\/wp-content\/uploads\/sites\/18\/2017\/01\/Tipografia_Materiales-M3_Pagina_02_Imagen_0003.png\" alt=\"Figura 49\" width=\"750\" height=\"122\" srcset=\"http:\/\/disseny.recursos.uoc.edu\/recursos\/tipo\/wp-content\/uploads\/sites\/18\/2017\/01\/Tipografia_Materiales-M3_Pagina_02_Imagen_0003.png 750w, http:\/\/disseny.recursos.uoc.edu\/recursos\/tipo\/wp-content\/uploads\/sites\/18\/2017\/01\/Tipografia_Materiales-M3_Pagina_02_Imagen_0003-300x49.png 300w\" sizes=\"(max-width: 750px) 100vw, 750px\" \/><p id=\"caption-attachment-150\" class=\"wp-caption-text\">Figura\u00a054<\/p><\/div>\n<p>Para resaltar una palabra o frase en un texto continuo es suficiente con una se\u00f1al. En general se utiliza la serie it\u00e1lica, aunque pueden usarse otros muchos recursos (cambio de peso, caja alta, cambio de color, etc.).<\/p>\n<div id=\"attachment_151\" style=\"width: 760px\" class=\"wp-caption alignnone\"><img aria-describedby=\"caption-attachment-151\" loading=\"lazy\" class=\"img-responsive wp-image-151 size-full\" src=\"http:\/\/disseny.recursos.uoc.edu\/recursos\/tipo\/wp-content\/uploads\/sites\/18\/2017\/01\/Tipografia_Materiales-M3_Pagina_02_Imagen_0004.png\" alt=\"Figura 50\" width=\"750\" height=\"135\" srcset=\"http:\/\/disseny.recursos.uoc.edu\/recursos\/tipo\/wp-content\/uploads\/sites\/18\/2017\/01\/Tipografia_Materiales-M3_Pagina_02_Imagen_0004.png 750w, http:\/\/disseny.recursos.uoc.edu\/recursos\/tipo\/wp-content\/uploads\/sites\/18\/2017\/01\/Tipografia_Materiales-M3_Pagina_02_Imagen_0004-300x54.png 300w\" sizes=\"(max-width: 750px) 100vw, 750px\" \/><p id=\"caption-attachment-151\" class=\"wp-caption-text\">Figura\u00a055<\/p><\/div>\n<p>Se puede organizar la misma informaci\u00f3n con numerosas variaciones simples utilizando solo una familia tipogr\u00e1fica. Es fundamental comprender la importancia de cada elemento para poder hacer una jerarqu\u00eda adecuada. Se trata de destacar la informaci\u00f3n prioritaria que permita comprender lo m\u00e1s r\u00e1pidamente posible el mensaje que pretende comunicarse.<\/p>\n<div id=\"attachment_152\" style=\"width: 760px\" class=\"wp-caption alignnone\"><img aria-describedby=\"caption-attachment-152\" loading=\"lazy\" class=\"img-responsive wp-image-152 size-full\" src=\"http:\/\/disseny.recursos.uoc.edu\/recursos\/tipo\/wp-content\/uploads\/sites\/18\/2017\/01\/Tipografia_Materiales-M3_Pagina_03_Imagen_0001.png\" alt=\"Figura 51\" width=\"750\" height=\"818\" srcset=\"http:\/\/disseny.recursos.uoc.edu\/recursos\/tipo\/wp-content\/uploads\/sites\/18\/2017\/01\/Tipografia_Materiales-M3_Pagina_03_Imagen_0001.png 750w, http:\/\/disseny.recursos.uoc.edu\/recursos\/tipo\/wp-content\/uploads\/sites\/18\/2017\/01\/Tipografia_Materiales-M3_Pagina_03_Imagen_0001-275x300.png 275w\" sizes=\"(max-width: 750px) 100vw, 750px\" \/><p id=\"caption-attachment-152\" class=\"wp-caption-text\">Figura\u00a056<\/p><\/div>\n<p>Uno de los elementos m\u00e1s importantes de un libro es el \u00edndice de contenidos. Su funci\u00f3n b\u00e1sica es ayudar a los lectores a encontrar informaci\u00f3n relevante y proporcionar un esquema visual de c\u00f3mo se organiza el libro. Es importante que su dise\u00f1o sea funcional, pero tambi\u00e9n debe ser visualmente atractivo, puesto que es una de las p\u00e1ginas que los posibles compradores suelen mirar. A veces tambi\u00e9n hay que diferenciar los contenidos en varios idiomas. En el siguiente ejemplo puede verse un \u00edndice en ingl\u00e9s (p\u00e1gina izquierda) y en castellano (p\u00e1gina derecha).<\/p>\n<div id=\"attachment_153\" style=\"width: 760px\" class=\"wp-caption alignnone\"><img aria-describedby=\"caption-attachment-153\" loading=\"lazy\" class=\"img-responsive wp-image-153 size-full\" src=\"http:\/\/disseny.recursos.uoc.edu\/recursos\/tipo\/wp-content\/uploads\/sites\/18\/2017\/01\/Tipografia_Materiales-M3_Pagina_04_Imagen_0001.png\" alt=\"Figura 52. Cat\u00e0leg \u00abLienzo Norte\u00bb\" width=\"750\" height=\"530\" srcset=\"http:\/\/disseny.recursos.uoc.edu\/recursos\/tipo\/wp-content\/uploads\/sites\/18\/2017\/01\/Tipografia_Materiales-M3_Pagina_04_Imagen_0001.png 750w, http:\/\/disseny.recursos.uoc.edu\/recursos\/tipo\/wp-content\/uploads\/sites\/18\/2017\/01\/Tipografia_Materiales-M3_Pagina_04_Imagen_0001-300x212.png 300w\" sizes=\"(max-width: 750px) 100vw, 750px\" \/><p id=\"caption-attachment-153\" class=\"wp-caption-text\">Figura 57. Cat\u00e1logo \u00abLienzo Norte\u00bb<\/p><\/div>\n<h6>Fuente: <a href=\"http:\/\/inesbullich.com\/portfolio\/lienzo-norte\/\" target=\"_blank\" rel=\"noopener noreferrer\">http:\/\/inesbullich.com\/portfolio\/lienzo-norte<\/a><\/h6>\n<p>&nbsp;<\/p>\n<h4><strong>Conclusiones<\/strong><\/h4>\n<p>El orden de los elementos permite una comunicaci\u00f3n m\u00e1s \u00e1gil y clara. La jerarqu\u00eda visual ordena los contenidos, dando m\u00e1s o menos importancia a cada elemento.<\/p>\n<p>Cada elemento tendr\u00e1 un nivel de jerarqu\u00eda en funci\u00f3n del recurso (o recursos) que se aplique. Se recomienda utilizar los m\u00ednimos recursos para cada nivel y nunca m\u00e1s de tres.<\/p>\n<p>Puede organizarse la misma informaci\u00f3n con numerosas variaciones simples utilizando solo una familia tipogr\u00e1fica. Es fundamental comprender la importancia de cada elemento para poder hacer una jerarqu\u00eda adecuada. Se trata de destacar la informaci\u00f3n prioritaria que permita comprender lo m\u00e1s r\u00e1pidamente posible el mensaje que pretende comunicarse.<\/p>\n<p>Uno de los elementos m\u00e1s importantes de un libro es el \u00edndice de contenidos. Su funci\u00f3n b\u00e1sica es ayudar a los lectores a encontrar informaci\u00f3n relevante y proporcionar un esquema visual de c\u00f3mo se organiza el libro.<\/p>\n<p>&nbsp;<\/p>","protected":false},"excerpt":{"rendered":"<p>2.3. Jerarqu\u00eda tipogr\u00e1fica El orden de los elementos es una tarea fundamental para el dise\u00f1ador. Permite una comunicaci\u00f3n m\u00e1s \u00e1gil y clara. La jerarqu\u00eda visual ordena los contenidos, dando m\u00e1s o menos importancia a cada elemento. Puede transmitirse mediante variaciones espaciales (sangrado, interlineado, ubicaci\u00f3n) y gr\u00e1ficas (escala, estilo, color). Cada elemento tendr\u00e1 un nivel de [&hellip;]<\/p>\n","protected":false},"author":1,"featured_media":0,"parent":0,"menu_order":0,"comment_status":"closed","ping_status":"closed","template":"","meta":[],"acf":[],"_links":{"self":[{"href":"http:\/\/disseny.recursos.uoc.edu\/recursos\/tipo\/es\/wp-json\/wp\/v2\/pages\/146"}],"collection":[{"href":"http:\/\/disseny.recursos.uoc.edu\/recursos\/tipo\/es\/wp-json\/wp\/v2\/pages"}],"about":[{"href":"http:\/\/disseny.recursos.uoc.edu\/recursos\/tipo\/es\/wp-json\/wp\/v2\/types\/page"}],"author":[{"embeddable":true,"href":"http:\/\/disseny.recursos.uoc.edu\/recursos\/tipo\/es\/wp-json\/wp\/v2\/users\/1"}],"replies":[{"embeddable":true,"href":"http:\/\/disseny.recursos.uoc.edu\/recursos\/tipo\/es\/wp-json\/wp\/v2\/comments?post=146"}],"version-history":[{"count":14,"href":"http:\/\/disseny.recursos.uoc.edu\/recursos\/tipo\/es\/wp-json\/wp\/v2\/pages\/146\/revisions"}],"predecessor-version":[{"id":904,"href":"http:\/\/disseny.recursos.uoc.edu\/recursos\/tipo\/es\/wp-json\/wp\/v2\/pages\/146\/revisions\/904"}],"wp:attachment":[{"href":"http:\/\/disseny.recursos.uoc.edu\/recursos\/tipo\/es\/wp-json\/wp\/v2\/media?parent=146"}],"curies":[{"name":"wp","href":"https:\/\/api.w.org\/{rel}","templated":true}]}}