{"id":139,"date":"2017-01-26T09:53:35","date_gmt":"2017-01-26T09:53:35","guid":{"rendered":"http:\/\/disseny.recursos.uoc.edu\/recursos\/tipo\/?page_id=139"},"modified":"2021-07-19T13:22:16","modified_gmt":"2021-07-19T13:22:16","slug":"2-paraules-1","status":"publish","type":"page","link":"http:\/\/disseny.recursos.uoc.edu\/recursos\/tipo\/es\/2-paraules-1\/","title":{"rendered":"2. Palabras"},"content":{"rendered":"<p><\/p>\n<h3><strong>2.1. El espaciado del tipo y el cuadrat\u00edn<\/strong><\/h3>\n<p>Hasta el momento hemos estudiado las medidas tipogr\u00e1ficas en el eje vertical (ascendentes, altura x y descendentes), pero tambi\u00e9n debemos tener en cuenta las medidas horizontales, que determinar\u00e1n el espacio de ancho y el espaciado del tipo.<\/p>\n<p>El <strong>cuadrat\u00edn<\/strong> es una unidad de medida no absoluta que equivale a un cuadrado que tiene por cada lado tantos puntos como el cuerpo al que pertenece. Esta unidad relativa de medida es una herencia tipogr\u00e1fica anterior a la digitalizaci\u00f3n de las letras. En los inicios de la tipograf\u00eda la letra <em>m<\/em> ocupaba toda la pieza de metal y formaba un cuadrado perfecto dentro del tipo (<em>em<\/em> en ingl\u00e9s), y la letra <em>n<\/em> equival\u00eda al medio cuadrat\u00edn (<em>en<\/em>). Es decir, cuando componemos en un tipo de 12 puntos, el cuadrat\u00edn es un cuadrado de 12 puntos de lado y el medio cuadrat\u00edn es un rect\u00e1ngulo de 6 x 12 puntos.<\/p>\n<div id=\"attachment_46\" style=\"width: 760px\" class=\"wp-caption alignnone\"><img aria-describedby=\"caption-attachment-46\" loading=\"lazy\" class=\"img-responsive wp-image-46 size-full\" src=\"http:\/\/disseny.recursos.uoc.edu\/recursos\/tipo\/wp-content\/uploads\/sites\/18\/2017\/01\/2.1.quadratins.png\" alt=\"Figura 43. Proporciones del cuadrat\u00edn, medio cuadrat\u00edn, un tercio de cuadrat\u00edn, un cuarto de cuadrat\u00edn y un octavo de cuadrat\u00edn\" width=\"750\" height=\"201\" srcset=\"http:\/\/disseny.recursos.uoc.edu\/recursos\/tipo\/wp-content\/uploads\/sites\/18\/2017\/01\/2.1.quadratins.png 750w, http:\/\/disseny.recursos.uoc.edu\/recursos\/tipo\/wp-content\/uploads\/sites\/18\/2017\/01\/2.1.quadratins-300x80.png 300w\" sizes=\"(max-width: 750px) 100vw, 750px\" \/><p id=\"caption-attachment-46\" class=\"wp-caption-text\">Figura 46. Proporciones del cuadrat\u00edn, medio cuadrat\u00edn, un tercio de cuadrat\u00edn, un cuarto de cuadrat\u00edn y un octavo de cuadrat\u00edn<\/p><\/div>\n<p>El cuadrat\u00edn se usa como base para establecer la separaci\u00f3n entre palabras, que oscila generalmente entre un tercio y un cuarto de cuadrat\u00edn, y tambi\u00e9n para determinar la sangr\u00eda de p\u00e1rrafo. Por lo tanto, el espaciado del tipo es un factor que en \u00faltima instancia depende de su tama\u00f1o.<\/p>\n<p>&nbsp;<\/p>\n<h4><strong>Conclusiones<\/strong><\/h4>\n<p>El <strong>cuadrat\u00edn<\/strong> es una unidad de medida no absoluta que equivale a un cuadrado que tiene por cada lado tantos puntos como el cuerpo al que pertenece. Por lo tanto, el espaciado del tipo es un factor que en \u00faltima instancia depende de su tama\u00f1o.<\/p>","protected":false},"excerpt":{"rendered":"<p>2.1. El espaciado del tipo y el cuadrat\u00edn Hasta el momento hemos estudiado las medidas tipogr\u00e1ficas en el eje vertical (ascendentes, altura x y descendentes), pero tambi\u00e9n debemos tener en cuenta las medidas horizontales, que determinar\u00e1n el espacio de ancho y el espaciado del tipo. El cuadrat\u00edn es una unidad de medida no absoluta que [&hellip;]<\/p>\n","protected":false},"author":1,"featured_media":0,"parent":0,"menu_order":0,"comment_status":"closed","ping_status":"closed","template":"","meta":[],"acf":[],"_links":{"self":[{"href":"http:\/\/disseny.recursos.uoc.edu\/recursos\/tipo\/es\/wp-json\/wp\/v2\/pages\/139"}],"collection":[{"href":"http:\/\/disseny.recursos.uoc.edu\/recursos\/tipo\/es\/wp-json\/wp\/v2\/pages"}],"about":[{"href":"http:\/\/disseny.recursos.uoc.edu\/recursos\/tipo\/es\/wp-json\/wp\/v2\/types\/page"}],"author":[{"embeddable":true,"href":"http:\/\/disseny.recursos.uoc.edu\/recursos\/tipo\/es\/wp-json\/wp\/v2\/users\/1"}],"replies":[{"embeddable":true,"href":"http:\/\/disseny.recursos.uoc.edu\/recursos\/tipo\/es\/wp-json\/wp\/v2\/comments?post=139"}],"version-history":[{"count":11,"href":"http:\/\/disseny.recursos.uoc.edu\/recursos\/tipo\/es\/wp-json\/wp\/v2\/pages\/139\/revisions"}],"predecessor-version":[{"id":897,"href":"http:\/\/disseny.recursos.uoc.edu\/recursos\/tipo\/es\/wp-json\/wp\/v2\/pages\/139\/revisions\/897"}],"wp:attachment":[{"href":"http:\/\/disseny.recursos.uoc.edu\/recursos\/tipo\/es\/wp-json\/wp\/v2\/media?parent=139"}],"curies":[{"name":"wp","href":"https:\/\/api.w.org\/{rel}","templated":true}]}}