{"id":131,"date":"2017-01-26T09:02:01","date_gmt":"2017-01-26T09:02:01","guid":{"rendered":"http:\/\/disseny.recursos.uoc.edu\/recursos\/tipo\/?page_id=131"},"modified":"2021-07-19T12:00:50","modified_gmt":"2021-07-19T12:00:50","slug":"1-lletres-16","status":"publish","type":"page","link":"http:\/\/disseny.recursos.uoc.edu\/recursos\/tipo\/es\/1-lletres-16\/","title":{"rendered":"1. Letras"},"content":{"rendered":"<p><\/p>\n<h3><strong>1.7. Clasificaci\u00f3n tipogr\u00e1fica<\/strong><\/h3>\n<h4><strong>1.7.4. Nuevas romanas de lectura\u00a0<\/strong>(ya hay ejemplos en el texto)<\/h4>\n<p>Una tipolog\u00eda de letra que es interesante destacar y conocer pero que habitualmente no ha sido recogida en las clasificaciones de la bibliograf\u00eda tipogr\u00e1fica can\u00f3nica es la de las nuevas romanas de lectura, tambi\u00e9n llamadas escocesas. Son letras con serifa de contraformas abiertas, ascendentes y descendentes cortos y ojo medio amplio. Est\u00e1n consideradas las tipograf\u00edas ideales para la edici\u00f3n de textos en sistemas de reproducci\u00f3n de baja calidad, principalmente peri\u00f3dicos y revistas. Pertenecen a esta categor\u00eda letras como Georgia, Miller, Chronicle, Century, Bookman, etc.<\/p>\n<div id=\"attachment_799\" style=\"width: 460px\" class=\"wp-caption alignleft\"><img aria-describedby=\"caption-attachment-799\" loading=\"lazy\" class=\"img-responsive wp-image-799\" src=\"http:\/\/disseny.recursos.uoc.edu\/recursos\/tipo\/wp-content\/uploads\/sites\/18\/2021\/07\/1.7.4.13-bergona.jpg\" alt=\"\" width=\"450\" height=\"131\" srcset=\"http:\/\/disseny.recursos.uoc.edu\/recursos\/tipo\/wp-content\/uploads\/sites\/18\/2021\/07\/1.7.4.13-bergona.jpg 840w, http:\/\/disseny.recursos.uoc.edu\/recursos\/tipo\/wp-content\/uploads\/sites\/18\/2021\/07\/1.7.4.13-bergona-300x88.jpg 300w, http:\/\/disseny.recursos.uoc.edu\/recursos\/tipo\/wp-content\/uploads\/sites\/18\/2021\/07\/1.7.4.13-bergona-768x224.jpg 768w\" sizes=\"(max-width: 450px) 100vw, 450px\" \/><p id=\"caption-attachment-799\" class=\"wp-caption-text\">Figura 44. Tipograf\u00eda Georgia (1996), dise\u00f1ada por Matthew Carter para <em>Microsoft<\/em><\/p><\/div>\n<p>&nbsp;<\/p>\n<h4><strong>Conclusiones<\/strong><\/h4>\n<p>Las nuevas romanas de lectura son letras con serifa de contraformas abiertas, ascendentes y descendentes cortos y ojo medio amplio.<\/p>\n<p>&nbsp;<\/p>","protected":false},"excerpt":{"rendered":"<p>1.7. Clasificaci\u00f3n tipogr\u00e1fica 1.7.4. Nuevas romanas de lectura\u00a0(ya hay ejemplos en el texto) Una tipolog\u00eda de letra que es interesante destacar y conocer pero que habitualmente no ha sido recogida en las clasificaciones de la bibliograf\u00eda tipogr\u00e1fica can\u00f3nica es la de las nuevas romanas de lectura, tambi\u00e9n llamadas escocesas. Son letras con serifa de contraformas [&hellip;]<\/p>\n","protected":false},"author":1,"featured_media":0,"parent":0,"menu_order":0,"comment_status":"closed","ping_status":"closed","template":"","meta":[],"acf":[],"_links":{"self":[{"href":"http:\/\/disseny.recursos.uoc.edu\/recursos\/tipo\/es\/wp-json\/wp\/v2\/pages\/131"}],"collection":[{"href":"http:\/\/disseny.recursos.uoc.edu\/recursos\/tipo\/es\/wp-json\/wp\/v2\/pages"}],"about":[{"href":"http:\/\/disseny.recursos.uoc.edu\/recursos\/tipo\/es\/wp-json\/wp\/v2\/types\/page"}],"author":[{"embeddable":true,"href":"http:\/\/disseny.recursos.uoc.edu\/recursos\/tipo\/es\/wp-json\/wp\/v2\/users\/1"}],"replies":[{"embeddable":true,"href":"http:\/\/disseny.recursos.uoc.edu\/recursos\/tipo\/es\/wp-json\/wp\/v2\/comments?post=131"}],"version-history":[{"count":11,"href":"http:\/\/disseny.recursos.uoc.edu\/recursos\/tipo\/es\/wp-json\/wp\/v2\/pages\/131\/revisions"}],"predecessor-version":[{"id":893,"href":"http:\/\/disseny.recursos.uoc.edu\/recursos\/tipo\/es\/wp-json\/wp\/v2\/pages\/131\/revisions\/893"}],"wp:attachment":[{"href":"http:\/\/disseny.recursos.uoc.edu\/recursos\/tipo\/es\/wp-json\/wp\/v2\/media?parent=131"}],"curies":[{"name":"wp","href":"https:\/\/api.w.org\/{rel}","templated":true}]}}