{"id":105,"date":"2017-01-25T15:42:46","date_gmt":"2017-01-25T15:42:46","guid":{"rendered":"http:\/\/disseny.recursos.uoc.edu\/recursos\/tipo\/?page_id=105"},"modified":"2021-10-28T11:11:14","modified_gmt":"2021-10-28T11:11:14","slug":"1-lletres-8","status":"publish","type":"page","link":"http:\/\/disseny.recursos.uoc.edu\/recursos\/tipo\/es\/1-lletres-8\/","title":{"rendered":"1. Letras"},"content":{"rendered":"<p><\/p>\n<h3><strong>1.6. Anatom\u00eda del tipo<\/strong><\/h3>\n<h4><strong>1.6.3. Partes y elementos de los caracteres<\/strong><\/h4>\n<p>El vocabulario t\u00e9cnico empleado para describir el car\u00e1cter a escala microtipogr\u00e1fica tiene un uso muy restringido y hoy en d\u00eda pr\u00e1cticamente se limita al \u00e1mbito de los dise\u00f1adores de tipograf\u00edas y otros profesionales especializados. Adem\u00e1s, en la bibliograf\u00eda tipogr\u00e1fica no existe un consenso terminol\u00f3gico en cuanto a las partes de las letras, de modo que algunos t\u00e9rminos generan confusi\u00f3n (gancho, cola, barra, filete, arco, panza, etc.).<\/p>\n<p>Las partes fijas de las letras son aquellas de las que no podemos prescindir porque definen el car\u00e1cter. Algunos elementos fijos importantes son <strong>ascendente<\/strong> (7), <strong>descendente<\/strong> (6), <strong>asta<\/strong> (3), <strong>larguero <\/strong>o <strong>asta transversal<\/strong> (2), <strong>contrapunz\u00f3n o contraforma <\/strong>(4), <strong>arco <\/strong>u <strong>hombro <\/strong>(9), <strong>espina<\/strong> (10), <strong>v\u00e9rtice<\/strong> (1), etc.<\/p>\n<p>Los elementos gr\u00e1ficos opcionales son los que no definen partes estructurales de la letra pero aportan riqueza formal al car\u00e1cter. Las partes opcionales m\u00e1s importantes son <strong>remate<\/strong>, <strong>gracia <\/strong>o <strong>serif<\/strong>a (8), <strong>u\u00f1a <\/strong>o <strong>gancho <\/strong>(11), <strong>l\u00e1grima <\/strong>o <strong>gota <\/strong>(12), <strong>cola<\/strong> (5), <strong>cuello<\/strong> (13), etc.<\/p>\n<div id=\"attachment_23\" style=\"width: 460px\" class=\"wp-caption alignnone\"><img aria-describedby=\"caption-attachment-23\" loading=\"lazy\" class=\"img-responsive wp-image-23 size-full\" src=\"http:\/\/disseny.recursos.uoc.edu\/recursos\/tipo\/wp-content\/uploads\/sites\/18\/2017\/01\/1.6.3.parts-lletra.png\" alt=\"Figura 17. Tipografia: ITC Century Bold Condensed\" width=\"450\" height=\"145\" srcset=\"http:\/\/disseny.recursos.uoc.edu\/recursos\/tipo\/wp-content\/uploads\/sites\/18\/2017\/01\/1.6.3.parts-lletra.png 450w, http:\/\/disseny.recursos.uoc.edu\/recursos\/tipo\/wp-content\/uploads\/sites\/18\/2017\/01\/1.6.3.parts-lletra-300x97.png 300w\" sizes=\"(max-width: 450px) 100vw, 450px\" \/><p id=\"caption-attachment-23\" class=\"wp-caption-text\">Figura 22. Tipograf\u00eda: ITC Century Bold Condensed<\/p><\/div>\n<p>&nbsp;<\/p>\n<h4><strong>Conclusiones<\/strong><\/h4>\n<p>Las partes fijas de las letras son aquellas de las que no podemos prescindir porque definen el car\u00e1cter.<\/p>\n<p>Los elementos gr\u00e1ficos opcionales son los que no definen partes estructurales de la letra pero aportan riqueza formal al car\u00e1cter.<\/p>\n<p>&nbsp;<\/p>","protected":false},"excerpt":{"rendered":"<p>1.6. Anatom\u00eda del tipo 1.6.3. Partes y elementos de los caracteres El vocabulario t\u00e9cnico empleado para describir el car\u00e1cter a escala microtipogr\u00e1fica tiene un uso muy restringido y hoy en d\u00eda pr\u00e1cticamente se limita al \u00e1mbito de los dise\u00f1adores de tipograf\u00edas y otros profesionales especializados. Adem\u00e1s, en la bibliograf\u00eda tipogr\u00e1fica no existe un consenso terminol\u00f3gico [&hellip;]<\/p>\n","protected":false},"author":1,"featured_media":0,"parent":0,"menu_order":0,"comment_status":"closed","ping_status":"closed","template":"","meta":[],"acf":[],"_links":{"self":[{"href":"http:\/\/disseny.recursos.uoc.edu\/recursos\/tipo\/es\/wp-json\/wp\/v2\/pages\/105"}],"collection":[{"href":"http:\/\/disseny.recursos.uoc.edu\/recursos\/tipo\/es\/wp-json\/wp\/v2\/pages"}],"about":[{"href":"http:\/\/disseny.recursos.uoc.edu\/recursos\/tipo\/es\/wp-json\/wp\/v2\/types\/page"}],"author":[{"embeddable":true,"href":"http:\/\/disseny.recursos.uoc.edu\/recursos\/tipo\/es\/wp-json\/wp\/v2\/users\/1"}],"replies":[{"embeddable":true,"href":"http:\/\/disseny.recursos.uoc.edu\/recursos\/tipo\/es\/wp-json\/wp\/v2\/comments?post=105"}],"version-history":[{"count":15,"href":"http:\/\/disseny.recursos.uoc.edu\/recursos\/tipo\/es\/wp-json\/wp\/v2\/pages\/105\/revisions"}],"predecessor-version":[{"id":979,"href":"http:\/\/disseny.recursos.uoc.edu\/recursos\/tipo\/es\/wp-json\/wp\/v2\/pages\/105\/revisions\/979"}],"wp:attachment":[{"href":"http:\/\/disseny.recursos.uoc.edu\/recursos\/tipo\/es\/wp-json\/wp\/v2\/media?parent=105"}],"curies":[{"name":"wp","href":"https:\/\/api.w.org\/{rel}","templated":true}]}}