{"id":42,"date":"2017-02-03T10:46:23","date_gmt":"2017-02-03T10:46:23","guid":{"rendered":"http:\/\/disseny.recursos.uoc.edu\/recursos\/prod-graf\/?page_id=42"},"modified":"2017-02-03T12:27:18","modified_gmt":"2017-02-03T12:27:18","slug":"4-postimpresion-2","status":"publish","type":"page","link":"http:\/\/disseny.recursos.uoc.edu\/recursos\/prod-graf\/4-postimpresion-2\/","title":{"rendered":"4. Postimpresi\u00f3n"},"content":{"rendered":"<p><\/p>\n<h3><strong>4.2. V\u00eddeos de inter\u00e9s<\/strong><\/h3>\n<p>&nbsp;<\/p>\n<h4><strong>T\u00e9cnicas de barnizado, relieve, estampaci\u00f3n<\/strong><\/h4>\n<p>Breve introducci\u00f3n animada a estas tres t\u00e9cnicas. Facilita algunas operativas interesantes a tener en cuenta desde la autoedici\u00f3n dirigidas a estos procesos.<\/p>\n<p><iframe loading=\"lazy\" src=\"https:\/\/www.youtube.com\/embed\/zm3WPDrl46I\" width=\"560\" height=\"315\" frameborder=\"0\" allowfullscreen=\"allowfullscreen\"><\/iframe><\/p>\n<h4><strong>Troquelado digital (pl\u00f3ter de corte)<\/strong><\/h4>\n<p>Presentaci\u00f3n de un fabricante de su dispositivo digital de corte sobre diferentes soportes y posibilidades gr\u00e1ficas.<\/p>\n<p><iframe loading=\"lazy\" src=\"https:\/\/www.youtube.com\/embed\/VspdjIhSFGU\" width=\"560\" height=\"315\" frameborder=\"0\" allowfullscreen=\"allowfullscreen\"><\/iframe><\/p>\n<h4><strong>Encuadernaci\u00f3n<\/strong><\/h4>\n<p>Breve introducci\u00f3n divulgativa (en castellano) a los diferentes tipos de encuadernaci\u00f3n, as\u00ed como sus or\u00edgenes y procesos.<\/p>\n<p><iframe loading=\"lazy\" src=\"https:\/\/www.youtube.com\/embed\/mXVlx9OZlJI\" width=\"560\" height=\"315\" frameborder=\"0\" allowfullscreen=\"allowfullscreen\"><\/iframe><\/p>\n<h4><strong>Encuadernaci\u00f3n industrial editorial de impresi\u00f3n digital<\/strong><\/h4>\n<p>Presentaci\u00f3n comercial (en ingl\u00e9s) detallada del proceso de encuadernaci\u00f3n de libros impresos en impresi\u00f3n digital.<\/p>\n<p><a href=\"https:\/\/www.youtube.com\/watch?v=Rgkr2akN1uA\" target=\"_blank\">https:\/\/www.youtube.com\/watch?v=Rgkr2akN1uA<\/a><br \/>\n[v\u00eddeo: Inserci\u00f3n desactivada por petici\u00f3n por petici\u00f3n del autor]<\/p>\n<h4><strong>Encuadernaci\u00f3n industrial editorial de impresi\u00f3n \u00f3fset<\/strong><\/h4>\n<p>Presentaci\u00f3n comercial (en ingl\u00e9s) detallada del proceso de encuadernaci\u00f3n de libros impresos en impresi\u00f3n digital.<\/p>\n<p><iframe loading=\"lazy\" src=\"https:\/\/www.youtube.com\/embed\/tKd_08jGV0U\" width=\"560\" height=\"315\" frameborder=\"0\" allowfullscreen=\"allowfullscreen\"><\/iframe><\/p>\n<p>&nbsp;<\/p>","protected":false},"excerpt":{"rendered":"<p>4.2. V\u00eddeos de inter\u00e9s &nbsp; T\u00e9cnicas de barnizado, relieve, estampaci\u00f3n Breve introducci\u00f3n animada a estas tres t\u00e9cnicas. Facilita algunas operativas interesantes a tener en cuenta desde la autoedici\u00f3n dirigidas a estos procesos. Troquelado digital (pl\u00f3ter de corte) Presentaci\u00f3n de un fabricante de su dispositivo digital de corte sobre diferentes soportes y posibilidades gr\u00e1ficas. Encuadernaci\u00f3n Breve [&hellip;]<\/p>\n","protected":false},"author":1,"featured_media":0,"parent":0,"menu_order":0,"comment_status":"closed","ping_status":"closed","template":"","meta":[],"acf":[],"_links":{"self":[{"href":"http:\/\/disseny.recursos.uoc.edu\/recursos\/prod-graf\/wp-json\/wp\/v2\/pages\/42"}],"collection":[{"href":"http:\/\/disseny.recursos.uoc.edu\/recursos\/prod-graf\/wp-json\/wp\/v2\/pages"}],"about":[{"href":"http:\/\/disseny.recursos.uoc.edu\/recursos\/prod-graf\/wp-json\/wp\/v2\/types\/page"}],"author":[{"embeddable":true,"href":"http:\/\/disseny.recursos.uoc.edu\/recursos\/prod-graf\/wp-json\/wp\/v2\/users\/1"}],"replies":[{"embeddable":true,"href":"http:\/\/disseny.recursos.uoc.edu\/recursos\/prod-graf\/wp-json\/wp\/v2\/comments?post=42"}],"version-history":[{"count":5,"href":"http:\/\/disseny.recursos.uoc.edu\/recursos\/prod-graf\/wp-json\/wp\/v2\/pages\/42\/revisions"}],"predecessor-version":[{"id":77,"href":"http:\/\/disseny.recursos.uoc.edu\/recursos\/prod-graf\/wp-json\/wp\/v2\/pages\/42\/revisions\/77"}],"wp:attachment":[{"href":"http:\/\/disseny.recursos.uoc.edu\/recursos\/prod-graf\/wp-json\/wp\/v2\/media?parent=42"}],"curies":[{"name":"wp","href":"https:\/\/api.w.org\/{rel}","templated":true}]}}