{"id":8,"date":"2017-02-01T15:48:35","date_gmt":"2017-02-01T15:48:35","guid":{"rendered":"http:\/\/disseny.recursos.uoc.edu\/recursos\/prod-graf\/?page_id=8"},"modified":"2023-04-13T10:09:44","modified_gmt":"2023-04-13T10:09:44","slug":"1-impresion-analogica-2","status":"publish","type":"page","link":"http:\/\/disseny.recursos.uoc.edu\/recursos\/prod-graf\/ca\/1-impresion-analogica-2\/","title":{"rendered":"1. Impressi\u00f3 anal\u00f2gica"},"content":{"rendered":"<p><\/p>\n<h3><strong>1.2. V\u00eddeos d\u2019inter\u00e8s<\/strong><\/h3>\n<p>&nbsp;<\/p>\n<h4><strong>Flux de treball<\/strong><\/h4>\n<p>Flux introductori per complet amb grafismes (en castell\u00e0).<\/p>\n<p>Una introducci\u00f3 al flux de treball. Caldria matisar alguns par\u00e0metres, per\u00f2\u00a0l\u2019aproximaci\u00f3 pot ser \u00fatil com a visi\u00f3 panor\u00e0mica del proc\u00e9s.<\/p>\n<p>Explica el proc\u00e9s de creaci\u00f3 gr\u00e0fica, des de l\u2019autoedici\u00f3 digital fins a l\u2019obtenci\u00f3 del producte gr\u00e0fic f\u00edsic final.<\/p>\n<p>Proc\u00e9s d\u2019autoedici\u00f3 interessant, que presenta fases com els diferents tipus d\u2019originals, el <em>layout<\/em>, la maquetaci\u00f3 i la imposici\u00f3. Tamb\u00e9 s\u2019aborden par\u00e0metres com l\u2019art final, la resoluci\u00f3, el <em>trapping<\/em> o el sagnat.<\/p>\n<p>S\u2019aborda la preimpressi\u00f3 des del flux CTFilm, seguit d\u2019una explicaci\u00f3 esquem\u00e0tica del proc\u00e9s \u00f2fset. L\u2019exemple proposat es tanca amb el guillotinat i l\u2019enquadernaci\u00f3, que donar\u00e0 lloc a un llibre.<\/p>\n<p><iframe loading=\"lazy\" src=\"https:\/\/www.youtube.com\/embed\/N02_piL1nO8\" width=\"560\" height=\"315\" frameborder=\"0\" allowfullscreen=\"allowfullscreen\"><\/iframe><\/p>\n<p>Explicaci\u00f3 menys detallada (en angl\u00e8s), per\u00f2 interessant, que mostra imatges dels dispositius i dels resultats de cada proc\u00e9s en relaci\u00f3 amb la impressi\u00f3 \u00f2fset (plec i bobina), detallant especialment la postimpressi\u00f3 en revistes.<\/p>\n<p><iframe loading=\"lazy\" src=\"https:\/\/www.youtube.com\/embed\/P_odLV5sAJM\" width=\"560\" height=\"315\" frameborder=\"0\" allowfullscreen=\"allowfullscreen\"><\/iframe><\/p>\n<p>&nbsp;<\/p>\n<h4><strong>Explicaci\u00f3 proc\u00e9s \u00f2fset (en angl\u00e8s)<\/strong><\/h4>\n<p>Animaci\u00f3 sint\u00e8tica del proc\u00e9s b\u00e0sic d\u2019impressi\u00f3 \u00f2fset. La part final mostra una\u00a0interessant reflexi\u00f3 sobre aquest sistema. Els costos d\u2019impressi\u00f3 disminueixen a\u00a0mesura que s\u2019incrementa el tiratge.<\/p>\n<p><iframe loading=\"lazy\" src=\"https:\/\/www.youtube.com\/embed\/5LMU-zB8Sro\" width=\"560\" height=\"315\" frameborder=\"0\" allowfullscreen=\"allowfullscreen\"><\/iframe><\/p>\n<p>Una animaci\u00f3 breu d\u2019un fabricant de coixins que mostra el proc\u00e9s d\u2019impressi\u00f3 \u00f2fset.<\/p>\n<p><iframe loading=\"lazy\" src=\"https:\/\/www.youtube.com\/embed\/XIp0PC47Ky4\" width=\"560\" height=\"315\" frameborder=\"0\" allowfullscreen=\"allowfullscreen\"><\/iframe><\/p>\n<p>V\u00eddeo de mostra del proc\u00e9s que presenta un dispositiu CTP, seguit d\u2019una m\u00e0quina de 6\u00a0cossos. A continuaci\u00f3, presenta una animaci\u00f3 de la impressi\u00f3 que realitza un cos\u00a0d\u2019impressi\u00f3 \u00f2fset.<\/p>\n<p><iframe loading=\"lazy\" src=\"https:\/\/www.youtube.com\/embed\/pNZb7CXUjs0\" width=\"560\" height=\"315\" frameborder=\"0\" allowfullscreen=\"allowfullscreen\"><\/iframe><\/p>\n<p>Animaci\u00f3 de mostra del proc\u00e9s que presenta un dispositiu CTP de filmaci\u00f3 de planxa\u00a0t\u00e8rmica directa, i la seg\u00fcent impressi\u00f3 \u00f2fset.<\/p>\n<p><iframe loading=\"lazy\" src=\"https:\/\/www.youtube.com\/embed\/videoseries?list=PLPXKEQzep1T0TLqS0YFMHKvmjtEd9hJn4\" width=\"560\" height=\"315\" frameborder=\"0\" allowfullscreen=\"allowfullscreen\"><\/iframe><\/p>\n<p>&nbsp;<\/p>\n<h4><strong>\u00d2fset plec (comercial = fullets publicitaris). El proc\u00e9s<\/strong><\/h4>\n<p>Mostra del proc\u00e9s sense veu, nom\u00e9s m\u00fasica. S\u2019inicia la panor\u00e0mica des de la imposici\u00f3\u00a0per a seguir el filmat de planxes. A continuaci\u00f3, es mostra el muntatge de planxes,\u00a0l\u2019ajustament de la m\u00e0quina i l\u2019inici de la impressi\u00f3 en plec. Aquesta impressi\u00f3 es fa en una\u00a0m\u00e0quina de 8 cossos, per la qual cosa la impressi\u00f3 quadricr\u00f2mica resultant ser\u00e0 a doble cara.<\/p>\n<p>Es mostra el control de qualitat sobre la taula de control mitjan\u00e7ant la lectura pel\u00a0dispositiu corresponent de la tira de control del plec impr\u00e8s. El proc\u00e9s finalitza amb el\u00a0guillotinat de la pila de paper de sortida, i el posterior paletitzat dels fulls impresos.<\/p>\n<p><iframe loading=\"lazy\" src=\"https:\/\/www.youtube.com\/embed\/7LyC9EazdcY\" width=\"560\" height=\"315\" frameborder=\"0\" allowfullscreen=\"allowfullscreen\"><\/iframe><\/p>\n<p>&nbsp;<\/p>\n<h4><strong>\u00d2fset plec. La m\u00e0quina (una simulaci\u00f3 de l\u2019interior de la m\u00e0quina)<\/strong><\/h4>\n<p>V\u00eddeo animat (sense m\u00fasica ni veu) d\u2019una Heidelberg Speedmaster XL de 7 cossos.<\/p>\n<p>L\u2019animaci\u00f3 mostra l\u2019estructura completa de la m\u00e0quina. Presenta el dispositiu d\u2019entrada\u00a0i una simulaci\u00f3 de l\u2019interior dels cossos impressors, aix\u00ed com dels tambors de\u00a0transfer\u00e8ncia del plec impr\u00e8s entre cada cos. Finalment es mostra la pila de sortida\u00a0que inclou assecador assistit.<\/p>\n<p><iframe loading=\"lazy\" src=\"https:\/\/www.youtube.com\/embed\/7OCeFHr1W3g\" width=\"560\" height=\"315\" frameborder=\"0\" allowfullscreen=\"allowfullscreen\"><\/iframe><\/p>\n<p>&nbsp;<\/p>\n<h4><strong>\u00d2fset plec. La m\u00e0quina (una impressi\u00f3 real)<\/strong><\/h4>\n<p>V\u00eddeo (en angl\u00e8s) d\u2019una Roland de 10 cossos i d\u2019una Heidelberg de 5 cossos. En aquest cas, es mostren dues m\u00e0quines reals en un proc\u00e9s real d\u2019impressi\u00f3. Cada operaci\u00f3\u00a0s\u2019acompanya d\u2019una breu per\u00f2 \u00fatil explicaci\u00f3 subtitulada. A m\u00e9s, es presenta el control\u00a0del treball des de la taula de control, i s\u2019aborda breument la composici\u00f3 de les tintes.<\/p>\n<p>S\u2019explica l\u2019ajustament de color de la m\u00e0quina en funci\u00f3 de la tinta a transmetre.<\/p>\n<p>Finalment podem observar el guillotinat i l\u2019enquadernaci\u00f3, en aquest cas, d\u2019una revista.<\/p>\n<p><iframe loading=\"lazy\" src=\"https:\/\/www.youtube.com\/embed\/RW1HJdW5XLs\" width=\"560\" height=\"315\" frameborder=\"0\" allowfullscreen=\"allowfullscreen\"><\/iframe><\/p>\n<p>&nbsp;<\/p>\n<h4><strong>\u00d2fset plec. Subministrament de tinta a m\u00e0quina<\/strong><\/h4>\n<p>Animaci\u00f3 que mostra, de forma t\u00e8cnica i detallada, el proc\u00e9s i circuit d\u2019alimentaci\u00f3 de\u00a0tinta als diferents cossos impressors d\u2019una m\u00e0quina.<\/p>\n<p><iframe loading=\"lazy\" src=\"https:\/\/www.youtube.com\/embed\/Bf-b9n_27mo\" width=\"560\" height=\"315\" frameborder=\"0\" allowfullscreen=\"allowfullscreen\"><\/iframe><\/p>\n<p>&nbsp;<\/p>\n<h4><strong>\u00d2fset rotativa. El proc\u00e9s i la m\u00e0quina<\/strong><\/h4>\n<p>V\u00eddeo introductori a l\u2019\u00f2fset de rotativa (de diari). Explicaci\u00f3 de la generaci\u00f3 de les planxes \u00f2fset mitjan\u00e7ant CTP. Tamb\u00e9 s\u2019explica la t\u00e8cnica del tramat i de la separaci\u00f3 quadricr\u00f2mica (CMYK), per tal de poder imprimir imatges modulades crom\u00e0tiques (fotografies).<\/p>\n<p><iframe loading=\"lazy\" src=\"https:\/\/www.youtube.com\/embed\/-0vNHOTToX4\" width=\"560\" height=\"315\" frameborder=\"0\" allowfullscreen=\"allowfullscreen\"><\/iframe><\/p>\n<p>&nbsp;<\/p>\n<h4><strong>\u00d2fset rotativa. Proc\u00e9s d\u2019impressi\u00f3 de diaris<\/strong><\/h4>\n<p>V\u00eddeo divulgatiu (en angl\u00e8s) de presentaci\u00f3 i explicaci\u00f3 del proc\u00e9s detallat de preimpressi\u00f3, impressi\u00f3 i distribuci\u00f3 d\u2019un diari. Les m\u00e0quines simulen conduir la presentaci\u00f3.<\/p>\n<p>[https:\/\/www.youtube.com\/watch?v=yIOHeSNPUGY]<br \/>\n(v\u00eddeo no disponible)<\/p>\n<p>&nbsp;<\/p>\n<h4><strong>\u00d2fset rotativa. Subministrament de tinta a m\u00e0quina<\/strong><\/h4>\n<p>Animaci\u00f3 que mostra, de forma t\u00e8cnica i detallada, el proc\u00e9s i circuit d\u2019alimentaci\u00f3 de tinta als diferents cossos impressors d\u2019una m\u00e0quina.<\/p>\n<p><iframe loading=\"lazy\" src=\"https:\/\/www.youtube.com\/embed\/9e4rZTQ-bis\" width=\"560\" height=\"315\" frameborder=\"0\" allowfullscreen=\"allowfullscreen\"><\/iframe><\/p>\n<p>&nbsp;<\/p>\n<h4><strong>\u00d2fset plec enfront de rotativa<\/strong><\/h4>\n<p>V\u00eddeo introductori i demostratiu (en angl\u00e8s) en el qual, a partir de dues revistes, un professional explica les difer\u00e8ncies entre ambd\u00f3s sistemes visualitzables en la impressi\u00f3.<\/p>\n<p><iframe loading=\"lazy\" src=\"https:\/\/www.youtube.com\/embed\/1JlWklEngvY\" width=\"560\" height=\"315\" frameborder=\"0\" allowfullscreen=\"allowfullscreen\"><\/iframe><\/p>\n<p>&nbsp;<\/p>\n<h4><strong>Rotogravat. El proc\u00e9s<\/strong><\/h4>\n<p>Explicaci\u00f3 senzilla a partir de v\u00eddeo i simulaci\u00f3, que il\u00b7lustra com es grava la forma impressora i com \u00e9s la impressi\u00f3 en rotogravat.<\/p>\n<p><iframe loading=\"lazy\" src=\"https:\/\/www.youtube.com\/embed\/hvSooFedMEk\" width=\"560\" height=\"315\" frameborder=\"0\" allowfullscreen=\"allowfullscreen\"><\/iframe><\/p>\n<p>Passi de diapositives introductori del proc\u00e9s d\u2019impressi\u00f3 rotogravat. Mostra parts animades amb generaci\u00f3 de cilindres, i en la part final aborda avantatges i limitacions d\u2019aquest sistema.<\/p>\n<p><iframe loading=\"lazy\" src=\"https:\/\/www.youtube.com\/embed\/4OcXX3ueDQQ\" width=\"560\" height=\"315\" frameborder=\"0\" allowfullscreen=\"allowfullscreen\"><\/iframe><\/p>\n<p>V\u00eddeo d\u2019una m\u00e0quina d\u2019un cos imprimint. Permet visualitzar la senzillesa del cos impressor, i constatar la impressi\u00f3 sobre pel\u00b7l\u00edcules pl\u00e0stiques en continu.<\/p>\n<p><iframe loading=\"lazy\" src=\"https:\/\/www.youtube.com\/embed\/videoseries?list=PLBLPkApqYYRgh_4uGDsJyFkjy4UZOMzhe\" width=\"560\" height=\"315\" frameborder=\"0\" allowfullscreen=\"allowfullscreen\"><\/iframe><\/p>\n<p>&nbsp;<\/p>\n<h4><strong>Rotogravat. Generaci\u00f3 del cilindres rotogr\u00e0fics i gravat<\/strong><\/h4>\n<p>V\u00eddeo molt complet que mostra els diferents tipus de generaci\u00f3 dels cilindres de\u00a0rotogravat. La presentaci\u00f3 inclou tant imatges com simulacions en qu\u00e8, de forma molt\u00a0detallada, el fabricant explica el proc\u00e9s de fabricaci\u00f3 i gravat dels cilindres.<\/p>\n<p><iframe loading=\"lazy\" src=\"https:\/\/www.youtube.com\/embed\/2oUoXL0Xh9I\" width=\"560\" height=\"315\" frameborder=\"0\" allowfullscreen=\"allowfullscreen\"><\/iframe><br \/>\n(en castell\u00e0)<\/p>\n<p><iframe loading=\"lazy\" src=\"https:\/\/www.youtube.com\/embed\/5hb3EKQv4ic\" width=\"560\" height=\"315\" frameborder=\"0\" allowfullscreen=\"allowfullscreen\"><\/iframe><br \/>\n(en angl\u00e8s)<\/p>\n<p>&nbsp;<\/p>\n<h4><strong>Flexografia. Generaci\u00f3 de la forma impressora flexogr\u00e0fica<\/strong><\/h4>\n<p>Introducci\u00f3 (en angl\u00e8s, per\u00f2 subtitulada en castell\u00e0) de la flexografia per part d\u2019un dels\u00a0fabricants l\u00edders de software de disseny, d\u2019empaquetatge per flexo i de dispositius de\u00a0filmaci\u00f3 de planxes flexo ESKO. El v\u00eddeo mostra una simulaci\u00f3 de la generaci\u00f3\u00a0digital del fotopol\u00edmer flexogr\u00e0fic (en planxa o en continu) mitjan\u00e7ant un dispositiu\u00a0CDI del fabricant. Tamb\u00e9 es presenten els productes d\u2019empaquetatge imprimibles\u00a0amb aquesta tecnologia.<\/p>\n<p><iframe loading=\"lazy\" src=\"https:\/\/www.youtube.com\/embed\/ViqM1EDLifQ\" width=\"560\" height=\"315\" frameborder=\"0\" allowfullscreen=\"allowfullscreen\"><\/iframe><\/p>\n<p>V\u00eddeo (en angl\u00e8s) no tan detallat d\u2019un fabricant de dispositiu de filmaci\u00f3 directa de\u00a0formes impressores per flexografia.<\/p>\n<p><iframe loading=\"lazy\" src=\"https:\/\/www.youtube.com\/embed\/47QXsITe1rE\" width=\"560\" height=\"315\" frameborder=\"0\" allowfullscreen=\"allowfullscreen\"><\/iframe><\/p>\n<p>&nbsp;<\/p>\n<h4><strong>Flexografia. La m\u00e0quina d\u2019impressi\u00f3<\/strong><\/h4>\n<p>V\u00eddeo (en angl\u00e8s) avan\u00e7at d\u2019una m\u00e0quina molt especialitzada del fabricant l\u00edder per a empaquetatge BOBST. Mostra diversos par\u00e0metres t\u00e8cnics for\u00e7a interessants que poden ajudar a complementar els coneixements sobre aquest sistema d\u2019impressi\u00f3.<\/p>\n<p>Resulta especialment interessant l\u2019apel\u00b7laci\u00f3 a la reproducci\u00f3 completa de la gamma crom\u00e0tica de Pantone, molt important per a l\u2019empaquetatge. T\u00e8cnicament pot ser il\u00b7lustratiu l\u2019abordament que fa el v\u00eddeo, en la part final, del par\u00e0metre cabdal de la pressi\u00f3 en la impressi\u00f3 flexogr\u00e0fica.<\/p>\n<p><iframe loading=\"lazy\" src=\"https:\/\/www.youtube.com\/embed\/I9iJmTgPy-w\" width=\"560\" height=\"315\" frameborder=\"0\" allowfullscreen=\"allowfullscreen\"><\/iframe><\/p>\n<p>&nbsp;<\/p>\n<h4><strong>Serigrafia. Curs de serigrafia complet<\/strong><\/h4>\n<p>Curs llarg, per\u00f2 for\u00e7a il\u00b7lustratiu i detallat, del proc\u00e9s complet serigr\u00e0fic amb diverses<br \/>\nvariacions.<\/p>\n<p><iframe loading=\"lazy\" src=\"https:\/\/www.youtube.com\/embed\/videoseries?list=PL5OcBItDro5Rp3ZvjC3Wv_Z1SoAy8dlye\" width=\"560\" height=\"315\" frameborder=\"0\" allowfullscreen=\"allowfullscreen\"><\/iframe><\/p>\n<p><strong>S\u00f3n vuit cap\u00edtols de 26 minuts cadascun<\/strong> (nom\u00e9s els 20 primers minuts fan refer\u00e8ncia a la serigrafia, els seg\u00fcents minuts s\u00f3n d\u2019altres sistemes)<\/p>\n<p>Cap\u00edtol 1. Introducci\u00f3 a la serigrafia i explicaci\u00f3 del marc<br \/>\n<iframe loading=\"lazy\" src=\"https:\/\/www.youtube.com\/embed\/2T-duPg-TTU\" width=\"560\" height=\"315\" frameborder=\"0\" allowfullscreen=\"allowfullscreen\"><\/iframe><\/p>\n<p>Cap\u00edtol 2. La rasqueta o esp\u00e0tula i primera impressi\u00f3 (<em>stencil<\/em>)<\/p>\n<p><iframe loading=\"lazy\" src=\"https:\/\/www.youtube.com\/embed\/1rqWIxRMPFw\" width=\"560\" height=\"315\" frameborder=\"0\" allowfullscreen=\"allowfullscreen\"><\/iframe><\/p>\n<p>Cap\u00edtol 3. Emulsionat i impressi\u00f3<\/p>\n<p><iframe loading=\"lazy\" src=\"https:\/\/www.youtube.com\/embed\/yZU2Oa11q4k\" width=\"560\" height=\"315\" frameborder=\"0\" allowfullscreen=\"allowfullscreen\"><\/iframe><\/p>\n<p>Cap\u00edtol 4. Impressi\u00f3 en m\u00e0quina (una tinta i v\u00e0ries tintes)<\/p>\n<p><iframe loading=\"lazy\" src=\"https:\/\/www.youtube.com\/embed\/1GK2zZRhgLI\" width=\"560\" height=\"315\" frameborder=\"0\" allowfullscreen=\"allowfullscreen\"><\/iframe><\/p>\n<p>Cap\u00edtol 5. Impressi\u00f3 en m\u00e0quina (una tinta i v\u00e0ries tintes)<\/p>\n<p><iframe loading=\"lazy\" src=\"https:\/\/www.youtube.com\/embed\/qcFMvE9vSSo\" width=\"560\" height=\"315\" frameborder=\"0\" allowfullscreen=\"allowfullscreen\"><\/iframe><\/p>\n<p>Cap\u00edtol 6. Recuperaci\u00f3 del marc<\/p>\n<p><iframe loading=\"lazy\" src=\"https:\/\/www.youtube.com\/embed\/hpv02X3O__k\" width=\"560\" height=\"315\" frameborder=\"0\" allowfullscreen=\"allowfullscreen\"><\/iframe><\/p>\n<p>Cap\u00edtol 7. La impressi\u00f3 t\u00e8xtil<\/p>\n<p><iframe loading=\"lazy\" src=\"https:\/\/www.youtube.com\/embed\/sRUPreDXCE8\" width=\"560\" height=\"315\" frameborder=\"0\" allowfullscreen=\"allowfullscreen\"><\/iframe><\/p>\n<p>Cap\u00edtol 8. Tintes convencionals de serigrafia (acr\u00edliques o vin\u00edliques = base solvent =\u00a0assecat per evaporaci\u00f3)<\/p>\n<p><iframe loading=\"lazy\" src=\"https:\/\/www.youtube.com\/embed\/pkj6K_oOveQ\" width=\"560\" height=\"315\" frameborder=\"0\" allowfullscreen=\"allowfullscreen\"><\/iframe><\/p>\n<p>&nbsp;<\/p>\n<h4><strong>Serigrafia. Impressi\u00f3 de gran format<\/strong><\/h4>\n<p>V\u00eddeo on es mostra la generaci\u00f3 de la pantalla i impressi\u00f3 sobre grans formats per a serigrafia industrial.<\/p>\n<p><iframe loading=\"lazy\" src=\"https:\/\/www.youtube.com\/embed\/k3QbyGpg7Aw\" width=\"560\" height=\"315\" frameborder=\"0\" allowfullscreen=\"allowfullscreen\"><\/iframe><\/p>\n<p>&nbsp;<\/p>\n<h4><strong>Tampografia<\/strong><\/h4>\n<p>V\u00eddeo (en castell\u00e0) d\u2019un impressor tampogr\u00e0fic que explica les possibilitats d\u2019impressi\u00f3\u00a0de la tampografia.<\/p>\n<p><iframe loading=\"lazy\" src=\"https:\/\/www.youtube.com\/embed\/L1hj8rYCtL0\" width=\"560\" height=\"315\" frameborder=\"0\" allowfullscreen=\"allowfullscreen\"><\/iframe><\/p>\n<p>V\u00eddeo (amb titulacions en portugu\u00e8s) que mostra les diferents fases, des de la creaci\u00f3 de l\u2019art final digital fins a la impressi\u00f3 tampogr\u00e0fica del producte final.<\/p>\n<p><iframe loading=\"lazy\" src=\"https:\/\/www.youtube.com\/embed\/cPx_DgOEfio\" width=\"560\" height=\"315\" frameborder=\"0\" allowfullscreen=\"allowfullscreen\"><\/iframe><\/p>\n<p>&nbsp;<\/p>\n<h4><strong>Tipografia (<em>letterset<\/em>) actual per a impressi\u00f3 amb efecte <em>vintage<\/em><\/strong><\/h4>\n<p>V\u00eddeo musicat de presentaci\u00f3 d\u2019una tipografia, que de forma pr\u00e0cticament artesanal produeix productes gr\u00e0fics molt concrets per\u00f2 interessants per l\u2019efecte caracter\u00edstic de la tipografia.<\/p>\n<p><iframe loading=\"lazy\" src=\"https:\/\/www.youtube.com\/embed\/xM8FN0-M_LU\" width=\"560\" height=\"315\" frameborder=\"0\" allowfullscreen=\"allowfullscreen\"><\/iframe><\/p>\n<p>V\u00eddeo (en angl\u00e8s) de presentaci\u00f3 m\u00e9s detallada d\u2019una tipografia, que de forma pr\u00e0cticament artesanal produeix productes gr\u00e0fics molt concrets per\u00f2 interessants per l\u2019efecte\u00a0caracter\u00edstic de la tipografia.<\/p>\n<p><iframe loading=\"lazy\" src=\"https:\/\/www.youtube.com\/embed\/JJa5anhdmYs\" width=\"560\" height=\"315\" frameborder=\"0\" allowfullscreen=\"allowfullscreen\"><\/iframe><\/p>\n<p>&nbsp;<\/p>","protected":false},"excerpt":{"rendered":"<p>1.2. V\u00eddeos d\u2019inter\u00e8s &nbsp; Flux de treball Flux introductori per complet amb grafismes (en castell\u00e0). Una introducci\u00f3 al flux de treball. Caldria matisar alguns par\u00e0metres, per\u00f2\u00a0l\u2019aproximaci\u00f3 pot ser \u00fatil com a visi\u00f3 panor\u00e0mica del proc\u00e9s. Explica el proc\u00e9s de creaci\u00f3 gr\u00e0fica, des de l\u2019autoedici\u00f3 digital fins a l\u2019obtenci\u00f3 del producte gr\u00e0fic f\u00edsic final. Proc\u00e9s d\u2019autoedici\u00f3 [&hellip;]<\/p>\n","protected":false},"author":1,"featured_media":0,"parent":0,"menu_order":0,"comment_status":"closed","ping_status":"closed","template":"","meta":[],"acf":[],"_links":{"self":[{"href":"http:\/\/disseny.recursos.uoc.edu\/recursos\/prod-graf\/ca\/wp-json\/wp\/v2\/pages\/8"}],"collection":[{"href":"http:\/\/disseny.recursos.uoc.edu\/recursos\/prod-graf\/ca\/wp-json\/wp\/v2\/pages"}],"about":[{"href":"http:\/\/disseny.recursos.uoc.edu\/recursos\/prod-graf\/ca\/wp-json\/wp\/v2\/types\/page"}],"author":[{"embeddable":true,"href":"http:\/\/disseny.recursos.uoc.edu\/recursos\/prod-graf\/ca\/wp-json\/wp\/v2\/users\/1"}],"replies":[{"embeddable":true,"href":"http:\/\/disseny.recursos.uoc.edu\/recursos\/prod-graf\/ca\/wp-json\/wp\/v2\/comments?post=8"}],"version-history":[{"count":17,"href":"http:\/\/disseny.recursos.uoc.edu\/recursos\/prod-graf\/ca\/wp-json\/wp\/v2\/pages\/8\/revisions"}],"predecessor-version":[{"id":135,"href":"http:\/\/disseny.recursos.uoc.edu\/recursos\/prod-graf\/ca\/wp-json\/wp\/v2\/pages\/8\/revisions\/135"}],"wp:attachment":[{"href":"http:\/\/disseny.recursos.uoc.edu\/recursos\/prod-graf\/ca\/wp-json\/wp\/v2\/media?parent=8"}],"curies":[{"name":"wp","href":"https:\/\/api.w.org\/{rel}","templated":true}]}}