{"id":42,"date":"2017-02-03T10:46:23","date_gmt":"2017-02-03T10:46:23","guid":{"rendered":"http:\/\/disseny.recursos.uoc.edu\/recursos\/prod-graf\/?page_id=42"},"modified":"2017-02-03T12:27:18","modified_gmt":"2017-02-03T12:27:18","slug":"4-postimpresion-2","status":"publish","type":"page","link":"http:\/\/disseny.recursos.uoc.edu\/recursos\/prod-graf\/ca\/4-postimpresion-2\/","title":{"rendered":"4. Postimpressi\u00f3"},"content":{"rendered":"<p><\/p>\n<h3><strong>4.2. V\u00eddeos d\u2019inter\u00e8s<\/strong><\/h3>\n<p>&nbsp;<\/p>\n<h4><strong>T\u00e8cniques d\u2019envernissat, relleu, estampaci\u00f3<\/strong><\/h4>\n<p>Breu introducci\u00f3 animada a aquestes tres t\u00e8cniques. Facilita algunes operatives interessants a tenir en compte des de l\u2019autoedici\u00f3 dirigides a aquests processos.<\/p>\n<p><iframe loading=\"lazy\" src=\"https:\/\/www.youtube.com\/embed\/zm3WPDrl46I\" width=\"560\" height=\"315\" frameborder=\"0\" allowfullscreen=\"allowfullscreen\"><\/iframe><\/p>\n<p>&nbsp;<\/p>\n<h4><strong>Encunyat digital (pl\u00f2ter de tall)<\/strong><\/h4>\n<p>Presentaci\u00f3 d\u2019un fabricant del seu dispositiu digital de tall sobre diferents suports i possibilitats gr\u00e0fiques.<\/p>\n<p><iframe loading=\"lazy\" src=\"https:\/\/www.youtube.com\/embed\/VspdjIhSFGU\" width=\"560\" height=\"315\" frameborder=\"0\" allowfullscreen=\"allowfullscreen\"><\/iframe><\/p>\n<p>&nbsp;<\/p>\n<h4><strong>Enquadernaci\u00f3<\/strong><\/h4>\n<p>Breu introducci\u00f3 divulgativa (en castell\u00e0) als diferents tipus d\u2019enquadernaci\u00f3, aix\u00ed com els or\u00edgens i els processos.<\/p>\n<p><iframe loading=\"lazy\" src=\"https:\/\/www.youtube.com\/embed\/mXVlx9OZlJI\" width=\"560\" height=\"315\" frameborder=\"0\" allowfullscreen=\"allowfullscreen\"><\/iframe><\/p>\n<p>&nbsp;<\/p>\n<h4><strong>Enquadernaci\u00f3 industrial editorial d\u2019impressi\u00f3 digital<\/strong><\/h4>\n<p>Presentaci\u00f3 comercial detallada (en angl\u00e8s) del proc\u00e9s d\u2019enquadernaci\u00f3 de llibres impresos en impressi\u00f3 digital.<\/p>\n<p><a href=\"https:\/\/www.youtube.com\/watch?v=Rgkr2akN1uA\" target=\"_blank\">https:\/\/www.youtube.com\/watch?v=Rgkr2akN1uA<\/a><br \/>\n[v\u00eddeo: Inserci\u00f3n desactivada por petici\u00f3n del autor]<\/p>\n<p>&nbsp;<\/p>\n<h4><strong>Enquadernaci\u00f3 industrial editorial d\u2019impressi\u00f3 \u00f2fset<\/strong><\/h4>\n<p>Presentaci\u00f3 comercial detallada (en angl\u00e8s) del proc\u00e9s d\u2019enquadernaci\u00f3 de llibres impresos en impressi\u00f3 digital.<\/p>\n<p><iframe loading=\"lazy\" src=\"https:\/\/www.youtube.com\/embed\/tKd_08jGV0U\" width=\"560\" height=\"315\" frameborder=\"0\" allowfullscreen=\"allowfullscreen\"><\/iframe><\/p>\n<p>&nbsp;<\/p>","protected":false},"excerpt":{"rendered":"<p>4.2. V\u00eddeos d\u2019inter\u00e8s &nbsp; T\u00e8cniques d\u2019envernissat, relleu, estampaci\u00f3 Breu introducci\u00f3 animada a aquestes tres t\u00e8cniques. Facilita algunes operatives interessants a tenir en compte des de l\u2019autoedici\u00f3 dirigides a aquests processos. &nbsp; Encunyat digital (pl\u00f2ter de tall) Presentaci\u00f3 d\u2019un fabricant del seu dispositiu digital de tall sobre diferents suports i possibilitats gr\u00e0fiques. &nbsp; Enquadernaci\u00f3 Breu introducci\u00f3 [&hellip;]<\/p>\n","protected":false},"author":1,"featured_media":0,"parent":0,"menu_order":0,"comment_status":"closed","ping_status":"closed","template":"","meta":[],"acf":[],"_links":{"self":[{"href":"http:\/\/disseny.recursos.uoc.edu\/recursos\/prod-graf\/ca\/wp-json\/wp\/v2\/pages\/42"}],"collection":[{"href":"http:\/\/disseny.recursos.uoc.edu\/recursos\/prod-graf\/ca\/wp-json\/wp\/v2\/pages"}],"about":[{"href":"http:\/\/disseny.recursos.uoc.edu\/recursos\/prod-graf\/ca\/wp-json\/wp\/v2\/types\/page"}],"author":[{"embeddable":true,"href":"http:\/\/disseny.recursos.uoc.edu\/recursos\/prod-graf\/ca\/wp-json\/wp\/v2\/users\/1"}],"replies":[{"embeddable":true,"href":"http:\/\/disseny.recursos.uoc.edu\/recursos\/prod-graf\/ca\/wp-json\/wp\/v2\/comments?post=42"}],"version-history":[{"count":5,"href":"http:\/\/disseny.recursos.uoc.edu\/recursos\/prod-graf\/ca\/wp-json\/wp\/v2\/pages\/42\/revisions"}],"predecessor-version":[{"id":77,"href":"http:\/\/disseny.recursos.uoc.edu\/recursos\/prod-graf\/ca\/wp-json\/wp\/v2\/pages\/42\/revisions\/77"}],"wp:attachment":[{"href":"http:\/\/disseny.recursos.uoc.edu\/recursos\/prod-graf\/ca\/wp-json\/wp\/v2\/media?parent=42"}],"curies":[{"name":"wp","href":"https:\/\/api.w.org\/{rel}","templated":true}]}}