{"id":38,"date":"2017-02-03T10:41:18","date_gmt":"2017-02-03T10:41:18","guid":{"rendered":"http:\/\/disseny.recursos.uoc.edu\/recursos\/prod-graf\/?page_id=38"},"modified":"2023-04-13T10:56:11","modified_gmt":"2023-04-13T10:56:11","slug":"4-postimpresion-1","status":"publish","type":"page","link":"http:\/\/disseny.recursos.uoc.edu\/recursos\/prod-graf\/ca\/4-postimpresion-1\/","title":{"rendered":"4. Postimpressi\u00f3"},"content":{"rendered":"<p><\/p>\n<h3><strong>4.1. Enlla\u00e7os interessants<\/strong><\/h3>\n<p>&nbsp;<\/p>\n<h4><strong>Postimpressi\u00f3<\/strong><\/h4>\n<p><a href=\"https:\/\/laprestampa.wordpress.com\/2013\/11\/09\/etapas-de-la-post-impresion\/\" target=\"_blank\" rel=\"noopener\">https:\/\/laprestampa.wordpress.com\/2013\/11\/09\/etapas-de-la-post-impresion\/<\/a><br \/>\n<a href=\"http:\/\/www.cevagraf.coop\/posts\/tipos-de-encuadernacion-revistas-y-libros\/\" target=\"_blank\" rel=\"noopener\">http:\/\/www.cevagraf.coop\/posts\/tipos-de-encuadernacion-revistas-y-libros\/<\/a><br \/>\n<a href=\"http:\/\/www.bbc.co.uk\/schools\/gcsebitesize\/design\/graphics\/mechanismfinishprintrev3.shtml\" target=\"_blank\" rel=\"noopener\">http:\/\/www.bbc.co.uk\/schools\/gcsebitesize\/design\/graphics\/mechanismfinishprintrev3.shtml<\/a> (en angl\u00e8s)<br \/>\n&nbsp;<\/p>\n<h4><strong>Introducci\u00f3 als tractaments de superf\u00edcie<\/strong><\/h4>\n<p><a href=\"http:\/\/designinstruct.com\/print-design\/print-finishes\/\" target=\"_blank\" rel=\"noopener\">http:\/\/designinstruct.com\/print-design\/print-finishes\/<\/a><br \/>\n&nbsp;<\/p>\n<h4><strong>Enquadernaci\u00f3<\/strong><\/h4>\n<h4><strong>Enquadernaci\u00f3 en r\u00fastica PUR<\/strong><\/h4>\n<p><a href=\"http:\/\/www.cevagraf.coop\/posts\/que-es-la-encuadernacion-pur\/\" target=\"_blank\" rel=\"noopener\">http:\/\/www.cevagraf.coop\/posts\/que-es-la-encuadernacion-pur\/<\/a><br \/>\n<a href=\"http:\/\/www.designinc.co.uk\/blog\/print-finishing-methods-binding\/\" target=\"_blank\" rel=\"noopener\">http:\/\/www.designinc.co.uk\/blog\/print-finishing-methods-binding\/<\/a> (en angl\u00e8s)<br \/>\n&nbsp;<\/p>\n<h4><strong>Introducci\u00f3 a la enquadernaci\u00f3 Wire-O<\/strong><\/h4>\n<p><a href=\"http:\/\/www.cevagraf.coop\/posts\/encuadernacion-wire-o\/\" target=\"_blank\" rel=\"noopener\">http:\/\/www.cevagraf.coop\/posts\/encuadernacion-wire-o\/<\/a><br \/>\n&nbsp;<\/p>\n<h4><strong>Compensaci\u00f3 del gruix per a revistes grapades<\/strong><\/h4>\n<p><a href=\"http:\/\/www.cevagraf.coop\/posts\/compensacion-del-grosor-para-revistas-en-grapa\/\" target=\"_blank\" rel=\"noopener\">http:\/\/www.cevagraf.coop\/posts\/compensacion-del-grosor-para-revistas-en-grapa\/<\/a><br \/>\n&nbsp;<\/p>\n<h4><strong>Envernissat<\/strong><\/h4>\n<p><a href=\"http:\/\/blog.graficasazorin.es\/el-barniz-en-la-impresion-offset\/\" target=\"_blank\" rel=\"noopener\">http:\/\/blog.graficasazorin.es\/el-barniz-en-la-impresion-offset\/<\/a><br \/>\n&nbsp;<\/p>\n<h4><strong>Vern\u00eds UV<\/strong><\/h4>\n<p><a href=\"http:\/\/www.artesgraficasg3.es\/el-barniz-uv\/\" target=\"_blank\" rel=\"noopener\">http:\/\/www.artesgraficasg3.es\/el-barniz-uv\/<\/a><br \/>\n&nbsp;<\/p>\n<h4><strong>Laminaci\u00f3<\/strong><\/h4>\n<p><a href=\"http:\/\/www.spandex.com\/UK\/Materials\/knowledge_base\/All_about_laminating\/index.aspx\" target=\"_blank\" rel=\"noopener\">http:\/\/www.spandex.com\/UK\/Materials\/knowledge_base\/All_about_laminating\/index.aspx<\/a> (en angl\u00e8s)<br \/>\n&nbsp;<\/p>\n<h4><strong>Laminaci\u00f3 enfront d\u2019envernissat<\/strong><\/h4>\n<p><a href=\"http:\/\/www.designinc.co.uk\/blog\/print-finishing-methods-lamination-spot-uvvarnishes\/\" target=\"_blank\" rel=\"noopener\">http:\/\/www.designinc.co.uk\/blog\/print-finishing-methods-lamination-spot-uvvarnishes\/<\/a> (en angl\u00e8s)<br \/>\n&nbsp;<\/p>\n<h4><strong>Estampaci\u00f3<\/strong><\/h4>\n<p><a href=\"http:\/\/www.zevendesign.com\/graphic-designers-guide-foil\/\" target=\"_blank\" rel=\"noopener\">http:\/\/www.zevendesign.com\/graphic-designers-guide-foil\/<\/a> (en angl\u00e8s)<br \/>\n<a href=\"http:\/\/info.universalprinting.com\/blog\/bid\/78728\/Graphic-Design-Tip-How-Does-Foil-Stamping-Work\" target=\"_blank\" rel=\"noopener\">http:\/\/info.universalprinting.com\/blog\/bid\/78728\/Graphic-Design-Tip-How-Does-Foil-Stamping-Work<\/a> (en angl\u00e8s)<\/p>\n<p>&nbsp;<\/p>","protected":false},"excerpt":{"rendered":"<p>4.1. Enlla\u00e7os interessants &nbsp; Postimpressi\u00f3 https:\/\/laprestampa.wordpress.com\/2013\/11\/09\/etapas-de-la-post-impresion\/ http:\/\/www.cevagraf.coop\/posts\/tipos-de-encuadernacion-revistas-y-libros\/ http:\/\/www.bbc.co.uk\/schools\/gcsebitesize\/design\/graphics\/mechanismfinishprintrev3.shtml (en angl\u00e8s) &nbsp; Introducci\u00f3 als tractaments de superf\u00edcie http:\/\/designinstruct.com\/print-design\/print-finishes\/ &nbsp; Enquadernaci\u00f3 Enquadernaci\u00f3 en r\u00fastica PUR http:\/\/www.cevagraf.coop\/posts\/que-es-la-encuadernacion-pur\/ http:\/\/www.designinc.co.uk\/blog\/print-finishing-methods-binding\/ (en angl\u00e8s) &nbsp; Introducci\u00f3 a la enquadernaci\u00f3 Wire-O http:\/\/www.cevagraf.coop\/posts\/encuadernacion-wire-o\/ &nbsp; Compensaci\u00f3 del gruix per a revistes grapades http:\/\/www.cevagraf.coop\/posts\/compensacion-del-grosor-para-revistas-en-grapa\/ &nbsp; Envernissat http:\/\/blog.graficasazorin.es\/el-barniz-en-la-impresion-offset\/ &nbsp; Vern\u00eds UV http:\/\/www.artesgraficasg3.es\/el-barniz-uv\/ &nbsp; Laminaci\u00f3 http:\/\/www.spandex.com\/UK\/Materials\/knowledge_base\/All_about_laminating\/index.aspx (en angl\u00e8s) [&hellip;]<\/p>\n","protected":false},"author":1,"featured_media":0,"parent":0,"menu_order":0,"comment_status":"closed","ping_status":"closed","template":"","meta":[],"acf":[],"_links":{"self":[{"href":"http:\/\/disseny.recursos.uoc.edu\/recursos\/prod-graf\/ca\/wp-json\/wp\/v2\/pages\/38"}],"collection":[{"href":"http:\/\/disseny.recursos.uoc.edu\/recursos\/prod-graf\/ca\/wp-json\/wp\/v2\/pages"}],"about":[{"href":"http:\/\/disseny.recursos.uoc.edu\/recursos\/prod-graf\/ca\/wp-json\/wp\/v2\/types\/page"}],"author":[{"embeddable":true,"href":"http:\/\/disseny.recursos.uoc.edu\/recursos\/prod-graf\/ca\/wp-json\/wp\/v2\/users\/1"}],"replies":[{"embeddable":true,"href":"http:\/\/disseny.recursos.uoc.edu\/recursos\/prod-graf\/ca\/wp-json\/wp\/v2\/comments?post=38"}],"version-history":[{"count":12,"href":"http:\/\/disseny.recursos.uoc.edu\/recursos\/prod-graf\/ca\/wp-json\/wp\/v2\/pages\/38\/revisions"}],"predecessor-version":[{"id":144,"href":"http:\/\/disseny.recursos.uoc.edu\/recursos\/prod-graf\/ca\/wp-json\/wp\/v2\/pages\/38\/revisions\/144"}],"wp:attachment":[{"href":"http:\/\/disseny.recursos.uoc.edu\/recursos\/prod-graf\/ca\/wp-json\/wp\/v2\/media?parent=38"}],"curies":[{"name":"wp","href":"https:\/\/api.w.org\/{rel}","templated":true}]}}