{"id":35,"date":"2017-02-03T10:37:42","date_gmt":"2017-02-03T10:37:42","guid":{"rendered":"http:\/\/disseny.recursos.uoc.edu\/recursos\/prod-graf\/?page_id=35"},"modified":"2023-04-13T10:11:04","modified_gmt":"2023-04-13T10:11:04","slug":"3-materiales-2","status":"publish","type":"page","link":"http:\/\/disseny.recursos.uoc.edu\/recursos\/prod-graf\/ca\/3-materiales-2\/","title":{"rendered":"3. Materials"},"content":{"rendered":"<p><\/p>\n<h3><strong>3.2. V\u00eddeos d\u2019inter\u00e8s<\/strong><\/h3>\n<p>&nbsp;<\/p>\n<h4><strong>Paper. Fabricaci\u00f3<\/strong><\/h4>\n<p>V\u00eddeo introductori divulgatiu (en angl\u00e8s) sobre el proc\u00e9s complet de fabricaci\u00f3 del paper, des de la tala dels arbres fins a la configuraci\u00f3 del full final.<\/p>\n<p><iframe loading=\"lazy\" src=\"https:\/\/www.youtube.com\/embed\/E4C3X26dxbM\" width=\"560\" height=\"315\" frameborder=\"0\" allowfullscreen=\"allowfullscreen\"><\/iframe><\/p>\n<p>V\u00eddeo introductori divulgatiu (en castell\u00e0) sobre el proc\u00e9s complet de fabricaci\u00f3 del paper, des de la tala dels arbres fins a la configuraci\u00f3 del full final. Introducci\u00f3 a l\u2019estucat.<\/p>\n<p><iframe loading=\"lazy\" src=\"https:\/\/www.youtube.com\/embed\/Rc_MsY6s-nA\" width=\"560\" height=\"315\" frameborder=\"0\" allowfullscreen=\"allowfullscreen\"><\/iframe><\/p>\n<p>&nbsp;<\/p>\n<h4><strong>Paper. Formats<\/strong><\/h4>\n<p>V\u00eddeo introductori divulgatiu (en castell\u00e0) sobre el format DIN A i els seus derivats.<\/p>\n<p>Aproximaci\u00f3 matem\u00e0tica, per\u00f2 sobretot permet entendre de forma gr\u00e0fica la generaci\u00f3 matem\u00e0tica dels diferents formats relacionats.<\/p>\n<p><iframe loading=\"lazy\" src=\"https:\/\/www.youtube.com\/embed\/nc5okMs_ss0\" width=\"560\" height=\"315\" frameborder=\"0\" allowfullscreen=\"allowfullscreen\"><\/iframe><\/p>\n<p>V\u00eddeo introductori divulgatiu (en angl\u00e8s) sobre el format DIN A i els seus derivats.<\/p>\n<p>Interessant aproximaci\u00f3 als formats en l\u2019\u00e0mbit continental i anglosax\u00f3 en funci\u00f3 dels formats corresponents.<\/p>\n<p><iframe loading=\"lazy\" src=\"https:\/\/www.youtube.com\/embed\/mHeo62B0d0E\" width=\"560\" height=\"315\" frameborder=\"0\" allowfullscreen=\"allowfullscreen\"><\/iframe><\/p>\n<p>V\u00eddeo comparatiu (en angl\u00e8s) entre els formats de paper de la s\u00e8rie DIN A i els formats US Letter.<\/p>\n<p><iframe loading=\"lazy\" src=\"https:\/\/www.youtube.com\/embed\/Mb9EsAD2jGQ\" width=\"560\" height=\"315\" frameborder=\"0\" allowfullscreen=\"allowfullscreen\"><\/iframe><\/p>\n<p>V\u00eddeo explicatiu (en angl\u00e8s) sobre formats de llibre.<\/p>\n<p><iframe loading=\"lazy\" src=\"https:\/\/www.youtube.com\/embed\/P66e-6XoM0k\" width=\"560\" height=\"315\" frameborder=\"0\" allowfullscreen=\"allowfullscreen\"><\/iframe><\/p>\n<p>&nbsp;<\/p>\n<h4><strong>Paper. Propietats<\/strong><\/h4>\n<p>Animaci\u00f3 introduct\u00f2ria divulgativa sobre les propietats i caracter\u00edstiques del paper.<\/p>\n<p><iframe loading=\"lazy\" src=\"https:\/\/www.youtube.com\/embed\/QPJtuwv6kPU\" width=\"560\" height=\"315\" frameborder=\"0\" allowfullscreen=\"allowfullscreen\"><\/iframe><\/p>\n<p>&nbsp;<\/p>\n<h4><strong>Cartr\u00f3 corrugat<\/strong><\/h4>\n<p>V\u00eddeo introductori divulgatiu (en angl\u00e8s) sobre origen, avantatges, components i proc\u00e9s de fabricaci\u00f3 del cartr\u00f3 corrugat i les caixes de cartr\u00f3.<\/p>\n<p><iframe loading=\"lazy\" src=\"https:\/\/www.youtube.com\/embed\/q_2zYFV0Sbs\" width=\"560\" height=\"315\" frameborder=\"0\" allowfullscreen=\"allowfullscreen\"><\/iframe><\/p>\n<p>V\u00eddeo introductori divulgatiu (en castell\u00e0) sobre la fabricaci\u00f3 del cartr\u00f3 corrugat i la impressi\u00f3 de les caixes de cartr\u00f3. Tamb\u00e9 es mostra l\u2019encunyaci\u00f3 per a la generaci\u00f3 de caixes i estoigs.<\/p>\n<p><iframe loading=\"lazy\" src=\"https:\/\/www.youtube.com\/embed\/GeZDRN8PT3c\" width=\"560\" height=\"315\" frameborder=\"0\" allowfullscreen=\"allowfullscreen\"><\/iframe><\/p>\n<p>&nbsp;<\/p>\n<h4><strong>Complexos (productes multilaminats per a empaquetatge)<\/strong><\/h4>\n<p>V\u00eddeo introductori divulgatiu (en angl\u00e8s) sobre el proc\u00e9s de fabricaci\u00f3 dels complexos d\u2019aquest l\u00edder en fabricaci\u00f3 d\u2019empaquetatge en complexos. Mostra des de la tala dels arbres fins a la configuraci\u00f3 del bric final.<\/p>\n<p><iframe loading=\"lazy\" src=\"https:\/\/www.youtube.com\/embed\/jNbKIc8tD5I\" width=\"560\" height=\"315\" frameborder=\"0\" allowfullscreen=\"allowfullscreen\"><\/iframe><\/p>\n<p>V\u00eddeo introductori divulgatiu (en castell\u00e0) sobre el proc\u00e9s de fabricaci\u00f3 dels complexos per a empaquetatge, des de la tala de la mat\u00e8ria primera fins a la configuraci\u00f3 de l\u2019env\u00e0s final.<\/p>\n<p><iframe loading=\"lazy\" src=\"https:\/\/www.youtube.com\/embed\/dXuofipZGDI\" width=\"560\" height=\"315\" frameborder=\"0\" allowfullscreen=\"allowfullscreen\"><\/iframe><\/p>\n<p>&nbsp;<\/p>\n<h4><strong>Pl\u00e0stics o pel\u00b7l\u00edcules sint\u00e8tiques<\/strong><\/h4>\n<p>V\u00eddeo introductori divulgatiu (en castell\u00e0) sobre l\u2019origen, els tipus, les aplicacions i la fabricaci\u00f3 dels diferents pol\u00edmers.<\/p>\n<p><iframe loading=\"lazy\" src=\"https:\/\/www.youtube.com\/embed\/TwMsYqFWazg\" width=\"560\" height=\"315\" frameborder=\"0\" allowfullscreen=\"allowfullscreen\"><\/iframe><\/p>\n<p>&nbsp;<\/p>\n<h4><strong>Fabricaci\u00f3 de tintes \u00f2fset<\/strong><\/h4>\n<p>V\u00eddeo explicatiu (en angl\u00e8s) sobre la formulaci\u00f3, propietats i caracter\u00edstiques de la tinta. Aproximaci\u00f3 interessant a la difer\u00e8ncia entre tintes proc\u00e9s i tintes planes.<\/p>\n<p><iframe loading=\"lazy\" src=\"https:\/\/www.youtube.com\/embed\/Y-YOPRdFp68\" width=\"560\" height=\"315\" frameborder=\"0\" allowfullscreen=\"allowfullscreen\"><\/iframe><\/p>\n<p>&nbsp;<\/p>\n<h4><strong>Fabricaci\u00f3 de tintes d\u2019impressi\u00f3 digital<\/strong><\/h4>\n<p>V\u00eddeo divulgatiu (en castell\u00e0) sobre la formulaci\u00f3, les propietats i les caracter\u00edstiques de la tinta per a impressi\u00f3 digital.<\/p>\n<p><iframe loading=\"lazy\" src=\"https:\/\/www.youtube.com\/embed\/8D7hsUBRr8o\" width=\"560\" height=\"315\" frameborder=\"0\" allowfullscreen=\"allowfullscreen\"><\/iframe><\/p>\n<p>&nbsp;<\/p>\n<h4><strong>Tipus de guies Pantone<\/strong><\/h4>\n<p>V\u00eddeo introductori (en angl\u00e8s) sobre els diferents tipus de guies Pantone i les codificacions corresponents.<\/p>\n<p><iframe loading=\"lazy\" src=\"https:\/\/www.youtube.com\/embed\/l6r_CK0rNlk\" width=\"560\" height=\"315\" frameborder=\"0\" allowfullscreen=\"allowfullscreen\"><\/iframe><\/p>\n<p>V\u00eddeo (en angl\u00e8s) sobre els diferents tipus de guies Pantone.<\/p>\n<p><iframe loading=\"lazy\" src=\"https:\/\/www.youtube.com\/embed\/TcF6qZVThjc\" width=\"560\" height=\"315\" frameborder=\"0\" allowfullscreen=\"allowfullscreen\"><\/iframe><\/p>\n<p>V\u00eddeo (en angl\u00e8s) que explica la guia Pantone Colour Bridge i la seva relaci\u00f3 amb la impressi\u00f3 CMYK. N\u2019explica l\u2019\u00fas per a diverses sortides impreses, i tamb\u00e9 per a pantalla.<\/p>\n<p><iframe loading=\"lazy\" src=\"https:\/\/www.youtube.com\/embed\/XtucdAgYYww\" width=\"560\" height=\"315\" frameborder=\"0\" allowfullscreen=\"allowfullscreen\"><\/iframe><\/p>\n<p>&nbsp;<\/p>\n<h4><strong>Consecuci\u00f3 d\u2019una tinta Pantone a peu de m\u00e0quina per \u00f2fset<\/strong><\/h4>\n<p>Demostraci\u00f3 real en taller de com obtenir una tinta referenciada per la guia Pantone a partir de la barreja controlada de dues tintes Pantone.<\/p>\n<p><iframe loading=\"lazy\" src=\"https:\/\/www.youtube.com\/embed\/0zcX06hgNEg\" width=\"560\" height=\"315\" frameborder=\"0\" allowfullscreen=\"allowfullscreen\"><\/iframe><\/p>\n<p>&nbsp;<\/p>\n<h4><strong>Consecuci\u00f3 d\u2019una tinta plana per serigrafia<\/strong><\/h4>\n<p>Demostraci\u00f3 real (comercial) de com obtenir una tinta referenciada a partir de la barreja controlada de tres tintes per impressi\u00f3 serigr\u00e0fica.<\/p>\n<p><iframe loading=\"lazy\" src=\"https:\/\/www.youtube.com\/embed\/0zcX06hgNEg\" width=\"560\" height=\"315\" frameborder=\"0\" allowfullscreen=\"allowfullscreen\"><\/iframe><\/p>\n<p>&nbsp;<\/p>\n<h4><strong>Fabricaci\u00f3 de planxa \u00f2fset<\/strong><\/h4>\n<p>V\u00eddeo explicatiu (en castell\u00e0), for\u00e7a detallat i animat, de la casa AGFA que explica la generaci\u00f3 de la planxa des de l\u2019obtenci\u00f3 de la mat\u00e8ria primera fins a l\u2019obtenci\u00f3 de la planxa enllestida per a la filmaci\u00f3.<\/p>\n<p><iframe loading=\"lazy\" src=\"https:\/\/www.youtube.com\/embed\/kxK9KH65yXw\" width=\"560\" height=\"315\" frameborder=\"0\" allowfullscreen=\"allowfullscreen\"><\/iframe><\/p>\n<p><iframe loading=\"lazy\" src=\"https:\/\/www.youtube.com\/embed\/ypyVLc5EDUM\" width=\"560\" height=\"315\" frameborder=\"0\" allowfullscreen=\"allowfullscreen\"><\/iframe><\/p>\n<p>(en angl\u00e8s)<\/p>\n<p>&nbsp;<\/p>","protected":false},"excerpt":{"rendered":"<p>3.2. V\u00eddeos d\u2019inter\u00e8s &nbsp; Paper. Fabricaci\u00f3 V\u00eddeo introductori divulgatiu (en angl\u00e8s) sobre el proc\u00e9s complet de fabricaci\u00f3 del paper, des de la tala dels arbres fins a la configuraci\u00f3 del full final. V\u00eddeo introductori divulgatiu (en castell\u00e0) sobre el proc\u00e9s complet de fabricaci\u00f3 del paper, des de la tala dels arbres fins a la configuraci\u00f3 [&hellip;]<\/p>\n","protected":false},"author":1,"featured_media":0,"parent":0,"menu_order":0,"comment_status":"closed","ping_status":"closed","template":"","meta":[],"acf":[],"_links":{"self":[{"href":"http:\/\/disseny.recursos.uoc.edu\/recursos\/prod-graf\/ca\/wp-json\/wp\/v2\/pages\/35"}],"collection":[{"href":"http:\/\/disseny.recursos.uoc.edu\/recursos\/prod-graf\/ca\/wp-json\/wp\/v2\/pages"}],"about":[{"href":"http:\/\/disseny.recursos.uoc.edu\/recursos\/prod-graf\/ca\/wp-json\/wp\/v2\/types\/page"}],"author":[{"embeddable":true,"href":"http:\/\/disseny.recursos.uoc.edu\/recursos\/prod-graf\/ca\/wp-json\/wp\/v2\/users\/1"}],"replies":[{"embeddable":true,"href":"http:\/\/disseny.recursos.uoc.edu\/recursos\/prod-graf\/ca\/wp-json\/wp\/v2\/comments?post=35"}],"version-history":[{"count":11,"href":"http:\/\/disseny.recursos.uoc.edu\/recursos\/prod-graf\/ca\/wp-json\/wp\/v2\/pages\/35\/revisions"}],"predecessor-version":[{"id":136,"href":"http:\/\/disseny.recursos.uoc.edu\/recursos\/prod-graf\/ca\/wp-json\/wp\/v2\/pages\/35\/revisions\/136"}],"wp:attachment":[{"href":"http:\/\/disseny.recursos.uoc.edu\/recursos\/prod-graf\/ca\/wp-json\/wp\/v2\/media?parent=35"}],"curies":[{"name":"wp","href":"https:\/\/api.w.org\/{rel}","templated":true}]}}