{"id":2,"date":"2017-02-01T15:18:16","date_gmt":"2017-02-01T15:18:16","guid":{"rendered":"http:\/\/disseny.recursos.uoc.edu\/recursos\/prod-graf\/?page_id=2"},"modified":"2023-04-20T18:17:23","modified_gmt":"2023-04-20T18:17:23","slug":"1-impresion-analogica","status":"publish","type":"page","link":"http:\/\/disseny.recursos.uoc.edu\/recursos\/prod-graf\/ca\/","title":{"rendered":"1. Impressi\u00f3 anal\u00f2gica"},"content":{"rendered":"<p><\/p>\n<h3><strong>1.1. Enlla\u00e7os interessants<\/strong><\/h3>\n<p>&nbsp;<\/p>\n<h4><strong>Introducci\u00f3 a sistemes d\u2019impressi\u00f3<\/strong><\/h4>\n<p><a href=\"https:\/\/www.prepressure.com\/printing\/processes\" target=\"_blank\" rel=\"noopener\">https:\/\/www.prepressure.com\/printing\/processes<\/a> (en angl\u00e8s)<\/p>\n<p>&nbsp;<\/p>\n<h4><strong>Impressi\u00f3 \u00f2fset<\/strong><\/h4>\n<p><a href=\"http:\/\/www.printyourcolor.es\/item\/184-todo-sobre-la-impresion-offset.html\" target=\"_blank\" rel=\"noopener\">http:\/\/www.printyourcolor.es\/item\/184-todo-sobre-la-impresion-offset.html<\/a><\/p>\n<p><a href=\"https:\/\/www.prepressure.com\/printing\/processes\/offset\" target=\"_blank\" rel=\"noopener\">https:\/\/www.prepressure.com\/printing\/processes\/offset<\/a> (en angl\u00e8s)<\/p>\n<p>&nbsp;<\/p>\n<h4><strong>Incid\u00e8ncies en la impressi\u00f3<\/strong><\/h4>\n<p><a href=\"http:\/\/www.comunigraf.net\/articulosyreportes\/repintado-offset\/repintado-offset1.html\" target=\"_blank\" rel=\"noopener\">http:\/\/www.comunigraf.net\/articulosyreportes\/repintado-offset\/repintado-offset1.html<\/a><\/p>\n<p>&nbsp;<\/p>\n<h4><strong>Impressi\u00f3 \u00f2fset rotativa<\/strong><\/h4>\n<p><a href=\"https:\/\/www.saxoprint.co.uk\/blog\/web-offset-rotary-printing-process\/\" target=\"_blank\" rel=\"noopener\">https:\/\/www.saxoprint.co.uk\/blog\/web-offset-rotary-printing-process\/<\/a> (en angl\u00e8s)<\/p>\n<p>&nbsp;<\/p>\n<h4><strong>Planxes \u00f2fset<\/strong><\/h4>\n<p><a href=\"https:\/\/dynodan.com\/magazine-printing\/process\/lithography\/lithography-offset-platetechnology\/\" target=\"_blank\" rel=\"noopener\">https:\/\/dynodan.com\/magazine-printing\/process\/lithography\/lithography-offset-platetechnology\/<\/a><\/p>\n<p>(en angl\u00e8s)<\/p>\n<p>&nbsp;<\/p>\n<h4><strong>Filmaci\u00f3 de planxes (CTP, Computer-To-Plate)<\/strong><\/h4>\n<p><a href=\"https:\/\/youtu.be\/V-lLkTe03yI\" target=\"_blank\" rel=\"noopener\">https:\/\/youtu.be\/V-lLkTe03yI<\/a><\/p>\n<p><a href=\"http:\/\/redgrafica.com\/CTP-del-computador-a-la-plancha\" target=\"_blank\" rel=\"noopener\">http:\/\/redgrafica.com\/CTP-del-computador-a-la-plancha<\/a><\/p>\n<p>&nbsp;<\/p>\n<h4><strong>Impressi\u00f3 en rotogravat<\/strong><\/h4>\n<p><a href=\"http:\/\/www.bobst.com\/eses\/productos\/huecograbado\/proceso\/\" target=\"_blank\" rel=\"noopener\">http:\/\/www.bobst.com\/eses\/productos\/huecograbado\/proceso\/<\/a><\/p>\n<p><a href=\"http:\/\/redgrafica.com\/Principios-basicos-sobre-el\" target=\"_blank\" rel=\"noopener\">http:\/\/redgrafica.com\/Principios-basicos-sobre-el<\/a><\/p>\n<p>&nbsp;<\/p>\n<h4><strong>Cilindre de rotogravat<\/strong><\/h4>\n<p><a href=\"https:\/\/youtu.be\/0ryXxG61oZ8\" target=\"_blank\" rel=\"noopener\">https:\/\/youtu.be\/0ryXxG61oZ8<\/a><\/p>\n<p>&nbsp;<\/p>\n<h4><strong>Impressi\u00f3 en flexografia<\/strong><\/h4>\n<p><a href=\"https:\/\/youtu.be\/CLw90LY4Xrg\" target=\"_blank\" rel=\"noopener\">https:\/\/youtu.be\/CLw90LY4Xrg<\/a> (en angl\u00e8s)<\/p>\n<p><a href=\"https:\/\/youtu.be\/OWDa1YdPM_U\" target=\"_blank\" rel=\"noopener\">https:\/\/youtu.be\/OWDa1YdPM_U<\/a><\/p>\n<p><a href=\"https:\/\/youtu.be\/rjwTLbY4VUw\" target=\"_blank\" rel=\"noopener\">https:\/\/youtu.be\/rjwTLbY4VUw<\/a><\/p>\n<p>&nbsp;<\/p>\n<h4><strong>Fotopol\u00edmer flexogr\u00e0fic<\/strong><\/h4>\n<p><a href=\"https:\/\/youtu.be\/ZrUQzsg5cdo\" target=\"_blank\" rel=\"noopener\">https:\/\/youtu.be\/ZrUQzsg5cdo<\/a><\/p>\n<p>&nbsp;<\/p>\n<h4><strong>Serigrafia<\/strong><\/h4>\n<p>Serigrafia artesanal:<br \/>\n<a href=\"https:\/\/vimeo.com\/117999657\" target=\"_blank\" rel=\"noopener\">https:\/\/vimeo.com\/117999657<\/a><\/p>\n<p>Serigrafia industrial t\u00e8xtil (en angl\u00e8s):<br \/>\n<a href=\"https:\/\/youtu.be\/zuR2x0lorLg\" target=\"_blank\" rel=\"noopener\">https:\/\/youtu.be\/zuR2x0lorLg<\/a><\/p>\n<p>Serigrafia samarretes:<br \/>\n<a href=\"https:\/\/youtu.be\/vmcuKEzRUCc\" target=\"_blank\" rel=\"noopener\">https:\/\/youtu.be\/vmcuKEzRUCc<\/a><\/p>\n<p>&nbsp;<\/p>","protected":false},"excerpt":{"rendered":"<p>1.1. Enlla\u00e7os interessants &nbsp; Introducci\u00f3 a sistemes d\u2019impressi\u00f3 https:\/\/www.prepressure.com\/printing\/processes (en angl\u00e8s) &nbsp; Impressi\u00f3 \u00f2fset http:\/\/www.printyourcolor.es\/item\/184-todo-sobre-la-impresion-offset.html https:\/\/www.prepressure.com\/printing\/processes\/offset (en angl\u00e8s) &nbsp; Incid\u00e8ncies en la impressi\u00f3 http:\/\/www.comunigraf.net\/articulosyreportes\/repintado-offset\/repintado-offset1.html &nbsp; Impressi\u00f3 \u00f2fset rotativa https:\/\/www.saxoprint.co.uk\/blog\/web-offset-rotary-printing-process\/ (en angl\u00e8s) &nbsp; Planxes \u00f2fset https:\/\/dynodan.com\/magazine-printing\/process\/lithography\/lithography-offset-platetechnology\/ (en angl\u00e8s) &nbsp; Filmaci\u00f3 de planxes (CTP, Computer-To-Plate) https:\/\/youtu.be\/V-lLkTe03yI http:\/\/redgrafica.com\/CTP-del-computador-a-la-plancha &nbsp; Impressi\u00f3 en rotogravat http:\/\/www.bobst.com\/eses\/productos\/huecograbado\/proceso\/ http:\/\/redgrafica.com\/Principios-basicos-sobre-el &nbsp; Cilindre de rotogravat [&hellip;]<\/p>\n","protected":false},"author":1,"featured_media":0,"parent":0,"menu_order":0,"comment_status":"closed","ping_status":"open","template":"","meta":[],"acf":[],"_links":{"self":[{"href":"http:\/\/disseny.recursos.uoc.edu\/recursos\/prod-graf\/ca\/wp-json\/wp\/v2\/pages\/2"}],"collection":[{"href":"http:\/\/disseny.recursos.uoc.edu\/recursos\/prod-graf\/ca\/wp-json\/wp\/v2\/pages"}],"about":[{"href":"http:\/\/disseny.recursos.uoc.edu\/recursos\/prod-graf\/ca\/wp-json\/wp\/v2\/types\/page"}],"author":[{"embeddable":true,"href":"http:\/\/disseny.recursos.uoc.edu\/recursos\/prod-graf\/ca\/wp-json\/wp\/v2\/users\/1"}],"replies":[{"embeddable":true,"href":"http:\/\/disseny.recursos.uoc.edu\/recursos\/prod-graf\/ca\/wp-json\/wp\/v2\/comments?post=2"}],"version-history":[{"count":40,"href":"http:\/\/disseny.recursos.uoc.edu\/recursos\/prod-graf\/ca\/wp-json\/wp\/v2\/pages\/2\/revisions"}],"predecessor-version":[{"id":153,"href":"http:\/\/disseny.recursos.uoc.edu\/recursos\/prod-graf\/ca\/wp-json\/wp\/v2\/pages\/2\/revisions\/153"}],"wp:attachment":[{"href":"http:\/\/disseny.recursos.uoc.edu\/recursos\/prod-graf\/ca\/wp-json\/wp\/v2\/media?parent=2"}],"curies":[{"name":"wp","href":"https:\/\/api.w.org\/{rel}","templated":true}]}}