{"id":13,"date":"2017-02-02T15:53:42","date_gmt":"2017-02-02T15:53:42","guid":{"rendered":"http:\/\/disseny.recursos.uoc.edu\/recursos\/prod-graf\/?page_id=13"},"modified":"2017-02-03T11:31:58","modified_gmt":"2017-02-03T11:31:58","slug":"2-impresion-digital-1","status":"publish","type":"page","link":"http:\/\/disseny.recursos.uoc.edu\/recursos\/prod-graf\/ca\/2-impresion-digital-1\/","title":{"rendered":"2. Impressi\u00f3 digital"},"content":{"rendered":"<p><\/p>\n<h3><strong>2.1. Enlla\u00e7os interessants<\/strong><\/h3>\n<p>&nbsp;<\/p>\n<h4><strong>Impressi\u00f3 digital o \u00f2fset<\/strong><\/h4>\n<p>Comparaci\u00f3 i consells d\u2019elecci\u00f3 d\u2019un o altre sistema en funci\u00f3 del projecte<\/p>\n<p><a href=\"https:\/\/www.laimprentacg.com\/diferencias-entre-impresion-offset-y-digital\/\" target=\"_blank\">https:\/\/www.laimprentacg.com\/diferencias-entre-impresion-offset-y-digital\/<\/a><\/p>\n<p>Consideracions sobre impressi\u00f3 digital<\/p>\n<p><a href=\"http:\/\/www.kwdoggett.com.au\/2014\/08\/top-10-digital-printing-tips\/\" target=\"_blank\">http:\/\/www.kwdoggett.com.au\/2014\/08\/top-10-digital-printing-tips\/<\/a> (en angl\u00e8s)<\/p>\n<p>&nbsp;<\/p>\n<h4><strong>Impressi\u00f3 digital o serigrafia (impressi\u00f3 t\u00e8xtil)<\/strong><\/h4>\n<p><a href=\"https:\/\/www.fespa.com\/news\/features\/screen-vs-digital-the-print-debatecontinues.html\" target=\"_blank\">https:\/\/www.fespa.com\/news\/features\/screen-vs-digital-the-print-debatecontinues.html<\/a> (en angl\u00e8s)<\/p>\n<p>&nbsp;<\/p>\n<h4><strong>Tecnologies d\u2019impressi\u00f3 digital<\/strong><\/h4>\n<p><a href=\"http:\/\/www.sigmaaldrich.com\/technical-documents\/articles\/material-matters\/inkjetprinting-as.html\" target=\"_blank\">http:\/\/www.sigmaaldrich.com\/technical-documents\/articles\/material-matters\/inkjetprinting-as.html<\/a> (en angl\u00e8s)<\/p>\n<p>&nbsp;<\/p>\n<h4><strong>Impressi\u00f3 per injecci\u00f3 de tinta (inkjet)<\/strong><\/h4>\n<p><a href=\"http:\/\/www.image-specialists.com\/ink_int_injet_printer.aspxh\" target=\"_blank\">http:\/\/www.image-specialists.com\/ink_int_injet_printer.aspxh<\/a> (en angl\u00e8s)<\/p>\n<p><a href=\"https:\/\/www.fespa.com\/news\/features\/mastering-the-art-of-inkjet-printing.html\" target=\"_blank\">https:\/\/www.fespa.com\/news\/features\/mastering-the-art-of-inkjet-printing.html<\/a> (en angl\u00e8s)<\/p>\n<p>&nbsp;<\/p>\n<h4><strong>Cap\u00e7als de tinta<\/strong><\/h4>\n<p><a href=\"https:\/\/www.fespa.com\/news\/features\/understanding-printhead-technologies.html\" target=\"_blank\">https:\/\/www.fespa.com\/news\/features\/understanding-printhead-technologies.html<\/a> (en angl\u00e8s)<\/p>\n<p>&nbsp;<\/p>\n<h4><strong>Impressi\u00f3 l\u00e0ser (de t\u00f2ner)<\/strong><\/h4>\n<p><a href=\"https:\/\/ciscoskills.net\/2011\/03\/08\/laser-printing-process\/\" target=\"_blank\">https:\/\/ciscoskills.net\/2011\/03\/08\/laser-printing-process\/<\/a> (en angl\u00e8s)<\/p>\n<p><a href=\"http:\/\/www.alphr.com\/innovation-at-work\/1001254\/how-does-a-laser-printer-work\" target=\"_blank\">http:\/\/www.alphr.com\/innovation-at-work\/1001254\/how-does-a-laser-printer-work<\/a> (en angl\u00e8s)<\/p>\n<p>&nbsp;<\/p>\n<h4><strong>Impressi\u00f3 digital i impressi\u00f3 de gran format<\/strong><\/h4>\n<p><a href=\"https:\/\/www.fespa.com\/news\/features\/understanding-the-basics-of-inkjet-and-wideformat-printing.html\" target=\"_blank\">https:\/\/www.fespa.com\/news\/features\/understanding-the-basics-of-inkjet-and-wideformat-printing.html<\/a> (en angl\u00e8s)<\/p>\n<p>&nbsp;<\/p>\n<h4><strong>Impressi\u00f3 t\u00e8xtil digital mitjan\u00e7ant sublimaci\u00f3<\/strong><\/h4>\n<p><a href=\"https:\/\/www.brildor.com\/blog\/sublimacion\/consejos-tecnicos-parasublimacion\/preguntas-basicas-sobre-sublimacion.html\" target=\"_blank\">https:\/\/www.brildor.com\/blog\/sublimacion\/consejos-tecnicos-parasublimacion\/preguntas-basicas-sobre-sublimacion.html<\/a> (en angl\u00e8s)<\/p>\n<p>&nbsp;<\/p>\n<h4><strong>Impressi\u00f3 t\u00e8xtil mitjan\u00e7ant termotransfer\u00e8ncia per vinil<\/strong><\/h4>\n<p><a href=\"https:\/\/blog.signwarehouse.com\/basic-guide-to-t-shirt-vinyl-and-heat-transfer-film\/\" target=\"_blank\">https:\/\/blog.signwarehouse.com\/basic-guide-to-t-shirt-vinyl-and-heat-transfer-film\/<\/a> (en angl\u00e8s)<\/p>\n<p>&nbsp;<\/p>","protected":false},"excerpt":{"rendered":"<p>2.1. Enlla\u00e7os interessants &nbsp; Impressi\u00f3 digital o \u00f2fset Comparaci\u00f3 i consells d\u2019elecci\u00f3 d\u2019un o altre sistema en funci\u00f3 del projecte https:\/\/www.laimprentacg.com\/diferencias-entre-impresion-offset-y-digital\/ Consideracions sobre impressi\u00f3 digital http:\/\/www.kwdoggett.com.au\/2014\/08\/top-10-digital-printing-tips\/ (en angl\u00e8s) &nbsp; Impressi\u00f3 digital o serigrafia (impressi\u00f3 t\u00e8xtil) https:\/\/www.fespa.com\/news\/features\/screen-vs-digital-the-print-debatecontinues.html (en angl\u00e8s) &nbsp; Tecnologies d\u2019impressi\u00f3 digital http:\/\/www.sigmaaldrich.com\/technical-documents\/articles\/material-matters\/inkjetprinting-as.html (en angl\u00e8s) &nbsp; Impressi\u00f3 per injecci\u00f3 de tinta (inkjet) http:\/\/www.image-specialists.com\/ink_int_injet_printer.aspxh (en angl\u00e8s) [&hellip;]<\/p>\n","protected":false},"author":1,"featured_media":0,"parent":0,"menu_order":0,"comment_status":"closed","ping_status":"closed","template":"","meta":[],"acf":[],"_links":{"self":[{"href":"http:\/\/disseny.recursos.uoc.edu\/recursos\/prod-graf\/ca\/wp-json\/wp\/v2\/pages\/13"}],"collection":[{"href":"http:\/\/disseny.recursos.uoc.edu\/recursos\/prod-graf\/ca\/wp-json\/wp\/v2\/pages"}],"about":[{"href":"http:\/\/disseny.recursos.uoc.edu\/recursos\/prod-graf\/ca\/wp-json\/wp\/v2\/types\/page"}],"author":[{"embeddable":true,"href":"http:\/\/disseny.recursos.uoc.edu\/recursos\/prod-graf\/ca\/wp-json\/wp\/v2\/users\/1"}],"replies":[{"embeddable":true,"href":"http:\/\/disseny.recursos.uoc.edu\/recursos\/prod-graf\/ca\/wp-json\/wp\/v2\/comments?post=13"}],"version-history":[{"count":7,"href":"http:\/\/disseny.recursos.uoc.edu\/recursos\/prod-graf\/ca\/wp-json\/wp\/v2\/pages\/13\/revisions"}],"predecessor-version":[{"id":61,"href":"http:\/\/disseny.recursos.uoc.edu\/recursos\/prod-graf\/ca\/wp-json\/wp\/v2\/pages\/13\/revisions\/61"}],"wp:attachment":[{"href":"http:\/\/disseny.recursos.uoc.edu\/recursos\/prod-graf\/ca\/wp-json\/wp\/v2\/media?parent=13"}],"curies":[{"name":"wp","href":"https:\/\/api.w.org\/{rel}","templated":true}]}}