{"id":89,"date":"2017-02-06T11:00:44","date_gmt":"2017-02-06T11:00:44","guid":{"rendered":"http:\/\/disseny.recursos.uoc.edu\/recursos\/ident-marca\/?page_id=89"},"modified":"2017-02-23T12:26:40","modified_gmt":"2017-02-23T12:26:40","slug":"1-5-la-marca-como-experiencia","status":"publish","type":"page","link":"http:\/\/disseny.recursos.uoc.edu\/recursos\/ident-marca\/1-5-la-marca-como-experiencia\/","title":{"rendered":"1. La marca"},"content":{"rendered":"<p><\/p>\n<h3><strong>1.5. La marca como experiencia<\/strong><\/h3>\n<p>El concepto de <strong>dise\u00f1o como experiencia<\/strong>, desarrollado por Cooper y Press, tambi\u00e9n tiene su aplicaci\u00f3n en el dise\u00f1o de imagen corporativa o de marca. Si bien durante los a\u00f1os ochenta se promocion\u00f3 el dise\u00f1o hasta la exageraci\u00f3n, y el campo del dise\u00f1o corporativo cay\u00f3 en descr\u00e9dito en los a\u00f1os noventa, actualmente parece claro que se debe gestionar la capacidad de una organizaci\u00f3n para comunicar eficazmente, lo que incluye la creaci\u00f3n y el control de una personalidad corporativa y una imagen que pueda ser percibida por todos los agentes. Para Cooper y Press (2009), en este contexto el dise\u00f1ador es uno m\u00e1s del equipo que debe valorar, desarrollar y comunicar los valores y actividades de la organizaci\u00f3n. De este modo, hemos pasado del mero dise\u00f1o de identidad corporativa a una estrategia de comunicaci\u00f3n corporativa gestionada.<\/p>\n<p>De acuerdo con estos autores, las empresas deben conocer el tipo de experiencia que ofrecen y la contribuci\u00f3n que el dise\u00f1o desempe\u00f1a en ello. Como primer paso en la estrategia de dise\u00f1o, es preciso desglosar la distribuci\u00f3n de la experiencia a trav\u00e9s del dise\u00f1o. Es decir, realizar lo que se suele conocer como <strong>auditor\u00eda de dise\u00f1o<\/strong>, que consiste en la identificaci\u00f3n y an\u00e1lisis sist\u00e9micos del dise\u00f1o en todos los niveles de la empresa.<\/p>\n<p>Los elementos esenciales de la experiencia del usuario son:<\/p>\n<ol>\n<li>La <strong>experiencia del producto<\/strong>, aumentada por la <strong>experiencia de la marca<\/strong>.<\/li>\n<li>Que consiste a su vez en la percepci\u00f3n de la marca que tiene el usuario antes, durante y tras la compra.<\/li>\n<li>La <strong>experiencia toque<\/strong> puede provenir de algo fugaz (una valla publicitaria).<\/li>\n<li>La <strong>experiencia potencial<\/strong> es la que espera el consumidor en el futuro, lo que busca. Lo que le gustar\u00e1 y va a mantener los valores globales que posee de la experiencia en su conjunto (Cooper y Press, 2009).<\/li>\n<\/ol>\n<div class=\"cita\">\n<p>\u00abEl dise\u00f1o para la experiencia pretende comprender tan a fondo la experiencia del consumidor que es capaz de identificar los valores que este percibe como sustanciales. De esta manera, el dise\u00f1o plantea una estrategia de marketing de producto que refleje esa experiencia en una cultura de marca subyacente al producto y que inspire pasi\u00f3n\u00bb (Cooper y Press, 2009, p\u00e1g. 69).<\/p>\n<\/div>\n<p><\/p>","protected":false},"excerpt":{"rendered":"<p>1.5. La marca como experiencia El concepto de dise\u00f1o como experiencia, desarrollado por Cooper y Press, tambi\u00e9n tiene su aplicaci\u00f3n en el dise\u00f1o de imagen corporativa o de marca. Si bien durante los a\u00f1os ochenta se promocion\u00f3 el dise\u00f1o hasta la exageraci\u00f3n, y el campo del dise\u00f1o corporativo cay\u00f3 en descr\u00e9dito en los a\u00f1os noventa, [&hellip;]<\/p>\n","protected":false},"author":1,"featured_media":0,"parent":0,"menu_order":0,"comment_status":"closed","ping_status":"closed","template":"","meta":[],"acf":[],"_links":{"self":[{"href":"http:\/\/disseny.recursos.uoc.edu\/recursos\/ident-marca\/wp-json\/wp\/v2\/pages\/89"}],"collection":[{"href":"http:\/\/disseny.recursos.uoc.edu\/recursos\/ident-marca\/wp-json\/wp\/v2\/pages"}],"about":[{"href":"http:\/\/disseny.recursos.uoc.edu\/recursos\/ident-marca\/wp-json\/wp\/v2\/types\/page"}],"author":[{"embeddable":true,"href":"http:\/\/disseny.recursos.uoc.edu\/recursos\/ident-marca\/wp-json\/wp\/v2\/users\/1"}],"replies":[{"embeddable":true,"href":"http:\/\/disseny.recursos.uoc.edu\/recursos\/ident-marca\/wp-json\/wp\/v2\/comments?post=89"}],"version-history":[{"count":8,"href":"http:\/\/disseny.recursos.uoc.edu\/recursos\/ident-marca\/wp-json\/wp\/v2\/pages\/89\/revisions"}],"predecessor-version":[{"id":504,"href":"http:\/\/disseny.recursos.uoc.edu\/recursos\/ident-marca\/wp-json\/wp\/v2\/pages\/89\/revisions\/504"}],"wp:attachment":[{"href":"http:\/\/disseny.recursos.uoc.edu\/recursos\/ident-marca\/wp-json\/wp\/v2\/media?parent=89"}],"curies":[{"name":"wp","href":"https:\/\/api.w.org\/{rel}","templated":true}]}}