{"id":86,"date":"2017-02-06T10:59:47","date_gmt":"2017-02-06T10:59:47","guid":{"rendered":"http:\/\/disseny.recursos.uoc.edu\/recursos\/ident-marca\/?page_id=86"},"modified":"2017-02-23T12:27:15","modified_gmt":"2017-02-23T12:27:15","slug":"1-4-3-otros-signos-de-la-marca","status":"publish","type":"page","link":"http:\/\/disseny.recursos.uoc.edu\/recursos\/ident-marca\/1-4-3-otros-signos-de-la-marca\/","title":{"rendered":"1. La marca"},"content":{"rendered":"<p><\/p>\n<h3 class=\"normal\" style=\"line-height: normal;\"><strong>1.4. Atributos de la marca<\/strong><\/h3>\n<h3><strong>1.4.3. Otros signos de la marca<\/strong><\/h3>\n<p>Ser\u00edan todos aquellos signos que se derivan de la comunicaci\u00f3n de la misma: el <em>packaging<\/em>, los esl\u00f3ganes asociados (<em>connecting people<\/em> de Nokia, por ejemplo) o incluso los personajes fundadores de las empresas, que operan como transmisores de la misma. Tambi\u00e9n podr\u00edamos incluir aqu\u00ed las comunidades de marca, los fans y todo el universo que rodea a las marcas, especialmente desde los entornos digitales.<\/p>","protected":false},"excerpt":{"rendered":"<p>1.4. Atributos de la marca 1.4.3. Otros signos de la marca Ser\u00edan todos aquellos signos que se derivan de la comunicaci\u00f3n de la misma: el packaging, los esl\u00f3ganes asociados (connecting people de Nokia, por ejemplo) o incluso los personajes fundadores de las empresas, que operan como transmisores de la misma. Tambi\u00e9n podr\u00edamos incluir aqu\u00ed las [&hellip;]<\/p>\n","protected":false},"author":1,"featured_media":0,"parent":0,"menu_order":0,"comment_status":"closed","ping_status":"closed","template":"","meta":[],"acf":[],"_links":{"self":[{"href":"http:\/\/disseny.recursos.uoc.edu\/recursos\/ident-marca\/wp-json\/wp\/v2\/pages\/86"}],"collection":[{"href":"http:\/\/disseny.recursos.uoc.edu\/recursos\/ident-marca\/wp-json\/wp\/v2\/pages"}],"about":[{"href":"http:\/\/disseny.recursos.uoc.edu\/recursos\/ident-marca\/wp-json\/wp\/v2\/types\/page"}],"author":[{"embeddable":true,"href":"http:\/\/disseny.recursos.uoc.edu\/recursos\/ident-marca\/wp-json\/wp\/v2\/users\/1"}],"replies":[{"embeddable":true,"href":"http:\/\/disseny.recursos.uoc.edu\/recursos\/ident-marca\/wp-json\/wp\/v2\/comments?post=86"}],"version-history":[{"count":6,"href":"http:\/\/disseny.recursos.uoc.edu\/recursos\/ident-marca\/wp-json\/wp\/v2\/pages\/86\/revisions"}],"predecessor-version":[{"id":505,"href":"http:\/\/disseny.recursos.uoc.edu\/recursos\/ident-marca\/wp-json\/wp\/v2\/pages\/86\/revisions\/505"}],"wp:attachment":[{"href":"http:\/\/disseny.recursos.uoc.edu\/recursos\/ident-marca\/wp-json\/wp\/v2\/media?parent=86"}],"curies":[{"name":"wp","href":"https:\/\/api.w.org\/{rel}","templated":true}]}}