{"id":83,"date":"2017-02-06T10:59:27","date_gmt":"2017-02-06T10:59:27","guid":{"rendered":"http:\/\/disseny.recursos.uoc.edu\/recursos\/ident-marca\/?page_id=83"},"modified":"2017-02-23T12:27:44","modified_gmt":"2017-02-23T12:27:44","slug":"1-4-2-signos-graficos-el-logotipo","status":"publish","type":"page","link":"http:\/\/disseny.recursos.uoc.edu\/recursos\/ident-marca\/1-4-2-signos-graficos-el-logotipo\/","title":{"rendered":"1. La marca"},"content":{"rendered":"<p><\/p>\n<h3 class=\"normal\" style=\"line-height: normal;\"><strong>1.4. Atributos de la marca<\/strong><\/h3>\n<h3><strong>1.4.2. Signos gr\u00e1ficos: el logotipo<\/strong><\/h3>\n<p>Seg\u00fan Chevalier y Mazzalobo, los logotipos ser\u00edan a la comunicaci\u00f3n y al consumo lo que los n\u00fameros a las matem\u00e1ticas (Velilla, 2010). Y como advierte Neumeier, el <strong>logotipo<\/strong> no es la marca, sino un modo de escribirla. Las representaciones gr\u00e1ficas se convierten a menudo en s\u00edmbolos en s\u00ed mismos, como veremos m\u00e1s adelante (como le sucedi\u00f3, por ejemplo, a Nike o a Apple, que ya no necesitan del logotipo y solo funcionan con el s\u00edmbolo).<\/p>","protected":false},"excerpt":{"rendered":"<p>1.4. Atributos de la marca 1.4.2. Signos gr\u00e1ficos: el logotipo Seg\u00fan Chevalier y Mazzalobo, los logotipos ser\u00edan a la comunicaci\u00f3n y al consumo lo que los n\u00fameros a las matem\u00e1ticas (Velilla, 2010). Y como advierte Neumeier, el logotipo no es la marca, sino un modo de escribirla. Las representaciones gr\u00e1ficas se convierten a menudo en [&hellip;]<\/p>\n","protected":false},"author":1,"featured_media":0,"parent":0,"menu_order":0,"comment_status":"closed","ping_status":"closed","template":"","meta":[],"acf":[],"_links":{"self":[{"href":"http:\/\/disseny.recursos.uoc.edu\/recursos\/ident-marca\/wp-json\/wp\/v2\/pages\/83"}],"collection":[{"href":"http:\/\/disseny.recursos.uoc.edu\/recursos\/ident-marca\/wp-json\/wp\/v2\/pages"}],"about":[{"href":"http:\/\/disseny.recursos.uoc.edu\/recursos\/ident-marca\/wp-json\/wp\/v2\/types\/page"}],"author":[{"embeddable":true,"href":"http:\/\/disseny.recursos.uoc.edu\/recursos\/ident-marca\/wp-json\/wp\/v2\/users\/1"}],"replies":[{"embeddable":true,"href":"http:\/\/disseny.recursos.uoc.edu\/recursos\/ident-marca\/wp-json\/wp\/v2\/comments?post=83"}],"version-history":[{"count":5,"href":"http:\/\/disseny.recursos.uoc.edu\/recursos\/ident-marca\/wp-json\/wp\/v2\/pages\/83\/revisions"}],"predecessor-version":[{"id":506,"href":"http:\/\/disseny.recursos.uoc.edu\/recursos\/ident-marca\/wp-json\/wp\/v2\/pages\/83\/revisions\/506"}],"wp:attachment":[{"href":"http:\/\/disseny.recursos.uoc.edu\/recursos\/ident-marca\/wp-json\/wp\/v2\/media?parent=83"}],"curies":[{"name":"wp","href":"https:\/\/api.w.org\/{rel}","templated":true}]}}