{"id":170,"date":"2017-02-06T12:36:57","date_gmt":"2017-02-06T12:36:57","guid":{"rendered":"http:\/\/disseny.recursos.uoc.edu\/recursos\/ident-marca\/?page_id=170"},"modified":"2017-02-23T15:36:47","modified_gmt":"2017-02-23T15:36:47","slug":"3-4-2-recomendaciones-finales","status":"publish","type":"page","link":"http:\/\/disseny.recursos.uoc.edu\/recursos\/ident-marca\/3-4-2-recomendaciones-finales\/","title":{"rendered":"3. El proyecto de marca"},"content":{"rendered":"<p><\/p>\n<h3><strong>3.4. El manual de identidad visual<\/strong><\/h3>\n<h3><strong>3.4.2. Recomendaciones finales<\/strong><\/h3>\n<p>Lo que es com\u00fan, o al menos deber\u00eda serlo, en cualquier manual de identidad visual corporativa es lo siguiente:<\/p>\n<ol>\n<li>Esta\u0301 hecho para durar en el tiempo (lo que dure la imagen visual creada, normalmente a\u00f1os), por lo que no debe contener estructuras ni estilos de dise\u00f1o que respondan a modas pasajeras.<\/li>\n<li>No obstante, aunque debe mantener los elementos b\u00e1sicos de identidad visual, ha de permitir su evoluci\u00f3n, dado que las marcas evolucionan acorde con los tiempos y aparecen tambi\u00e9n nuevos formatos.<\/li>\n<li>Se programa para expandir los signos visuales por distintos soportes: impresos, web, animaci\u00f3n&#8230;<\/li>\n<li>Debe ofrecer un enfoque plural, esto es, ha de intentar asegurar la comprensi\u00f3n de la identidad visual (adaptarla) a diferentes pa\u00edses y culturas, o lo que es lo mismo, evitar en la medida de lo posible el localismo.<\/li>\n<\/ol>\n<p><\/p>","protected":false},"excerpt":{"rendered":"<p>3.4. El manual de identidad visual 3.4.2. Recomendaciones finales Lo que es com\u00fan, o al menos deber\u00eda serlo, en cualquier manual de identidad visual corporativa es lo siguiente: Esta\u0301 hecho para durar en el tiempo (lo que dure la imagen visual creada, normalmente a\u00f1os), por lo que no debe contener estructuras ni estilos de dise\u00f1o [&hellip;]<\/p>\n","protected":false},"author":1,"featured_media":0,"parent":0,"menu_order":0,"comment_status":"closed","ping_status":"closed","template":"","meta":[],"acf":[],"_links":{"self":[{"href":"http:\/\/disseny.recursos.uoc.edu\/recursos\/ident-marca\/wp-json\/wp\/v2\/pages\/170"}],"collection":[{"href":"http:\/\/disseny.recursos.uoc.edu\/recursos\/ident-marca\/wp-json\/wp\/v2\/pages"}],"about":[{"href":"http:\/\/disseny.recursos.uoc.edu\/recursos\/ident-marca\/wp-json\/wp\/v2\/types\/page"}],"author":[{"embeddable":true,"href":"http:\/\/disseny.recursos.uoc.edu\/recursos\/ident-marca\/wp-json\/wp\/v2\/users\/1"}],"replies":[{"embeddable":true,"href":"http:\/\/disseny.recursos.uoc.edu\/recursos\/ident-marca\/wp-json\/wp\/v2\/comments?post=170"}],"version-history":[{"count":4,"href":"http:\/\/disseny.recursos.uoc.edu\/recursos\/ident-marca\/wp-json\/wp\/v2\/pages\/170\/revisions"}],"predecessor-version":[{"id":544,"href":"http:\/\/disseny.recursos.uoc.edu\/recursos\/ident-marca\/wp-json\/wp\/v2\/pages\/170\/revisions\/544"}],"wp:attachment":[{"href":"http:\/\/disseny.recursos.uoc.edu\/recursos\/ident-marca\/wp-json\/wp\/v2\/media?parent=170"}],"curies":[{"name":"wp","href":"https:\/\/api.w.org\/{rel}","templated":true}]}}