{"id":153,"date":"2017-02-06T12:28:47","date_gmt":"2017-02-06T12:28:47","guid":{"rendered":"http:\/\/disseny.recursos.uoc.edu\/recursos\/ident-marca\/?page_id=153"},"modified":"2017-03-01T15:18:17","modified_gmt":"2017-03-01T15:18:17","slug":"3-1-metodologia-de-proyecto","status":"publish","type":"page","link":"http:\/\/disseny.recursos.uoc.edu\/recursos\/ident-marca\/3-1-metodologia-de-proyecto\/","title":{"rendered":"3. El proyecto de marca"},"content":{"rendered":"<p><\/p>\n<h3><strong>3.1. Metodolog\u00eda de proyecto<\/strong><\/h3>\n<p>Una vez vistos los par\u00e1metros que determinan la calidad de una marca gr\u00e1fica, ya podemos establecer un diagn\u00f3stico sobre cualquier marca. Sin embargo, este diagn\u00f3stico se establecer\u00e1 en el contexto de una metodolog\u00eda de proyecto dise\u00f1ada para llevar a cabo nuestro encargo. De un modo sint\u00e9tico, podr\u00edamos definir unas fases:<\/p>\n<ol>\n<li><strong>Investigaci\u00f3n y an\u00e1lisis<\/strong>:\n<ul>\n<li>Averiguar lo m\u00e1ximo del perfil institucional (entrevistas con directivos, encargados, etc.).<\/li>\n<li>El contexto de la marca (<em>benchmarking<\/em>).<\/li>\n<li>Necesidades de comunicaci\u00f3n (incluye los soportes donde la marca se va a reproducir).<\/li>\n<li>An\u00e1lisis de la marca gr\u00e1fica (si la tuviese, a partir del manual proporcionado en el punto 2).<\/li>\n<li>Din\u00e1mica con usuarios (encuestas, <em>workshops<\/em> o <em>focus group<\/em>).<\/li>\n<li>S\u00edntesis y conclusiones del trabajo.<\/li>\n<\/ul>\n<\/li>\n<li><strong>Planteamiento de la estrategia:<\/strong>\n<ul>\n<li>Entrevista con el cliente.<\/li>\n<li><em>Contrabriefing<\/em>.<\/li>\n<li>Propuestas iniciales.<\/li>\n<\/ul>\n<\/li>\n<li><strong>Implementaci\u00f3n de la marca:<\/strong>\n<ul>\n<li>Tests de usuario.<\/li>\n<li>Ajustes y cambios.<\/li>\n<li>Entrevista con el cliente.<\/li>\n<li>Ajustes y cambios.<\/li>\n<\/ul>\n<\/li>\n<li><strong>Manual de identidad visual (o corporativa)<\/strong><\/li>\n<\/ol>\n<p>Todos estos puntos ser\u00e1n desarrollados y ampliados en diferentes documentos de trabajo complementarios que se entregar\u00e1n durante el semestre.<\/p>","protected":false},"excerpt":{"rendered":"<p>3.1. Metodolog\u00eda de proyecto Una vez vistos los par\u00e1metros que determinan la calidad de una marca gr\u00e1fica, ya podemos establecer un diagn\u00f3stico sobre cualquier marca. Sin embargo, este diagn\u00f3stico se establecer\u00e1 en el contexto de una metodolog\u00eda de proyecto dise\u00f1ada para llevar a cabo nuestro encargo. De un modo sint\u00e9tico, podr\u00edamos definir unas fases: Investigaci\u00f3n [&hellip;]<\/p>\n","protected":false},"author":1,"featured_media":0,"parent":0,"menu_order":0,"comment_status":"closed","ping_status":"closed","template":"","meta":[],"acf":[],"_links":{"self":[{"href":"http:\/\/disseny.recursos.uoc.edu\/recursos\/ident-marca\/wp-json\/wp\/v2\/pages\/153"}],"collection":[{"href":"http:\/\/disseny.recursos.uoc.edu\/recursos\/ident-marca\/wp-json\/wp\/v2\/pages"}],"about":[{"href":"http:\/\/disseny.recursos.uoc.edu\/recursos\/ident-marca\/wp-json\/wp\/v2\/types\/page"}],"author":[{"embeddable":true,"href":"http:\/\/disseny.recursos.uoc.edu\/recursos\/ident-marca\/wp-json\/wp\/v2\/users\/1"}],"replies":[{"embeddable":true,"href":"http:\/\/disseny.recursos.uoc.edu\/recursos\/ident-marca\/wp-json\/wp\/v2\/comments?post=153"}],"version-history":[{"count":18,"href":"http:\/\/disseny.recursos.uoc.edu\/recursos\/ident-marca\/wp-json\/wp\/v2\/pages\/153\/revisions"}],"predecessor-version":[{"id":562,"href":"http:\/\/disseny.recursos.uoc.edu\/recursos\/ident-marca\/wp-json\/wp\/v2\/pages\/153\/revisions\/562"}],"wp:attachment":[{"href":"http:\/\/disseny.recursos.uoc.edu\/recursos\/ident-marca\/wp-json\/wp\/v2\/media?parent=153"}],"curies":[{"name":"wp","href":"https:\/\/api.w.org\/{rel}","templated":true}]}}