{"id":147,"date":"2017-02-06T12:15:37","date_gmt":"2017-02-06T12:15:37","guid":{"rendered":"http:\/\/disseny.recursos.uoc.edu\/recursos\/ident-marca\/?page_id=147"},"modified":"2017-02-23T13:56:20","modified_gmt":"2017-02-23T13:56:20","slug":"2-3-14-pregnancia","status":"publish","type":"page","link":"http:\/\/disseny.recursos.uoc.edu\/recursos\/ident-marca\/2-3-14-pregnancia\/","title":{"rendered":"2. Dise\u00f1o de marcas"},"content":{"rendered":"<p><\/p>\n<h3><strong>2.3. Par\u00e1metros de calidad de las marcas<\/strong><\/h3>\n<h3><strong>2.3.14. Pregnancia<\/strong><\/h3>\n<p>Este par\u00e1metro tiene que ver con la capacidad de una forma para ser asimilada y recordada. La mayor o menor capacidad (y rapidez) que un signo tiene para \u00abquedarse grabado\u00bb en la memoria de los p\u00fablicos es una cuesti\u00f3n de la mayor importancia, y tiene que ver con la simplicidad, la armon\u00eda y la coherencia de las formas, as\u00ed como con su l\u00f3gica compositiva. Un par\u00e1metro crucial, por tanto, para lograr posicionamientos de la forma m\u00e1s r\u00e1pida y rentable posible. Antes de ponernos a dise\u00f1ar, conviene saber a qu\u00e9 velocidad es conveniente que se recuerde la marca de nuestro cliente.<\/p>\n<div class=\"fondo-fila\">\n<div class='content-column one_half'>La <strong>pregnancia<\/strong> es un concepto que proviene de la psicolog\u00eda de la percepci\u00f3n de la Gestalt, y significa \u00abbuena forma\u00bb. Las formas sencillas son m\u00e1s pregnantes que las complejas. Por tanto, las formas b\u00e1sicas \u2013c\u00edrculo, tri\u00e1ngulo y cuadrado (caso de Deutsche Bank)\u2013 ser\u00e1n m\u00e1s pregnantes que sus derivaciones.<\/div>\n<div class='content-column one_half last_column'><img loading=\"lazy\" class=\"alignnone size-full wp-image-57 img-responsive\" src=\"http:\/\/disseny.recursos.uoc.edu\/recursos\/ident-marca\/wp-content\/uploads\/sites\/21\/2017\/02\/20117_37.png\" alt=\"20117_37\" width=\"300\" height=\"170\" \/><\/div><div class='clear_column'><\/div>\n<\/div>\n<p>&nbsp;<\/p>\n<div class=\"fondo-fila\">\n<div class='content-column one_half'><p>Siempre hay que tener en cuenta que en las marcas hay una <strong>pregnancia visual<\/strong> y una <strong>pregnancia verbal<\/strong>. En este sentido, la marca Schweppes ser\u00eda m\u00e1s pregnante que la de Fanta.<\/p><\/div>\n<div class='content-column one_half last_column'><img loading=\"lazy\" class=\"alignnone size-full wp-image-58 img-responsive\" src=\"http:\/\/disseny.recursos.uoc.edu\/recursos\/ident-marca\/wp-content\/uploads\/sites\/21\/2017\/02\/20117_38.png\" alt=\"20117_38\" width=\"300\" height=\"120\" \/><\/div><div class='clear_column'><\/div>\n<\/div>\n<p>&nbsp;<\/p>","protected":false},"excerpt":{"rendered":"<p>2.3. Par\u00e1metros de calidad de las marcas 2.3.14. Pregnancia Este par\u00e1metro tiene que ver con la capacidad de una forma para ser asimilada y recordada. La mayor o menor capacidad (y rapidez) que un signo tiene para \u00abquedarse grabado\u00bb en la memoria de los p\u00fablicos es una cuesti\u00f3n de la mayor importancia, y tiene que [&hellip;]<\/p>\n","protected":false},"author":1,"featured_media":0,"parent":0,"menu_order":0,"comment_status":"closed","ping_status":"closed","template":"","meta":[],"acf":[],"_links":{"self":[{"href":"http:\/\/disseny.recursos.uoc.edu\/recursos\/ident-marca\/wp-json\/wp\/v2\/pages\/147"}],"collection":[{"href":"http:\/\/disseny.recursos.uoc.edu\/recursos\/ident-marca\/wp-json\/wp\/v2\/pages"}],"about":[{"href":"http:\/\/disseny.recursos.uoc.edu\/recursos\/ident-marca\/wp-json\/wp\/v2\/types\/page"}],"author":[{"embeddable":true,"href":"http:\/\/disseny.recursos.uoc.edu\/recursos\/ident-marca\/wp-json\/wp\/v2\/users\/1"}],"replies":[{"embeddable":true,"href":"http:\/\/disseny.recursos.uoc.edu\/recursos\/ident-marca\/wp-json\/wp\/v2\/comments?post=147"}],"version-history":[{"count":5,"href":"http:\/\/disseny.recursos.uoc.edu\/recursos\/ident-marca\/wp-json\/wp\/v2\/pages\/147\/revisions"}],"predecessor-version":[{"id":534,"href":"http:\/\/disseny.recursos.uoc.edu\/recursos\/ident-marca\/wp-json\/wp\/v2\/pages\/147\/revisions\/534"}],"wp:attachment":[{"href":"http:\/\/disseny.recursos.uoc.edu\/recursos\/ident-marca\/wp-json\/wp\/v2\/media?parent=147"}],"curies":[{"name":"wp","href":"https:\/\/api.w.org\/{rel}","templated":true}]}}