{"id":134,"date":"2017-02-06T12:05:30","date_gmt":"2017-02-06T12:05:30","guid":{"rendered":"http:\/\/disseny.recursos.uoc.edu\/recursos\/ident-marca\/?page_id=134"},"modified":"2017-02-23T13:34:30","modified_gmt":"2017-02-23T13:34:30","slug":"2-3-9-legibilidad","status":"publish","type":"page","link":"http:\/\/disseny.recursos.uoc.edu\/recursos\/ident-marca\/2-3-9-legibilidad\/","title":{"rendered":"2. Dise\u00f1o de marcas"},"content":{"rendered":"<p><\/p>\n<h3><strong>2.3. Par\u00e1metros de calidad de las marcas<\/strong><\/h3>\n<h3><strong>2.3.9. Legibilidad<\/strong><\/h3>\n<p>Como hemos dicho, este par\u00e1metro tiene que ver con la <strong>reproducibilidad<\/strong>, pero se refiere m\u00e1s bien a las condiciones de lectura por parte de los p\u00fablicos. Antes de ponernos a dise\u00f1ar, por tanto, hay que saber bajo qu\u00e9 condiciones y a qu\u00e9 distancia deber\u00e1 leerse la marca de nuestro cliente.<\/p>\n<p>Una excelente reproducci\u00f3n de los signos no garantiza necesariamente un registro visual un\u00edvoco en todas las condiciones de lectura: fija o m\u00f3vil, cercana o distante, lenta o r\u00e1pida, en tama\u00f1os muy peque\u00f1os o muy grandes, con poca o con mucha luz, con el motivo algo desenfocado, etc. Si la lectura distante es una condici\u00f3n a la que estar\u00e1n sometidos los signos, la claridad de lectura deber\u00e1 ser m\u00e1xima y seguramente deber\u00e1 estar reforzada por un color corporativo potente (por ejemplo, BP), puesto que se trata del primer signo detectable por el ojo.<\/p>\n<div class=\"fondo-fila\">\n<div class='content-column one_half'>Por el contrario, las tarjetas de cr\u00e9dito son un ejemplo de condiciones de legibilidad complicadas en un espacio reducido. Si comparamos el rendimiento de las marcas en este formato, vemos que en este caso Visa ser\u00eda la que mejor legibilidad aporta.<\/div>\n<div class='content-column one_half last_column'><img loading=\"lazy\" class=\"alignnone size-full wp-image-51 img-responsive\" src=\"http:\/\/disseny.recursos.uoc.edu\/recursos\/ident-marca\/wp-content\/uploads\/sites\/21\/2017\/02\/20117_31.png\" alt=\"20117_31\" width=\"300\" height=\"192\" \/><\/div><div class='clear_column'><\/div>\n<\/div>\n<p>&nbsp;<\/p>","protected":false},"excerpt":{"rendered":"<p>2.3. Par\u00e1metros de calidad de las marcas 2.3.9. Legibilidad Como hemos dicho, este par\u00e1metro tiene que ver con la reproducibilidad, pero se refiere m\u00e1s bien a las condiciones de lectura por parte de los p\u00fablicos. Antes de ponernos a dise\u00f1ar, por tanto, hay que saber bajo qu\u00e9 condiciones y a qu\u00e9 distancia deber\u00e1 leerse la [&hellip;]<\/p>\n","protected":false},"author":1,"featured_media":0,"parent":0,"menu_order":0,"comment_status":"closed","ping_status":"closed","template":"","meta":[],"acf":[],"_links":{"self":[{"href":"http:\/\/disseny.recursos.uoc.edu\/recursos\/ident-marca\/wp-json\/wp\/v2\/pages\/134"}],"collection":[{"href":"http:\/\/disseny.recursos.uoc.edu\/recursos\/ident-marca\/wp-json\/wp\/v2\/pages"}],"about":[{"href":"http:\/\/disseny.recursos.uoc.edu\/recursos\/ident-marca\/wp-json\/wp\/v2\/types\/page"}],"author":[{"embeddable":true,"href":"http:\/\/disseny.recursos.uoc.edu\/recursos\/ident-marca\/wp-json\/wp\/v2\/users\/1"}],"replies":[{"embeddable":true,"href":"http:\/\/disseny.recursos.uoc.edu\/recursos\/ident-marca\/wp-json\/wp\/v2\/comments?post=134"}],"version-history":[{"count":6,"href":"http:\/\/disseny.recursos.uoc.edu\/recursos\/ident-marca\/wp-json\/wp\/v2\/pages\/134\/revisions"}],"predecessor-version":[{"id":528,"href":"http:\/\/disseny.recursos.uoc.edu\/recursos\/ident-marca\/wp-json\/wp\/v2\/pages\/134\/revisions\/528"}],"wp:attachment":[{"href":"http:\/\/disseny.recursos.uoc.edu\/recursos\/ident-marca\/wp-json\/wp\/v2\/media?parent=134"}],"curies":[{"name":"wp","href":"https:\/\/api.w.org\/{rel}","templated":true}]}}