{"id":131,"date":"2017-02-06T12:03:06","date_gmt":"2017-02-06T12:03:06","guid":{"rendered":"http:\/\/disseny.recursos.uoc.edu\/recursos\/ident-marca\/?page_id=131"},"modified":"2017-02-23T13:32:12","modified_gmt":"2017-02-23T13:32:12","slug":"2-3-8-reproducibilidad","status":"publish","type":"page","link":"http:\/\/disseny.recursos.uoc.edu\/recursos\/ident-marca\/2-3-8-reproducibilidad\/","title":{"rendered":"2. Dise\u00f1o de marcas"},"content":{"rendered":"<p><\/p>\n<h3><strong>2.3. Par\u00e1metros de calidad de las marcas<\/strong><\/h3>\n<h3><strong>2.3.8. Reproducibilidad<\/strong><\/h3>\n<p>Se trata de un par\u00e1metro t\u00e9cnico que condiciona mucho la forma de la marca, dado que se refiere a su capacidad para ser reproducida (en condiciones \u00f3ptimas de legibilidad) en soportes y situaciones de lo m\u00e1s heterog\u00e9neos: en plano, en relieve o bajorrelieve, en volumen, en r\u00f3tulos con iluminaci\u00f3n frontal o trasera, a tama\u00f1o tan peque\u00f1o como un bol\u00edgrafo o un pin, en una pantalla de televisi\u00f3n, ordenador o tableta, en blanco y negro porque se trata de un peri\u00f3dico, etc. Es interesante se\u00f1alar aqu\u00ed que a pesar de estar en plena era digital, todav\u00eda nacen infinidad de marcas que obvian esta condici\u00f3n y no tienen en cuenta en absoluto este par\u00e1metro.<\/p>\n<div class='content-column one_half'>As\u00ed pues, la marca gr\u00e1fica debe manifestarse siempre bajo la misma apariencia. Debe ser y parecer la misma tanto en las reproducciones planas y en relieve, como en las corp\u00f3reas o tridimensionales. La variedad y complejidad de las reproducciones surge del an\u00e1lisis previo de las situaciones de uso previsibles de la marca.<\/div>\n<div class=\"fondo-fila\">\n<div class='content-column one_half last_column'><div id=\"attachment_369\" style=\"width: 638px\" class=\"wp-caption alignright\"><img aria-describedby=\"caption-attachment-369\" loading=\"lazy\" class=\"img-responsive wp-image-369 size-full\" src=\"http:\/\/disseny.recursos.uoc.edu\/recursos\/ident-marca\/wp-content\/uploads\/sites\/21\/2017\/02\/20117_30-1.png\" width=\"628\" height=\"239\" srcset=\"http:\/\/disseny.recursos.uoc.edu\/recursos\/ident-marca\/wp-content\/uploads\/sites\/21\/2017\/02\/20117_30-1.png 628w, http:\/\/disseny.recursos.uoc.edu\/recursos\/ident-marca\/wp-content\/uploads\/sites\/21\/2017\/02\/20117_30-1-300x114.png 300w\" sizes=\"(max-width: 628px) 100vw, 628px\" \/><p id=\"caption-attachment-369\" class=\"wp-caption-text\">Usos de la marca gr\u00e1fica en contextos de bastante complejidad.<\/p><\/div><\/p><\/div><div class='clear_column'><\/div>\n<\/p><\/div>\n<p><\/p>\n<div class=\"definicio\">La reproducibilidad es un par\u00e1metro f\u00edsico vinculado a la legibilidad. El tipo de soporte material pertinente plantear\u00e1 sus propias condiciones de reproducci\u00f3n.<\/div>\n<\/div>\n<p><\/p>","protected":false},"excerpt":{"rendered":"<p>2.3. Par\u00e1metros de calidad de las marcas 2.3.8. Reproducibilidad Se trata de un par\u00e1metro t\u00e9cnico que condiciona mucho la forma de la marca, dado que se refiere a su capacidad para ser reproducida (en condiciones \u00f3ptimas de legibilidad) en soportes y situaciones de lo m\u00e1s heterog\u00e9neos: en plano, en relieve o bajorrelieve, en volumen, en [&hellip;]<\/p>\n","protected":false},"author":1,"featured_media":0,"parent":0,"menu_order":0,"comment_status":"closed","ping_status":"closed","template":"","meta":[],"acf":[],"_links":{"self":[{"href":"http:\/\/disseny.recursos.uoc.edu\/recursos\/ident-marca\/wp-json\/wp\/v2\/pages\/131"}],"collection":[{"href":"http:\/\/disseny.recursos.uoc.edu\/recursos\/ident-marca\/wp-json\/wp\/v2\/pages"}],"about":[{"href":"http:\/\/disseny.recursos.uoc.edu\/recursos\/ident-marca\/wp-json\/wp\/v2\/types\/page"}],"author":[{"embeddable":true,"href":"http:\/\/disseny.recursos.uoc.edu\/recursos\/ident-marca\/wp-json\/wp\/v2\/users\/1"}],"replies":[{"embeddable":true,"href":"http:\/\/disseny.recursos.uoc.edu\/recursos\/ident-marca\/wp-json\/wp\/v2\/comments?post=131"}],"version-history":[{"count":7,"href":"http:\/\/disseny.recursos.uoc.edu\/recursos\/ident-marca\/wp-json\/wp\/v2\/pages\/131\/revisions"}],"predecessor-version":[{"id":527,"href":"http:\/\/disseny.recursos.uoc.edu\/recursos\/ident-marca\/wp-json\/wp\/v2\/pages\/131\/revisions\/527"}],"wp:attachment":[{"href":"http:\/\/disseny.recursos.uoc.edu\/recursos\/ident-marca\/wp-json\/wp\/v2\/media?parent=131"}],"curies":[{"name":"wp","href":"https:\/\/api.w.org\/{rel}","templated":true}]}}