{"id":124,"date":"2017-02-06T11:54:51","date_gmt":"2017-02-06T11:54:51","guid":{"rendered":"http:\/\/disseny.recursos.uoc.edu\/recursos\/ident-marca\/?page_id=124"},"modified":"2017-02-23T13:26:42","modified_gmt":"2017-02-23T13:26:42","slug":"2-3-6-versatilidad","status":"publish","type":"page","link":"http:\/\/disseny.recursos.uoc.edu\/recursos\/ident-marca\/2-3-6-versatilidad\/","title":{"rendered":"2. Dise\u00f1o de marcas"},"content":{"rendered":"<p><\/p>\n<h3><strong>2.3. Par\u00e1metros de calidad de las marcas<\/strong><\/h3>\n<h3><strong>2.3.6. Versatilidad<\/strong><\/h3>\n<p>Este par\u00e1metro hace referencia a la \u00abamplitud de miras\u00bb con la que se deber\u00eda dise\u00f1ar una marca gr\u00e1fica. Por un lado, versatilidad se refiere a que la gr\u00e1fica de una marca debe poder adecuarse tanto a un mensaje comercial como a uno corporativo, pero por otro lado tambi\u00e9n debe poder firmar un mensaje festivo, o serio, o distinguido, o incluso fr\u00edvolo. Seg\u00fan Belluccia, la tendencia a dotarse de marcas simp\u00e1ticas para transmitir alegr\u00eda y cordialidad encierra un doble error: no acercan la instituci\u00f3n a la gente y carecen de versatilidad. A este respecto, Chaves y Belluccia afirman:<\/p>\n<div class=\"cita\">\n<p>\u00abLas versiones informales de lo serio son absolutamente f\u00e1ciles de lograr, las versiones serias de lo informal son pr\u00e1cticamente imposibles\u00bb (Chaves y Belluccia, 2003, p\u00e1g. 49).<\/p>\n<\/div>\n<div class=\"fondo-fila\"><div class='content-column one_half'>Una marca gr\u00e1fica vers\u00e1til es aquella capaz de adaptarse incluso a una nueva l\u00ednea de negocio en un sector distante y no previsto inicialmente cuando fue concebida. Este ser\u00eda el caso de las estilogr\u00e1ficas Montblanc y su incursi\u00f3n en el negocio de los perfumes. La compa\u00f1\u00eda descubri\u00f3, con esta inesperada versatilidad, que ten\u00eda un capital marcario oculto.<\/div><div class='content-column one_half last_column'><img loading=\"lazy\" class=\"alignnone size-full wp-image-48 img-responsive\" src=\"http:\/\/disseny.recursos.uoc.edu\/recursos\/ident-marca\/wp-content\/uploads\/sites\/21\/2017\/02\/20117_28.png\" alt=\"20117_28\" width=\"175\" height=\"150\" \/><\/div><div class='clear_column'><\/div><\/p>\n<\/div>\n<div class=\"definicio\">\n<p>Los signos deben ser dise\u00f1ados atendiendo a un rendimiento similar en todos los niveles de discurso sin p\u00e9rdida de su uniformidad. Cada mensaje firmado debe confirmar la existencia monol\u00edtica de la marca.<\/p>\n<\/div>\n<p><\/p>","protected":false},"excerpt":{"rendered":"<p>2.3. Par\u00e1metros de calidad de las marcas 2.3.6. Versatilidad Este par\u00e1metro hace referencia a la \u00abamplitud de miras\u00bb con la que se deber\u00eda dise\u00f1ar una marca gr\u00e1fica. Por un lado, versatilidad se refiere a que la gr\u00e1fica de una marca debe poder adecuarse tanto a un mensaje comercial como a uno corporativo, pero por otro [&hellip;]<\/p>\n","protected":false},"author":1,"featured_media":0,"parent":0,"menu_order":0,"comment_status":"closed","ping_status":"closed","template":"","meta":[],"acf":[],"_links":{"self":[{"href":"http:\/\/disseny.recursos.uoc.edu\/recursos\/ident-marca\/wp-json\/wp\/v2\/pages\/124"}],"collection":[{"href":"http:\/\/disseny.recursos.uoc.edu\/recursos\/ident-marca\/wp-json\/wp\/v2\/pages"}],"about":[{"href":"http:\/\/disseny.recursos.uoc.edu\/recursos\/ident-marca\/wp-json\/wp\/v2\/types\/page"}],"author":[{"embeddable":true,"href":"http:\/\/disseny.recursos.uoc.edu\/recursos\/ident-marca\/wp-json\/wp\/v2\/users\/1"}],"replies":[{"embeddable":true,"href":"http:\/\/disseny.recursos.uoc.edu\/recursos\/ident-marca\/wp-json\/wp\/v2\/comments?post=124"}],"version-history":[{"count":7,"href":"http:\/\/disseny.recursos.uoc.edu\/recursos\/ident-marca\/wp-json\/wp\/v2\/pages\/124\/revisions"}],"predecessor-version":[{"id":525,"href":"http:\/\/disseny.recursos.uoc.edu\/recursos\/ident-marca\/wp-json\/wp\/v2\/pages\/124\/revisions\/525"}],"wp:attachment":[{"href":"http:\/\/disseny.recursos.uoc.edu\/recursos\/ident-marca\/wp-json\/wp\/v2\/media?parent=124"}],"curies":[{"name":"wp","href":"https:\/\/api.w.org\/{rel}","templated":true}]}}