{"id":121,"date":"2017-02-06T11:52:27","date_gmt":"2017-02-06T11:52:27","guid":{"rendered":"http:\/\/disseny.recursos.uoc.edu\/recursos\/ident-marca\/?page_id=121"},"modified":"2017-02-23T13:24:47","modified_gmt":"2017-02-23T13:24:47","slug":"2-3-5-suficiencia","status":"publish","type":"page","link":"http:\/\/disseny.recursos.uoc.edu\/recursos\/ident-marca\/2-3-5-suficiencia\/","title":{"rendered":"2. Dise\u00f1o de marcas"},"content":{"rendered":"<p><\/p>\n<h3><strong>2.3. Par\u00e1metros de calidad de las marcas<\/strong><\/h3>\n<h3><strong>2.3.5. Suficiencia<\/strong><\/h3>\n<p>Los signos que componen una marca han de ser suficientes para cubrir las necesidades de identificaci\u00f3n, pero nada debe sobrar, puesto que todo exceso pasa a producir interferencias. La suficiencia indica, pues, que los signos deben ser los necesarios, y nada m\u00e1s que los necesarios, para satisfacer todos los usos identificatorios de la marca en cuesti\u00f3n. Se trata tambi\u00e9n de un par\u00e1metro relacionado con el \u00abajuste tipol\u00f3gico\u00bb. Antes de ponerse a dise\u00f1ar, hay que preguntarse, por tanto, \u00bfcu\u00e1ntos signos necesita la marca de nuestro cliente? Marcas de primer\u00edsimo nivel, en competencia global, y de los sectores m\u00e1s diversos se bastan y se sobran con un logotipo: Panasonic, IBM, Calvin Klein, Sony, Pirelli, Coca-Cola, etc.<\/p>\n<div class=\"fondo-fila\">\n<div class='content-column one_half'>Los signos son suficientes no solo cuando alcanzan para cubrir las necesidades, sino cuando, adem\u00e1s, no sobran. Cada elemento es importante y suficiente.<\/p>\n<p>\u00bfLes sobra alg\u00fan elemento a estas marcas?<\/div>\n<div class='content-column one_half last_column'><img loading=\"lazy\" class=\"alignnone size-full wp-image-47 img-responsive\" src=\"http:\/\/disseny.recursos.uoc.edu\/recursos\/ident-marca\/wp-content\/uploads\/sites\/21\/2017\/02\/20117_27.png\" alt=\"20117_27\" width=\"300\" height=\"108\" \/><\/div><div class='clear_column'><\/div>\n<\/div>\n<p><\/p>","protected":false},"excerpt":{"rendered":"<p>2.3. Par\u00e1metros de calidad de las marcas 2.3.5. Suficiencia Los signos que componen una marca han de ser suficientes para cubrir las necesidades de identificaci\u00f3n, pero nada debe sobrar, puesto que todo exceso pasa a producir interferencias. La suficiencia indica, pues, que los signos deben ser los necesarios, y nada m\u00e1s que los necesarios, para [&hellip;]<\/p>\n","protected":false},"author":1,"featured_media":0,"parent":0,"menu_order":0,"comment_status":"closed","ping_status":"closed","template":"","meta":[],"acf":[],"_links":{"self":[{"href":"http:\/\/disseny.recursos.uoc.edu\/recursos\/ident-marca\/wp-json\/wp\/v2\/pages\/121"}],"collection":[{"href":"http:\/\/disseny.recursos.uoc.edu\/recursos\/ident-marca\/wp-json\/wp\/v2\/pages"}],"about":[{"href":"http:\/\/disseny.recursos.uoc.edu\/recursos\/ident-marca\/wp-json\/wp\/v2\/types\/page"}],"author":[{"embeddable":true,"href":"http:\/\/disseny.recursos.uoc.edu\/recursos\/ident-marca\/wp-json\/wp\/v2\/users\/1"}],"replies":[{"embeddable":true,"href":"http:\/\/disseny.recursos.uoc.edu\/recursos\/ident-marca\/wp-json\/wp\/v2\/comments?post=121"}],"version-history":[{"count":6,"href":"http:\/\/disseny.recursos.uoc.edu\/recursos\/ident-marca\/wp-json\/wp\/v2\/pages\/121\/revisions"}],"predecessor-version":[{"id":524,"href":"http:\/\/disseny.recursos.uoc.edu\/recursos\/ident-marca\/wp-json\/wp\/v2\/pages\/121\/revisions\/524"}],"wp:attachment":[{"href":"http:\/\/disseny.recursos.uoc.edu\/recursos\/ident-marca\/wp-json\/wp\/v2\/media?parent=121"}],"curies":[{"name":"wp","href":"https:\/\/api.w.org\/{rel}","templated":true}]}}