{"id":118,"date":"2017-02-06T11:50:54","date_gmt":"2017-02-06T11:50:54","guid":{"rendered":"http:\/\/disseny.recursos.uoc.edu\/recursos\/ident-marca\/?page_id=118"},"modified":"2017-02-23T13:22:57","modified_gmt":"2017-02-23T13:22:57","slug":"2-3-4-compatibilidad-semantica","status":"publish","type":"page","link":"http:\/\/disseny.recursos.uoc.edu\/recursos\/ident-marca\/2-3-4-compatibilidad-semantica\/","title":{"rendered":"2. Dise\u00f1o de marcas"},"content":{"rendered":"<p><\/p>\n<h3><strong>2.3. Par\u00e1metros de calidad de las marcas<\/strong><\/h3>\n<h3><strong>2.3.4. Compatibilidad sem\u00e1ntica<\/strong><\/h3>\n<p>Este es uno de los aspectos que quiz\u00e1 resulta m\u00e1s dif\u00edcil de entender. Chaves y Belluccia hacen referencia a los niveles de relaci\u00f3n que tienen los s\u00edmbolos con la actividad o identidad de la empresa. Abordan as\u00ed la arbitrariedad de signos de gran \u00e9xito que no aluden a nada concreto \u2013como el s\u00edmbolo geom\u00e9trico de Mitsubishi\u2013 o que se refieren a cosas diferentes y alejadas de la identidad de la organizaci\u00f3n \u2013el murci\u00e9lago de Bacard\u00ed. Teniendo en cuenta esta arbitrariedad en la elecci\u00f3n de los signos (Nike, Lacoste), podemos entender que las relaciones de significado evidentes en muchas ocasiones no son las m\u00e1s adecuadas, y dan como resultado una ilustraci\u00f3n o un icono que no necesariamente se ha de convertir en un buen signo marcario.<\/p>\n<div class=\"fondo-fila\">\n<div class='content-column one_half'>Seg\u00fan los autores, la compatibilidad sem\u00e1ntica se da en dos ejes: de la <strong>motivaci\u00f3n a la arbitrariedad<\/strong> (caso de Japan Airlines y Starbucks) y de la <strong>figuraci\u00f3n a la abstracci\u00f3n<\/strong> (caso Penguin Books y Mitsubishi).<\/div>\n<div class='content-column one_half last_column'><img loading=\"lazy\" class=\"alignnone size-full wp-image-46 img-responsive\" src=\"http:\/\/disseny.recursos.uoc.edu\/recursos\/ident-marca\/wp-content\/uploads\/sites\/21\/2017\/02\/20117_26.png\" alt=\"20117_26\" width=\"300\" height=\"184\" \/><\/div><div class='clear_column'><\/div>\n<\/div>\n<p>Finalmente,<\/p>\n<div class=\"cita\">\n<p>\u00abla \u00fanica condici\u00f3n sem\u00e1ntica universal es la compatibilidad: el signo no debe hacer referencias expl\u00edcitas a significados incompatibles o contradictorios con la identidad de la organizaci\u00f3n\u00bb (Chaves y Belluccia, 2003, p\u00e1g. 47).<\/p>\n<\/div>\n<p><\/p>","protected":false},"excerpt":{"rendered":"<p>2.3. Par\u00e1metros de calidad de las marcas 2.3.4. Compatibilidad sem\u00e1ntica Este es uno de los aspectos que quiz\u00e1 resulta m\u00e1s dif\u00edcil de entender. Chaves y Belluccia hacen referencia a los niveles de relaci\u00f3n que tienen los s\u00edmbolos con la actividad o identidad de la empresa. Abordan as\u00ed la arbitrariedad de signos de gran \u00e9xito que [&hellip;]<\/p>\n","protected":false},"author":1,"featured_media":0,"parent":0,"menu_order":0,"comment_status":"closed","ping_status":"closed","template":"","meta":[],"acf":[],"_links":{"self":[{"href":"http:\/\/disseny.recursos.uoc.edu\/recursos\/ident-marca\/wp-json\/wp\/v2\/pages\/118"}],"collection":[{"href":"http:\/\/disseny.recursos.uoc.edu\/recursos\/ident-marca\/wp-json\/wp\/v2\/pages"}],"about":[{"href":"http:\/\/disseny.recursos.uoc.edu\/recursos\/ident-marca\/wp-json\/wp\/v2\/types\/page"}],"author":[{"embeddable":true,"href":"http:\/\/disseny.recursos.uoc.edu\/recursos\/ident-marca\/wp-json\/wp\/v2\/users\/1"}],"replies":[{"embeddable":true,"href":"http:\/\/disseny.recursos.uoc.edu\/recursos\/ident-marca\/wp-json\/wp\/v2\/comments?post=118"}],"version-history":[{"count":6,"href":"http:\/\/disseny.recursos.uoc.edu\/recursos\/ident-marca\/wp-json\/wp\/v2\/pages\/118\/revisions"}],"predecessor-version":[{"id":523,"href":"http:\/\/disseny.recursos.uoc.edu\/recursos\/ident-marca\/wp-json\/wp\/v2\/pages\/118\/revisions\/523"}],"wp:attachment":[{"href":"http:\/\/disseny.recursos.uoc.edu\/recursos\/ident-marca\/wp-json\/wp\/v2\/media?parent=118"}],"curies":[{"name":"wp","href":"https:\/\/api.w.org\/{rel}","templated":true}]}}