{"id":107,"date":"2017-02-06T11:16:50","date_gmt":"2017-02-06T11:16:50","guid":{"rendered":"http:\/\/disseny.recursos.uoc.edu\/recursos\/ident-marca\/?page_id=107"},"modified":"2017-02-27T09:58:16","modified_gmt":"2017-02-27T09:58:16","slug":"2-3-2-ajuste-tipologico","status":"publish","type":"page","link":"http:\/\/disseny.recursos.uoc.edu\/recursos\/ident-marca\/2-3-2-ajuste-tipologico\/","title":{"rendered":"2. Dise\u00f1o de marcas"},"content":{"rendered":"<p><\/p>\n<h3><strong>2.3. Par\u00e1metros de calidad de las marcas<\/strong><\/h3>\n<h3><strong>2.3.2. Ajuste tipol\u00f3gico<\/strong><\/h3>\n<p>Como hemos visto al principio, existen diferentes tipos de marca en funci\u00f3n de los componentes de la misma. De acuerdo con Belluccia, existen fundamentalmente seis tipos de marcas:<\/p>\n<p><strong>1) Logotipo puro<\/strong><\/p>\n<div class=\"fondo-fila\">\n<div class='content-column one_half'>Formado \u00fanicamente por la tipograf\u00eda que define la marca (el nombre o <em>naming<\/em>). Es una tipolog\u00eda que abunda, por ejemplo en las marcas de ropa de grandes almacenes (Zara, Mango, etc.). La elecci\u00f3n de la tipograf\u00eda y su composici\u00f3n es aqu\u00ed fundamental, ya que transmiten al consumidor un mensaje inequ\u00edvoco y directo.<br \/>\n<img loading=\"lazy\" class=\"alignnone size-full wp-image-26 img-responsive\" src=\"http:\/\/disseny.recursos.uoc.edu\/recursos\/ident-marca\/wp-content\/uploads\/sites\/21\/2017\/02\/20117_06.png\" alt=\"20117_06\" width=\"452\" height=\"48\" srcset=\"http:\/\/disseny.recursos.uoc.edu\/recursos\/ident-marca\/wp-content\/uploads\/sites\/21\/2017\/02\/20117_06.png 452w, http:\/\/disseny.recursos.uoc.edu\/recursos\/ident-marca\/wp-content\/uploads\/sites\/21\/2017\/02\/20117_06-300x32.png 300w\" sizes=\"(max-width: 452px) 100vw, 452px\" \/><br \/><\/div>\n<div class='content-column one_half last_column'><img loading=\"lazy\" class=\"alignnone size-full wp-image-27 img-responsive\" src=\"http:\/\/disseny.recursos.uoc.edu\/recursos\/ident-marca\/wp-content\/uploads\/sites\/21\/2017\/02\/20117_07.png\" alt=\"20117_07\" width=\"162\" height=\"150\" \/><\/div><div class='clear_column'><\/div>\n<\/div>\n<p><strong>2) Logotipo con fondo<\/strong><\/p>\n<div class=\"fondo-fila\">\n<div class='content-column one_half'>Se tratar\u00eda de una variaci\u00f3n de la anterior tipolog\u00eda, pero que incluye un fondo, recuadro, marco o cualquiera que sea la forma que lo acompa\u00f1a. En muchos casos, se trata de que el logo est\u00e1 en blanco y por este motivo necesita su caja; en otros casos, la forma del fondo es tan definitoria que a veces puede funcionar sin el logo (es el caso de Levi\u2019s o de Camper).<\/div>\n<div class='content-column one_half last_column'><img loading=\"lazy\" class=\"alignnone size-full wp-image-28 img-responsive\" src=\"http:\/\/disseny.recursos.uoc.edu\/recursos\/ident-marca\/wp-content\/uploads\/sites\/21\/2017\/02\/20117_08.png\" alt=\"20117_08\" width=\"130\" height=\"64\" \/> <img loading=\"lazy\" class=\"alignnone size-full wp-image-29 img-responsive\" src=\"http:\/\/disseny.recursos.uoc.edu\/recursos\/ident-marca\/wp-content\/uploads\/sites\/21\/2017\/02\/20117_09.png\" alt=\"20117_09\" width=\"450\" height=\"94\" srcset=\"http:\/\/disseny.recursos.uoc.edu\/recursos\/ident-marca\/wp-content\/uploads\/sites\/21\/2017\/02\/20117_09.png 450w, http:\/\/disseny.recursos.uoc.edu\/recursos\/ident-marca\/wp-content\/uploads\/sites\/21\/2017\/02\/20117_09-300x63.png 300w\" sizes=\"(max-width: 450px) 100vw, 450px\" \/><\/div><div class='clear_column'><\/div>\n<\/div>\n<p><strong>3) Logotipo con complemento<\/strong><\/p>\n<div class=\"fondo-fila\">\n<div class='content-column one_half'>Son marcas que, adem\u00e1s del logotipo, incluyen alg\u00fan elemento gr\u00e1fico que destaca o remarca la tipograf\u00eda, creando un punto de atenci\u00f3n. Dicho complemento es dependiente siempre del logotipo y, por tanto, no tiene una autonom\u00eda simb\u00f3lica que le permita funcionar de forma independiente.<\/div>\n<div class='content-column one_half last_column'><img loading=\"lazy\" class=\"alignnone size-full wp-image-30 img-responsive\" src=\"http:\/\/disseny.recursos.uoc.edu\/recursos\/ident-marca\/wp-content\/uploads\/sites\/21\/2017\/02\/20117_10.png\" alt=\"20117_10\" width=\"600\" height=\"62\" srcset=\"http:\/\/disseny.recursos.uoc.edu\/recursos\/ident-marca\/wp-content\/uploads\/sites\/21\/2017\/02\/20117_10.png 600w, http:\/\/disseny.recursos.uoc.edu\/recursos\/ident-marca\/wp-content\/uploads\/sites\/21\/2017\/02\/20117_10-300x31.png 300w\" sizes=\"(max-width: 600px) 100vw, 600px\" \/><\/div><div class='clear_column'><\/div>\n<\/div>\n<p><strong>4) Logotipo con s\u00edmbolo<\/strong><\/p>\n<div class=\"fondo-fila\">\n<div class='content-column one_half'>Es uno de los casos m\u00e1s comunes, donde el logotipo va acompa\u00f1ado por un s\u00edmbolo, que puede ser m\u00e1s figurativo (caso de ING) o m\u00e1s abstracto (Mitsubishi).<\/div>\n<div class='content-column one_half last_column'><img loading=\"lazy\" class=\"alignnone size-full wp-image-31 img-responsive\" src=\"http:\/\/disseny.recursos.uoc.edu\/recursos\/ident-marca\/wp-content\/uploads\/sites\/21\/2017\/02\/20117_11.png\" alt=\"20117_11\" width=\"450\" height=\"92\" srcset=\"http:\/\/disseny.recursos.uoc.edu\/recursos\/ident-marca\/wp-content\/uploads\/sites\/21\/2017\/02\/20117_11.png 450w, http:\/\/disseny.recursos.uoc.edu\/recursos\/ident-marca\/wp-content\/uploads\/sites\/21\/2017\/02\/20117_11-300x61.png 300w\" sizes=\"(max-width: 450px) 100vw, 450px\" \/><\/div><div class='clear_column'><\/div>\n<\/div>\n<p><strong>5) Logos\u00edmbolo<\/strong><\/p>\n<div class=\"fondo-fila\">\n<div class='content-column one_half'>En este caso, el s\u00edmbolo queda integrado en el logotipo y es una parte indisociable de \u00e9l. Es decir, no pueden funcionar por separado.<\/div>\n<div class='content-column one_half last_column'><img loading=\"lazy\" class=\"alignnone size-full wp-image-32 img-responsive\" src=\"http:\/\/disseny.recursos.uoc.edu\/recursos\/ident-marca\/wp-content\/uploads\/sites\/21\/2017\/02\/20117_12.png\" alt=\"20117_12\" width=\"450\" height=\"85\" srcset=\"http:\/\/disseny.recursos.uoc.edu\/recursos\/ident-marca\/wp-content\/uploads\/sites\/21\/2017\/02\/20117_12.png 450w, http:\/\/disseny.recursos.uoc.edu\/recursos\/ident-marca\/wp-content\/uploads\/sites\/21\/2017\/02\/20117_12-300x57.png 300w\" sizes=\"(max-width: 450px) 100vw, 450px\" \/><\/div><div class='clear_column'><\/div>\n<\/div>\n<p><strong>6) S\u00edmbolo<\/strong><\/p>\n<div class=\"fondo-fila\">\n<div class='content-column full_width'>Finalmente, hay procesos en los que el s\u00edmbolo se carga de toda la significaci\u00f3n de la marca y no necesita el logotipo para comunicarla. Queda, por tanto, \u00fanicamente el s\u00edmbolo como emblema de la marca.<\/div>\n<div class='content-column one_half'><p>En cuanto a los s\u00edmbolos, podemos diferenciar varios tipos:<\/p>\n<ol>\n<li><strong>Logotipos asociativos<\/strong>, que aluden al nombre (el caso de Shell o el galgo de Greyhound).<\/li>\n<li><strong>Logotipos alusivos<\/strong>, que presentan alg\u00fan tipo de relaci\u00f3n (las ondas de Philips) o puramente abstractos (Nike).<\/li>\n<\/ol><\/div>\n<div class='content-column one_half last_column'><img loading=\"lazy\" class=\"alignnone size-full wp-image-33 img-responsive\" src=\"http:\/\/disseny.recursos.uoc.edu\/recursos\/ident-marca\/wp-content\/uploads\/sites\/21\/2017\/02\/20117_13.png\" alt=\"20117_13\" width=\"230\" height=\"146\" \/><\/div><div class='clear_column'><\/div>\n<\/div>\n<p>&nbsp;<\/p>\n<div class=\"fondo-fila\">\n<div class='content-column one_half'><p><strong>\u00bfQu\u00e9 tipolog\u00eda es la m\u00e1s adecuada?<\/strong><\/p>\n<p>Obviamente, depender\u00e1 de cada caso, pero dado que el logotipo es el componente m\u00ednimo e irrenunciable en cualquier marca, la primera pregunta que debemos realizarnos en nuestro encargo es si debemos o no incluir un s\u00edmbolo.<\/p><\/div>\n<div class='content-column one_half last_column'><img loading=\"lazy\" class=\"alignnone size-full wp-image-34 img-responsive\" src=\"http:\/\/disseny.recursos.uoc.edu\/recursos\/ident-marca\/wp-content\/uploads\/sites\/21\/2017\/02\/20117_14.png\" alt=\"20117_14\" width=\"171\" height=\"108\" \/><\/div><div class='clear_column'><\/div>\n<\/div>\n<p><strong>Algunas recomendaciones<\/strong><\/p>\n<p>Un apunte inicial es no optar por incluir un s\u00edmbolo si no suma o aporta m\u00e1s valor al logotipo. Es decir, en este caso habr\u00eda que preguntarse <strong>\u00bfqu\u00e9 valor aporta el s\u00edmbolo al logotipo?<\/strong><\/p>\n<div class=\"fondo-fila\">\n<div class='content-column one_half'>Si elegimos <strong>logotipo<\/strong>, estamos poniendo en un primer plano qui\u00e9n habla \u2013la marca\u2013 sin met\u00e1foras ni filtros. Es una elecci\u00f3n apropiada cuando el nombre es relativamente breve y f\u00e1cil de utilizar, y cuando es adaptable y relativamente abstracto.<\/div>\n<div class='content-column one_half last_column'><img loading=\"lazy\" class=\"img-responsive alignright wp-image-366 size-full\" src=\"http:\/\/disseny.recursos.uoc.edu\/recursos\/ident-marca\/wp-content\/uploads\/sites\/21\/2017\/02\/20117_15-1.png\" width=\"650\" height=\"53\" srcset=\"http:\/\/disseny.recursos.uoc.edu\/recursos\/ident-marca\/wp-content\/uploads\/sites\/21\/2017\/02\/20117_15-1.png 650w, http:\/\/disseny.recursos.uoc.edu\/recursos\/ident-marca\/wp-content\/uploads\/sites\/21\/2017\/02\/20117_15-1-300x24.png 300w\" sizes=\"(max-width: 650px) 100vw, 650px\" \/><\/div><div class='clear_column'><\/div>\n<\/div>\n<p>&nbsp;<\/p>\n<div class=\"fondo-fila\">\n<div class='content-column one_half'>Sin embargo, cuando el <strong>s\u00edmbolo suma al logo<\/strong>, le traspasa a este su atractivo. El s\u00edmbolo se convierte en emblema, ya que la imagen asume la representaci\u00f3n.<\/div>\n<div class='content-column one_half last_column'><img loading=\"lazy\" class=\"alignnone size-full wp-image-36 img-responsive\" src=\"http:\/\/disseny.recursos.uoc.edu\/recursos\/ident-marca\/wp-content\/uploads\/sites\/21\/2017\/02\/20117_16.png\" alt=\"20117_16\" width=\"367\" height=\"77\" srcset=\"http:\/\/disseny.recursos.uoc.edu\/recursos\/ident-marca\/wp-content\/uploads\/sites\/21\/2017\/02\/20117_16.png 367w, http:\/\/disseny.recursos.uoc.edu\/recursos\/ident-marca\/wp-content\/uploads\/sites\/21\/2017\/02\/20117_16-300x63.png 300w, http:\/\/disseny.recursos.uoc.edu\/recursos\/ident-marca\/wp-content\/uploads\/sites\/21\/2017\/02\/20117_16-360x77.png 360w\" sizes=\"(max-width: 367px) 100vw, 367px\" \/><\/div><div class='clear_column'><\/div>\n<\/div>\n<p>Es conveniente tener en cuenta las convenciones del sector donde se inscribe la marca. Es decir, si se trata de un sector en el que predomina el s\u00edmbolo (por ejemplo, en las compa\u00f1\u00edas a\u00e9reas), ser\u00eda adecuado incluirlo si el objetivo es que quede integrado. Por otra parte, ser\u00eda m\u00e1s apropiado no incluirlo si la estrategia es de diferenciaci\u00f3n en vez de integraci\u00f3n en el sector.<\/p>\n<div class=\"fondo-fila\">\n<div class='content-column one_half'>En el sector de los tel\u00e9fonos m\u00f3viles, funcionan tanto el s\u00edmbolo (Apple) como el emblema (Sony).<\/div>\n<div class='content-column one_half last_column'><img loading=\"lazy\" class=\"alignright size-full wp-image-367 img-responsive\" src=\"http:\/\/disseny.recursos.uoc.edu\/recursos\/ident-marca\/wp-content\/uploads\/sites\/21\/2017\/02\/20117_17-1.png\" alt=\"20117_17\" width=\"350\" height=\"160\" srcset=\"http:\/\/disseny.recursos.uoc.edu\/recursos\/ident-marca\/wp-content\/uploads\/sites\/21\/2017\/02\/20117_17-1.png 350w, http:\/\/disseny.recursos.uoc.edu\/recursos\/ident-marca\/wp-content\/uploads\/sites\/21\/2017\/02\/20117_17-1-300x137.png 300w\" sizes=\"(max-width: 350px) 100vw, 350px\" \/><\/div><div class='clear_column'><\/div>\n<\/div>\n<p>&nbsp;<\/p>\n<div class=\"fondo-fila\">\n<div class='content-column one_half'>En el caso de que el perfil y el sector de nuestro cliente admitiesen una marca con s\u00edmbolo, la decisi\u00f3n podr\u00eda tomarse para compensar un nombre largo. Este ser\u00eda el caso de Motorola o Starbucks.<\/div>\n<p><div class='content-column one_half last_column'><img loading=\"lazy\" class=\"alignnone size-full wp-image-38 img-responsive\" src=\"http:\/\/disseny.recursos.uoc.edu\/recursos\/ident-marca\/wp-content\/uploads\/sites\/21\/2017\/02\/20117_18.png\" alt=\"20117_18\" width=\"150\" height=\"101\" \/><\/div><div class='clear_column'><\/div><strong><span style=\"color: #ff0000;\">\u00a0<\/span><\/strong><\/p>\n<\/div>\n<p>&nbsp;<\/p>\n<div class=\"fondo-fila\">\n<p><div class='content-column one_half'>En el caso de Starbucks, el s\u00edmbolo ayuda adem\u00e1s a identificar la marca en contextos donde se hace m\u00e1s dif\u00edcil la lectura, por ejemplo en los edificios.<\/div><div class='content-column one_half last_column'><img loading=\"lazy\" class=\"alignnone size-full wp-image-39 img-responsive\" src=\"http:\/\/disseny.recursos.uoc.edu\/recursos\/ident-marca\/wp-content\/uploads\/sites\/21\/2017\/02\/20117_19.png\" alt=\"20117_19\" width=\"450\" height=\"292\" srcset=\"http:\/\/disseny.recursos.uoc.edu\/recursos\/ident-marca\/wp-content\/uploads\/sites\/21\/2017\/02\/20117_19.png 450w, http:\/\/disseny.recursos.uoc.edu\/recursos\/ident-marca\/wp-content\/uploads\/sites\/21\/2017\/02\/20117_19-300x195.png 300w\" sizes=\"(max-width: 450px) 100vw, 450px\" \/><\/div><div class='clear_column'><\/div><\/p>\n<\/div>\n<p>&nbsp;<\/p>\n<div class=\"fondo-fila\">\n<div class='content-column one_half'>En otras ocasiones, el propio logotipo se convierte en s\u00edmbolo. Este ser\u00eda el caso de siglas como IBM o 3M.<\/div>\n<div class='content-column one_half last_column'><img loading=\"lazy\" class=\"alignnone size-full wp-image-40 img-responsive\" src=\"http:\/\/disseny.recursos.uoc.edu\/recursos\/ident-marca\/wp-content\/uploads\/sites\/21\/2017\/02\/20117_20.png\" alt=\"20117_20\" width=\"150\" height=\"79\" \/><\/div><div class='clear_column'><\/div>\n<\/div>\n<p><\/p>","protected":false},"excerpt":{"rendered":"<p>2.3. Par\u00e1metros de calidad de las marcas 2.3.2. Ajuste tipol\u00f3gico Como hemos visto al principio, existen diferentes tipos de marca en funci\u00f3n de los componentes de la misma. De acuerdo con Belluccia, existen fundamentalmente seis tipos de marcas: 1) Logotipo puro 2) Logotipo con fondo 3) Logotipo con complemento 4) Logotipo con s\u00edmbolo 5) Logos\u00edmbolo [&hellip;]<\/p>\n","protected":false},"author":1,"featured_media":0,"parent":0,"menu_order":0,"comment_status":"closed","ping_status":"closed","template":"","meta":[],"acf":[],"_links":{"self":[{"href":"http:\/\/disseny.recursos.uoc.edu\/recursos\/ident-marca\/wp-json\/wp\/v2\/pages\/107"}],"collection":[{"href":"http:\/\/disseny.recursos.uoc.edu\/recursos\/ident-marca\/wp-json\/wp\/v2\/pages"}],"about":[{"href":"http:\/\/disseny.recursos.uoc.edu\/recursos\/ident-marca\/wp-json\/wp\/v2\/types\/page"}],"author":[{"embeddable":true,"href":"http:\/\/disseny.recursos.uoc.edu\/recursos\/ident-marca\/wp-json\/wp\/v2\/users\/1"}],"replies":[{"embeddable":true,"href":"http:\/\/disseny.recursos.uoc.edu\/recursos\/ident-marca\/wp-json\/wp\/v2\/comments?post=107"}],"version-history":[{"count":39,"href":"http:\/\/disseny.recursos.uoc.edu\/recursos\/ident-marca\/wp-json\/wp\/v2\/pages\/107\/revisions"}],"predecessor-version":[{"id":553,"href":"http:\/\/disseny.recursos.uoc.edu\/recursos\/ident-marca\/wp-json\/wp\/v2\/pages\/107\/revisions\/553"}],"wp:attachment":[{"href":"http:\/\/disseny.recursos.uoc.edu\/recursos\/ident-marca\/wp-json\/wp\/v2\/media?parent=107"}],"curies":[{"name":"wp","href":"https:\/\/api.w.org\/{rel}","templated":true}]}}