{"id":20,"date":"2017-02-06T10:14:19","date_gmt":"2017-02-06T10:14:19","guid":{"rendered":"http:\/\/disseny.recursos.uoc.edu\/recursos\/ident-marca\/?page_id=20"},"modified":"2017-03-01T15:09:16","modified_gmt":"2017-03-01T15:09:16","slug":"20-2","status":"publish","type":"page","link":"http:\/\/disseny.recursos.uoc.edu\/recursos\/ident-marca\/ca\/20-2\/","title":{"rendered":"1. La marca"},"content":{"rendered":"<p><\/p>\n<h3><strong>1.2. Una aproximaci\u00f3 a la marca des de la semi\u00f2tica<\/strong><\/h3>\n<h3><strong>1.2.2. Una mica de semi\u00f2tica<\/strong><\/h3>\n<p><strong>Una marca \u00e9s un signe en un sentit semi\u00f2tic<\/strong>. Barthes va ser un dels primers a emfatitzar la necessitat d\u2019estudiar els signes des del punt de vista de la semi\u00f2tica. En el seu llibre <em>Mitolog\u00edas<\/em> posa de manifest que la cultura consumista actual t\u00e9 a veure amb el mite i el ritual (per exemple, el vodka Absolut amb el seu halo cristi\u00e0).<\/p>\n<p>Tenint en compte la definici\u00f3 de <em>signe<\/em> de Charles S. Pierce (1839-1914), un dels pares de la semi\u00f2tica moderna, \u00abtot el que, a partir d\u2019una convenci\u00f3 acceptada pr\u00e8viament, es pot entendre com una cosa que en substitueix una altra\u00bb, resulta clar establir que tant les imatges com les paraules s\u00f3n signes, \u00e9s a dir, coses que en representen unes altres. D\u2019aquesta manera, una marca constitueix un signe, que pot aglutinar diferents signes al seu torn (imatges i paraules).<\/p>\n<p>Segons la semi\u00f2tica, s\u2019estableixen dos nivells, <strong>significant<\/strong> i <strong>significat<\/strong>:<\/p>\n<p><img loading=\"lazy\" class=\"alignnone size-full wp-image-457 img-responsive\" src=\"http:\/\/disseny.recursos.uoc.edu\/recursos\/ident-marca\/wp-content\/uploads\/sites\/21\/2017\/02\/20117_01-2.png\" alt=\"20117_01\" width=\"644\" height=\"210\" srcset=\"http:\/\/disseny.recursos.uoc.edu\/recursos\/ident-marca\/wp-content\/uploads\/sites\/21\/2017\/02\/20117_01-2.png 644w, http:\/\/disseny.recursos.uoc.edu\/recursos\/ident-marca\/wp-content\/uploads\/sites\/21\/2017\/02\/20117_01-2-300x98.png 300w\" sizes=\"(max-width: 644px) 100vw, 644px\" \/><\/p>\n<p>Alhora, en relaci\u00f3 amb el referent (per exemple, l\u2019arbre), els signes es poden classificar en: icones, s\u00edmbols i \u00edndexs. La <strong>icona<\/strong> mant\u00e9 un nivell de referencialitat elevat amb el referent (pictogrames); el <strong>s\u00edmbol<\/strong> no l\u2019ha de mantenir necess\u00e0riament, per\u00f2 socialment es reconeix associat al referent (senyals de tr\u00e0nsit), i l\u2019<strong>\u00edndex<\/strong> mant\u00e9 una relaci\u00f3 de causalitat (una petjada o fum).<\/p>\n<p><img loading=\"lazy\" class=\"alignnone size-full wp-image-458 img-responsive\" src=\"http:\/\/disseny.recursos.uoc.edu\/recursos\/ident-marca\/wp-content\/uploads\/sites\/21\/2017\/02\/20117_02-2.png\" alt=\"20117_02\" width=\"644\" height=\"214\" srcset=\"http:\/\/disseny.recursos.uoc.edu\/recursos\/ident-marca\/wp-content\/uploads\/sites\/21\/2017\/02\/20117_02-2.png 644w, http:\/\/disseny.recursos.uoc.edu\/recursos\/ident-marca\/wp-content\/uploads\/sites\/21\/2017\/02\/20117_02-2-300x100.png 300w\" sizes=\"(max-width: 644px) 100vw, 644px\" \/><\/p>\n<p>D\u2019aquesta manera, la semi\u00f2tica adopta una <strong>perspectiva diagn\u00f2stica<\/strong> a l\u2019hora de preguntar-se pels significats que t\u00e9 un signe (sigui verbal o d\u2019imatge). Per exemple, en l\u2019\u00e0mbit textual, el nom d\u2019una marca com Yahoo! seria un exemple del que Pierce va anomenar signe ic\u00f2nic, \u00e9s a dir, signes que mantenen relaci\u00f3 amb els seus referents. Segons la informaci\u00f3 corporativa, el nom prov\u00e9 d\u2019uns personatges del llibre <em>Los viajes de Gulliver<\/em>, de Jonathan Swift, els yahoos. La hist\u00f2ria explica que a casa de David Filo, cofundador de Yahoo!, el seu pare anomenava en David i en Jerry \u00abun parell de yahoos\u00bb per la seva naturalesa inquieta, i ells van decidir fer servir el nom de Yahoo! per al seu portal (Viquip\u00e8dia).<\/p>\n<p>Els noms de marques ic\u00f2niques tendeixen a ser recordats m\u00e9s f\u00e0cilment. Per exemple, la marca Polo queda associada a l\u2019esport hom\u00f2nim, no nom\u00e9s pel seu nom, sin\u00f3 tamb\u00e9 pel s\u00edmbol que acompanya la marca.<\/p>\n<div class=\"definicio\">\n<p><strong>Exemple<\/strong><\/p>\n<p>Un exemple controvertit seria el de la marca Apple. Danesi atribueix significats b\u00edblics a la poma, associant-la a valors com \u00abprohibit\u00bb o \u00abfemen\u00ed\u00bb. Altres versions diuen que fa refer\u00e8ncia a Newton i al seu descobriment de la gravetat, i fins i tot altres defensen que \u00e9s un homenatge a Alan Turing, el pare de la inform\u00e0tica moderna, que va morir enverinat amb una poma. La versi\u00f3 oficial \u00e9s que mant\u00e9 relaci\u00f3 amb Newton, ja que aix\u00ed apareix en la seva primera versi\u00f3 del logo, substitu\u00efda r\u00e0pidament per la poma de l\u2019arc de Sant Mart\u00ed amb la mossegada (amb la intenci\u00f3 que no es confongu\u00e9s amb una cirera). Com veurem m\u00e9s endavant, el que \u00e9s important d\u2019aquesta q\u00fcesti\u00f3 \u00e9s que els significats que van associats a aquesta marca tamb\u00e9 van m\u00e9s enll\u00e0 de la seva iconicitat \u2013independentment del seu referent.<\/p>\n<\/div>\n<p>Des de la semi\u00f2tica diem que el signe t\u00e9 dos camps de significat: el denotatiu i el connotatiu. El <strong>denotatiu<\/strong> seria descriptiu i constant, ja que ens diu \u00abel que \u00e9s\u00bb, i el <strong>connotatiu<\/strong> opera en el pla simb\u00f2lic. Per exemple, unes sabates Gucci, des del punt de vista denotatiu s\u00f3n unes simples sabates que serveixen per a cobrir el peu; en canvi, des del camp connotatiu la marca Gucci est\u00e0 associada culturalment a l\u2019eleg\u00e0ncia i l\u2019artisticitat (Danesi, 2006).<\/p>\n<div id=\"attachment_459\" style=\"width: 654px\" class=\"wp-caption alignnone\"><img aria-describedby=\"caption-attachment-459\" loading=\"lazy\" class=\"size-full wp-image-459 img-responsive\" src=\"http:\/\/disseny.recursos.uoc.edu\/recursos\/ident-marca\/wp-content\/uploads\/sites\/21\/2017\/02\/20117_03-2.png\" alt=\"Significat connotatiu generat per les sabates Gucci\" width=\"644\" height=\"415\" srcset=\"http:\/\/disseny.recursos.uoc.edu\/recursos\/ident-marca\/wp-content\/uploads\/sites\/21\/2017\/02\/20117_03-2.png 644w, http:\/\/disseny.recursos.uoc.edu\/recursos\/ident-marca\/wp-content\/uploads\/sites\/21\/2017\/02\/20117_03-2-300x193.png 300w\" sizes=\"(max-width: 644px) 100vw, 644px\" \/><p id=\"caption-attachment-459\" class=\"wp-caption-text\">Significat connotatiu generat per les sabates Gucci<\/p><\/div>\n<p>El camp connotatiu \u00e9s tan important que hi ha un \u00edndex (<em>connotative index<\/em>, o CI) que permet determinar quan una marca genera m\u00e9s connotaci\u00f3. Com m\u00e9s elevat sigui aquest \u00edndex, m\u00e9s valor tindr\u00e0 la marca.<\/p>\n<p>Tenint en compte l\u2019anterior, hi ha determinades estrat\u00e8gies per a anomenar o crear marques \u2013i dotar-les de m\u00e9s connotaci\u00f3. A m\u00e9s de posar el nom del fundador, alguns estudis han demostrat, per exemple, que incorporar una X en el nom \u00e9s una garantia de m\u00e9s \u00e8xit i implantaci\u00f3 de la marca (Danesi, 2006), o tamb\u00e9 l\u2019\u00fas adequat de sigles.<\/p>\n<div class=\"definicio\">\n<p class=\"normal\" style=\"line-height: normal;\"><strong>Exemple<\/strong><\/p>\n<p class=\"normal\" style=\"line-height: normal;\">D\u2019altra banda, tamb\u00e9 hi ha estudis que recullen les marques d\u2019autom\u00f2bils i la seva relaci\u00f3 amb els noms d\u2019animals.<\/p>\n<p>&nbsp;<\/p>\n<table class=\" personal_table\" style=\"font-size: 12px;\">\n<tbody>\n<tr class=\"cabecera_tabla\">\n<td>Categoria figurativa<\/td>\n<td colspan=\"2\">Significat<\/td>\n<\/tr>\n<tr>\n<td width=\"210\">Animals<\/td>\n<td width=\"210\">Escarabat<\/td>\n<td width=\"210\">Petit i r\u00e0pid<\/td>\n<\/tr>\n<tr>\n<td width=\"210\"><\/td>\n<td width=\"210\">Colt (potre)<\/td>\n<td width=\"210\">R\u00e0pid<\/td>\n<\/tr>\n<tr>\n<td width=\"210\"><\/td>\n<td width=\"210\">Cougar (puma)<\/td>\n<td width=\"210\">El m\u00e9s r\u00e0pid i potent<\/td>\n<\/tr>\n<tr>\n<td width=\"210\"><\/td>\n<td width=\"210\">Jaguar<\/td>\n<td width=\"210\">Elegant, sigil\u00b7l\u00f3s<\/td>\n<\/tr>\n<tr>\n<td width=\"210\"><\/td>\n<td width=\"210\">Mustang<\/td>\n<td width=\"210\">Molt r\u00e0pid, amb gran pot\u00e8ncia sexual<\/td>\n<\/tr>\n<tr>\n<td width=\"210\"><\/td>\n<td width=\"210\">Poni<\/td>\n<td width=\"210\">Jove, petit, r\u00e0pid<\/td>\n<\/tr>\n<tr>\n<td width=\"210\"><\/td>\n<td width=\"210\">Rabbit (conill)<\/td>\n<td width=\"210\">Petit i bonic<\/td>\n<\/tr>\n<tr>\n<td width=\"210\"><\/td>\n<td width=\"210\">Ram (molt\u00f3)<\/td>\n<td width=\"210\">Fort i resistent<\/td>\n<\/tr>\n<tr>\n<td width=\"210\"><\/td>\n<td width=\"210\">Taurus<\/td>\n<td width=\"210\">Vigor\u00f3s, resistent i fort<\/td>\n<\/tr>\n<tr>\n<td width=\"210\">Persones<\/td>\n<td width=\"210\">Cavalier<\/td>\n<td width=\"210\">Cavaller, home d\u2019honor<\/td>\n<\/tr>\n<tr>\n<td width=\"210\"><\/td>\n<td width=\"210\">Escort (escorta)<\/td>\n<td width=\"210\">Guardaespatlles<\/td>\n<\/tr>\n<tr>\n<td width=\"210\"><\/td>\n<td width=\"210\">Mini Clubman<\/td>\n<td width=\"210\">Segur, fidel<\/td>\n<\/tr>\n<tr>\n<td width=\"210\"><\/td>\n<td width=\"210\">Prot\u00e9g\u00e9<\/td>\n<td width=\"210\">Ofereix protecci\u00f3<\/td>\n<\/tr>\n<tr>\n<td width=\"210\"><\/td>\n<td width=\"210\">Sidekick (company)<\/td>\n<td width=\"210\">Amic, col\u00b7lega<\/td>\n<\/tr>\n<tr>\n<td width=\"210\">Llocs indicatius d\u2019un estil de vida<\/td>\n<td width=\"210\">Bonneville<\/td>\n<td width=\"210\">Bona vida urbana<\/td>\n<\/tr>\n<tr>\n<td width=\"210\"><\/td>\n<td width=\"210\">Corsa<\/td>\n<td width=\"210\">Isla ex\u00f2tica<\/td>\n<\/tr>\n<tr>\n<td width=\"210\"><\/td>\n<td width=\"210\">Daytona<\/td>\n<td width=\"210\">Vida a l\u2019aire lliure, a la platja<\/td>\n<\/tr>\n<tr>\n<td width=\"210\"><\/td>\n<td width=\"210\">New Yorker<\/td>\n<td width=\"210\">Vida atrafegada a la ciutat<\/td>\n<\/tr>\n<tr>\n<td width=\"210\"><\/td>\n<td width=\"210\">Outback (tierra adentro)<\/td>\n<td width=\"210\">Fora de la ciutat, frontera<\/td>\n<\/tr>\n<tr>\n<td width=\"210\"><\/td>\n<td width=\"210\">Riviera<\/td>\n<td width=\"210\">Riviera francesa, estil de vida elegant<\/td>\n<\/tr>\n<tr>\n<td width=\"210\"><\/td>\n<td width=\"210\">Sevilla<\/td>\n<td width=\"210\">Ciutat d\u2019encant llegendari<\/td>\n<\/tr>\n<tr>\n<td width=\"210\"><\/td>\n<td width=\"210\">Sierra<\/td>\n<td width=\"210\">Aire lliure, expansiu<\/td>\n<\/tr>\n<tr>\n<td width=\"210\"><\/td>\n<td width=\"210\">Towncar<\/td>\n<td width=\"210\">Fora de la ciutat<\/td>\n<\/tr>\n<tr>\n<td width=\"210\"><\/td>\n<td width=\"210\">Villager<\/td>\n<td width=\"210\">Vida al camp<\/td>\n<\/tr>\n<\/tbody>\n<\/table>\n<p style=\"font-size: 13px; margin: 10px 0px;\">Estrat\u00e8gies figuratives de creaci\u00f3 de nom (<em>naming<\/em>) per a autom\u00f2bils<\/p>\n<\/div>\n<p><\/p>","protected":false},"excerpt":{"rendered":"<p>1.2. Una aproximaci\u00f3 a la marca des de la semi\u00f2tica 1.2.2. Una mica de semi\u00f2tica Una marca \u00e9s un signe en un sentit semi\u00f2tic. Barthes va ser un dels primers a emfatitzar la necessitat d\u2019estudiar els signes des del punt de vista de la semi\u00f2tica. En el seu llibre Mitolog\u00edas posa de manifest que la [&hellip;]<\/p>\n","protected":false},"author":1,"featured_media":0,"parent":0,"menu_order":0,"comment_status":"closed","ping_status":"closed","template":"","meta":[],"acf":[],"_links":{"self":[{"href":"http:\/\/disseny.recursos.uoc.edu\/recursos\/ident-marca\/ca\/wp-json\/wp\/v2\/pages\/20"}],"collection":[{"href":"http:\/\/disseny.recursos.uoc.edu\/recursos\/ident-marca\/ca\/wp-json\/wp\/v2\/pages"}],"about":[{"href":"http:\/\/disseny.recursos.uoc.edu\/recursos\/ident-marca\/ca\/wp-json\/wp\/v2\/types\/page"}],"author":[{"embeddable":true,"href":"http:\/\/disseny.recursos.uoc.edu\/recursos\/ident-marca\/ca\/wp-json\/wp\/v2\/users\/1"}],"replies":[{"embeddable":true,"href":"http:\/\/disseny.recursos.uoc.edu\/recursos\/ident-marca\/ca\/wp-json\/wp\/v2\/comments?post=20"}],"version-history":[{"count":56,"href":"http:\/\/disseny.recursos.uoc.edu\/recursos\/ident-marca\/ca\/wp-json\/wp\/v2\/pages\/20\/revisions"}],"predecessor-version":[{"id":558,"href":"http:\/\/disseny.recursos.uoc.edu\/recursos\/ident-marca\/ca\/wp-json\/wp\/v2\/pages\/20\/revisions\/558"}],"wp:attachment":[{"href":"http:\/\/disseny.recursos.uoc.edu\/recursos\/ident-marca\/ca\/wp-json\/wp\/v2\/media?parent=20"}],"curies":[{"name":"wp","href":"https:\/\/api.w.org\/{rel}","templated":true}]}}