{"id":172,"date":"2017-02-06T12:42:19","date_gmt":"2017-02-06T12:42:19","guid":{"rendered":"http:\/\/disseny.recursos.uoc.edu\/recursos\/ident-marca\/?page_id=172"},"modified":"2017-02-23T12:08:00","modified_gmt":"2017-02-23T12:08:00","slug":"referencias","status":"publish","type":"page","link":"http:\/\/disseny.recursos.uoc.edu\/recursos\/ident-marca\/ca\/referencias\/","title":{"rendered":"Refer\u00e8ncies"},"content":{"rendered":"<p><strong>Alc\u00e1zar, P.<\/strong> (2011). <em>Entre singles, dinkis, bobos y otras tribus<\/em>. Barcelona: Grupo Planeta.<\/p>\n<p><strong>Barthes, R.<\/strong> (1999). <em>Mitolog\u00edas<\/em>. Madrid: Siglo XXI.<\/p>\n<p><strong>Bassat, L.<\/strong> (2006). <em>El libro rojo de las marcas<\/em>. Albacete: Debolsillo.<\/p>\n<p><strong>Belluccia, R.<\/strong> (2016). <em>Estrategia de marca<\/em>. Materials de curs en l\u00ednia. Document in\u00e8dit.<\/p>\n<p><strong>Calpe Ruano, R.<\/strong> (2009). <em>Aplicaci\u00f3n de la identidad visual corporativa: desarrollo de soportes de comunicaci\u00f3n comercial para La Maquinista Valenciana<\/em>. Treball final de carrera. Val\u00e8ncia: UPV.<\/p>\n<p><strong>Chaves, N.; Belluccia, R.<\/strong> (2003). <em>La marca corporativa: gesti\u00f3n y dise\u00f1o de s\u00edmbolos y logotipos<\/em>. Barcelona: Paid\u00f3s.<\/p>\n<p><strong>Danesi, M.<\/strong> (2006). <em>Brands<\/em>. Londres: Routledge.<\/p>\n<p><strong>Gil, J. V.<\/strong> (2010). Branding<em>. Tendencias y retos en la comunicaci\u00f3n de marca <\/em>(vol. 38). Barcelona: Editorial UOC.<\/p>\n<p><strong>Healey, M.<\/strong> (2009). <em>\u00bfQu\u00e9 es el <\/em>branding<em>?<\/em> Barcelona: Gustavo Gili.<\/p>\n<p><strong>Klein, N. <\/strong>(2001). <em>No logo: el poder de las marcas<\/em>. Barcelona: Paid\u00f3s.<\/p>\n<p><strong>Pierce, C. S.<\/strong> (1988). <em>El hombre, un signo<\/em>. Barcelona: Grijalbo.<\/p>\n<p><strong>Press, M.; Cooper, R.<\/strong> (2009). <em>El dise\u00f1o como experiencia<\/em>. Barcelona: Gustavo Gili.<\/p>","protected":false},"excerpt":{"rendered":"<p>Alc\u00e1zar, P. (2011). Entre singles, dinkis, bobos y otras tribus. Barcelona: Grupo Planeta. Barthes, R. (1999). Mitolog\u00edas. Madrid: Siglo XXI. Bassat, L. (2006). El libro rojo de las marcas. Albacete: Debolsillo. Belluccia, R. (2016). Estrategia de marca. Materials de curs en l\u00ednia. Document in\u00e8dit. Calpe Ruano, R. (2009). Aplicaci\u00f3n de la identidad visual corporativa: desarrollo [&hellip;]<\/p>\n","protected":false},"author":1,"featured_media":0,"parent":0,"menu_order":0,"comment_status":"closed","ping_status":"closed","template":"","meta":[],"acf":[],"_links":{"self":[{"href":"http:\/\/disseny.recursos.uoc.edu\/recursos\/ident-marca\/ca\/wp-json\/wp\/v2\/pages\/172"}],"collection":[{"href":"http:\/\/disseny.recursos.uoc.edu\/recursos\/ident-marca\/ca\/wp-json\/wp\/v2\/pages"}],"about":[{"href":"http:\/\/disseny.recursos.uoc.edu\/recursos\/ident-marca\/ca\/wp-json\/wp\/v2\/types\/page"}],"author":[{"embeddable":true,"href":"http:\/\/disseny.recursos.uoc.edu\/recursos\/ident-marca\/ca\/wp-json\/wp\/v2\/users\/1"}],"replies":[{"embeddable":true,"href":"http:\/\/disseny.recursos.uoc.edu\/recursos\/ident-marca\/ca\/wp-json\/wp\/v2\/comments?post=172"}],"version-history":[{"count":5,"href":"http:\/\/disseny.recursos.uoc.edu\/recursos\/ident-marca\/ca\/wp-json\/wp\/v2\/pages\/172\/revisions"}],"predecessor-version":[{"id":493,"href":"http:\/\/disseny.recursos.uoc.edu\/recursos\/ident-marca\/ca\/wp-json\/wp\/v2\/pages\/172\/revisions\/493"}],"wp:attachment":[{"href":"http:\/\/disseny.recursos.uoc.edu\/recursos\/ident-marca\/ca\/wp-json\/wp\/v2\/media?parent=172"}],"curies":[{"name":"wp","href":"https:\/\/api.w.org\/{rel}","templated":true}]}}