{"id":170,"date":"2017-02-06T12:36:57","date_gmt":"2017-02-06T12:36:57","guid":{"rendered":"http:\/\/disseny.recursos.uoc.edu\/recursos\/ident-marca\/?page_id=170"},"modified":"2017-02-23T15:36:47","modified_gmt":"2017-02-23T15:36:47","slug":"3-4-2-recomendaciones-finales","status":"publish","type":"page","link":"http:\/\/disseny.recursos.uoc.edu\/recursos\/ident-marca\/ca\/3-4-2-recomendaciones-finales\/","title":{"rendered":"3. El proyecto de marca"},"content":{"rendered":"<p><\/p>\n<h3><strong>3.4. El manual d\u2019identitat visual<\/strong><\/h3>\n<h3><strong>3.4.2. Recomanacions finals<\/strong><\/h3>\n<p>El que \u00e9s com\u00fa, o almenys ho hauria de ser, en qualsevol manual d\u2019identitat visual corporativa \u00e9s el seg\u00fcent:<\/p>\n<ol>\n<li>Est\u00e0 fet per a durar en el temps (el que duri la imatge visual creada, normalment anys), per la qual cosa no ha de contenir estructures ni estils de disseny que responguin a modes passatgeres.<\/li>\n<li>Tanmateix, encara que ha de mantenir els elements b\u00e0sics d\u2019identitat visual, ha de permetre la seva evoluci\u00f3, at\u00e8s que les marques evolucionen d\u2019acord amb els temps i tamb\u00e9 apareixen nous formats.<\/li>\n<li>Es programa per a expandir els signes visuals per diferents suports: impresos, web, animaci\u00f3, etc.<\/li>\n<li>Ha d\u2019oferir un enfocament plural, \u00e9s a dir, ha d\u2019intentar assegurar la comprensi\u00f3 de la identitat visual (adaptar-la) a diferents pa\u00efsos i cultures, o el que \u00e9s el mateix, evitar en la mesura del possible el localisme.<\/li>\n<\/ol>\n<p><\/p>","protected":false},"excerpt":{"rendered":"<p>3.4. El manual d\u2019identitat visual 3.4.2. Recomanacions finals El que \u00e9s com\u00fa, o almenys ho hauria de ser, en qualsevol manual d\u2019identitat visual corporativa \u00e9s el seg\u00fcent: Est\u00e0 fet per a durar en el temps (el que duri la imatge visual creada, normalment anys), per la qual cosa no ha de contenir estructures ni estils [&hellip;]<\/p>\n","protected":false},"author":1,"featured_media":0,"parent":0,"menu_order":0,"comment_status":"closed","ping_status":"closed","template":"","meta":[],"acf":[],"_links":{"self":[{"href":"http:\/\/disseny.recursos.uoc.edu\/recursos\/ident-marca\/ca\/wp-json\/wp\/v2\/pages\/170"}],"collection":[{"href":"http:\/\/disseny.recursos.uoc.edu\/recursos\/ident-marca\/ca\/wp-json\/wp\/v2\/pages"}],"about":[{"href":"http:\/\/disseny.recursos.uoc.edu\/recursos\/ident-marca\/ca\/wp-json\/wp\/v2\/types\/page"}],"author":[{"embeddable":true,"href":"http:\/\/disseny.recursos.uoc.edu\/recursos\/ident-marca\/ca\/wp-json\/wp\/v2\/users\/1"}],"replies":[{"embeddable":true,"href":"http:\/\/disseny.recursos.uoc.edu\/recursos\/ident-marca\/ca\/wp-json\/wp\/v2\/comments?post=170"}],"version-history":[{"count":4,"href":"http:\/\/disseny.recursos.uoc.edu\/recursos\/ident-marca\/ca\/wp-json\/wp\/v2\/pages\/170\/revisions"}],"predecessor-version":[{"id":544,"href":"http:\/\/disseny.recursos.uoc.edu\/recursos\/ident-marca\/ca\/wp-json\/wp\/v2\/pages\/170\/revisions\/544"}],"wp:attachment":[{"href":"http:\/\/disseny.recursos.uoc.edu\/recursos\/ident-marca\/ca\/wp-json\/wp\/v2\/media?parent=170"}],"curies":[{"name":"wp","href":"https:\/\/api.w.org\/{rel}","templated":true}]}}