{"id":160,"date":"2017-02-06T12:30:05","date_gmt":"2017-02-06T12:30:05","guid":{"rendered":"http:\/\/disseny.recursos.uoc.edu\/recursos\/ident-marca\/?page_id=160"},"modified":"2017-02-23T15:22:46","modified_gmt":"2017-02-23T15:22:46","slug":"3-3-de-la-identidad-corporativa-a-la-identidad-visual","status":"publish","type":"page","link":"http:\/\/disseny.recursos.uoc.edu\/recursos\/ident-marca\/ca\/3-3-de-la-identidad-corporativa-a-la-identidad-visual\/","title":{"rendered":"3. El projecte de marca"},"content":{"rendered":"<p><\/p>\n<h3><strong>3.3. De la identitat corporativa a la identitat visual<\/strong><\/h3>\n<p>Si la marca gr\u00e0fica correspon als aspectes visuals de la marca, la <strong>identitat visual corporativa<\/strong> correspon als aspectes visuals de la identitat corporativa en el seu conjunt. Aix\u00ed doncs, serien els s\u00edmbols i formes que descriuen objectivament i sint\u00e8ticament la personalitat d\u2019una organitzaci\u00f3, els seus atributs.<\/p>\n<div class=\"cita\">\n<p>La identitat haur\u00e0 de ser visualitzada a partir d\u2019una comprensi\u00f3 substancial de la personalitat latent o evident de l\u2019empresa, i manifestada en totes les seves comunicacions per mitj\u00e0 de signes i s\u00edmbols visuals.<\/p>\n<\/div>\n<p>La <strong>identitat visual<\/strong> \u00e9s un instrument m\u00e9s de la comunicaci\u00f3 corporativa de l\u2019organitzaci\u00f3, dirigit a transmetre gr\u00e0ficament la identitat corporativa i intentar influir en la formaci\u00f3 de la imatge de l\u2019organitzaci\u00f3 en els p\u00fablics. Per a aix\u00f2, es tracta de tenir uns criteris homogenis que estan basats en el document de la marca \u2013en cas que s\u2019hagi produ\u00eft una fase de <em>branding<\/em>\u2013, en la missi\u00f3 i els valors de l\u2019organitzaci\u00f3, etc. Tots aquests elements es plasmen en diferents suports: paper impr\u00e8s, documents digitals, fullets, cartelleria i embalatge, etc., i generen el que s\u2019anomenen <strong>aplicacions<\/strong>.<\/p>\n<p>La manera en qu\u00e8 s\u2019han de fer servir tots els elements esmentats anteriorment ve determinada pel <strong>manual d\u2019identitat visual corporativa<\/strong>. La identitat visual defineix gr\u00e0ficament les caracter\u00edstiques i objectius d\u2019una empresa, \u00e9s a dir, que ha de traduir a formes i tipografies els atributs d\u2019una organitzaci\u00f3 (els que componen la seva identitat corporativa).<\/p>\n<p>La identitat visual \u00e9s important en si mateixa dins del proc\u00e9s de gesti\u00f3 de la imatge d\u2019una entitat, especialment en tot el que afecta la seva identificaci\u00f3 com a tal i la diferenciaci\u00f3 d\u2019altres entitats, siguin competidores o no. Per a aconseguir una imatge positiva, l\u2019empresa ha de configurar la seva personalitat p\u00fablica, \u00e9s a dir, la seva identitat visual corporativa, que no \u00e9s altra cosa que la traducci\u00f3 simb\u00f2lica de la identitat corporativa.<\/p>","protected":false},"excerpt":{"rendered":"<p>3.3. De la identitat corporativa a la identitat visual Si la marca gr\u00e0fica correspon als aspectes visuals de la marca, la identitat visual corporativa correspon als aspectes visuals de la identitat corporativa en el seu conjunt. Aix\u00ed doncs, serien els s\u00edmbols i formes que descriuen objectivament i sint\u00e8ticament la personalitat d\u2019una organitzaci\u00f3, els seus atributs. [&hellip;]<\/p>\n","protected":false},"author":1,"featured_media":0,"parent":0,"menu_order":0,"comment_status":"closed","ping_status":"closed","template":"","meta":[],"acf":[],"_links":{"self":[{"href":"http:\/\/disseny.recursos.uoc.edu\/recursos\/ident-marca\/ca\/wp-json\/wp\/v2\/pages\/160"}],"collection":[{"href":"http:\/\/disseny.recursos.uoc.edu\/recursos\/ident-marca\/ca\/wp-json\/wp\/v2\/pages"}],"about":[{"href":"http:\/\/disseny.recursos.uoc.edu\/recursos\/ident-marca\/ca\/wp-json\/wp\/v2\/types\/page"}],"author":[{"embeddable":true,"href":"http:\/\/disseny.recursos.uoc.edu\/recursos\/ident-marca\/ca\/wp-json\/wp\/v2\/users\/1"}],"replies":[{"embeddable":true,"href":"http:\/\/disseny.recursos.uoc.edu\/recursos\/ident-marca\/ca\/wp-json\/wp\/v2\/comments?post=160"}],"version-history":[{"count":4,"href":"http:\/\/disseny.recursos.uoc.edu\/recursos\/ident-marca\/ca\/wp-json\/wp\/v2\/pages\/160\/revisions"}],"predecessor-version":[{"id":539,"href":"http:\/\/disseny.recursos.uoc.edu\/recursos\/ident-marca\/ca\/wp-json\/wp\/v2\/pages\/160\/revisions\/539"}],"wp:attachment":[{"href":"http:\/\/disseny.recursos.uoc.edu\/recursos\/ident-marca\/ca\/wp-json\/wp\/v2\/media?parent=160"}],"curies":[{"name":"wp","href":"https:\/\/api.w.org\/{rel}","templated":true}]}}