{"id":153,"date":"2017-02-06T12:28:47","date_gmt":"2017-02-06T12:28:47","guid":{"rendered":"http:\/\/disseny.recursos.uoc.edu\/recursos\/ident-marca\/?page_id=153"},"modified":"2017-03-01T15:18:17","modified_gmt":"2017-03-01T15:18:17","slug":"3-1-metodologia-de-proyecto","status":"publish","type":"page","link":"http:\/\/disseny.recursos.uoc.edu\/recursos\/ident-marca\/ca\/3-1-metodologia-de-proyecto\/","title":{"rendered":"3. El projecte de marca"},"content":{"rendered":"<p><\/p>\n<h3><strong>3.1. Metodologia de projecte<\/strong><\/h3>\n<p>Una vegada vistos els par\u00e0metres que determinen la qualitat d\u2019una marca gr\u00e0fica, ja podem establir un diagn\u00f2stic sobre qualsevol marca. Tanmateix, aquest diagn\u00f2stic s\u2019establir\u00e0 en el context d\u2019una metodologia de projecte dissenyada per a dur a terme el nostre enc\u00e0rrec. D\u2019una manera sint\u00e8tica, podr\u00edem definir unes fases:<\/p>\n<ol>\n<li><strong>Investigaci\u00f3 i an\u00e0lisis<\/strong>:\n<ul>\n<li>Esbrinar el m\u00e0xim del perfil institucional (entrevistes amb directius, encarregats, etc.).<\/li>\n<li>El context de la marca (<em>benchmarking<\/em>).<\/li>\n<li>Necessitats de comunicaci\u00f3 (inclou els suports en els quals la marca es reproduir\u00e0).<\/li>\n<li>An\u00e0lisi de la marca gr\u00e0fica (si la tingu\u00e9s, a partir del manual proporcionat en el punt 2).<\/li>\n<li>Din\u00e0mica amb usuaris (enquestes, tallers o reunions de grup).<\/li>\n<li>S\u00edntesi i conclusions del treball.<\/li>\n<\/ul>\n<\/li>\n<li><strong>Plantejament de l\u2019estrat\u00e8gia:<\/strong>\n<ul>\n<li>Entrevista amb el client.<\/li>\n<li>Contrabr\u00edfing.<\/li>\n<li>Propostes inicials.<\/li>\n<\/ul>\n<\/li>\n<li><strong>Implementaci\u00f3 de la marca:<\/strong>\n<ul>\n<li>Tests d\u2019usuari.<\/li>\n<li>Ajustos i canvis.<\/li>\n<li>Entrevista amb el client.<\/li>\n<li>Ajustos i canvis.<\/li>\n<\/ul>\n<\/li>\n<li><strong>Manual d\u2019identitat visual (o corporativa)<\/strong><\/li>\n<\/ol>\n<p>Tots aquests punts seran desenvolupats i ampliats en diferents documents de treball complementaris que es lliuraran durant el semestre.<\/p>","protected":false},"excerpt":{"rendered":"<p>3.1. Metodologia de projecte Una vegada vistos els par\u00e0metres que determinen la qualitat d\u2019una marca gr\u00e0fica, ja podem establir un diagn\u00f2stic sobre qualsevol marca. Tanmateix, aquest diagn\u00f2stic s\u2019establir\u00e0 en el context d\u2019una metodologia de projecte dissenyada per a dur a terme el nostre enc\u00e0rrec. D\u2019una manera sint\u00e8tica, podr\u00edem definir unes fases: Investigaci\u00f3 i an\u00e0lisis: Esbrinar [&hellip;]<\/p>\n","protected":false},"author":1,"featured_media":0,"parent":0,"menu_order":0,"comment_status":"closed","ping_status":"closed","template":"","meta":[],"acf":[],"_links":{"self":[{"href":"http:\/\/disseny.recursos.uoc.edu\/recursos\/ident-marca\/ca\/wp-json\/wp\/v2\/pages\/153"}],"collection":[{"href":"http:\/\/disseny.recursos.uoc.edu\/recursos\/ident-marca\/ca\/wp-json\/wp\/v2\/pages"}],"about":[{"href":"http:\/\/disseny.recursos.uoc.edu\/recursos\/ident-marca\/ca\/wp-json\/wp\/v2\/types\/page"}],"author":[{"embeddable":true,"href":"http:\/\/disseny.recursos.uoc.edu\/recursos\/ident-marca\/ca\/wp-json\/wp\/v2\/users\/1"}],"replies":[{"embeddable":true,"href":"http:\/\/disseny.recursos.uoc.edu\/recursos\/ident-marca\/ca\/wp-json\/wp\/v2\/comments?post=153"}],"version-history":[{"count":18,"href":"http:\/\/disseny.recursos.uoc.edu\/recursos\/ident-marca\/ca\/wp-json\/wp\/v2\/pages\/153\/revisions"}],"predecessor-version":[{"id":562,"href":"http:\/\/disseny.recursos.uoc.edu\/recursos\/ident-marca\/ca\/wp-json\/wp\/v2\/pages\/153\/revisions\/562"}],"wp:attachment":[{"href":"http:\/\/disseny.recursos.uoc.edu\/recursos\/ident-marca\/ca\/wp-json\/wp\/v2\/media?parent=153"}],"curies":[{"name":"wp","href":"https:\/\/api.w.org\/{rel}","templated":true}]}}