{"id":134,"date":"2017-02-06T12:05:30","date_gmt":"2017-02-06T12:05:30","guid":{"rendered":"http:\/\/disseny.recursos.uoc.edu\/recursos\/ident-marca\/?page_id=134"},"modified":"2017-02-23T13:34:30","modified_gmt":"2017-02-23T13:34:30","slug":"2-3-9-legibilidad","status":"publish","type":"page","link":"http:\/\/disseny.recursos.uoc.edu\/recursos\/ident-marca\/ca\/2-3-9-legibilidad\/","title":{"rendered":"2. Disseny de marques"},"content":{"rendered":"<p><\/p>\n<h3><strong>2.3. Par\u00e0metres de qualitat de les marques<\/strong><\/h3>\n<h3><strong>2.3.9. Llegibilitat<\/strong><\/h3>\n<p>Com hem dit, aquest par\u00e0metre t\u00e9 a veure amb la<strong> reproductibilitat<\/strong>, per\u00f2 es refereix m\u00e9s aviat a les condicions de lectura per part dels p\u00fablics. Abans de posar-nos a dissenyar, per tant, cal saber amb quines condicions i a quina dist\u00e0ncia s\u2019haur\u00e0 de llegir la marca del nostre client.<\/p>\n<p>Una reproducci\u00f3 excel\u00b7lent dels signes no garanteix necess\u00e0riament un registre visual un\u00edvoc en totes les condicions de lectura: fixa o m\u00f2bil, propera o distant, lenta o r\u00e0pida, en mides molt petites o molt grans, amb poca o amb molta llum, amb el motiu una mica desenfocat, etc. Si la lectura distant \u00e9s una condici\u00f3 a la qual estaran sotmesos els signes, la claredat de lectura haur\u00e0 de ser m\u00e0xima i segurament haur\u00e0 d\u2019estar refor\u00e7ada per un color corporatiu potent (per exemple, BP), ja que es tracta del primer signe detectable per l\u2019ull.<\/p>\n<div class=\"fondo-fila\">\n<p><div class='content-column one_half'>Per contra, les targetes de cr\u00e8dit s\u00f3n un exemple de condicions de llegibilitat complicades en un espai redu\u00eft. Si comparem el rendiment de les marques en aquest format, veiem que en aquest cas Visa seria la que millor llegibilitat aporta.<\/div><div class='content-column one_half last_column'><img loading=\"lazy\" class=\"alignnone size-full wp-image-51 img-responsive\" src=\"http:\/\/disseny.recursos.uoc.edu\/recursos\/ident-marca\/wp-content\/uploads\/sites\/21\/2017\/02\/20117_31.png\" alt=\"20117_31\" width=\"300\" height=\"192\" \/><\/div><div class='clear_column'><\/div><\/p>\n<\/div>\n<p><\/p>","protected":false},"excerpt":{"rendered":"<p>2.3. Par\u00e0metres de qualitat de les marques 2.3.9. Llegibilitat Com hem dit, aquest par\u00e0metre t\u00e9 a veure amb la reproductibilitat, per\u00f2 es refereix m\u00e9s aviat a les condicions de lectura per part dels p\u00fablics. Abans de posar-nos a dissenyar, per tant, cal saber amb quines condicions i a quina dist\u00e0ncia s\u2019haur\u00e0 de llegir la marca [&hellip;]<\/p>\n","protected":false},"author":1,"featured_media":0,"parent":0,"menu_order":0,"comment_status":"closed","ping_status":"closed","template":"","meta":[],"acf":[],"_links":{"self":[{"href":"http:\/\/disseny.recursos.uoc.edu\/recursos\/ident-marca\/ca\/wp-json\/wp\/v2\/pages\/134"}],"collection":[{"href":"http:\/\/disseny.recursos.uoc.edu\/recursos\/ident-marca\/ca\/wp-json\/wp\/v2\/pages"}],"about":[{"href":"http:\/\/disseny.recursos.uoc.edu\/recursos\/ident-marca\/ca\/wp-json\/wp\/v2\/types\/page"}],"author":[{"embeddable":true,"href":"http:\/\/disseny.recursos.uoc.edu\/recursos\/ident-marca\/ca\/wp-json\/wp\/v2\/users\/1"}],"replies":[{"embeddable":true,"href":"http:\/\/disseny.recursos.uoc.edu\/recursos\/ident-marca\/ca\/wp-json\/wp\/v2\/comments?post=134"}],"version-history":[{"count":6,"href":"http:\/\/disseny.recursos.uoc.edu\/recursos\/ident-marca\/ca\/wp-json\/wp\/v2\/pages\/134\/revisions"}],"predecessor-version":[{"id":528,"href":"http:\/\/disseny.recursos.uoc.edu\/recursos\/ident-marca\/ca\/wp-json\/wp\/v2\/pages\/134\/revisions\/528"}],"wp:attachment":[{"href":"http:\/\/disseny.recursos.uoc.edu\/recursos\/ident-marca\/ca\/wp-json\/wp\/v2\/media?parent=134"}],"curies":[{"name":"wp","href":"https:\/\/api.w.org\/{rel}","templated":true}]}}