{"id":131,"date":"2017-02-06T12:03:06","date_gmt":"2017-02-06T12:03:06","guid":{"rendered":"http:\/\/disseny.recursos.uoc.edu\/recursos\/ident-marca\/?page_id=131"},"modified":"2017-02-23T13:32:12","modified_gmt":"2017-02-23T13:32:12","slug":"2-3-8-reproducibilidad","status":"publish","type":"page","link":"http:\/\/disseny.recursos.uoc.edu\/recursos\/ident-marca\/ca\/2-3-8-reproducibilidad\/","title":{"rendered":"2. Disseny de marques"},"content":{"rendered":"<p><\/p>\n<h3><strong>2.3. Par\u00e0metres de qualitat de les marques<\/strong><\/h3>\n<h3><strong>2.3.8. Reproductibilitat<\/strong><\/h3>\n<p>Es tracta d\u2019un par\u00e0metre t\u00e8cnic que condiciona molt la forma de la marca, ja que es refereix a la seva capacitat per a ser reprodu\u00efda (en condicions \u00f2ptimes de llegibilitat) en suports i situacions d\u2019all\u00f2 m\u00e9s heterogenis: en pla, en relleu o baix relleu, en volum, en r\u00e8tols amb il\u00b7luminaci\u00f3 frontal o posterior, a mida tan petita com un bol\u00edgraf o un pin, en una pantalla de televisor, ordinador o tauleta, en blanc i negre perqu\u00e8 es tracta d\u2019un diari, etc. \u00c9s interessant assenyalar aqu\u00ed que malgrat que estem en plena era digital, encara neixen infinitat de marques que obvien aquesta condici\u00f3 i no tenen en compte en absolut aquest par\u00e0metre.<\/p>\n<div class=\"fondo-fila\">\n<p><div class='content-column one_half'>Aix\u00ed doncs, la marca gr\u00e0fica s\u2019ha de manifestar sempre amb la mateixa aparen\u00e7a. Ha de ser i semblar la mateixa tant en les reproduccions planes i en relleu com en les corp\u00f2ries o tridimensionals. La varietat i complexitat de les reproduccions sorgeix de l\u2019an\u00e0lisi pr\u00e8via de les situacions d\u2019\u00fas previsibles de la marca.<\/div><div class='content-column one_half last_column'><div id=\"attachment_369\" style=\"width: 638px\" class=\"wp-caption alignnone\"><img aria-describedby=\"caption-attachment-369\" loading=\"lazy\" class=\"size-full wp-image-369 img-responsive\" src=\"http:\/\/disseny.recursos.uoc.edu\/recursos\/ident-marca\/wp-content\/uploads\/sites\/21\/2017\/02\/20117_30-1.png\" alt=\"Usos de la marca gr\u00e0fica en contextos de bastant complexitat\" width=\"628\" height=\"239\" srcset=\"http:\/\/disseny.recursos.uoc.edu\/recursos\/ident-marca\/wp-content\/uploads\/sites\/21\/2017\/02\/20117_30-1.png 628w, http:\/\/disseny.recursos.uoc.edu\/recursos\/ident-marca\/wp-content\/uploads\/sites\/21\/2017\/02\/20117_30-1-300x114.png 300w\" sizes=\"(max-width: 628px) 100vw, 628px\" \/><p id=\"caption-attachment-369\" class=\"wp-caption-text\">Usos de la marca gr\u00e0fica en contextos de bastant complexitat<\/p><\/div><\/div><div class='clear_column'><\/div><\/p>\n<\/div>\n<div class=\"definicio\">\n<p>La reproductibilitat \u00e9s un par\u00e0metre f\u00edsic vinculat a la llegibilitat. El tipus de suport material pertinent plantejar\u00e0 les seves pr\u00f2pies condicions de reproducci\u00f3.<\/p>\n<\/div>\n<p><\/p>","protected":false},"excerpt":{"rendered":"<p>2.3. Par\u00e0metres de qualitat de les marques 2.3.8. Reproductibilitat Es tracta d\u2019un par\u00e0metre t\u00e8cnic que condiciona molt la forma de la marca, ja que es refereix a la seva capacitat per a ser reprodu\u00efda (en condicions \u00f2ptimes de llegibilitat) en suports i situacions d\u2019all\u00f2 m\u00e9s heterogenis: en pla, en relleu o baix relleu, en volum, [&hellip;]<\/p>\n","protected":false},"author":1,"featured_media":0,"parent":0,"menu_order":0,"comment_status":"closed","ping_status":"closed","template":"","meta":[],"acf":[],"_links":{"self":[{"href":"http:\/\/disseny.recursos.uoc.edu\/recursos\/ident-marca\/ca\/wp-json\/wp\/v2\/pages\/131"}],"collection":[{"href":"http:\/\/disseny.recursos.uoc.edu\/recursos\/ident-marca\/ca\/wp-json\/wp\/v2\/pages"}],"about":[{"href":"http:\/\/disseny.recursos.uoc.edu\/recursos\/ident-marca\/ca\/wp-json\/wp\/v2\/types\/page"}],"author":[{"embeddable":true,"href":"http:\/\/disseny.recursos.uoc.edu\/recursos\/ident-marca\/ca\/wp-json\/wp\/v2\/users\/1"}],"replies":[{"embeddable":true,"href":"http:\/\/disseny.recursos.uoc.edu\/recursos\/ident-marca\/ca\/wp-json\/wp\/v2\/comments?post=131"}],"version-history":[{"count":7,"href":"http:\/\/disseny.recursos.uoc.edu\/recursos\/ident-marca\/ca\/wp-json\/wp\/v2\/pages\/131\/revisions"}],"predecessor-version":[{"id":527,"href":"http:\/\/disseny.recursos.uoc.edu\/recursos\/ident-marca\/ca\/wp-json\/wp\/v2\/pages\/131\/revisions\/527"}],"wp:attachment":[{"href":"http:\/\/disseny.recursos.uoc.edu\/recursos\/ident-marca\/ca\/wp-json\/wp\/v2\/media?parent=131"}],"curies":[{"name":"wp","href":"https:\/\/api.w.org\/{rel}","templated":true}]}}